{"id":13288,"date":"2025-12-02T08:09:45","date_gmt":"2025-12-02T07:09:45","guid":{"rendered":"https:\/\/contessascopemounts.com\/?post_type=product&#038;p=13288"},"modified":"2025-12-02T08:56:46","modified_gmt":"2025-12-02T07:56:46","slug":"rail-picatinny-pour-armes-dordonnance","status":"publish","type":"product","link":"https:\/\/contessascopemounts.com\/fr\/rail-picatinny-pour-armes-dordonnance\/","title":{"rendered":"RAIL PICATINNY POUR ARMES D&#8217;ORDONNANCE"},"content":{"rendered":"","protected":false},"excerpt":{"rendered":"<ul>\n<li>Rail Picatinny en acier, <strong>brevet\u00e9e pour armes d&#8217;ordonnance;<\/strong><\/li>\n<li>disponible pour :<\/li>\n<li>\n<blockquote><p><strong>\u00a0CARCANO 91<\/strong> code: <strong>CAR91<\/strong>;<\/p><\/blockquote>\n<\/li>\n<li>\n<blockquote><p>\u00a0<strong>MAUSER K98<\/strong> code: <strong>MSK98<\/strong>;<span style=\"font-weight: 400;\">\u00a0<\/span><\/p><\/blockquote>\n<\/li>\n<li>rondelles disponibles pour modifier l&#8217;inclinaison \u00e0 <strong>10,20 et 30 MOA;<\/strong><\/li>\n<li>le guide Picatinny n&#8217;obstrue pas la ligne de vis\u00e9e d&#8217;origine ;<\/li>\n<li>facilite le chargement de la balle ;<\/li>\n<li>facilite l&#8217;\u00e9jection de la douille ;<\/li>\n<li>vis et cl\u00e9 de montage fournies.<\/li>\n<\/ul>\n<p>&nbsp;<\/p>\n<hr \/>\n<p>&nbsp;<\/p>\n<p style=\"text-align: center;\">Vous avez besoin de plus d&#8217;informations ?<\/p>\n<p>&nbsp;<\/p>\n<p style=\"text-align: center;\">[maxbutton id=\"4\" extraclass=\"popmake-3707\"]<\/p>\n","protected":false},"featured_media":13276,"template":"","meta":[],"product_brand":[],"product_cat":[728,731,733,693,729,692],"product_tag":[695,850,854,855,852,851,696],"class_list":{"0":"post-13288","1":"product","2":"type-product","3":"status-publish","4":"has-post-thumbnail","6":"product_cat-attaques","7":"product_cat-fixe-2","8":"product_cat-o-30-mm","9":"product_cat-picatinny","10":"product_cat-picatinny-4","11":"product_cat-rails","12":"product_tag-attaques_picatinny","13":"product_tag-car91","14":"product_tag-ex-ordinanza","15":"product_tag-ex-ordnance","16":"product_tag-mauser-k98","17":"product_tag-msk98","18":"product_tag-traineaux-picatinny","20":"first","21":"instock","22":"shipping-taxable","23":"product-type-simple"},"yoast_head":"<!-- This site is optimized with the Yoast SEO plugin v27.5 - https:\/\/yoast.com\/product\/yoast-seo-wordpress\/ -->\n<title>RAIL PICATINNY POUR ARMES D&#039;ORDONNANCE - %.<\/title>\n<meta name=\"description\" content=\"Rail Picatinny en acier, brevet\u00e9e, \u00e0 installer \u00e0 l&#039;aide des deux vis d&#039;ancrage m\u00e9caniques avec crosse, en conservant l&#039;originalit\u00e9 de l&#039;arme.\" \/>\n<meta name=\"robots\" content=\"index, follow, max-snippet:-1, max-image-preview:large, max-video-preview:-1\" \/>\n<link rel=\"canonical\" href=\"https:\/\/contessascopemounts.com\/fr\/rail-picatinny-pour-armes-dordonnance\/\" \/>\n<meta property=\"og:locale\" content=\"fr_FR\" \/>\n<meta property=\"og:type\" content=\"article\" \/>\n<meta property=\"og:title\" content=\"RAIL PICATINNY POUR ARMES D&#039;ORDONNANCE - %.\" \/>\n<meta property=\"og:description\" content=\"Rail Picatinny en acier, brevet\u00e9e, \u00e0 installer \u00e0 l&#039;aide des deux vis d&#039;ancrage m\u00e9caniques avec crosse, en conservant l&#039;originalit\u00e9 de l&#039;arme.\" \/>\n<meta property=\"og:url\" content=\"https:\/\/contessascopemounts.com\/fr\/rail-picatinny-pour-armes-dordonnance\/\" \/>\n<meta property=\"og:site_name\" content=\"Contessa\" \/>\n<meta property=\"article:publisher\" content=\"https:\/\/www.facebook.com\/contessascopemounts\" \/>\n<meta property=\"article:modified_time\" content=\"2025-12-02T07:56:46+00:00\" \/>\n<meta property=\"og:image\" content=\"https:\/\/contessascopemounts.com\/wp-content\/uploads\/2025\/11\/ATTACCO-PER-CARCANO-EX-ORDINANZA.jpg\" \/>\n\t<meta property=\"og:image:width\" content=\"600\" \/>\n\t<meta property=\"og:image:height\" content=\"600\" \/>\n\t<meta property=\"og:image:type\" content=\"image\/jpeg\" \/>\n<meta name=\"twitter:card\" content=\"summary_large_image\" \/>\n<script type=\"application\/ld+json\" class=\"yoast-schema-graph\">{\"@context\":\"https:\\\/\\\/schema.org\",\"@graph\":[{\"@type\":\"WebPage\",\"@id\":\"https:\\\/\\\/contessascopemounts.com\\\/fr\\\/rail-picatinny-pour-armes-dordonnance\\\/\",\"url\":\"https:\\\/\\\/contessascopemounts.com\\\/fr\\\/rail-picatinny-pour-armes-dordonnance\\\/\",\"name\":\"RAIL PICATINNY POUR ARMES D'ORDONNANCE - %.\",\"isPartOf\":{\"@id\":\"https:\\\/\\\/contessascopemounts.com\\\/fr\\\/#website\"},\"primaryImageOfPage\":{\"@id\":\"https:\\\/\\\/contessascopemounts.com\\\/fr\\\/rail-picatinny-pour-armes-dordonnance\\\/#primaryimage\"},\"image\":{\"@id\":\"https:\\\/\\\/contessascopemounts.com\\\/fr\\\/rail-picatinny-pour-armes-dordonnance\\\/#primaryimage\"},\"thumbnailUrl\":\"https:\\\/\\\/contessascopemounts.com\\\/wp-content\\\/uploads\\\/2025\\\/11\\\/ATTACCO-PER-CARCANO-EX-ORDINANZA.jpg\",\"datePublished\":\"2025-12-02T07:09:45+00:00\",\"dateModified\":\"2025-12-02T07:56:46+00:00\",\"description\":\"Rail Picatinny en acier, brevet\u00e9e, \u00e0 installer \u00e0 l'aide des deux vis d'ancrage m\u00e9caniques avec crosse, en conservant l'originalit\u00e9 de l'arme.\",\"breadcrumb\":{\"@id\":\"https:\\\/\\\/contessascopemounts.com\\\/fr\\\/rail-picatinny-pour-armes-dordonnance\\\/#breadcrumb\"},\"inLanguage\":\"fr-FR\",\"potentialAction\":[{\"@type\":\"ReadAction\",\"target\":[\"https:\\\/\\\/contessascopemounts.com\\\/fr\\\/rail-picatinny-pour-armes-dordonnance\\\/\"]}]},{\"@type\":\"ImageObject\",\"inLanguage\":\"fr-FR\",\"@id\":\"https:\\\/\\\/contessascopemounts.com\\\/fr\\\/rail-picatinny-pour-armes-dordonnance\\\/#primaryimage\",\"url\":\"https:\\\/\\\/contessascopemounts.com\\\/wp-content\\\/uploads\\\/2025\\\/11\\\/ATTACCO-PER-CARCANO-EX-ORDINANZA.jpg\",\"contentUrl\":\"https:\\\/\\\/contessascopemounts.com\\\/wp-content\\\/uploads\\\/2025\\\/11\\\/ATTACCO-PER-CARCANO-EX-ORDINANZA.jpg\",\"width\":600,\"height\":600},{\"@type\":\"BreadcrumbList\",\"@id\":\"https:\\\/\\\/contessascopemounts.com\\\/fr\\\/rail-picatinny-pour-armes-dordonnance\\\/#breadcrumb\",\"itemListElement\":[{\"@type\":\"ListItem\",\"position\":1,\"name\":\"Home\",\"item\":\"https:\\\/\\\/contessascopemounts.com\\\/fr\\\/\"},{\"@type\":\"ListItem\",\"position\":2,\"name\":\"Produits\",\"item\":\"https:\\\/\\\/contessascopemounts.com\\\/fr\\\/produits\\\/\"},{\"@type\":\"ListItem\",\"position\":3,\"name\":\"RAIL PICATINNY POUR ARMES D&#8217;ORDONNANCE\"}]},{\"@type\":\"WebSite\",\"@id\":\"https:\\\/\\\/contessascopemounts.com\\\/fr\\\/#website\",\"url\":\"https:\\\/\\\/contessascopemounts.com\\\/fr\\\/\",\"name\":\"Contessa\",\"description\":\"Professional Scope Mounts\",\"publisher\":{\"@id\":\"https:\\\/\\\/contessascopemounts.com\\\/fr\\\/#organization\"},\"potentialAction\":[{\"@type\":\"SearchAction\",\"target\":{\"@type\":\"EntryPoint\",\"urlTemplate\":\"https:\\\/\\\/contessascopemounts.com\\\/fr\\\/?s={search_term_string}\"},\"query-input\":{\"@type\":\"PropertyValueSpecification\",\"valueRequired\":true,\"valueName\":\"search_term_string\"}}],\"inLanguage\":\"fr-FR\"},{\"@type\":\"Organization\",\"@id\":\"https:\\\/\\\/contessascopemounts.com\\\/fr\\\/#organization\",\"name\":\"CONTESSA\",\"url\":\"https:\\\/\\\/contessascopemounts.com\\\/fr\\\/\",\"logo\":{\"@type\":\"ImageObject\",\"inLanguage\":\"fr-FR\",\"@id\":\"https:\\\/\\\/contessascopemounts.com\\\/fr\\\/#\\\/schema\\\/logo\\\/image\\\/\",\"url\":\"https:\\\/\\\/contessascopemounts.com\\\/wp-content\\\/uploads\\\/2021\\\/04\\\/Contessa-supporti-per-ottiche-made-in-italy.png\",\"contentUrl\":\"https:\\\/\\\/contessascopemounts.com\\\/wp-content\\\/uploads\\\/2021\\\/04\\\/Contessa-supporti-per-ottiche-made-in-italy.png\",\"width\":1000,\"height\":411,\"caption\":\"CONTESSA\"},\"image\":{\"@id\":\"https:\\\/\\\/contessascopemounts.com\\\/fr\\\/#\\\/schema\\\/logo\\\/image\\\/\"},\"sameAs\":[\"https:\\\/\\\/www.facebook.com\\\/contessascopemounts\",\"https:\\\/\\\/www.instagram.com\\\/contessa_mounts\\\/?fbclid=IwAR0Yr8lwWVwN0ewOz1bCVK4ZAKI8lkRIVuhxyX56qNYkwSaMAUVleye6XiE\",\"https:\\\/\\\/www.youtube.com\\\/channel\\\/UCEjBcvoWy-XvVVujqw-psXQ\"]}]}<\/script>\n<!-- \/ Yoast SEO plugin. -->","yoast_head_json":{"title":"RAIL PICATINNY POUR ARMES D'ORDONNANCE - %.","description":"Rail Picatinny en acier, brevet\u00e9e, \u00e0 installer \u00e0 l'aide des deux vis d'ancrage m\u00e9caniques avec crosse, en conservant l'originalit\u00e9 de l'arme.","robots":{"index":"index","follow":"follow","max-snippet":"max-snippet:-1","max-image-preview":"max-image-preview:large","max-video-preview":"max-video-preview:-1"},"canonical":"https:\/\/contessascopemounts.com\/fr\/rail-picatinny-pour-armes-dordonnance\/","og_locale":"fr_FR","og_type":"article","og_title":"RAIL PICATINNY POUR ARMES D'ORDONNANCE - %.","og_description":"Rail Picatinny en acier, brevet\u00e9e, \u00e0 installer \u00e0 l'aide des deux vis d'ancrage m\u00e9caniques avec crosse, en conservant l'originalit\u00e9 de l'arme.","og_url":"https:\/\/contessascopemounts.com\/fr\/rail-picatinny-pour-armes-dordonnance\/","og_site_name":"Contessa","article_publisher":"https:\/\/www.facebook.com\/contessascopemounts","article_modified_time":"2025-12-02T07:56:46+00:00","og_image":[{"width":600,"height":600,"url":"https:\/\/contessascopemounts.com\/wp-content\/uploads\/2025\/11\/ATTACCO-PER-CARCANO-EX-ORDINANZA.jpg","type":"image\/jpeg"}],"twitter_card":"summary_large_image","schema":{"@context":"https:\/\/schema.org","@graph":[{"@type":"WebPage","@id":"https:\/\/contessascopemounts.com\/fr\/rail-picatinny-pour-armes-dordonnance\/","url":"https:\/\/contessascopemounts.com\/fr\/rail-picatinny-pour-armes-dordonnance\/","name":"RAIL PICATINNY POUR ARMES D'ORDONNANCE - %.","isPartOf":{"@id":"https:\/\/contessascopemounts.com\/fr\/#website"},"primaryImageOfPage":{"@id":"https:\/\/contessascopemounts.com\/fr\/rail-picatinny-pour-armes-dordonnance\/#primaryimage"},"image":{"@id":"https:\/\/contessascopemounts.com\/fr\/rail-picatinny-pour-armes-dordonnance\/#primaryimage"},"thumbnailUrl":"https:\/\/contessascopemounts.com\/wp-content\/uploads\/2025\/11\/ATTACCO-PER-CARCANO-EX-ORDINANZA.jpg","datePublished":"2025-12-02T07:09:45+00:00","dateModified":"2025-12-02T07:56:46+00:00","description":"Rail Picatinny en acier, brevet\u00e9e, \u00e0 installer \u00e0 l'aide des deux vis d'ancrage m\u00e9caniques avec crosse, en conservant l'originalit\u00e9 de l'arme.","breadcrumb":{"@id":"https:\/\/contessascopemounts.com\/fr\/rail-picatinny-pour-armes-dordonnance\/#breadcrumb"},"inLanguage":"fr-FR","potentialAction":[{"@type":"ReadAction","target":["https:\/\/contessascopemounts.com\/fr\/rail-picatinny-pour-armes-dordonnance\/"]}]},{"@type":"ImageObject","inLanguage":"fr-FR","@id":"https:\/\/contessascopemounts.com\/fr\/rail-picatinny-pour-armes-dordonnance\/#primaryimage","url":"https:\/\/contessascopemounts.com\/wp-content\/uploads\/2025\/11\/ATTACCO-PER-CARCANO-EX-ORDINANZA.jpg","contentUrl":"https:\/\/contessascopemounts.com\/wp-content\/uploads\/2025\/11\/ATTACCO-PER-CARCANO-EX-ORDINANZA.jpg","width":600,"height":600},{"@type":"BreadcrumbList","@id":"https:\/\/contessascopemounts.com\/fr\/rail-picatinny-pour-armes-dordonnance\/#breadcrumb","itemListElement":[{"@type":"ListItem","position":1,"name":"Home","item":"https:\/\/contessascopemounts.com\/fr\/"},{"@type":"ListItem","position":2,"name":"Produits","item":"https:\/\/contessascopemounts.com\/fr\/produits\/"},{"@type":"ListItem","position":3,"name":"RAIL PICATINNY POUR ARMES D&#8217;ORDONNANCE"}]},{"@type":"WebSite","@id":"https:\/\/contessascopemounts.com\/fr\/#website","url":"https:\/\/contessascopemounts.com\/fr\/","name":"Contessa","description":"Professional Scope Mounts","publisher":{"@id":"https:\/\/contessascopemounts.com\/fr\/#organization"},"potentialAction":[{"@type":"SearchAction","target":{"@type":"EntryPoint","urlTemplate":"https:\/\/contessascopemounts.com\/fr\/?s={search_term_string}"},"query-input":{"@type":"PropertyValueSpecification","valueRequired":true,"valueName":"search_term_string"}}],"inLanguage":"fr-FR"},{"@type":"Organization","@id":"https:\/\/contessascopemounts.com\/fr\/#organization","name":"CONTESSA","url":"https:\/\/contessascopemounts.com\/fr\/","logo":{"@type":"ImageObject","inLanguage":"fr-FR","@id":"https:\/\/contessascopemounts.com\/fr\/#\/schema\/logo\/image\/","url":"https:\/\/contessascopemounts.com\/wp-content\/uploads\/2021\/04\/Contessa-supporti-per-ottiche-made-in-italy.png","contentUrl":"https:\/\/contessascopemounts.com\/wp-content\/uploads\/2021\/04\/Contessa-supporti-per-ottiche-made-in-italy.png","width":1000,"height":411,"caption":"CONTESSA"},"image":{"@id":"https:\/\/contessascopemounts.com\/fr\/#\/schema\/logo\/image\/"},"sameAs":["https:\/\/www.facebook.com\/contessascopemounts","https:\/\/www.instagram.com\/contessa_mounts\/?fbclid=IwAR0Yr8lwWVwN0ewOz1bCVK4ZAKI8lkRIVuhxyX56qNYkwSaMAUVleye6XiE","https:\/\/www.youtube.com\/channel\/UCEjBcvoWy-XvVVujqw-psXQ"]}]}},"_links":{"self":[{"href":"https:\/\/contessascopemounts.com\/fr\/wp-json\/wp\/v2\/product\/13288","targetHints":{"allow":["GET"]}}],"collection":[{"href":"https:\/\/contessascopemounts.com\/fr\/wp-json\/wp\/v2\/product"}],"about":[{"href":"https:\/\/contessascopemounts.com\/fr\/wp-json\/wp\/v2\/types\/product"}],"version-history":[{"count":0,"href":"https:\/\/contessascopemounts.com\/fr\/wp-json\/wp\/v2\/product\/13288\/revisions"}],"wp:featuredmedia":[{"embeddable":true,"href":"https:\/\/contessascopemounts.com\/fr\/wp-json\/wp\/v2\/media\/13276"}],"wp:attachment":[{"href":"https:\/\/contessascopemounts.com\/fr\/wp-json\/wp\/v2\/media?parent=13288"}],"wp:term":[{"taxonomy":"product_brand","embeddable":true,"href":"https:\/\/contessascopemounts.com\/fr\/wp-json\/wp\/v2\/product_brand?post=13288"},{"taxonomy":"product_cat","embeddable":true,"href":"https:\/\/contessascopemounts.com\/fr\/wp-json\/wp\/v2\/product_cat?post=13288"},{"taxonomy":"product_tag","embeddable":true,"href":"https:\/\/contessascopemounts.com\/fr\/wp-json\/wp\/v2\/product_tag?post=13288"}],"curies":[{"name":"wp","href":"https:\/\/api.w.org\/{rel}","templated":true}]}}