{"id":13228,"date":"2025-11-12T09:09:56","date_gmt":"2025-11-12T08:09:56","guid":{"rendered":"https:\/\/contessascopemounts.com\/?post_type=product&#038;p=13228"},"modified":"2025-11-12T10:00:14","modified_gmt":"2025-11-12T09:00:14","slug":"utfx02-fw-ultra-tactical-fx-cantilever-o-30mm","status":"publish","type":"product","link":"https:\/\/contessascopemounts.com\/fr\/utfx02-fw-ultra-tactical-fx-cantilever-o-30mm\/","title":{"rendered":"UTFX02-FW &#8211; ULTRA TACTICAL FX CANTILEVER \u00f8 30MM"},"content":{"rendered":"","protected":false},"excerpt":{"rendered":"<ul>\n<li><span style=\"font-weight: 400;\">Support rail fixe monolithique <strong>ULTRA TACTICAL CANTILEVER <\/strong><\/span><b>Picatinny<\/b><span style=\"font-weight: 400;\"> construit en un seul bloc d&#8217;Ergal 7075 avec niveau int\u00e9gr\u00e9. <\/span><\/li>\n<li><span style=\"font-weight: 400;\">Adapt\u00e9 aux ARMES TACTIQUES et de comp\u00e9tition, con\u00e7u pour des performances maximales.<\/span><\/li>\n<li><span style=\"font-weight: 400;\">Anneaux <\/span><b>\u00f8 30mm<\/b><\/li>\n<li><span style=\"font-weight: 400;\">Disponible avec une inclinaison de <\/span><span style=\"font-weight: 400;\"><b> 0 MOA<\/b>.<\/span><\/li>\n<li><b>Couleurs disponibles<\/b><span style=\"font-weight: 400;\">noir, vert olive, sable.<\/span><\/li>\n<li>\u00c9quip\u00e9 du <strong>syst\u00e8me d&#8217;inserts en acier CONTESSA<\/strong>.<\/li>\n<li>Les supports sont <strong>guid\u00e9s \u00e0 l&#8217;int\u00e9rieur de la<\/strong> monture, ce qui leur permet de se fermer parfaitement sur n&#8217;importe quel rail Picatinny ou Weaver.<\/li>\n<li>Le poids total du produit est de <strong>270 g<\/strong><\/li>\n<li>Nouveau bo\u00eetier d&#8217;accessoires compatible avec <strong>M-LOK<\/strong>.<\/li>\n<li>Le c\u00f4t\u00e9 gauche de l&#8217;anneau doit \u00eatre ferm\u00e9 en bas.<\/li>\n<li>Possibilit\u00e9 de monter un rail picatinny code <strong>PHUTH20 ou PHUTH10 <\/strong>pour fixer des accessoires.<\/li>\n<\/ul>\n<p>&nbsp;<\/p>\n<hr \/>\n<p>&nbsp;<\/p>\n<p style=\"text-align: center;\">Vous avez besoin de plus d&#8217;informations ?<\/p>\n<p>&nbsp;<\/p>\n<p style=\"text-align: center;\">[maxbutton id=\"4\" extraclass=\"popmake-3707\"]<\/p>\n","protected":false},"featured_media":13231,"template":"","meta":[],"product_brand":[],"product_cat":[728,731,733,729,732],"product_tag":[695,709,696],"class_list":{"0":"post-13228","1":"product","2":"type-product","3":"status-publish","4":"has-post-thumbnail","6":"product_cat-attaques","7":"product_cat-fixe-2","8":"product_cat-o-30-mm","9":"product_cat-picatinny-4","10":"product_cat-tactique-2","11":"product_tag-attaques_picatinny","12":"product_tag-tactiques","13":"product_tag-traineaux-picatinny","15":"first","16":"instock","17":"shipping-taxable","18":"product-type-simple"},"yoast_head":"<!-- This site is optimized with the Yoast SEO plugin v27.5 - https:\/\/yoast.com\/product\/yoast-seo-wordpress\/ -->\n<title>UTFX02-FW - ULTRA TACTICAL FX CANTILEVER \u00f8 30MM - %.<\/title>\n<meta name=\"description\" content=\"Support fixe ULTRA TACTICAL CANTILEVER pour rails Picatinny construit \u00e0 partir d&#039;un seul bloc d&#039;Ergal 7075 avec niveau int\u00e9gr\u00e9. Adapt\u00e9 aux ARMES TACTIQUES et de comp\u00e9tition, con\u00e7u pour des performances maximales.\" \/>\n<meta name=\"robots\" content=\"index, follow, max-snippet:-1, max-image-preview:large, max-video-preview:-1\" \/>\n<link rel=\"canonical\" href=\"https:\/\/contessascopemounts.com\/fr\/utfx02-fw-ultra-tactical-fx-cantilever-o-30mm\/\" \/>\n<meta property=\"og:locale\" content=\"fr_FR\" \/>\n<meta property=\"og:type\" content=\"article\" \/>\n<meta property=\"og:title\" content=\"UTFX02-FW - ULTRA TACTICAL FX CANTILEVER \u00f8 30MM - %.\" \/>\n<meta property=\"og:description\" content=\"Support fixe ULTRA TACTICAL CANTILEVER pour rails Picatinny construit \u00e0 partir d&#039;un seul bloc d&#039;Ergal 7075 avec niveau int\u00e9gr\u00e9. Adapt\u00e9 aux ARMES TACTIQUES et de comp\u00e9tition, con\u00e7u pour des performances maximales.\" \/>\n<meta property=\"og:url\" content=\"https:\/\/contessascopemounts.com\/fr\/utfx02-fw-ultra-tactical-fx-cantilever-o-30mm\/\" \/>\n<meta property=\"og:site_name\" content=\"Contessa\" \/>\n<meta property=\"article:publisher\" content=\"https:\/\/www.facebook.com\/contessascopemounts\" \/>\n<meta property=\"article:modified_time\" content=\"2025-11-12T09:00:14+00:00\" \/>\n<meta property=\"og:image\" content=\"https:\/\/contessascopemounts.com\/wp-content\/uploads\/2025\/11\/UTFX03-FW-CANTILVER-ULTRA-TACTICAL.jpg\" \/>\n\t<meta property=\"og:image:width\" content=\"600\" \/>\n\t<meta property=\"og:image:height\" content=\"600\" \/>\n\t<meta property=\"og:image:type\" content=\"image\/jpeg\" \/>\n<meta name=\"twitter:card\" content=\"summary_large_image\" \/>\n<script type=\"application\/ld+json\" class=\"yoast-schema-graph\">{\"@context\":\"https:\\\/\\\/schema.org\",\"@graph\":[{\"@type\":\"WebPage\",\"@id\":\"https:\\\/\\\/contessascopemounts.com\\\/fr\\\/utfx02-fw-ultra-tactical-fx-cantilever-o-30mm\\\/\",\"url\":\"https:\\\/\\\/contessascopemounts.com\\\/fr\\\/utfx02-fw-ultra-tactical-fx-cantilever-o-30mm\\\/\",\"name\":\"UTFX02-FW - ULTRA TACTICAL FX CANTILEVER \u00f8 30MM - %.\",\"isPartOf\":{\"@id\":\"https:\\\/\\\/contessascopemounts.com\\\/fr\\\/#website\"},\"primaryImageOfPage\":{\"@id\":\"https:\\\/\\\/contessascopemounts.com\\\/fr\\\/utfx02-fw-ultra-tactical-fx-cantilever-o-30mm\\\/#primaryimage\"},\"image\":{\"@id\":\"https:\\\/\\\/contessascopemounts.com\\\/fr\\\/utfx02-fw-ultra-tactical-fx-cantilever-o-30mm\\\/#primaryimage\"},\"thumbnailUrl\":\"https:\\\/\\\/contessascopemounts.com\\\/wp-content\\\/uploads\\\/2025\\\/11\\\/UTFX03-FW-CANTILVER-ULTRA-TACTICAL.jpg\",\"datePublished\":\"2025-11-12T08:09:56+00:00\",\"dateModified\":\"2025-11-12T09:00:14+00:00\",\"description\":\"Support fixe ULTRA TACTICAL CANTILEVER pour rails Picatinny construit \u00e0 partir d'un seul bloc d'Ergal 7075 avec niveau int\u00e9gr\u00e9. Adapt\u00e9 aux ARMES TACTIQUES et de comp\u00e9tition, con\u00e7u pour des performances maximales.\",\"breadcrumb\":{\"@id\":\"https:\\\/\\\/contessascopemounts.com\\\/fr\\\/utfx02-fw-ultra-tactical-fx-cantilever-o-30mm\\\/#breadcrumb\"},\"inLanguage\":\"fr-FR\",\"potentialAction\":[{\"@type\":\"ReadAction\",\"target\":[\"https:\\\/\\\/contessascopemounts.com\\\/fr\\\/utfx02-fw-ultra-tactical-fx-cantilever-o-30mm\\\/\"]}]},{\"@type\":\"ImageObject\",\"inLanguage\":\"fr-FR\",\"@id\":\"https:\\\/\\\/contessascopemounts.com\\\/fr\\\/utfx02-fw-ultra-tactical-fx-cantilever-o-30mm\\\/#primaryimage\",\"url\":\"https:\\\/\\\/contessascopemounts.com\\\/wp-content\\\/uploads\\\/2025\\\/11\\\/UTFX03-FW-CANTILVER-ULTRA-TACTICAL.jpg\",\"contentUrl\":\"https:\\\/\\\/contessascopemounts.com\\\/wp-content\\\/uploads\\\/2025\\\/11\\\/UTFX03-FW-CANTILVER-ULTRA-TACTICAL.jpg\",\"width\":600,\"height\":600},{\"@type\":\"BreadcrumbList\",\"@id\":\"https:\\\/\\\/contessascopemounts.com\\\/fr\\\/utfx02-fw-ultra-tactical-fx-cantilever-o-30mm\\\/#breadcrumb\",\"itemListElement\":[{\"@type\":\"ListItem\",\"position\":1,\"name\":\"Home\",\"item\":\"https:\\\/\\\/contessascopemounts.com\\\/fr\\\/\"},{\"@type\":\"ListItem\",\"position\":2,\"name\":\"Produits\",\"item\":\"https:\\\/\\\/contessascopemounts.com\\\/fr\\\/produits\\\/\"},{\"@type\":\"ListItem\",\"position\":3,\"name\":\"UTFX02-FW &#8211; ULTRA TACTICAL FX CANTILEVER \u00f8 30MM\"}]},{\"@type\":\"WebSite\",\"@id\":\"https:\\\/\\\/contessascopemounts.com\\\/fr\\\/#website\",\"url\":\"https:\\\/\\\/contessascopemounts.com\\\/fr\\\/\",\"name\":\"Contessa\",\"description\":\"Professional Scope Mounts\",\"publisher\":{\"@id\":\"https:\\\/\\\/contessascopemounts.com\\\/fr\\\/#organization\"},\"potentialAction\":[{\"@type\":\"SearchAction\",\"target\":{\"@type\":\"EntryPoint\",\"urlTemplate\":\"https:\\\/\\\/contessascopemounts.com\\\/fr\\\/?s={search_term_string}\"},\"query-input\":{\"@type\":\"PropertyValueSpecification\",\"valueRequired\":true,\"valueName\":\"search_term_string\"}}],\"inLanguage\":\"fr-FR\"},{\"@type\":\"Organization\",\"@id\":\"https:\\\/\\\/contessascopemounts.com\\\/fr\\\/#organization\",\"name\":\"CONTESSA\",\"url\":\"https:\\\/\\\/contessascopemounts.com\\\/fr\\\/\",\"logo\":{\"@type\":\"ImageObject\",\"inLanguage\":\"fr-FR\",\"@id\":\"https:\\\/\\\/contessascopemounts.com\\\/fr\\\/#\\\/schema\\\/logo\\\/image\\\/\",\"url\":\"https:\\\/\\\/contessascopemounts.com\\\/wp-content\\\/uploads\\\/2021\\\/04\\\/Contessa-supporti-per-ottiche-made-in-italy.png\",\"contentUrl\":\"https:\\\/\\\/contessascopemounts.com\\\/wp-content\\\/uploads\\\/2021\\\/04\\\/Contessa-supporti-per-ottiche-made-in-italy.png\",\"width\":1000,\"height\":411,\"caption\":\"CONTESSA\"},\"image\":{\"@id\":\"https:\\\/\\\/contessascopemounts.com\\\/fr\\\/#\\\/schema\\\/logo\\\/image\\\/\"},\"sameAs\":[\"https:\\\/\\\/www.facebook.com\\\/contessascopemounts\",\"https:\\\/\\\/www.instagram.com\\\/contessa_mounts\\\/?fbclid=IwAR0Yr8lwWVwN0ewOz1bCVK4ZAKI8lkRIVuhxyX56qNYkwSaMAUVleye6XiE\",\"https:\\\/\\\/www.youtube.com\\\/channel\\\/UCEjBcvoWy-XvVVujqw-psXQ\"]}]}<\/script>\n<!-- \/ Yoast SEO plugin. -->","yoast_head_json":{"title":"UTFX02-FW - ULTRA TACTICAL FX CANTILEVER \u00f8 30MM - %.","description":"Support fixe ULTRA TACTICAL CANTILEVER pour rails Picatinny construit \u00e0 partir d'un seul bloc d'Ergal 7075 avec niveau int\u00e9gr\u00e9. Adapt\u00e9 aux ARMES TACTIQUES et de comp\u00e9tition, con\u00e7u pour des performances maximales.","robots":{"index":"index","follow":"follow","max-snippet":"max-snippet:-1","max-image-preview":"max-image-preview:large","max-video-preview":"max-video-preview:-1"},"canonical":"https:\/\/contessascopemounts.com\/fr\/utfx02-fw-ultra-tactical-fx-cantilever-o-30mm\/","og_locale":"fr_FR","og_type":"article","og_title":"UTFX02-FW - ULTRA TACTICAL FX CANTILEVER \u00f8 30MM - %.","og_description":"Support fixe ULTRA TACTICAL CANTILEVER pour rails Picatinny construit \u00e0 partir d'un seul bloc d'Ergal 7075 avec niveau int\u00e9gr\u00e9. Adapt\u00e9 aux ARMES TACTIQUES et de comp\u00e9tition, con\u00e7u pour des performances maximales.","og_url":"https:\/\/contessascopemounts.com\/fr\/utfx02-fw-ultra-tactical-fx-cantilever-o-30mm\/","og_site_name":"Contessa","article_publisher":"https:\/\/www.facebook.com\/contessascopemounts","article_modified_time":"2025-11-12T09:00:14+00:00","og_image":[{"width":600,"height":600,"url":"https:\/\/contessascopemounts.com\/wp-content\/uploads\/2025\/11\/UTFX03-FW-CANTILVER-ULTRA-TACTICAL.jpg","type":"image\/jpeg"}],"twitter_card":"summary_large_image","schema":{"@context":"https:\/\/schema.org","@graph":[{"@type":"WebPage","@id":"https:\/\/contessascopemounts.com\/fr\/utfx02-fw-ultra-tactical-fx-cantilever-o-30mm\/","url":"https:\/\/contessascopemounts.com\/fr\/utfx02-fw-ultra-tactical-fx-cantilever-o-30mm\/","name":"UTFX02-FW - ULTRA TACTICAL FX CANTILEVER \u00f8 30MM - %.","isPartOf":{"@id":"https:\/\/contessascopemounts.com\/fr\/#website"},"primaryImageOfPage":{"@id":"https:\/\/contessascopemounts.com\/fr\/utfx02-fw-ultra-tactical-fx-cantilever-o-30mm\/#primaryimage"},"image":{"@id":"https:\/\/contessascopemounts.com\/fr\/utfx02-fw-ultra-tactical-fx-cantilever-o-30mm\/#primaryimage"},"thumbnailUrl":"https:\/\/contessascopemounts.com\/wp-content\/uploads\/2025\/11\/UTFX03-FW-CANTILVER-ULTRA-TACTICAL.jpg","datePublished":"2025-11-12T08:09:56+00:00","dateModified":"2025-11-12T09:00:14+00:00","description":"Support fixe ULTRA TACTICAL CANTILEVER pour rails Picatinny construit \u00e0 partir d'un seul bloc d'Ergal 7075 avec niveau int\u00e9gr\u00e9. Adapt\u00e9 aux ARMES TACTIQUES et de comp\u00e9tition, con\u00e7u pour des performances maximales.","breadcrumb":{"@id":"https:\/\/contessascopemounts.com\/fr\/utfx02-fw-ultra-tactical-fx-cantilever-o-30mm\/#breadcrumb"},"inLanguage":"fr-FR","potentialAction":[{"@type":"ReadAction","target":["https:\/\/contessascopemounts.com\/fr\/utfx02-fw-ultra-tactical-fx-cantilever-o-30mm\/"]}]},{"@type":"ImageObject","inLanguage":"fr-FR","@id":"https:\/\/contessascopemounts.com\/fr\/utfx02-fw-ultra-tactical-fx-cantilever-o-30mm\/#primaryimage","url":"https:\/\/contessascopemounts.com\/wp-content\/uploads\/2025\/11\/UTFX03-FW-CANTILVER-ULTRA-TACTICAL.jpg","contentUrl":"https:\/\/contessascopemounts.com\/wp-content\/uploads\/2025\/11\/UTFX03-FW-CANTILVER-ULTRA-TACTICAL.jpg","width":600,"height":600},{"@type":"BreadcrumbList","@id":"https:\/\/contessascopemounts.com\/fr\/utfx02-fw-ultra-tactical-fx-cantilever-o-30mm\/#breadcrumb","itemListElement":[{"@type":"ListItem","position":1,"name":"Home","item":"https:\/\/contessascopemounts.com\/fr\/"},{"@type":"ListItem","position":2,"name":"Produits","item":"https:\/\/contessascopemounts.com\/fr\/produits\/"},{"@type":"ListItem","position":3,"name":"UTFX02-FW &#8211; ULTRA TACTICAL FX CANTILEVER \u00f8 30MM"}]},{"@type":"WebSite","@id":"https:\/\/contessascopemounts.com\/fr\/#website","url":"https:\/\/contessascopemounts.com\/fr\/","name":"Contessa","description":"Professional Scope Mounts","publisher":{"@id":"https:\/\/contessascopemounts.com\/fr\/#organization"},"potentialAction":[{"@type":"SearchAction","target":{"@type":"EntryPoint","urlTemplate":"https:\/\/contessascopemounts.com\/fr\/?s={search_term_string}"},"query-input":{"@type":"PropertyValueSpecification","valueRequired":true,"valueName":"search_term_string"}}],"inLanguage":"fr-FR"},{"@type":"Organization","@id":"https:\/\/contessascopemounts.com\/fr\/#organization","name":"CONTESSA","url":"https:\/\/contessascopemounts.com\/fr\/","logo":{"@type":"ImageObject","inLanguage":"fr-FR","@id":"https:\/\/contessascopemounts.com\/fr\/#\/schema\/logo\/image\/","url":"https:\/\/contessascopemounts.com\/wp-content\/uploads\/2021\/04\/Contessa-supporti-per-ottiche-made-in-italy.png","contentUrl":"https:\/\/contessascopemounts.com\/wp-content\/uploads\/2021\/04\/Contessa-supporti-per-ottiche-made-in-italy.png","width":1000,"height":411,"caption":"CONTESSA"},"image":{"@id":"https:\/\/contessascopemounts.com\/fr\/#\/schema\/logo\/image\/"},"sameAs":["https:\/\/www.facebook.com\/contessascopemounts","https:\/\/www.instagram.com\/contessa_mounts\/?fbclid=IwAR0Yr8lwWVwN0ewOz1bCVK4ZAKI8lkRIVuhxyX56qNYkwSaMAUVleye6XiE","https:\/\/www.youtube.com\/channel\/UCEjBcvoWy-XvVVujqw-psXQ"]}]}},"_links":{"self":[{"href":"https:\/\/contessascopemounts.com\/fr\/wp-json\/wp\/v2\/product\/13228","targetHints":{"allow":["GET"]}}],"collection":[{"href":"https:\/\/contessascopemounts.com\/fr\/wp-json\/wp\/v2\/product"}],"about":[{"href":"https:\/\/contessascopemounts.com\/fr\/wp-json\/wp\/v2\/types\/product"}],"version-history":[{"count":0,"href":"https:\/\/contessascopemounts.com\/fr\/wp-json\/wp\/v2\/product\/13228\/revisions"}],"wp:featuredmedia":[{"embeddable":true,"href":"https:\/\/contessascopemounts.com\/fr\/wp-json\/wp\/v2\/media\/13231"}],"wp:attachment":[{"href":"https:\/\/contessascopemounts.com\/fr\/wp-json\/wp\/v2\/media?parent=13228"}],"wp:term":[{"taxonomy":"product_brand","embeddable":true,"href":"https:\/\/contessascopemounts.com\/fr\/wp-json\/wp\/v2\/product_brand?post=13228"},{"taxonomy":"product_cat","embeddable":true,"href":"https:\/\/contessascopemounts.com\/fr\/wp-json\/wp\/v2\/product_cat?post=13228"},{"taxonomy":"product_tag","embeddable":true,"href":"https:\/\/contessascopemounts.com\/fr\/wp-json\/wp\/v2\/product_tag?post=13228"}],"curies":[{"name":"wp","href":"https:\/\/api.w.org\/{rel}","templated":true}]}}