{"id":12692,"date":"2025-10-04T20:43:28","date_gmt":"2025-10-04T18:43:28","guid":{"rendered":"https:\/\/contessascopemounts.com\/?post_type=product&#038;p=12692"},"modified":"2025-10-04T20:43:28","modified_gmt":"2025-10-04T18:43:28","slug":"spp04-b-anneaux-picatinny-en-acier-o35mm-moyen","status":"publish","type":"product","link":"https:\/\/contessascopemounts.com\/fr\/spp04-b-anneaux-picatinny-en-acier-o35mm-moyen\/","title":{"rendered":"SPP04\/B &#8211; Anneaux Picatinny en acier \u00f835mm moyen"},"content":{"rendered":"","protected":false},"excerpt":{"rendered":"<ul>\n<li><span style=\"font-weight: 400;\">Paire d&#8217;anneaux en acier tremp\u00e9 pour glissi\u00e8res PICATINNY ou WEAVER. <\/span><\/li>\n<li style=\"font-weight: 400;\" aria-level=\"1\"><span style=\"font-weight: 400;\">Les bagues Contessa SPP sont con\u00e7ues pour une r\u00e9sistance \u00e0 long terme, une int\u00e9grit\u00e9 et une performance maximale \u00e0 l&#8217;usage. Ils peuvent \u00eatre \u00e9quip\u00e9s d&#8217;une but\u00e9e de 4,80 mm de large pour les rails Picatinny ou d&#8217;une but\u00e9e de 3,80 mm de large pour les rails Weaver.<\/span><\/li>\n<li aria-level=\"1\"><span style=\"font-weight: 400;\">Disponible avec des attaches fixes ou rapides.<\/span><\/li>\n<li aria-level=\"1\"><span style=\"font-weight: 400;\">\u00f8 35 mm H 12 mm<\/span><\/li>\n<\/ul>\n<p><span style=\"font-size: 12px;\"><span style=\"color: #000000;\"><span style=\"font-weight: 400;\">  Pour les rails picatinny :<\/span><\/span><\/span><\/p>\n<ul>\n<li><span style=\"font-size: 12px;\"><span style=\"color: #000000;\"><span style=\"font-weight: 400;\">  Code SPP04\/B &#8211; fixe<\/span><\/span><\/span><\/li>\n<li><span style=\"font-size: 12px;\"><span style=\"color: #000000;\"><span style=\"font-weight: 400;\">  Code SPP04\/B\/SR &#8211; blocage rapide<\/span><\/span><\/span><\/li>\n<\/ul>\n<p><span style=\"font-size: 12px;\"><span style=\"color: #000000;\"><span style=\"font-weight: 400;\">  Pour les guides Weaver :<\/span><\/span><\/span><\/p>\n<ul>\n<li><span style=\"font-size: 12px;\"><span style=\"color: #000000;\"><span style=\"font-weight: 400;\">                         <\/span><span style=\"font-weight: 400;\"><b>  <\/b>Code SPP04W\/B &#8211; fixe<\/span><\/span><\/span><\/li>\n<li><span style=\"font-size: 12px;\"><span style=\"color: #000000;\"><span style=\"font-weight: 400;\">  Code SPP04W\/B\/SR &#8211; lib\u00e9ration rapide<\/span><\/span><\/span><\/li>\n<\/ul>\n<p>&nbsp;<\/p>\n<hr>\n<p>&nbsp;<\/p>\n<p style=\"text-align: center;\">Vous avez besoin de plus d&#8217;informations ?<\/p>\n<p>&nbsp;<\/p>\n<p style=\"text-align: center;\">[maxbutton id=\"4\" extraclass=\"popmake-3707\"]<\/p>\n","protected":false},"featured_media":12444,"template":"","meta":[],"product_brand":[],"product_cat":[737,738,820,739,805],"product_tag":[821,806,696],"class_list":{"0":"post-12692","1":"product","2":"type-product","3":"status-publish","4":"has-post-thumbnail","6":"product_cat-anneaux","7":"product_cat-diametres","8":"product_cat-o-35-mm","9":"product_cat-picatinny-weaver","10":"product_cat-spp","11":"product_tag-35mm","12":"product_tag-spp","13":"product_tag-traineaux-picatinny","15":"first","16":"instock","17":"shipping-taxable","18":"product-type-simple"},"yoast_head":"<!-- This site is optimized with the Yoast SEO plugin v27.5 - https:\/\/yoast.com\/product\/yoast-seo-wordpress\/ -->\n<title>SPP04\/B - Anneaux Picatinny en acier \u00f835mm moyen - %.<\/title>\n<meta name=\"description\" content=\"Les bagues Contessa SPP sont con\u00e7ues pour une r\u00e9sistance \u00e0 long terme, une int\u00e9grit\u00e9 et une performance maximale \u00e0 l&#039;usage. Ils peuvent \u00eatre \u00e9quip\u00e9s d&#039;une but\u00e9e de 4,80 mm de large pour les rails Picatinny ou d&#039;une but\u00e9e de 3,80 mm de large pour les rails Weaver.\" \/>\n<meta name=\"robots\" content=\"index, follow, max-snippet:-1, max-image-preview:large, max-video-preview:-1\" \/>\n<link rel=\"canonical\" href=\"https:\/\/contessascopemounts.com\/fr\/spp04-b-anneaux-picatinny-en-acier-o35mm-moyen\/\" \/>\n<meta property=\"og:locale\" content=\"fr_FR\" \/>\n<meta property=\"og:type\" content=\"article\" \/>\n<meta property=\"og:title\" content=\"SPP04\/B - Anneaux Picatinny en acier \u00f835mm moyen - %.\" \/>\n<meta property=\"og:description\" content=\"Les bagues Contessa SPP sont con\u00e7ues pour une r\u00e9sistance \u00e0 long terme, une int\u00e9grit\u00e9 et une performance maximale \u00e0 l&#039;usage. Ils peuvent \u00eatre \u00e9quip\u00e9s d&#039;une but\u00e9e de 4,80 mm de large pour les rails Picatinny ou d&#039;une but\u00e9e de 3,80 mm de large pour les rails Weaver.\" \/>\n<meta property=\"og:url\" content=\"https:\/\/contessascopemounts.com\/fr\/spp04-b-anneaux-picatinny-en-acier-o35mm-moyen\/\" \/>\n<meta property=\"og:site_name\" content=\"Contessa\" \/>\n<meta property=\"article:publisher\" content=\"https:\/\/www.facebook.com\/contessascopemounts\" \/>\n<meta property=\"og:image\" content=\"https:\/\/contessascopemounts.com\/wp-content\/uploads\/2021\/09\/ANELLI-2.jpg\" \/>\n\t<meta property=\"og:image:width\" content=\"800\" \/>\n\t<meta property=\"og:image:height\" content=\"800\" \/>\n\t<meta property=\"og:image:type\" content=\"image\/jpeg\" \/>\n<meta name=\"twitter:card\" content=\"summary_large_image\" \/>\n<script type=\"application\/ld+json\" class=\"yoast-schema-graph\">{\"@context\":\"https:\\\/\\\/schema.org\",\"@graph\":[{\"@type\":\"WebPage\",\"@id\":\"https:\\\/\\\/contessascopemounts.com\\\/fr\\\/spp04-b-anneaux-picatinny-en-acier-o35mm-moyen\\\/\",\"url\":\"https:\\\/\\\/contessascopemounts.com\\\/fr\\\/spp04-b-anneaux-picatinny-en-acier-o35mm-moyen\\\/\",\"name\":\"SPP04\\\/B - Anneaux Picatinny en acier \u00f835mm moyen - %.\",\"isPartOf\":{\"@id\":\"https:\\\/\\\/contessascopemounts.com\\\/fr\\\/#website\"},\"primaryImageOfPage\":{\"@id\":\"https:\\\/\\\/contessascopemounts.com\\\/fr\\\/spp04-b-anneaux-picatinny-en-acier-o35mm-moyen\\\/#primaryimage\"},\"image\":{\"@id\":\"https:\\\/\\\/contessascopemounts.com\\\/fr\\\/spp04-b-anneaux-picatinny-en-acier-o35mm-moyen\\\/#primaryimage\"},\"thumbnailUrl\":\"https:\\\/\\\/contessascopemounts.com\\\/wp-content\\\/uploads\\\/2021\\\/09\\\/ANELLI-2.jpg\",\"datePublished\":\"2025-10-04T18:43:28+00:00\",\"description\":\"Les bagues Contessa SPP sont con\u00e7ues pour une r\u00e9sistance \u00e0 long terme, une int\u00e9grit\u00e9 et une performance maximale \u00e0 l'usage. Ils peuvent \u00eatre \u00e9quip\u00e9s d'une but\u00e9e de 4,80 mm de large pour les rails Picatinny ou d'une but\u00e9e de 3,80 mm de large pour les rails Weaver.\",\"breadcrumb\":{\"@id\":\"https:\\\/\\\/contessascopemounts.com\\\/fr\\\/spp04-b-anneaux-picatinny-en-acier-o35mm-moyen\\\/#breadcrumb\"},\"inLanguage\":\"fr-FR\",\"potentialAction\":[{\"@type\":\"ReadAction\",\"target\":[\"https:\\\/\\\/contessascopemounts.com\\\/fr\\\/spp04-b-anneaux-picatinny-en-acier-o35mm-moyen\\\/\"]}]},{\"@type\":\"ImageObject\",\"inLanguage\":\"fr-FR\",\"@id\":\"https:\\\/\\\/contessascopemounts.com\\\/fr\\\/spp04-b-anneaux-picatinny-en-acier-o35mm-moyen\\\/#primaryimage\",\"url\":\"https:\\\/\\\/contessascopemounts.com\\\/wp-content\\\/uploads\\\/2021\\\/09\\\/ANELLI-2.jpg\",\"contentUrl\":\"https:\\\/\\\/contessascopemounts.com\\\/wp-content\\\/uploads\\\/2021\\\/09\\\/ANELLI-2.jpg\",\"width\":800,\"height\":800},{\"@type\":\"BreadcrumbList\",\"@id\":\"https:\\\/\\\/contessascopemounts.com\\\/fr\\\/spp04-b-anneaux-picatinny-en-acier-o35mm-moyen\\\/#breadcrumb\",\"itemListElement\":[{\"@type\":\"ListItem\",\"position\":1,\"name\":\"Home\",\"item\":\"https:\\\/\\\/contessascopemounts.com\\\/fr\\\/\"},{\"@type\":\"ListItem\",\"position\":2,\"name\":\"Produits\",\"item\":\"https:\\\/\\\/contessascopemounts.com\\\/fr\\\/produits\\\/\"},{\"@type\":\"ListItem\",\"position\":3,\"name\":\"SPP04\\\/B &#8211; Anneaux Picatinny en acier \u00f835mm moyen\"}]},{\"@type\":\"WebSite\",\"@id\":\"https:\\\/\\\/contessascopemounts.com\\\/fr\\\/#website\",\"url\":\"https:\\\/\\\/contessascopemounts.com\\\/fr\\\/\",\"name\":\"Contessa\",\"description\":\"Professional Scope Mounts\",\"publisher\":{\"@id\":\"https:\\\/\\\/contessascopemounts.com\\\/fr\\\/#organization\"},\"potentialAction\":[{\"@type\":\"SearchAction\",\"target\":{\"@type\":\"EntryPoint\",\"urlTemplate\":\"https:\\\/\\\/contessascopemounts.com\\\/fr\\\/?s={search_term_string}\"},\"query-input\":{\"@type\":\"PropertyValueSpecification\",\"valueRequired\":true,\"valueName\":\"search_term_string\"}}],\"inLanguage\":\"fr-FR\"},{\"@type\":\"Organization\",\"@id\":\"https:\\\/\\\/contessascopemounts.com\\\/fr\\\/#organization\",\"name\":\"CONTESSA\",\"url\":\"https:\\\/\\\/contessascopemounts.com\\\/fr\\\/\",\"logo\":{\"@type\":\"ImageObject\",\"inLanguage\":\"fr-FR\",\"@id\":\"https:\\\/\\\/contessascopemounts.com\\\/fr\\\/#\\\/schema\\\/logo\\\/image\\\/\",\"url\":\"https:\\\/\\\/contessascopemounts.com\\\/wp-content\\\/uploads\\\/2021\\\/04\\\/Contessa-supporti-per-ottiche-made-in-italy.png\",\"contentUrl\":\"https:\\\/\\\/contessascopemounts.com\\\/wp-content\\\/uploads\\\/2021\\\/04\\\/Contessa-supporti-per-ottiche-made-in-italy.png\",\"width\":1000,\"height\":411,\"caption\":\"CONTESSA\"},\"image\":{\"@id\":\"https:\\\/\\\/contessascopemounts.com\\\/fr\\\/#\\\/schema\\\/logo\\\/image\\\/\"},\"sameAs\":[\"https:\\\/\\\/www.facebook.com\\\/contessascopemounts\",\"https:\\\/\\\/www.instagram.com\\\/contessa_mounts\\\/?fbclid=IwAR0Yr8lwWVwN0ewOz1bCVK4ZAKI8lkRIVuhxyX56qNYkwSaMAUVleye6XiE\",\"https:\\\/\\\/www.youtube.com\\\/channel\\\/UCEjBcvoWy-XvVVujqw-psXQ\"]}]}<\/script>\n<!-- \/ Yoast SEO plugin. -->","yoast_head_json":{"title":"SPP04\/B - Anneaux Picatinny en acier \u00f835mm moyen - %.","description":"Les bagues Contessa SPP sont con\u00e7ues pour une r\u00e9sistance \u00e0 long terme, une int\u00e9grit\u00e9 et une performance maximale \u00e0 l'usage. Ils peuvent \u00eatre \u00e9quip\u00e9s d'une but\u00e9e de 4,80 mm de large pour les rails Picatinny ou d'une but\u00e9e de 3,80 mm de large pour les rails Weaver.","robots":{"index":"index","follow":"follow","max-snippet":"max-snippet:-1","max-image-preview":"max-image-preview:large","max-video-preview":"max-video-preview:-1"},"canonical":"https:\/\/contessascopemounts.com\/fr\/spp04-b-anneaux-picatinny-en-acier-o35mm-moyen\/","og_locale":"fr_FR","og_type":"article","og_title":"SPP04\/B - Anneaux Picatinny en acier \u00f835mm moyen - %.","og_description":"Les bagues Contessa SPP sont con\u00e7ues pour une r\u00e9sistance \u00e0 long terme, une int\u00e9grit\u00e9 et une performance maximale \u00e0 l'usage. Ils peuvent \u00eatre \u00e9quip\u00e9s d'une but\u00e9e de 4,80 mm de large pour les rails Picatinny ou d'une but\u00e9e de 3,80 mm de large pour les rails Weaver.","og_url":"https:\/\/contessascopemounts.com\/fr\/spp04-b-anneaux-picatinny-en-acier-o35mm-moyen\/","og_site_name":"Contessa","article_publisher":"https:\/\/www.facebook.com\/contessascopemounts","og_image":[{"width":800,"height":800,"url":"https:\/\/contessascopemounts.com\/wp-content\/uploads\/2021\/09\/ANELLI-2.jpg","type":"image\/jpeg"}],"twitter_card":"summary_large_image","schema":{"@context":"https:\/\/schema.org","@graph":[{"@type":"WebPage","@id":"https:\/\/contessascopemounts.com\/fr\/spp04-b-anneaux-picatinny-en-acier-o35mm-moyen\/","url":"https:\/\/contessascopemounts.com\/fr\/spp04-b-anneaux-picatinny-en-acier-o35mm-moyen\/","name":"SPP04\/B - Anneaux Picatinny en acier \u00f835mm moyen - %.","isPartOf":{"@id":"https:\/\/contessascopemounts.com\/fr\/#website"},"primaryImageOfPage":{"@id":"https:\/\/contessascopemounts.com\/fr\/spp04-b-anneaux-picatinny-en-acier-o35mm-moyen\/#primaryimage"},"image":{"@id":"https:\/\/contessascopemounts.com\/fr\/spp04-b-anneaux-picatinny-en-acier-o35mm-moyen\/#primaryimage"},"thumbnailUrl":"https:\/\/contessascopemounts.com\/wp-content\/uploads\/2021\/09\/ANELLI-2.jpg","datePublished":"2025-10-04T18:43:28+00:00","description":"Les bagues Contessa SPP sont con\u00e7ues pour une r\u00e9sistance \u00e0 long terme, une int\u00e9grit\u00e9 et une performance maximale \u00e0 l'usage. Ils peuvent \u00eatre \u00e9quip\u00e9s d'une but\u00e9e de 4,80 mm de large pour les rails Picatinny ou d'une but\u00e9e de 3,80 mm de large pour les rails Weaver.","breadcrumb":{"@id":"https:\/\/contessascopemounts.com\/fr\/spp04-b-anneaux-picatinny-en-acier-o35mm-moyen\/#breadcrumb"},"inLanguage":"fr-FR","potentialAction":[{"@type":"ReadAction","target":["https:\/\/contessascopemounts.com\/fr\/spp04-b-anneaux-picatinny-en-acier-o35mm-moyen\/"]}]},{"@type":"ImageObject","inLanguage":"fr-FR","@id":"https:\/\/contessascopemounts.com\/fr\/spp04-b-anneaux-picatinny-en-acier-o35mm-moyen\/#primaryimage","url":"https:\/\/contessascopemounts.com\/wp-content\/uploads\/2021\/09\/ANELLI-2.jpg","contentUrl":"https:\/\/contessascopemounts.com\/wp-content\/uploads\/2021\/09\/ANELLI-2.jpg","width":800,"height":800},{"@type":"BreadcrumbList","@id":"https:\/\/contessascopemounts.com\/fr\/spp04-b-anneaux-picatinny-en-acier-o35mm-moyen\/#breadcrumb","itemListElement":[{"@type":"ListItem","position":1,"name":"Home","item":"https:\/\/contessascopemounts.com\/fr\/"},{"@type":"ListItem","position":2,"name":"Produits","item":"https:\/\/contessascopemounts.com\/fr\/produits\/"},{"@type":"ListItem","position":3,"name":"SPP04\/B &#8211; Anneaux Picatinny en acier \u00f835mm moyen"}]},{"@type":"WebSite","@id":"https:\/\/contessascopemounts.com\/fr\/#website","url":"https:\/\/contessascopemounts.com\/fr\/","name":"Contessa","description":"Professional Scope Mounts","publisher":{"@id":"https:\/\/contessascopemounts.com\/fr\/#organization"},"potentialAction":[{"@type":"SearchAction","target":{"@type":"EntryPoint","urlTemplate":"https:\/\/contessascopemounts.com\/fr\/?s={search_term_string}"},"query-input":{"@type":"PropertyValueSpecification","valueRequired":true,"valueName":"search_term_string"}}],"inLanguage":"fr-FR"},{"@type":"Organization","@id":"https:\/\/contessascopemounts.com\/fr\/#organization","name":"CONTESSA","url":"https:\/\/contessascopemounts.com\/fr\/","logo":{"@type":"ImageObject","inLanguage":"fr-FR","@id":"https:\/\/contessascopemounts.com\/fr\/#\/schema\/logo\/image\/","url":"https:\/\/contessascopemounts.com\/wp-content\/uploads\/2021\/04\/Contessa-supporti-per-ottiche-made-in-italy.png","contentUrl":"https:\/\/contessascopemounts.com\/wp-content\/uploads\/2021\/04\/Contessa-supporti-per-ottiche-made-in-italy.png","width":1000,"height":411,"caption":"CONTESSA"},"image":{"@id":"https:\/\/contessascopemounts.com\/fr\/#\/schema\/logo\/image\/"},"sameAs":["https:\/\/www.facebook.com\/contessascopemounts","https:\/\/www.instagram.com\/contessa_mounts\/?fbclid=IwAR0Yr8lwWVwN0ewOz1bCVK4ZAKI8lkRIVuhxyX56qNYkwSaMAUVleye6XiE","https:\/\/www.youtube.com\/channel\/UCEjBcvoWy-XvVVujqw-psXQ"]}]}},"_links":{"self":[{"href":"https:\/\/contessascopemounts.com\/fr\/wp-json\/wp\/v2\/product\/12692","targetHints":{"allow":["GET"]}}],"collection":[{"href":"https:\/\/contessascopemounts.com\/fr\/wp-json\/wp\/v2\/product"}],"about":[{"href":"https:\/\/contessascopemounts.com\/fr\/wp-json\/wp\/v2\/types\/product"}],"version-history":[{"count":0,"href":"https:\/\/contessascopemounts.com\/fr\/wp-json\/wp\/v2\/product\/12692\/revisions"}],"wp:featuredmedia":[{"embeddable":true,"href":"https:\/\/contessascopemounts.com\/fr\/wp-json\/wp\/v2\/media\/12444"}],"wp:attachment":[{"href":"https:\/\/contessascopemounts.com\/fr\/wp-json\/wp\/v2\/media?parent=12692"}],"wp:term":[{"taxonomy":"product_brand","embeddable":true,"href":"https:\/\/contessascopemounts.com\/fr\/wp-json\/wp\/v2\/product_brand?post=12692"},{"taxonomy":"product_cat","embeddable":true,"href":"https:\/\/contessascopemounts.com\/fr\/wp-json\/wp\/v2\/product_cat?post=12692"},{"taxonomy":"product_tag","embeddable":true,"href":"https:\/\/contessascopemounts.com\/fr\/wp-json\/wp\/v2\/product_tag?post=12692"}],"curies":[{"name":"wp","href":"https:\/\/api.w.org\/{rel}","templated":true}]}}