{"id":12691,"date":"2025-10-04T20:43:28","date_gmt":"2025-10-04T18:43:28","guid":{"rendered":"https:\/\/contessascopemounts.com\/?post_type=product&#038;p=12691"},"modified":"2025-10-04T20:43:28","modified_gmt":"2025-10-04T18:43:28","slug":"lpr03-c-anneaux-picains-legers-o34mm-de-haut","status":"publish","type":"product","link":"https:\/\/contessascopemounts.com\/fr\/lpr03-c-anneaux-picains-legers-o34mm-de-haut\/","title":{"rendered":"LPR03\/C &#8211; ANNEAUX PICAINS L\u00c9GERS \u00f834mm de haut"},"content":{"rendered":"","protected":false},"excerpt":{"rendered":"<ul>\n<li><span style=\"font-weight: 400;\">Paire d&#8217;anneaux fixes pour rails Picatinny.<\/span><\/li>\n<li style=\"font-weight: 400;\" aria-level=\"1\"><span style=\"font-weight: 400;\">Les anneaux LPR en alliage l\u00e9ger, rigoureusement usin\u00e9s \u00e0 partir de mat\u00e9riaux solides dans toutes leurs parties, sont ultra r\u00e9sistants et stables. Equip\u00e9 d&#8217;un double joint int\u00e9gral sur la glissi\u00e8re et d&#8217;une double vis Torx 20 de blocage du support.<\/span><\/li>\n<li aria-level=\"1\"><span style=\"font-weight: 400;\">Poids total de la paire : 96 g<\/span><\/li>\n<li aria-level=\"1\"><span style=\"font-weight: 400;\">\u00f8 34 mm H 19 mm<\/span><\/li>\n<\/ul>\n<p>&nbsp;<\/p>\n<hr>\n<p>&nbsp;<\/p>\n<p style=\"text-align: center;\">Vous avez besoin de plus d&#8217;informations ?<\/p>\n<p>&nbsp;<\/p>\n<p style=\"text-align: center;\">[maxbutton id=\"4\" extraclass=\"popmake-3707\"]<\/p>\n","protected":false},"featured_media":12073,"template":"","meta":[],"product_brand":[],"product_cat":[737,738,740,730,739],"product_tag":[742,741,696],"class_list":{"0":"post-12691","1":"product","2":"type-product","3":"status-publish","4":"has-post-thumbnail","6":"product_cat-anneaux","7":"product_cat-diametres","8":"product_cat-lpr","9":"product_cat-o-34-mm","10":"product_cat-picatinny-weaver","11":"product_tag-34mm","12":"product_tag-lpr","13":"product_tag-traineaux-picatinny","15":"first","16":"instock","17":"shipping-taxable","18":"product-type-simple"},"yoast_head":"<!-- This site is optimized with the Yoast SEO plugin v27.5 - https:\/\/yoast.com\/product\/yoast-seo-wordpress\/ -->\n<title>LPR03\/C - ANNEAUX PICAINS L\u00c9GERS \u00f834mm de haut - %.<\/title>\n<meta name=\"description\" content=\"Les anneaux LPR en alliage l\u00e9ger, rigoureusement usin\u00e9s \u00e0 partir de mat\u00e9riaux solides dans toutes leurs parties, sont ultra r\u00e9sistants et stables. Equip\u00e9 d&#039;un double joint int\u00e9gral sur la glissi\u00e8re et d&#039;une double vis Torx 20 de blocage du support.\" \/>\n<meta name=\"robots\" content=\"index, follow, max-snippet:-1, max-image-preview:large, max-video-preview:-1\" \/>\n<link rel=\"canonical\" href=\"https:\/\/contessascopemounts.com\/fr\/lpr03-c-anneaux-picains-legers-o34mm-de-haut\/\" \/>\n<meta property=\"og:locale\" content=\"fr_FR\" \/>\n<meta property=\"og:type\" content=\"article\" \/>\n<meta property=\"og:title\" content=\"LPR03\/C - ANNEAUX PICAINS L\u00c9GERS \u00f834mm de haut - %.\" \/>\n<meta property=\"og:description\" content=\"Les anneaux LPR en alliage l\u00e9ger, rigoureusement usin\u00e9s \u00e0 partir de mat\u00e9riaux solides dans toutes leurs parties, sont ultra r\u00e9sistants et stables. Equip\u00e9 d&#039;un double joint int\u00e9gral sur la glissi\u00e8re et d&#039;une double vis Torx 20 de blocage du support.\" \/>\n<meta property=\"og:url\" content=\"https:\/\/contessascopemounts.com\/fr\/lpr03-c-anneaux-picains-legers-o34mm-de-haut\/\" \/>\n<meta property=\"og:site_name\" content=\"Contessa\" \/>\n<meta property=\"article:publisher\" content=\"https:\/\/www.facebook.com\/contessascopemounts\" \/>\n<meta property=\"og:image\" content=\"https:\/\/contessascopemounts.com\/wp-content\/uploads\/2021\/09\/7-LPR.jpg\" \/>\n\t<meta property=\"og:image:width\" content=\"800\" \/>\n\t<meta property=\"og:image:height\" content=\"800\" \/>\n\t<meta property=\"og:image:type\" content=\"image\/jpeg\" \/>\n<meta name=\"twitter:card\" content=\"summary_large_image\" \/>\n<script type=\"application\/ld+json\" class=\"yoast-schema-graph\">{\"@context\":\"https:\\\/\\\/schema.org\",\"@graph\":[{\"@type\":\"WebPage\",\"@id\":\"https:\\\/\\\/contessascopemounts.com\\\/fr\\\/lpr03-c-anneaux-picains-legers-o34mm-de-haut\\\/\",\"url\":\"https:\\\/\\\/contessascopemounts.com\\\/fr\\\/lpr03-c-anneaux-picains-legers-o34mm-de-haut\\\/\",\"name\":\"LPR03\\\/C - ANNEAUX PICAINS L\u00c9GERS \u00f834mm de haut - %.\",\"isPartOf\":{\"@id\":\"https:\\\/\\\/contessascopemounts.com\\\/fr\\\/#website\"},\"primaryImageOfPage\":{\"@id\":\"https:\\\/\\\/contessascopemounts.com\\\/fr\\\/lpr03-c-anneaux-picains-legers-o34mm-de-haut\\\/#primaryimage\"},\"image\":{\"@id\":\"https:\\\/\\\/contessascopemounts.com\\\/fr\\\/lpr03-c-anneaux-picains-legers-o34mm-de-haut\\\/#primaryimage\"},\"thumbnailUrl\":\"https:\\\/\\\/contessascopemounts.com\\\/wp-content\\\/uploads\\\/2021\\\/09\\\/7-LPR.jpg\",\"datePublished\":\"2025-10-04T18:43:28+00:00\",\"description\":\"Les anneaux LPR en alliage l\u00e9ger, rigoureusement usin\u00e9s \u00e0 partir de mat\u00e9riaux solides dans toutes leurs parties, sont ultra r\u00e9sistants et stables. Equip\u00e9 d'un double joint int\u00e9gral sur la glissi\u00e8re et d'une double vis Torx 20 de blocage du support.\",\"breadcrumb\":{\"@id\":\"https:\\\/\\\/contessascopemounts.com\\\/fr\\\/lpr03-c-anneaux-picains-legers-o34mm-de-haut\\\/#breadcrumb\"},\"inLanguage\":\"fr-FR\",\"potentialAction\":[{\"@type\":\"ReadAction\",\"target\":[\"https:\\\/\\\/contessascopemounts.com\\\/fr\\\/lpr03-c-anneaux-picains-legers-o34mm-de-haut\\\/\"]}]},{\"@type\":\"ImageObject\",\"inLanguage\":\"fr-FR\",\"@id\":\"https:\\\/\\\/contessascopemounts.com\\\/fr\\\/lpr03-c-anneaux-picains-legers-o34mm-de-haut\\\/#primaryimage\",\"url\":\"https:\\\/\\\/contessascopemounts.com\\\/wp-content\\\/uploads\\\/2021\\\/09\\\/7-LPR.jpg\",\"contentUrl\":\"https:\\\/\\\/contessascopemounts.com\\\/wp-content\\\/uploads\\\/2021\\\/09\\\/7-LPR.jpg\",\"width\":800,\"height\":800},{\"@type\":\"BreadcrumbList\",\"@id\":\"https:\\\/\\\/contessascopemounts.com\\\/fr\\\/lpr03-c-anneaux-picains-legers-o34mm-de-haut\\\/#breadcrumb\",\"itemListElement\":[{\"@type\":\"ListItem\",\"position\":1,\"name\":\"Home\",\"item\":\"https:\\\/\\\/contessascopemounts.com\\\/fr\\\/\"},{\"@type\":\"ListItem\",\"position\":2,\"name\":\"Produits\",\"item\":\"https:\\\/\\\/contessascopemounts.com\\\/fr\\\/produits\\\/\"},{\"@type\":\"ListItem\",\"position\":3,\"name\":\"LPR03\\\/C &#8211; ANNEAUX PICAINS L\u00c9GERS \u00f834mm de haut\"}]},{\"@type\":\"WebSite\",\"@id\":\"https:\\\/\\\/contessascopemounts.com\\\/fr\\\/#website\",\"url\":\"https:\\\/\\\/contessascopemounts.com\\\/fr\\\/\",\"name\":\"Contessa\",\"description\":\"Professional Scope Mounts\",\"publisher\":{\"@id\":\"https:\\\/\\\/contessascopemounts.com\\\/fr\\\/#organization\"},\"potentialAction\":[{\"@type\":\"SearchAction\",\"target\":{\"@type\":\"EntryPoint\",\"urlTemplate\":\"https:\\\/\\\/contessascopemounts.com\\\/fr\\\/?s={search_term_string}\"},\"query-input\":{\"@type\":\"PropertyValueSpecification\",\"valueRequired\":true,\"valueName\":\"search_term_string\"}}],\"inLanguage\":\"fr-FR\"},{\"@type\":\"Organization\",\"@id\":\"https:\\\/\\\/contessascopemounts.com\\\/fr\\\/#organization\",\"name\":\"CONTESSA\",\"url\":\"https:\\\/\\\/contessascopemounts.com\\\/fr\\\/\",\"logo\":{\"@type\":\"ImageObject\",\"inLanguage\":\"fr-FR\",\"@id\":\"https:\\\/\\\/contessascopemounts.com\\\/fr\\\/#\\\/schema\\\/logo\\\/image\\\/\",\"url\":\"https:\\\/\\\/contessascopemounts.com\\\/wp-content\\\/uploads\\\/2021\\\/04\\\/Contessa-supporti-per-ottiche-made-in-italy.png\",\"contentUrl\":\"https:\\\/\\\/contessascopemounts.com\\\/wp-content\\\/uploads\\\/2021\\\/04\\\/Contessa-supporti-per-ottiche-made-in-italy.png\",\"width\":1000,\"height\":411,\"caption\":\"CONTESSA\"},\"image\":{\"@id\":\"https:\\\/\\\/contessascopemounts.com\\\/fr\\\/#\\\/schema\\\/logo\\\/image\\\/\"},\"sameAs\":[\"https:\\\/\\\/www.facebook.com\\\/contessascopemounts\",\"https:\\\/\\\/www.instagram.com\\\/contessa_mounts\\\/?fbclid=IwAR0Yr8lwWVwN0ewOz1bCVK4ZAKI8lkRIVuhxyX56qNYkwSaMAUVleye6XiE\",\"https:\\\/\\\/www.youtube.com\\\/channel\\\/UCEjBcvoWy-XvVVujqw-psXQ\"]}]}<\/script>\n<!-- \/ Yoast SEO plugin. -->","yoast_head_json":{"title":"LPR03\/C - ANNEAUX PICAINS L\u00c9GERS \u00f834mm de haut - %.","description":"Les anneaux LPR en alliage l\u00e9ger, rigoureusement usin\u00e9s \u00e0 partir de mat\u00e9riaux solides dans toutes leurs parties, sont ultra r\u00e9sistants et stables. Equip\u00e9 d'un double joint int\u00e9gral sur la glissi\u00e8re et d'une double vis Torx 20 de blocage du support.","robots":{"index":"index","follow":"follow","max-snippet":"max-snippet:-1","max-image-preview":"max-image-preview:large","max-video-preview":"max-video-preview:-1"},"canonical":"https:\/\/contessascopemounts.com\/fr\/lpr03-c-anneaux-picains-legers-o34mm-de-haut\/","og_locale":"fr_FR","og_type":"article","og_title":"LPR03\/C - ANNEAUX PICAINS L\u00c9GERS \u00f834mm de haut - %.","og_description":"Les anneaux LPR en alliage l\u00e9ger, rigoureusement usin\u00e9s \u00e0 partir de mat\u00e9riaux solides dans toutes leurs parties, sont ultra r\u00e9sistants et stables. Equip\u00e9 d'un double joint int\u00e9gral sur la glissi\u00e8re et d'une double vis Torx 20 de blocage du support.","og_url":"https:\/\/contessascopemounts.com\/fr\/lpr03-c-anneaux-picains-legers-o34mm-de-haut\/","og_site_name":"Contessa","article_publisher":"https:\/\/www.facebook.com\/contessascopemounts","og_image":[{"width":800,"height":800,"url":"https:\/\/contessascopemounts.com\/wp-content\/uploads\/2021\/09\/7-LPR.jpg","type":"image\/jpeg"}],"twitter_card":"summary_large_image","schema":{"@context":"https:\/\/schema.org","@graph":[{"@type":"WebPage","@id":"https:\/\/contessascopemounts.com\/fr\/lpr03-c-anneaux-picains-legers-o34mm-de-haut\/","url":"https:\/\/contessascopemounts.com\/fr\/lpr03-c-anneaux-picains-legers-o34mm-de-haut\/","name":"LPR03\/C - ANNEAUX PICAINS L\u00c9GERS \u00f834mm de haut - %.","isPartOf":{"@id":"https:\/\/contessascopemounts.com\/fr\/#website"},"primaryImageOfPage":{"@id":"https:\/\/contessascopemounts.com\/fr\/lpr03-c-anneaux-picains-legers-o34mm-de-haut\/#primaryimage"},"image":{"@id":"https:\/\/contessascopemounts.com\/fr\/lpr03-c-anneaux-picains-legers-o34mm-de-haut\/#primaryimage"},"thumbnailUrl":"https:\/\/contessascopemounts.com\/wp-content\/uploads\/2021\/09\/7-LPR.jpg","datePublished":"2025-10-04T18:43:28+00:00","description":"Les anneaux LPR en alliage l\u00e9ger, rigoureusement usin\u00e9s \u00e0 partir de mat\u00e9riaux solides dans toutes leurs parties, sont ultra r\u00e9sistants et stables. Equip\u00e9 d'un double joint int\u00e9gral sur la glissi\u00e8re et d'une double vis Torx 20 de blocage du support.","breadcrumb":{"@id":"https:\/\/contessascopemounts.com\/fr\/lpr03-c-anneaux-picains-legers-o34mm-de-haut\/#breadcrumb"},"inLanguage":"fr-FR","potentialAction":[{"@type":"ReadAction","target":["https:\/\/contessascopemounts.com\/fr\/lpr03-c-anneaux-picains-legers-o34mm-de-haut\/"]}]},{"@type":"ImageObject","inLanguage":"fr-FR","@id":"https:\/\/contessascopemounts.com\/fr\/lpr03-c-anneaux-picains-legers-o34mm-de-haut\/#primaryimage","url":"https:\/\/contessascopemounts.com\/wp-content\/uploads\/2021\/09\/7-LPR.jpg","contentUrl":"https:\/\/contessascopemounts.com\/wp-content\/uploads\/2021\/09\/7-LPR.jpg","width":800,"height":800},{"@type":"BreadcrumbList","@id":"https:\/\/contessascopemounts.com\/fr\/lpr03-c-anneaux-picains-legers-o34mm-de-haut\/#breadcrumb","itemListElement":[{"@type":"ListItem","position":1,"name":"Home","item":"https:\/\/contessascopemounts.com\/fr\/"},{"@type":"ListItem","position":2,"name":"Produits","item":"https:\/\/contessascopemounts.com\/fr\/produits\/"},{"@type":"ListItem","position":3,"name":"LPR03\/C &#8211; ANNEAUX PICAINS L\u00c9GERS \u00f834mm de haut"}]},{"@type":"WebSite","@id":"https:\/\/contessascopemounts.com\/fr\/#website","url":"https:\/\/contessascopemounts.com\/fr\/","name":"Contessa","description":"Professional Scope Mounts","publisher":{"@id":"https:\/\/contessascopemounts.com\/fr\/#organization"},"potentialAction":[{"@type":"SearchAction","target":{"@type":"EntryPoint","urlTemplate":"https:\/\/contessascopemounts.com\/fr\/?s={search_term_string}"},"query-input":{"@type":"PropertyValueSpecification","valueRequired":true,"valueName":"search_term_string"}}],"inLanguage":"fr-FR"},{"@type":"Organization","@id":"https:\/\/contessascopemounts.com\/fr\/#organization","name":"CONTESSA","url":"https:\/\/contessascopemounts.com\/fr\/","logo":{"@type":"ImageObject","inLanguage":"fr-FR","@id":"https:\/\/contessascopemounts.com\/fr\/#\/schema\/logo\/image\/","url":"https:\/\/contessascopemounts.com\/wp-content\/uploads\/2021\/04\/Contessa-supporti-per-ottiche-made-in-italy.png","contentUrl":"https:\/\/contessascopemounts.com\/wp-content\/uploads\/2021\/04\/Contessa-supporti-per-ottiche-made-in-italy.png","width":1000,"height":411,"caption":"CONTESSA"},"image":{"@id":"https:\/\/contessascopemounts.com\/fr\/#\/schema\/logo\/image\/"},"sameAs":["https:\/\/www.facebook.com\/contessascopemounts","https:\/\/www.instagram.com\/contessa_mounts\/?fbclid=IwAR0Yr8lwWVwN0ewOz1bCVK4ZAKI8lkRIVuhxyX56qNYkwSaMAUVleye6XiE","https:\/\/www.youtube.com\/channel\/UCEjBcvoWy-XvVVujqw-psXQ"]}]}},"_links":{"self":[{"href":"https:\/\/contessascopemounts.com\/fr\/wp-json\/wp\/v2\/product\/12691","targetHints":{"allow":["GET"]}}],"collection":[{"href":"https:\/\/contessascopemounts.com\/fr\/wp-json\/wp\/v2\/product"}],"about":[{"href":"https:\/\/contessascopemounts.com\/fr\/wp-json\/wp\/v2\/types\/product"}],"version-history":[{"count":0,"href":"https:\/\/contessascopemounts.com\/fr\/wp-json\/wp\/v2\/product\/12691\/revisions"}],"wp:featuredmedia":[{"embeddable":true,"href":"https:\/\/contessascopemounts.com\/fr\/wp-json\/wp\/v2\/media\/12073"}],"wp:attachment":[{"href":"https:\/\/contessascopemounts.com\/fr\/wp-json\/wp\/v2\/media?parent=12691"}],"wp:term":[{"taxonomy":"product_brand","embeddable":true,"href":"https:\/\/contessascopemounts.com\/fr\/wp-json\/wp\/v2\/product_brand?post=12691"},{"taxonomy":"product_cat","embeddable":true,"href":"https:\/\/contessascopemounts.com\/fr\/wp-json\/wp\/v2\/product_cat?post=12691"},{"taxonomy":"product_tag","embeddable":true,"href":"https:\/\/contessascopemounts.com\/fr\/wp-json\/wp\/v2\/product_tag?post=12691"}],"curies":[{"name":"wp","href":"https:\/\/api.w.org\/{rel}","templated":true}]}}