{"id":12687,"date":"2025-10-04T20:43:29","date_gmt":"2025-10-04T18:43:29","guid":{"rendered":"https:\/\/contessascopemounts.com\/?post_type=product&#038;p=12687"},"modified":"2025-10-04T20:43:29","modified_gmt":"2025-10-04T18:43:29","slug":"lpr03-a-anneaux-picains-legers-o34mm-bas","status":"publish","type":"product","link":"https:\/\/contessascopemounts.com\/fr\/lpr03-a-anneaux-picains-legers-o34mm-bas\/","title":{"rendered":"LPR03\/A &#8211; ANNEAUX PICAINS L\u00c9GERS \u00f834mm bas"},"content":{"rendered":"","protected":false},"excerpt":{"rendered":"<ul>\n<li><span style=\"font-weight: 400;\">Paire d&#8217;anneaux fixes pour rails Picatinny.<\/span><\/li>\n<li style=\"font-weight: 400;\" aria-level=\"1\"><span style=\"font-weight: 400;\">Les anneaux LPR en alliage l\u00e9ger, rigoureusement usin\u00e9s \u00e0 partir de mat\u00e9riaux solides dans toutes leurs parties, sont ultra r\u00e9sistants et stables. Equip\u00e9 d&#8217;un double joint int\u00e9gral sur la glissi\u00e8re et d&#8217;une double vis Torx 20 de blocage du support.<\/span><\/li>\n<li aria-level=\"1\"><span style=\"font-weight: 400;\">Poids total de la paire : 96 g<\/span><\/li>\n<li aria-level=\"1\"><span style=\"font-weight: 400;\">\u00f8 34 mm H 8 mm<\/span><\/li>\n<\/ul>\n<p>&nbsp;<\/p>\n<hr>\n<p>&nbsp;<\/p>\n<p style=\"text-align: center;\">Vous avez besoin de plus d&#8217;informations ?<\/p>\n<p>&nbsp;<\/p>\n<p style=\"text-align: center;\">[maxbutton id=\"4\" extraclass=\"popmake-3707\"]<\/p>\n","protected":false},"featured_media":12091,"template":"","meta":[],"product_brand":[],"product_cat":[737,738,740,730,739],"product_tag":[742,741,696],"class_list":{"0":"post-12687","1":"product","2":"type-product","3":"status-publish","4":"has-post-thumbnail","6":"product_cat-anneaux","7":"product_cat-diametres","8":"product_cat-lpr","9":"product_cat-o-34-mm","10":"product_cat-picatinny-weaver","11":"product_tag-34mm","12":"product_tag-lpr","13":"product_tag-traineaux-picatinny","15":"first","16":"instock","17":"shipping-taxable","18":"product-type-simple"},"yoast_head":"<!-- This site is optimized with the Yoast SEO plugin v27.5 - https:\/\/yoast.com\/product\/yoast-seo-wordpress\/ -->\n<title>LPR03\/A - ANNEAUX PICAINS L\u00c9GERS \u00f834mm bas - %.<\/title>\n<meta name=\"description\" content=\"Les bagues Contessa SPP sont con\u00e7ues pour une r\u00e9sistance \u00e0 long terme, une int\u00e9grit\u00e9 et une performance maximale \u00e0 l&#039;usage. Ils peuvent \u00eatre \u00e9quip\u00e9s d&#039;une but\u00e9e de 4,80 mm de large pour les rails Picatinny ou d&#039;une but\u00e9e de 3,80 mm de large pour les rails Weaver.\" \/>\n<meta name=\"robots\" content=\"index, follow, max-snippet:-1, max-image-preview:large, max-video-preview:-1\" \/>\n<link rel=\"canonical\" href=\"https:\/\/contessascopemounts.com\/fr\/lpr03-a-anneaux-picains-legers-o34mm-bas\/\" \/>\n<meta property=\"og:locale\" content=\"fr_FR\" \/>\n<meta property=\"og:type\" content=\"article\" \/>\n<meta property=\"og:title\" content=\"LPR03\/A - ANNEAUX PICAINS L\u00c9GERS \u00f834mm bas - %.\" \/>\n<meta property=\"og:description\" content=\"Les bagues Contessa SPP sont con\u00e7ues pour une r\u00e9sistance \u00e0 long terme, une int\u00e9grit\u00e9 et une performance maximale \u00e0 l&#039;usage. Ils peuvent \u00eatre \u00e9quip\u00e9s d&#039;une but\u00e9e de 4,80 mm de large pour les rails Picatinny ou d&#039;une but\u00e9e de 3,80 mm de large pour les rails Weaver.\" \/>\n<meta property=\"og:url\" content=\"https:\/\/contessascopemounts.com\/fr\/lpr03-a-anneaux-picains-legers-o34mm-bas\/\" \/>\n<meta property=\"og:site_name\" content=\"Contessa\" \/>\n<meta property=\"article:publisher\" content=\"https:\/\/www.facebook.com\/contessascopemounts\" \/>\n<meta property=\"og:image\" content=\"https:\/\/contessascopemounts.com\/wp-content\/uploads\/2021\/09\/5-LPR.jpg\" \/>\n\t<meta property=\"og:image:width\" content=\"800\" \/>\n\t<meta property=\"og:image:height\" content=\"800\" \/>\n\t<meta property=\"og:image:type\" content=\"image\/jpeg\" \/>\n<meta name=\"twitter:card\" content=\"summary_large_image\" \/>\n<script type=\"application\/ld+json\" class=\"yoast-schema-graph\">{\"@context\":\"https:\\\/\\\/schema.org\",\"@graph\":[{\"@type\":\"WebPage\",\"@id\":\"https:\\\/\\\/contessascopemounts.com\\\/fr\\\/lpr03-a-anneaux-picains-legers-o34mm-bas\\\/\",\"url\":\"https:\\\/\\\/contessascopemounts.com\\\/fr\\\/lpr03-a-anneaux-picains-legers-o34mm-bas\\\/\",\"name\":\"LPR03\\\/A - ANNEAUX PICAINS L\u00c9GERS \u00f834mm bas - %.\",\"isPartOf\":{\"@id\":\"https:\\\/\\\/contessascopemounts.com\\\/fr\\\/#website\"},\"primaryImageOfPage\":{\"@id\":\"https:\\\/\\\/contessascopemounts.com\\\/fr\\\/lpr03-a-anneaux-picains-legers-o34mm-bas\\\/#primaryimage\"},\"image\":{\"@id\":\"https:\\\/\\\/contessascopemounts.com\\\/fr\\\/lpr03-a-anneaux-picains-legers-o34mm-bas\\\/#primaryimage\"},\"thumbnailUrl\":\"https:\\\/\\\/contessascopemounts.com\\\/wp-content\\\/uploads\\\/2021\\\/09\\\/5-LPR.jpg\",\"datePublished\":\"2025-10-04T18:43:29+00:00\",\"description\":\"Les bagues Contessa SPP sont con\u00e7ues pour une r\u00e9sistance \u00e0 long terme, une int\u00e9grit\u00e9 et une performance maximale \u00e0 l'usage. Ils peuvent \u00eatre \u00e9quip\u00e9s d'une but\u00e9e de 4,80 mm de large pour les rails Picatinny ou d'une but\u00e9e de 3,80 mm de large pour les rails Weaver.\",\"breadcrumb\":{\"@id\":\"https:\\\/\\\/contessascopemounts.com\\\/fr\\\/lpr03-a-anneaux-picains-legers-o34mm-bas\\\/#breadcrumb\"},\"inLanguage\":\"fr-FR\",\"potentialAction\":[{\"@type\":\"ReadAction\",\"target\":[\"https:\\\/\\\/contessascopemounts.com\\\/fr\\\/lpr03-a-anneaux-picains-legers-o34mm-bas\\\/\"]}]},{\"@type\":\"ImageObject\",\"inLanguage\":\"fr-FR\",\"@id\":\"https:\\\/\\\/contessascopemounts.com\\\/fr\\\/lpr03-a-anneaux-picains-legers-o34mm-bas\\\/#primaryimage\",\"url\":\"https:\\\/\\\/contessascopemounts.com\\\/wp-content\\\/uploads\\\/2021\\\/09\\\/5-LPR.jpg\",\"contentUrl\":\"https:\\\/\\\/contessascopemounts.com\\\/wp-content\\\/uploads\\\/2021\\\/09\\\/5-LPR.jpg\",\"width\":800,\"height\":800},{\"@type\":\"BreadcrumbList\",\"@id\":\"https:\\\/\\\/contessascopemounts.com\\\/fr\\\/lpr03-a-anneaux-picains-legers-o34mm-bas\\\/#breadcrumb\",\"itemListElement\":[{\"@type\":\"ListItem\",\"position\":1,\"name\":\"Home\",\"item\":\"https:\\\/\\\/contessascopemounts.com\\\/fr\\\/\"},{\"@type\":\"ListItem\",\"position\":2,\"name\":\"Produits\",\"item\":\"https:\\\/\\\/contessascopemounts.com\\\/fr\\\/produits\\\/\"},{\"@type\":\"ListItem\",\"position\":3,\"name\":\"LPR03\\\/A &#8211; ANNEAUX PICAINS L\u00c9GERS \u00f834mm bas\"}]},{\"@type\":\"WebSite\",\"@id\":\"https:\\\/\\\/contessascopemounts.com\\\/fr\\\/#website\",\"url\":\"https:\\\/\\\/contessascopemounts.com\\\/fr\\\/\",\"name\":\"Contessa\",\"description\":\"Professional Scope Mounts\",\"publisher\":{\"@id\":\"https:\\\/\\\/contessascopemounts.com\\\/fr\\\/#organization\"},\"potentialAction\":[{\"@type\":\"SearchAction\",\"target\":{\"@type\":\"EntryPoint\",\"urlTemplate\":\"https:\\\/\\\/contessascopemounts.com\\\/fr\\\/?s={search_term_string}\"},\"query-input\":{\"@type\":\"PropertyValueSpecification\",\"valueRequired\":true,\"valueName\":\"search_term_string\"}}],\"inLanguage\":\"fr-FR\"},{\"@type\":\"Organization\",\"@id\":\"https:\\\/\\\/contessascopemounts.com\\\/fr\\\/#organization\",\"name\":\"CONTESSA\",\"url\":\"https:\\\/\\\/contessascopemounts.com\\\/fr\\\/\",\"logo\":{\"@type\":\"ImageObject\",\"inLanguage\":\"fr-FR\",\"@id\":\"https:\\\/\\\/contessascopemounts.com\\\/fr\\\/#\\\/schema\\\/logo\\\/image\\\/\",\"url\":\"https:\\\/\\\/contessascopemounts.com\\\/wp-content\\\/uploads\\\/2021\\\/04\\\/Contessa-supporti-per-ottiche-made-in-italy.png\",\"contentUrl\":\"https:\\\/\\\/contessascopemounts.com\\\/wp-content\\\/uploads\\\/2021\\\/04\\\/Contessa-supporti-per-ottiche-made-in-italy.png\",\"width\":1000,\"height\":411,\"caption\":\"CONTESSA\"},\"image\":{\"@id\":\"https:\\\/\\\/contessascopemounts.com\\\/fr\\\/#\\\/schema\\\/logo\\\/image\\\/\"},\"sameAs\":[\"https:\\\/\\\/www.facebook.com\\\/contessascopemounts\",\"https:\\\/\\\/www.instagram.com\\\/contessa_mounts\\\/?fbclid=IwAR0Yr8lwWVwN0ewOz1bCVK4ZAKI8lkRIVuhxyX56qNYkwSaMAUVleye6XiE\",\"https:\\\/\\\/www.youtube.com\\\/channel\\\/UCEjBcvoWy-XvVVujqw-psXQ\"]}]}<\/script>\n<!-- \/ Yoast SEO plugin. -->","yoast_head_json":{"title":"LPR03\/A - ANNEAUX PICAINS L\u00c9GERS \u00f834mm bas - %.","description":"Les bagues Contessa SPP sont con\u00e7ues pour une r\u00e9sistance \u00e0 long terme, une int\u00e9grit\u00e9 et une performance maximale \u00e0 l'usage. Ils peuvent \u00eatre \u00e9quip\u00e9s d'une but\u00e9e de 4,80 mm de large pour les rails Picatinny ou d'une but\u00e9e de 3,80 mm de large pour les rails Weaver.","robots":{"index":"index","follow":"follow","max-snippet":"max-snippet:-1","max-image-preview":"max-image-preview:large","max-video-preview":"max-video-preview:-1"},"canonical":"https:\/\/contessascopemounts.com\/fr\/lpr03-a-anneaux-picains-legers-o34mm-bas\/","og_locale":"fr_FR","og_type":"article","og_title":"LPR03\/A - ANNEAUX PICAINS L\u00c9GERS \u00f834mm bas - %.","og_description":"Les bagues Contessa SPP sont con\u00e7ues pour une r\u00e9sistance \u00e0 long terme, une int\u00e9grit\u00e9 et une performance maximale \u00e0 l'usage. Ils peuvent \u00eatre \u00e9quip\u00e9s d'une but\u00e9e de 4,80 mm de large pour les rails Picatinny ou d'une but\u00e9e de 3,80 mm de large pour les rails Weaver.","og_url":"https:\/\/contessascopemounts.com\/fr\/lpr03-a-anneaux-picains-legers-o34mm-bas\/","og_site_name":"Contessa","article_publisher":"https:\/\/www.facebook.com\/contessascopemounts","og_image":[{"width":800,"height":800,"url":"https:\/\/contessascopemounts.com\/wp-content\/uploads\/2021\/09\/5-LPR.jpg","type":"image\/jpeg"}],"twitter_card":"summary_large_image","schema":{"@context":"https:\/\/schema.org","@graph":[{"@type":"WebPage","@id":"https:\/\/contessascopemounts.com\/fr\/lpr03-a-anneaux-picains-legers-o34mm-bas\/","url":"https:\/\/contessascopemounts.com\/fr\/lpr03-a-anneaux-picains-legers-o34mm-bas\/","name":"LPR03\/A - ANNEAUX PICAINS L\u00c9GERS \u00f834mm bas - %.","isPartOf":{"@id":"https:\/\/contessascopemounts.com\/fr\/#website"},"primaryImageOfPage":{"@id":"https:\/\/contessascopemounts.com\/fr\/lpr03-a-anneaux-picains-legers-o34mm-bas\/#primaryimage"},"image":{"@id":"https:\/\/contessascopemounts.com\/fr\/lpr03-a-anneaux-picains-legers-o34mm-bas\/#primaryimage"},"thumbnailUrl":"https:\/\/contessascopemounts.com\/wp-content\/uploads\/2021\/09\/5-LPR.jpg","datePublished":"2025-10-04T18:43:29+00:00","description":"Les bagues Contessa SPP sont con\u00e7ues pour une r\u00e9sistance \u00e0 long terme, une int\u00e9grit\u00e9 et une performance maximale \u00e0 l'usage. Ils peuvent \u00eatre \u00e9quip\u00e9s d'une but\u00e9e de 4,80 mm de large pour les rails Picatinny ou d'une but\u00e9e de 3,80 mm de large pour les rails Weaver.","breadcrumb":{"@id":"https:\/\/contessascopemounts.com\/fr\/lpr03-a-anneaux-picains-legers-o34mm-bas\/#breadcrumb"},"inLanguage":"fr-FR","potentialAction":[{"@type":"ReadAction","target":["https:\/\/contessascopemounts.com\/fr\/lpr03-a-anneaux-picains-legers-o34mm-bas\/"]}]},{"@type":"ImageObject","inLanguage":"fr-FR","@id":"https:\/\/contessascopemounts.com\/fr\/lpr03-a-anneaux-picains-legers-o34mm-bas\/#primaryimage","url":"https:\/\/contessascopemounts.com\/wp-content\/uploads\/2021\/09\/5-LPR.jpg","contentUrl":"https:\/\/contessascopemounts.com\/wp-content\/uploads\/2021\/09\/5-LPR.jpg","width":800,"height":800},{"@type":"BreadcrumbList","@id":"https:\/\/contessascopemounts.com\/fr\/lpr03-a-anneaux-picains-legers-o34mm-bas\/#breadcrumb","itemListElement":[{"@type":"ListItem","position":1,"name":"Home","item":"https:\/\/contessascopemounts.com\/fr\/"},{"@type":"ListItem","position":2,"name":"Produits","item":"https:\/\/contessascopemounts.com\/fr\/produits\/"},{"@type":"ListItem","position":3,"name":"LPR03\/A &#8211; ANNEAUX PICAINS L\u00c9GERS \u00f834mm bas"}]},{"@type":"WebSite","@id":"https:\/\/contessascopemounts.com\/fr\/#website","url":"https:\/\/contessascopemounts.com\/fr\/","name":"Contessa","description":"Professional Scope Mounts","publisher":{"@id":"https:\/\/contessascopemounts.com\/fr\/#organization"},"potentialAction":[{"@type":"SearchAction","target":{"@type":"EntryPoint","urlTemplate":"https:\/\/contessascopemounts.com\/fr\/?s={search_term_string}"},"query-input":{"@type":"PropertyValueSpecification","valueRequired":true,"valueName":"search_term_string"}}],"inLanguage":"fr-FR"},{"@type":"Organization","@id":"https:\/\/contessascopemounts.com\/fr\/#organization","name":"CONTESSA","url":"https:\/\/contessascopemounts.com\/fr\/","logo":{"@type":"ImageObject","inLanguage":"fr-FR","@id":"https:\/\/contessascopemounts.com\/fr\/#\/schema\/logo\/image\/","url":"https:\/\/contessascopemounts.com\/wp-content\/uploads\/2021\/04\/Contessa-supporti-per-ottiche-made-in-italy.png","contentUrl":"https:\/\/contessascopemounts.com\/wp-content\/uploads\/2021\/04\/Contessa-supporti-per-ottiche-made-in-italy.png","width":1000,"height":411,"caption":"CONTESSA"},"image":{"@id":"https:\/\/contessascopemounts.com\/fr\/#\/schema\/logo\/image\/"},"sameAs":["https:\/\/www.facebook.com\/contessascopemounts","https:\/\/www.instagram.com\/contessa_mounts\/?fbclid=IwAR0Yr8lwWVwN0ewOz1bCVK4ZAKI8lkRIVuhxyX56qNYkwSaMAUVleye6XiE","https:\/\/www.youtube.com\/channel\/UCEjBcvoWy-XvVVujqw-psXQ"]}]}},"_links":{"self":[{"href":"https:\/\/contessascopemounts.com\/fr\/wp-json\/wp\/v2\/product\/12687","targetHints":{"allow":["GET"]}}],"collection":[{"href":"https:\/\/contessascopemounts.com\/fr\/wp-json\/wp\/v2\/product"}],"about":[{"href":"https:\/\/contessascopemounts.com\/fr\/wp-json\/wp\/v2\/types\/product"}],"version-history":[{"count":0,"href":"https:\/\/contessascopemounts.com\/fr\/wp-json\/wp\/v2\/product\/12687\/revisions"}],"wp:featuredmedia":[{"embeddable":true,"href":"https:\/\/contessascopemounts.com\/fr\/wp-json\/wp\/v2\/media\/12091"}],"wp:attachment":[{"href":"https:\/\/contessascopemounts.com\/fr\/wp-json\/wp\/v2\/media?parent=12687"}],"wp:term":[{"taxonomy":"product_brand","embeddable":true,"href":"https:\/\/contessascopemounts.com\/fr\/wp-json\/wp\/v2\/product_brand?post=12687"},{"taxonomy":"product_cat","embeddable":true,"href":"https:\/\/contessascopemounts.com\/fr\/wp-json\/wp\/v2\/product_cat?post=12687"},{"taxonomy":"product_tag","embeddable":true,"href":"https:\/\/contessascopemounts.com\/fr\/wp-json\/wp\/v2\/product_tag?post=12687"}],"curies":[{"name":"wp","href":"https:\/\/api.w.org\/{rel}","templated":true}]}}