{"id":12684,"date":"2025-10-04T20:43:29","date_gmt":"2025-10-04T18:43:29","guid":{"rendered":"https:\/\/contessascopemounts.com\/?post_type=product&#038;p=12684"},"modified":"2025-10-04T20:43:29","modified_gmt":"2025-10-04T18:43:29","slug":"spp03-c-anneaux-picatinny-en-acier-o34mm-de-haut","status":"publish","type":"product","link":"https:\/\/contessascopemounts.com\/fr\/spp03-c-anneaux-picatinny-en-acier-o34mm-de-haut\/","title":{"rendered":"SPP03\/C &#8211; Anneaux Picatinny en acier \u00f834mm de haut"},"content":{"rendered":"","protected":false},"excerpt":{"rendered":"<ul>\n<li><span style=\"font-weight: 400;\">Paire d&#8217;anneaux en acier tremp\u00e9 pour glissi\u00e8res PICATINNY ou WEAVER.  <\/span><\/li>\n<li style=\"font-weight: 400;\" aria-level=\"1\"><span style=\"font-weight: 400;\">Les bagues Contessa SPP sont con\u00e7ues pour une r\u00e9sistance \u00e0 long terme, une int\u00e9grit\u00e9 et une performance maximale \u00e0 l&#8217;usage. Ils peuvent \u00eatre \u00e9quip\u00e9s d&#8217;une but\u00e9e de 4,80 mm de large pour les rails Picatinny ou d&#8217;une but\u00e9e de 3,80 mm de large pour les rails Weaver.<\/span><\/li>\n<li aria-level=\"1\"><span style=\"font-weight: 400;\">Disponible avec des attaches fixes ou rapides.<\/span><\/li>\n<li aria-level=\"1\"><span style=\"font-weight: 400;\">\u00f8 34 mm H 19 mm<\/span><\/li>\n<\/ul>\n<p><span style=\"font-size: 12px;\"><span style=\"color: #000000;\"><span style=\"font-weight: 400;\">  Pour les rails picatinny :<\/span><\/span><\/span><\/p>\n<ul>\n<li><span style=\"font-size: 12px;\"><span style=\"color: #000000;\"><span style=\"font-weight: 400;\">  Code SPP03\/C &#8211; fixe<\/span><\/span><\/span><\/li>\n<li><span style=\"font-size: 12px;\"><span style=\"color: #000000;\"><span style=\"font-weight: 400;\">  Code SPP03\/C\/SR &#8211; blocage rapide<\/span><\/span><\/span><\/li>\n<\/ul>\n<p><span style=\"font-size: 12px;\"><span style=\"color: #000000;\"><span style=\"font-weight: 400;\">  Pour les guides Weaver :<\/span><\/span><\/span><\/p>\n<ul>\n<li><span style=\"font-size: 12px;\"><span style=\"color: #000000;\"><span style=\"font-weight: 400;\">                         <\/span><span style=\"font-weight: 400;\"><b>  <\/b>Code SPP03W\/C &#8211; fixe<\/span><\/span><\/span><\/li>\n<li><span style=\"font-size: 12px;\"><span style=\"color: #000000;\"><span style=\"font-weight: 400;\">  Code SPP03W\/C\/SR &#8211; blocage rapide<\/span><\/span><\/span><\/li>\n<\/ul>\n<p>&nbsp;<\/p>\n<hr>\n<p>&nbsp;<\/p>\n<p style=\"text-align: center;\">Vous avez besoin de plus d&#8217;informations ?<\/p>\n<p>&nbsp;<\/p>\n<p style=\"text-align: center;\">[maxbutton id=\"4\" extraclass=\"popmake-3707\"]<\/p>\n","protected":false},"featured_media":12686,"template":"","meta":[],"product_brand":[],"product_cat":[737,738,730,739,805],"product_tag":[742,806,696],"class_list":{"0":"post-12684","1":"product","2":"type-product","3":"status-publish","4":"has-post-thumbnail","6":"product_cat-anneaux","7":"product_cat-diametres","8":"product_cat-o-34-mm","9":"product_cat-picatinny-weaver","10":"product_cat-spp","11":"product_tag-34mm","12":"product_tag-spp","13":"product_tag-traineaux-picatinny","15":"first","16":"instock","17":"shipping-taxable","18":"product-type-simple"},"yoast_head":"<!-- This site is optimized with the Yoast SEO plugin v27.5 - https:\/\/yoast.com\/product\/yoast-seo-wordpress\/ -->\n<title>SPP03\/C - Anneaux Picatinny en acier \u00f834mm de haut - %.<\/title>\n<meta name=\"description\" content=\"Les bagues Contessa SPP sont con\u00e7ues pour une r\u00e9sistance \u00e0 long terme, une int\u00e9grit\u00e9 et une performance maximale \u00e0 l&#039;usage. Ils peuvent \u00eatre \u00e9quip\u00e9s d&#039;une but\u00e9e de 4,80 mm de large pour les rails Picatinny ou d&#039;une but\u00e9e de 3,80 mm de large pour les rails Weaver.\" \/>\n<meta name=\"robots\" content=\"index, follow, max-snippet:-1, max-image-preview:large, max-video-preview:-1\" \/>\n<link rel=\"canonical\" href=\"https:\/\/contessascopemounts.com\/fr\/spp03-c-anneaux-picatinny-en-acier-o34mm-de-haut\/\" \/>\n<meta property=\"og:locale\" content=\"fr_FR\" \/>\n<meta property=\"og:type\" content=\"article\" \/>\n<meta property=\"og:title\" content=\"SPP03\/C - Anneaux Picatinny en acier \u00f834mm de haut - %.\" \/>\n<meta property=\"og:description\" content=\"Les bagues Contessa SPP sont con\u00e7ues pour une r\u00e9sistance \u00e0 long terme, une int\u00e9grit\u00e9 et une performance maximale \u00e0 l&#039;usage. Ils peuvent \u00eatre \u00e9quip\u00e9s d&#039;une but\u00e9e de 4,80 mm de large pour les rails Picatinny ou d&#039;une but\u00e9e de 3,80 mm de large pour les rails Weaver.\" \/>\n<meta property=\"og:url\" content=\"https:\/\/contessascopemounts.com\/fr\/spp03-c-anneaux-picatinny-en-acier-o34mm-de-haut\/\" \/>\n<meta property=\"og:site_name\" content=\"Contessa\" \/>\n<meta property=\"article:publisher\" content=\"https:\/\/www.facebook.com\/contessascopemounts\" \/>\n<meta property=\"og:image\" content=\"https:\/\/contessascopemounts.com\/wp-content\/uploads\/2021\/09\/ANELLI-3.jpg\" \/>\n\t<meta property=\"og:image:width\" content=\"800\" \/>\n\t<meta property=\"og:image:height\" content=\"800\" \/>\n\t<meta property=\"og:image:type\" content=\"image\/jpeg\" \/>\n<meta name=\"twitter:card\" content=\"summary_large_image\" \/>\n<script type=\"application\/ld+json\" class=\"yoast-schema-graph\">{\"@context\":\"https:\\\/\\\/schema.org\",\"@graph\":[{\"@type\":\"WebPage\",\"@id\":\"https:\\\/\\\/contessascopemounts.com\\\/fr\\\/spp03-c-anneaux-picatinny-en-acier-o34mm-de-haut\\\/\",\"url\":\"https:\\\/\\\/contessascopemounts.com\\\/fr\\\/spp03-c-anneaux-picatinny-en-acier-o34mm-de-haut\\\/\",\"name\":\"SPP03\\\/C - Anneaux Picatinny en acier \u00f834mm de haut - %.\",\"isPartOf\":{\"@id\":\"https:\\\/\\\/contessascopemounts.com\\\/fr\\\/#website\"},\"primaryImageOfPage\":{\"@id\":\"https:\\\/\\\/contessascopemounts.com\\\/fr\\\/spp03-c-anneaux-picatinny-en-acier-o34mm-de-haut\\\/#primaryimage\"},\"image\":{\"@id\":\"https:\\\/\\\/contessascopemounts.com\\\/fr\\\/spp03-c-anneaux-picatinny-en-acier-o34mm-de-haut\\\/#primaryimage\"},\"thumbnailUrl\":\"https:\\\/\\\/contessascopemounts.com\\\/wp-content\\\/uploads\\\/2021\\\/09\\\/ANELLI-3.jpg\",\"datePublished\":\"2025-10-04T18:43:29+00:00\",\"description\":\"Les bagues Contessa SPP sont con\u00e7ues pour une r\u00e9sistance \u00e0 long terme, une int\u00e9grit\u00e9 et une performance maximale \u00e0 l'usage. Ils peuvent \u00eatre \u00e9quip\u00e9s d'une but\u00e9e de 4,80 mm de large pour les rails Picatinny ou d'une but\u00e9e de 3,80 mm de large pour les rails Weaver.\",\"breadcrumb\":{\"@id\":\"https:\\\/\\\/contessascopemounts.com\\\/fr\\\/spp03-c-anneaux-picatinny-en-acier-o34mm-de-haut\\\/#breadcrumb\"},\"inLanguage\":\"fr-FR\",\"potentialAction\":[{\"@type\":\"ReadAction\",\"target\":[\"https:\\\/\\\/contessascopemounts.com\\\/fr\\\/spp03-c-anneaux-picatinny-en-acier-o34mm-de-haut\\\/\"]}]},{\"@type\":\"ImageObject\",\"inLanguage\":\"fr-FR\",\"@id\":\"https:\\\/\\\/contessascopemounts.com\\\/fr\\\/spp03-c-anneaux-picatinny-en-acier-o34mm-de-haut\\\/#primaryimage\",\"url\":\"https:\\\/\\\/contessascopemounts.com\\\/wp-content\\\/uploads\\\/2021\\\/09\\\/ANELLI-3.jpg\",\"contentUrl\":\"https:\\\/\\\/contessascopemounts.com\\\/wp-content\\\/uploads\\\/2021\\\/09\\\/ANELLI-3.jpg\",\"width\":800,\"height\":800},{\"@type\":\"BreadcrumbList\",\"@id\":\"https:\\\/\\\/contessascopemounts.com\\\/fr\\\/spp03-c-anneaux-picatinny-en-acier-o34mm-de-haut\\\/#breadcrumb\",\"itemListElement\":[{\"@type\":\"ListItem\",\"position\":1,\"name\":\"Home\",\"item\":\"https:\\\/\\\/contessascopemounts.com\\\/fr\\\/\"},{\"@type\":\"ListItem\",\"position\":2,\"name\":\"Produits\",\"item\":\"https:\\\/\\\/contessascopemounts.com\\\/fr\\\/produits\\\/\"},{\"@type\":\"ListItem\",\"position\":3,\"name\":\"SPP03\\\/C &#8211; Anneaux Picatinny en acier \u00f834mm de haut\"}]},{\"@type\":\"WebSite\",\"@id\":\"https:\\\/\\\/contessascopemounts.com\\\/fr\\\/#website\",\"url\":\"https:\\\/\\\/contessascopemounts.com\\\/fr\\\/\",\"name\":\"Contessa\",\"description\":\"Professional Scope Mounts\",\"publisher\":{\"@id\":\"https:\\\/\\\/contessascopemounts.com\\\/fr\\\/#organization\"},\"potentialAction\":[{\"@type\":\"SearchAction\",\"target\":{\"@type\":\"EntryPoint\",\"urlTemplate\":\"https:\\\/\\\/contessascopemounts.com\\\/fr\\\/?s={search_term_string}\"},\"query-input\":{\"@type\":\"PropertyValueSpecification\",\"valueRequired\":true,\"valueName\":\"search_term_string\"}}],\"inLanguage\":\"fr-FR\"},{\"@type\":\"Organization\",\"@id\":\"https:\\\/\\\/contessascopemounts.com\\\/fr\\\/#organization\",\"name\":\"CONTESSA\",\"url\":\"https:\\\/\\\/contessascopemounts.com\\\/fr\\\/\",\"logo\":{\"@type\":\"ImageObject\",\"inLanguage\":\"fr-FR\",\"@id\":\"https:\\\/\\\/contessascopemounts.com\\\/fr\\\/#\\\/schema\\\/logo\\\/image\\\/\",\"url\":\"https:\\\/\\\/contessascopemounts.com\\\/wp-content\\\/uploads\\\/2021\\\/04\\\/Contessa-supporti-per-ottiche-made-in-italy.png\",\"contentUrl\":\"https:\\\/\\\/contessascopemounts.com\\\/wp-content\\\/uploads\\\/2021\\\/04\\\/Contessa-supporti-per-ottiche-made-in-italy.png\",\"width\":1000,\"height\":411,\"caption\":\"CONTESSA\"},\"image\":{\"@id\":\"https:\\\/\\\/contessascopemounts.com\\\/fr\\\/#\\\/schema\\\/logo\\\/image\\\/\"},\"sameAs\":[\"https:\\\/\\\/www.facebook.com\\\/contessascopemounts\",\"https:\\\/\\\/www.instagram.com\\\/contessa_mounts\\\/?fbclid=IwAR0Yr8lwWVwN0ewOz1bCVK4ZAKI8lkRIVuhxyX56qNYkwSaMAUVleye6XiE\",\"https:\\\/\\\/www.youtube.com\\\/channel\\\/UCEjBcvoWy-XvVVujqw-psXQ\"]}]}<\/script>\n<!-- \/ Yoast SEO plugin. -->","yoast_head_json":{"title":"SPP03\/C - Anneaux Picatinny en acier \u00f834mm de haut - %.","description":"Les bagues Contessa SPP sont con\u00e7ues pour une r\u00e9sistance \u00e0 long terme, une int\u00e9grit\u00e9 et une performance maximale \u00e0 l'usage. Ils peuvent \u00eatre \u00e9quip\u00e9s d'une but\u00e9e de 4,80 mm de large pour les rails Picatinny ou d'une but\u00e9e de 3,80 mm de large pour les rails Weaver.","robots":{"index":"index","follow":"follow","max-snippet":"max-snippet:-1","max-image-preview":"max-image-preview:large","max-video-preview":"max-video-preview:-1"},"canonical":"https:\/\/contessascopemounts.com\/fr\/spp03-c-anneaux-picatinny-en-acier-o34mm-de-haut\/","og_locale":"fr_FR","og_type":"article","og_title":"SPP03\/C - Anneaux Picatinny en acier \u00f834mm de haut - %.","og_description":"Les bagues Contessa SPP sont con\u00e7ues pour une r\u00e9sistance \u00e0 long terme, une int\u00e9grit\u00e9 et une performance maximale \u00e0 l'usage. Ils peuvent \u00eatre \u00e9quip\u00e9s d'une but\u00e9e de 4,80 mm de large pour les rails Picatinny ou d'une but\u00e9e de 3,80 mm de large pour les rails Weaver.","og_url":"https:\/\/contessascopemounts.com\/fr\/spp03-c-anneaux-picatinny-en-acier-o34mm-de-haut\/","og_site_name":"Contessa","article_publisher":"https:\/\/www.facebook.com\/contessascopemounts","og_image":[{"width":800,"height":800,"url":"https:\/\/contessascopemounts.com\/wp-content\/uploads\/2021\/09\/ANELLI-3.jpg","type":"image\/jpeg"}],"twitter_card":"summary_large_image","schema":{"@context":"https:\/\/schema.org","@graph":[{"@type":"WebPage","@id":"https:\/\/contessascopemounts.com\/fr\/spp03-c-anneaux-picatinny-en-acier-o34mm-de-haut\/","url":"https:\/\/contessascopemounts.com\/fr\/spp03-c-anneaux-picatinny-en-acier-o34mm-de-haut\/","name":"SPP03\/C - Anneaux Picatinny en acier \u00f834mm de haut - %.","isPartOf":{"@id":"https:\/\/contessascopemounts.com\/fr\/#website"},"primaryImageOfPage":{"@id":"https:\/\/contessascopemounts.com\/fr\/spp03-c-anneaux-picatinny-en-acier-o34mm-de-haut\/#primaryimage"},"image":{"@id":"https:\/\/contessascopemounts.com\/fr\/spp03-c-anneaux-picatinny-en-acier-o34mm-de-haut\/#primaryimage"},"thumbnailUrl":"https:\/\/contessascopemounts.com\/wp-content\/uploads\/2021\/09\/ANELLI-3.jpg","datePublished":"2025-10-04T18:43:29+00:00","description":"Les bagues Contessa SPP sont con\u00e7ues pour une r\u00e9sistance \u00e0 long terme, une int\u00e9grit\u00e9 et une performance maximale \u00e0 l'usage. Ils peuvent \u00eatre \u00e9quip\u00e9s d'une but\u00e9e de 4,80 mm de large pour les rails Picatinny ou d'une but\u00e9e de 3,80 mm de large pour les rails Weaver.","breadcrumb":{"@id":"https:\/\/contessascopemounts.com\/fr\/spp03-c-anneaux-picatinny-en-acier-o34mm-de-haut\/#breadcrumb"},"inLanguage":"fr-FR","potentialAction":[{"@type":"ReadAction","target":["https:\/\/contessascopemounts.com\/fr\/spp03-c-anneaux-picatinny-en-acier-o34mm-de-haut\/"]}]},{"@type":"ImageObject","inLanguage":"fr-FR","@id":"https:\/\/contessascopemounts.com\/fr\/spp03-c-anneaux-picatinny-en-acier-o34mm-de-haut\/#primaryimage","url":"https:\/\/contessascopemounts.com\/wp-content\/uploads\/2021\/09\/ANELLI-3.jpg","contentUrl":"https:\/\/contessascopemounts.com\/wp-content\/uploads\/2021\/09\/ANELLI-3.jpg","width":800,"height":800},{"@type":"BreadcrumbList","@id":"https:\/\/contessascopemounts.com\/fr\/spp03-c-anneaux-picatinny-en-acier-o34mm-de-haut\/#breadcrumb","itemListElement":[{"@type":"ListItem","position":1,"name":"Home","item":"https:\/\/contessascopemounts.com\/fr\/"},{"@type":"ListItem","position":2,"name":"Produits","item":"https:\/\/contessascopemounts.com\/fr\/produits\/"},{"@type":"ListItem","position":3,"name":"SPP03\/C &#8211; Anneaux Picatinny en acier \u00f834mm de haut"}]},{"@type":"WebSite","@id":"https:\/\/contessascopemounts.com\/fr\/#website","url":"https:\/\/contessascopemounts.com\/fr\/","name":"Contessa","description":"Professional Scope Mounts","publisher":{"@id":"https:\/\/contessascopemounts.com\/fr\/#organization"},"potentialAction":[{"@type":"SearchAction","target":{"@type":"EntryPoint","urlTemplate":"https:\/\/contessascopemounts.com\/fr\/?s={search_term_string}"},"query-input":{"@type":"PropertyValueSpecification","valueRequired":true,"valueName":"search_term_string"}}],"inLanguage":"fr-FR"},{"@type":"Organization","@id":"https:\/\/contessascopemounts.com\/fr\/#organization","name":"CONTESSA","url":"https:\/\/contessascopemounts.com\/fr\/","logo":{"@type":"ImageObject","inLanguage":"fr-FR","@id":"https:\/\/contessascopemounts.com\/fr\/#\/schema\/logo\/image\/","url":"https:\/\/contessascopemounts.com\/wp-content\/uploads\/2021\/04\/Contessa-supporti-per-ottiche-made-in-italy.png","contentUrl":"https:\/\/contessascopemounts.com\/wp-content\/uploads\/2021\/04\/Contessa-supporti-per-ottiche-made-in-italy.png","width":1000,"height":411,"caption":"CONTESSA"},"image":{"@id":"https:\/\/contessascopemounts.com\/fr\/#\/schema\/logo\/image\/"},"sameAs":["https:\/\/www.facebook.com\/contessascopemounts","https:\/\/www.instagram.com\/contessa_mounts\/?fbclid=IwAR0Yr8lwWVwN0ewOz1bCVK4ZAKI8lkRIVuhxyX56qNYkwSaMAUVleye6XiE","https:\/\/www.youtube.com\/channel\/UCEjBcvoWy-XvVVujqw-psXQ"]}]}},"_links":{"self":[{"href":"https:\/\/contessascopemounts.com\/fr\/wp-json\/wp\/v2\/product\/12684","targetHints":{"allow":["GET"]}}],"collection":[{"href":"https:\/\/contessascopemounts.com\/fr\/wp-json\/wp\/v2\/product"}],"about":[{"href":"https:\/\/contessascopemounts.com\/fr\/wp-json\/wp\/v2\/types\/product"}],"version-history":[{"count":0,"href":"https:\/\/contessascopemounts.com\/fr\/wp-json\/wp\/v2\/product\/12684\/revisions"}],"wp:featuredmedia":[{"embeddable":true,"href":"https:\/\/contessascopemounts.com\/fr\/wp-json\/wp\/v2\/media\/12686"}],"wp:attachment":[{"href":"https:\/\/contessascopemounts.com\/fr\/wp-json\/wp\/v2\/media?parent=12684"}],"wp:term":[{"taxonomy":"product_brand","embeddable":true,"href":"https:\/\/contessascopemounts.com\/fr\/wp-json\/wp\/v2\/product_brand?post=12684"},{"taxonomy":"product_cat","embeddable":true,"href":"https:\/\/contessascopemounts.com\/fr\/wp-json\/wp\/v2\/product_cat?post=12684"},{"taxonomy":"product_tag","embeddable":true,"href":"https:\/\/contessascopemounts.com\/fr\/wp-json\/wp\/v2\/product_tag?post=12684"}],"curies":[{"name":"wp","href":"https:\/\/api.w.org\/{rel}","templated":true}]}}