{"id":12554,"date":"2025-10-04T20:43:37","date_gmt":"2025-10-04T18:43:37","guid":{"rendered":"https:\/\/contessascopemounts.com\/?post_type=product&#038;p=12554"},"modified":"2025-10-04T20:43:37","modified_gmt":"2025-10-04T18:43:37","slug":"ph43-nv-browning-x-bolt-court","status":"publish","type":"product","link":"https:\/\/contessascopemounts.com\/fr\/ph43-nv-browning-x-bolt-court\/","title":{"rendered":"PH43-NV &#8211; BROWNING X-BOLT COURT"},"content":{"rendered":"","protected":false},"excerpt":{"rendered":"<ul>\n<li><span style=\"font-weight: 400;\">Glissi\u00e8re de vision nocturne Picatinny pour <\/span><b>BROWNING X-BOLT SHORT.<\/b><\/li>\n<li><span style=\"color: #000000;\">Les rails Picatinny de Contessa sont en acier tremp\u00e9, de conception unique, et con\u00e7us pour une stabilit\u00e9 et une r\u00e9sistance \u00e0 long terme.<\/span><\/li>\n<li><span style=\"font-weight: 400;\">Allong\u00e9 de 60 mm par rapport \u00e0 la carrosserie pour le montage de visi\u00e8res nocturnes et thermiques.<\/span><\/li>\n<li><span style=\"font-weight: 400;\">Pr\u00e9cis\u00e9ment con\u00e7u pour s&#8217;adapter au Browning X-Bolt Short.<\/span><\/li>\n<li><span style=\"color: #000000;\">Vis et cl\u00e9 de montage incluses.<\/span><\/li>\n<\/ul>\n<p>&nbsp;<\/p>\n<hr>\n<p>&nbsp;<\/p>\n<p style=\"text-align: center;\">Vous avez besoin de plus d&#8217;informations ?<\/p>\n<p>&nbsp;<\/p>\n<p style=\"text-align: center;\">[maxbutton id=\"4\" extraclass=\"popmake-3707\"]<\/p>\n","protected":false},"featured_media":12556,"template":"","meta":[],"product_brand":[],"product_cat":[693,692,809],"product_tag":[695,747,810],"class_list":{"0":"post-12554","1":"product","2":"type-product","3":"status-publish","4":"has-post-thumbnail","6":"product_cat-picatinny","7":"product_cat-rails","8":"product_cat-vision-nocturne","9":"product_tag-attaques_picatinny","10":"product_tag-browning","11":"product_tag-picatinny_nv","13":"first","14":"instock","15":"shipping-taxable","16":"product-type-simple"},"yoast_head":"<!-- This site is optimized with the Yoast SEO plugin v27.4 - https:\/\/yoast.com\/product\/yoast-seo-wordpress\/ -->\n<title>PH43-NV - BROWNING X-BOLT COURT - %.<\/title>\n<meta name=\"description\" content=\"Glissi\u00e8re Picatinny pour vision nocturne pour BROWNING X-BOLT SHORT. Acier tremp\u00e9. Allong\u00e9 de 60 mm par rapport \u00e0 la carrosserie pour le montage de visi\u00e8res nocturnes et thermiques.\" \/>\n<meta name=\"robots\" content=\"index, follow, max-snippet:-1, max-image-preview:large, max-video-preview:-1\" \/>\n<link rel=\"canonical\" href=\"https:\/\/contessascopemounts.com\/fr\/ph43-nv-browning-x-bolt-court\/\" \/>\n<meta property=\"og:locale\" content=\"fr_FR\" \/>\n<meta property=\"og:type\" content=\"article\" \/>\n<meta property=\"og:title\" content=\"PH43-NV - BROWNING X-BOLT COURT - %.\" \/>\n<meta property=\"og:description\" content=\"Glissi\u00e8re Picatinny pour vision nocturne pour BROWNING X-BOLT SHORT. Acier tremp\u00e9. Allong\u00e9 de 60 mm par rapport \u00e0 la carrosserie pour le montage de visi\u00e8res nocturnes et thermiques.\" \/>\n<meta property=\"og:url\" content=\"https:\/\/contessascopemounts.com\/fr\/ph43-nv-browning-x-bolt-court\/\" \/>\n<meta property=\"og:site_name\" content=\"Contessa\" \/>\n<meta property=\"article:publisher\" content=\"https:\/\/www.facebook.com\/contessascopemounts\" \/>\n<meta property=\"og:image\" content=\"https:\/\/contessascopemounts.com\/wp-content\/uploads\/2021\/09\/PH44-NV-BROWNING-X-BOLT-LONG.jpg\" \/>\n\t<meta property=\"og:image:width\" content=\"800\" \/>\n\t<meta property=\"og:image:height\" content=\"800\" \/>\n\t<meta property=\"og:image:type\" content=\"image\/jpeg\" \/>\n<meta name=\"twitter:card\" content=\"summary_large_image\" \/>\n<script type=\"application\/ld+json\" class=\"yoast-schema-graph\">{\"@context\":\"https:\\\/\\\/schema.org\",\"@graph\":[{\"@type\":\"WebPage\",\"@id\":\"https:\\\/\\\/contessascopemounts.com\\\/fr\\\/ph43-nv-browning-x-bolt-court\\\/\",\"url\":\"https:\\\/\\\/contessascopemounts.com\\\/fr\\\/ph43-nv-browning-x-bolt-court\\\/\",\"name\":\"PH43-NV - BROWNING X-BOLT COURT - %.\",\"isPartOf\":{\"@id\":\"https:\\\/\\\/contessascopemounts.com\\\/fr\\\/#website\"},\"primaryImageOfPage\":{\"@id\":\"https:\\\/\\\/contessascopemounts.com\\\/fr\\\/ph43-nv-browning-x-bolt-court\\\/#primaryimage\"},\"image\":{\"@id\":\"https:\\\/\\\/contessascopemounts.com\\\/fr\\\/ph43-nv-browning-x-bolt-court\\\/#primaryimage\"},\"thumbnailUrl\":\"https:\\\/\\\/contessascopemounts.com\\\/wp-content\\\/uploads\\\/2021\\\/09\\\/PH44-NV-BROWNING-X-BOLT-LONG.jpg\",\"datePublished\":\"2025-10-04T18:43:37+00:00\",\"description\":\"Glissi\u00e8re Picatinny pour vision nocturne pour BROWNING X-BOLT SHORT. Acier tremp\u00e9. Allong\u00e9 de 60 mm par rapport \u00e0 la carrosserie pour le montage de visi\u00e8res nocturnes et thermiques.\",\"breadcrumb\":{\"@id\":\"https:\\\/\\\/contessascopemounts.com\\\/fr\\\/ph43-nv-browning-x-bolt-court\\\/#breadcrumb\"},\"inLanguage\":\"fr-FR\",\"potentialAction\":[{\"@type\":\"ReadAction\",\"target\":[\"https:\\\/\\\/contessascopemounts.com\\\/fr\\\/ph43-nv-browning-x-bolt-court\\\/\"]}]},{\"@type\":\"ImageObject\",\"inLanguage\":\"fr-FR\",\"@id\":\"https:\\\/\\\/contessascopemounts.com\\\/fr\\\/ph43-nv-browning-x-bolt-court\\\/#primaryimage\",\"url\":\"https:\\\/\\\/contessascopemounts.com\\\/wp-content\\\/uploads\\\/2021\\\/09\\\/PH44-NV-BROWNING-X-BOLT-LONG.jpg\",\"contentUrl\":\"https:\\\/\\\/contessascopemounts.com\\\/wp-content\\\/uploads\\\/2021\\\/09\\\/PH44-NV-BROWNING-X-BOLT-LONG.jpg\",\"width\":800,\"height\":800},{\"@type\":\"BreadcrumbList\",\"@id\":\"https:\\\/\\\/contessascopemounts.com\\\/fr\\\/ph43-nv-browning-x-bolt-court\\\/#breadcrumb\",\"itemListElement\":[{\"@type\":\"ListItem\",\"position\":1,\"name\":\"Home\",\"item\":\"https:\\\/\\\/contessascopemounts.com\\\/fr\\\/\"},{\"@type\":\"ListItem\",\"position\":2,\"name\":\"Produits\",\"item\":\"https:\\\/\\\/contessascopemounts.com\\\/fr\\\/produits\\\/\"},{\"@type\":\"ListItem\",\"position\":3,\"name\":\"PH43-NV &#8211; BROWNING X-BOLT COURT\"}]},{\"@type\":\"WebSite\",\"@id\":\"https:\\\/\\\/contessascopemounts.com\\\/fr\\\/#website\",\"url\":\"https:\\\/\\\/contessascopemounts.com\\\/fr\\\/\",\"name\":\"Contessa\",\"description\":\"Professional Scope Mounts\",\"publisher\":{\"@id\":\"https:\\\/\\\/contessascopemounts.com\\\/fr\\\/#organization\"},\"potentialAction\":[{\"@type\":\"SearchAction\",\"target\":{\"@type\":\"EntryPoint\",\"urlTemplate\":\"https:\\\/\\\/contessascopemounts.com\\\/fr\\\/?s={search_term_string}\"},\"query-input\":{\"@type\":\"PropertyValueSpecification\",\"valueRequired\":true,\"valueName\":\"search_term_string\"}}],\"inLanguage\":\"fr-FR\"},{\"@type\":\"Organization\",\"@id\":\"https:\\\/\\\/contessascopemounts.com\\\/fr\\\/#organization\",\"name\":\"CONTESSA\",\"url\":\"https:\\\/\\\/contessascopemounts.com\\\/fr\\\/\",\"logo\":{\"@type\":\"ImageObject\",\"inLanguage\":\"fr-FR\",\"@id\":\"https:\\\/\\\/contessascopemounts.com\\\/fr\\\/#\\\/schema\\\/logo\\\/image\\\/\",\"url\":\"https:\\\/\\\/contessascopemounts.com\\\/wp-content\\\/uploads\\\/2021\\\/04\\\/Contessa-supporti-per-ottiche-made-in-italy.png\",\"contentUrl\":\"https:\\\/\\\/contessascopemounts.com\\\/wp-content\\\/uploads\\\/2021\\\/04\\\/Contessa-supporti-per-ottiche-made-in-italy.png\",\"width\":1000,\"height\":411,\"caption\":\"CONTESSA\"},\"image\":{\"@id\":\"https:\\\/\\\/contessascopemounts.com\\\/fr\\\/#\\\/schema\\\/logo\\\/image\\\/\"},\"sameAs\":[\"https:\\\/\\\/www.facebook.com\\\/contessascopemounts\",\"https:\\\/\\\/www.instagram.com\\\/contessa_mounts\\\/?fbclid=IwAR0Yr8lwWVwN0ewOz1bCVK4ZAKI8lkRIVuhxyX56qNYkwSaMAUVleye6XiE\",\"https:\\\/\\\/www.youtube.com\\\/channel\\\/UCEjBcvoWy-XvVVujqw-psXQ\"]}]}<\/script>\n<!-- \/ Yoast SEO plugin. -->","yoast_head_json":{"title":"PH43-NV - BROWNING X-BOLT COURT - %.","description":"Glissi\u00e8re Picatinny pour vision nocturne pour BROWNING X-BOLT SHORT. Acier tremp\u00e9. Allong\u00e9 de 60 mm par rapport \u00e0 la carrosserie pour le montage de visi\u00e8res nocturnes et thermiques.","robots":{"index":"index","follow":"follow","max-snippet":"max-snippet:-1","max-image-preview":"max-image-preview:large","max-video-preview":"max-video-preview:-1"},"canonical":"https:\/\/contessascopemounts.com\/fr\/ph43-nv-browning-x-bolt-court\/","og_locale":"fr_FR","og_type":"article","og_title":"PH43-NV - BROWNING X-BOLT COURT - %.","og_description":"Glissi\u00e8re Picatinny pour vision nocturne pour BROWNING X-BOLT SHORT. Acier tremp\u00e9. Allong\u00e9 de 60 mm par rapport \u00e0 la carrosserie pour le montage de visi\u00e8res nocturnes et thermiques.","og_url":"https:\/\/contessascopemounts.com\/fr\/ph43-nv-browning-x-bolt-court\/","og_site_name":"Contessa","article_publisher":"https:\/\/www.facebook.com\/contessascopemounts","og_image":[{"width":800,"height":800,"url":"https:\/\/contessascopemounts.com\/wp-content\/uploads\/2021\/09\/PH44-NV-BROWNING-X-BOLT-LONG.jpg","type":"image\/jpeg"}],"twitter_card":"summary_large_image","schema":{"@context":"https:\/\/schema.org","@graph":[{"@type":"WebPage","@id":"https:\/\/contessascopemounts.com\/fr\/ph43-nv-browning-x-bolt-court\/","url":"https:\/\/contessascopemounts.com\/fr\/ph43-nv-browning-x-bolt-court\/","name":"PH43-NV - BROWNING X-BOLT COURT - %.","isPartOf":{"@id":"https:\/\/contessascopemounts.com\/fr\/#website"},"primaryImageOfPage":{"@id":"https:\/\/contessascopemounts.com\/fr\/ph43-nv-browning-x-bolt-court\/#primaryimage"},"image":{"@id":"https:\/\/contessascopemounts.com\/fr\/ph43-nv-browning-x-bolt-court\/#primaryimage"},"thumbnailUrl":"https:\/\/contessascopemounts.com\/wp-content\/uploads\/2021\/09\/PH44-NV-BROWNING-X-BOLT-LONG.jpg","datePublished":"2025-10-04T18:43:37+00:00","description":"Glissi\u00e8re Picatinny pour vision nocturne pour BROWNING X-BOLT SHORT. Acier tremp\u00e9. Allong\u00e9 de 60 mm par rapport \u00e0 la carrosserie pour le montage de visi\u00e8res nocturnes et thermiques.","breadcrumb":{"@id":"https:\/\/contessascopemounts.com\/fr\/ph43-nv-browning-x-bolt-court\/#breadcrumb"},"inLanguage":"fr-FR","potentialAction":[{"@type":"ReadAction","target":["https:\/\/contessascopemounts.com\/fr\/ph43-nv-browning-x-bolt-court\/"]}]},{"@type":"ImageObject","inLanguage":"fr-FR","@id":"https:\/\/contessascopemounts.com\/fr\/ph43-nv-browning-x-bolt-court\/#primaryimage","url":"https:\/\/contessascopemounts.com\/wp-content\/uploads\/2021\/09\/PH44-NV-BROWNING-X-BOLT-LONG.jpg","contentUrl":"https:\/\/contessascopemounts.com\/wp-content\/uploads\/2021\/09\/PH44-NV-BROWNING-X-BOLT-LONG.jpg","width":800,"height":800},{"@type":"BreadcrumbList","@id":"https:\/\/contessascopemounts.com\/fr\/ph43-nv-browning-x-bolt-court\/#breadcrumb","itemListElement":[{"@type":"ListItem","position":1,"name":"Home","item":"https:\/\/contessascopemounts.com\/fr\/"},{"@type":"ListItem","position":2,"name":"Produits","item":"https:\/\/contessascopemounts.com\/fr\/produits\/"},{"@type":"ListItem","position":3,"name":"PH43-NV &#8211; BROWNING X-BOLT COURT"}]},{"@type":"WebSite","@id":"https:\/\/contessascopemounts.com\/fr\/#website","url":"https:\/\/contessascopemounts.com\/fr\/","name":"Contessa","description":"Professional Scope Mounts","publisher":{"@id":"https:\/\/contessascopemounts.com\/fr\/#organization"},"potentialAction":[{"@type":"SearchAction","target":{"@type":"EntryPoint","urlTemplate":"https:\/\/contessascopemounts.com\/fr\/?s={search_term_string}"},"query-input":{"@type":"PropertyValueSpecification","valueRequired":true,"valueName":"search_term_string"}}],"inLanguage":"fr-FR"},{"@type":"Organization","@id":"https:\/\/contessascopemounts.com\/fr\/#organization","name":"CONTESSA","url":"https:\/\/contessascopemounts.com\/fr\/","logo":{"@type":"ImageObject","inLanguage":"fr-FR","@id":"https:\/\/contessascopemounts.com\/fr\/#\/schema\/logo\/image\/","url":"https:\/\/contessascopemounts.com\/wp-content\/uploads\/2021\/04\/Contessa-supporti-per-ottiche-made-in-italy.png","contentUrl":"https:\/\/contessascopemounts.com\/wp-content\/uploads\/2021\/04\/Contessa-supporti-per-ottiche-made-in-italy.png","width":1000,"height":411,"caption":"CONTESSA"},"image":{"@id":"https:\/\/contessascopemounts.com\/fr\/#\/schema\/logo\/image\/"},"sameAs":["https:\/\/www.facebook.com\/contessascopemounts","https:\/\/www.instagram.com\/contessa_mounts\/?fbclid=IwAR0Yr8lwWVwN0ewOz1bCVK4ZAKI8lkRIVuhxyX56qNYkwSaMAUVleye6XiE","https:\/\/www.youtube.com\/channel\/UCEjBcvoWy-XvVVujqw-psXQ"]}]}},"_links":{"self":[{"href":"https:\/\/contessascopemounts.com\/fr\/wp-json\/wp\/v2\/product\/12554","targetHints":{"allow":["GET"]}}],"collection":[{"href":"https:\/\/contessascopemounts.com\/fr\/wp-json\/wp\/v2\/product"}],"about":[{"href":"https:\/\/contessascopemounts.com\/fr\/wp-json\/wp\/v2\/types\/product"}],"version-history":[{"count":0,"href":"https:\/\/contessascopemounts.com\/fr\/wp-json\/wp\/v2\/product\/12554\/revisions"}],"wp:featuredmedia":[{"embeddable":true,"href":"https:\/\/contessascopemounts.com\/fr\/wp-json\/wp\/v2\/media\/12556"}],"wp:attachment":[{"href":"https:\/\/contessascopemounts.com\/fr\/wp-json\/wp\/v2\/media?parent=12554"}],"wp:term":[{"taxonomy":"product_brand","embeddable":true,"href":"https:\/\/contessascopemounts.com\/fr\/wp-json\/wp\/v2\/product_brand?post=12554"},{"taxonomy":"product_cat","embeddable":true,"href":"https:\/\/contessascopemounts.com\/fr\/wp-json\/wp\/v2\/product_cat?post=12554"},{"taxonomy":"product_tag","embeddable":true,"href":"https:\/\/contessascopemounts.com\/fr\/wp-json\/wp\/v2\/product_tag?post=12554"}],"curies":[{"name":"wp","href":"https:\/\/api.w.org\/{rel}","templated":true}]}}