{"id":12502,"date":"2025-10-04T20:43:35","date_gmt":"2025-10-04T18:43:35","guid":{"rendered":"https:\/\/contessascopemounts.com\/?post_type=product&#038;p=12502"},"modified":"2025-10-04T20:43:35","modified_gmt":"2025-10-04T18:43:35","slug":"ph02-nv-sauer-101-remington-700-long-haenel-jaeger-howa-1500-long","status":"publish","type":"product","link":"https:\/\/contessascopemounts.com\/fr\/ph02-nv-sauer-101-remington-700-long-haenel-jaeger-howa-1500-long\/","title":{"rendered":"PH02-NV &#8211; SAUER 101 &#8211; REMINGTON 700 LONG &#8211; HAENEL JAEGER &#8211; HOWA 1500 LONG"},"content":{"rendered":"","protected":false},"excerpt":{"rendered":"<ul>\n<li><span style=\"font-weight: 400;\">Glissi\u00e8re de vision nocturne Picatinny pour <\/span><b>SAUER 101, REMINGTON 700 LONG et HAENEL JAEGER 10.<\/b><\/li>\n<li><span style=\"color: #000000;\">Les rails Picatinny de Contessa sont en acier tremp\u00e9, de conception unique, et con\u00e7us pour une stabilit\u00e9 et une r\u00e9sistance \u00e0 long terme.<\/span><\/li>\n<li><span style=\"font-weight: 400;\">Allong\u00e9 de 60 mm par rapport \u00e0 la carrosserie pour le montage de visi\u00e8res nocturnes et thermiques.<\/span><\/li>\n<li><span style=\"font-weight: 400;\">Con\u00e7u pr\u00e9cis\u00e9ment pour le Sauer 101, le Remintong 700 long, le Howa 1500 long et le Haenel Jaeger 10.<\/span><\/li>\n<li><span style=\"color: #000000;\">Vis et cl\u00e9 de montage incluses.<\/span><\/li>\n<\/ul>\n<p>&nbsp;<\/p>\n<hr>\n<p>&nbsp;<\/p>\n<p style=\"text-align: center;\">Vous avez besoin de plus d&#8217;informations ?<\/p>\n<p>&nbsp;<\/p>\n<p style=\"text-align: center;\">[maxbutton id=\"4\" extraclass=\"popmake-3707\"]<\/p>\n","protected":false},"featured_media":12504,"template":"","meta":[],"product_brand":[],"product_cat":[693,692,809],"product_tag":[695,808,715,810,799,703],"class_list":{"0":"post-12502","1":"product","2":"type-product","3":"status-publish","4":"has-post-thumbnail","6":"product_cat-picatinny","7":"product_cat-rails","8":"product_cat-vision-nocturne","9":"product_tag-attaques_picatinny","10":"product_tag-haenel","11":"product_tag-howa","12":"product_tag-picatinny_nv","13":"product_tag-remington","14":"product_tag-sauer","16":"first","17":"instock","18":"shipping-taxable","19":"product-type-simple"},"yoast_head":"<!-- This site is optimized with the Yoast SEO plugin v27.5 - https:\/\/yoast.com\/product\/yoast-seo-wordpress\/ -->\n<title>PH02-NV - SAUER 101 - REMINGTON 700 LONG - HAENEL JAEGER - HOWA 1500 LONG - %.<\/title>\n<meta name=\"description\" content=\"Glissi\u00e8re de vision nocturne Picatinny pour Sauer 101, Remington 700 long, Haenel Jaeger 10 et Howa 1500 long. Acier tremp\u00e9. Allong\u00e9 de 60 mm par rapport \u00e0 la carrosserie pour le montage de visi\u00e8res nocturnes et thermiques.\" \/>\n<meta name=\"robots\" content=\"index, follow, max-snippet:-1, max-image-preview:large, max-video-preview:-1\" \/>\n<link rel=\"canonical\" href=\"https:\/\/contessascopemounts.com\/fr\/ph02-nv-sauer-101-remington-700-long-haenel-jaeger-howa-1500-long\/\" \/>\n<meta property=\"og:locale\" content=\"fr_FR\" \/>\n<meta property=\"og:type\" content=\"article\" \/>\n<meta property=\"og:title\" content=\"PH02-NV - SAUER 101 - REMINGTON 700 LONG - HAENEL JAEGER - HOWA 1500 LONG - %.\" \/>\n<meta property=\"og:description\" content=\"Glissi\u00e8re de vision nocturne Picatinny pour Sauer 101, Remington 700 long, Haenel Jaeger 10 et Howa 1500 long. Acier tremp\u00e9. Allong\u00e9 de 60 mm par rapport \u00e0 la carrosserie pour le montage de visi\u00e8res nocturnes et thermiques.\" \/>\n<meta property=\"og:url\" content=\"https:\/\/contessascopemounts.com\/fr\/ph02-nv-sauer-101-remington-700-long-haenel-jaeger-howa-1500-long\/\" \/>\n<meta property=\"og:site_name\" content=\"Contessa\" \/>\n<meta property=\"article:publisher\" content=\"https:\/\/www.facebook.com\/contessascopemounts\" \/>\n<meta property=\"og:image\" content=\"https:\/\/contessascopemounts.com\/wp-content\/uploads\/2021\/09\/PH24-NV-SAUER-101.jpg\" \/>\n\t<meta property=\"og:image:width\" content=\"800\" \/>\n\t<meta property=\"og:image:height\" content=\"800\" \/>\n\t<meta property=\"og:image:type\" content=\"image\/jpeg\" \/>\n<meta name=\"twitter:card\" content=\"summary_large_image\" \/>\n<script type=\"application\/ld+json\" class=\"yoast-schema-graph\">{\"@context\":\"https:\\\/\\\/schema.org\",\"@graph\":[{\"@type\":\"WebPage\",\"@id\":\"https:\\\/\\\/contessascopemounts.com\\\/fr\\\/ph02-nv-sauer-101-remington-700-long-haenel-jaeger-howa-1500-long\\\/\",\"url\":\"https:\\\/\\\/contessascopemounts.com\\\/fr\\\/ph02-nv-sauer-101-remington-700-long-haenel-jaeger-howa-1500-long\\\/\",\"name\":\"PH02-NV - SAUER 101 - REMINGTON 700 LONG - HAENEL JAEGER - HOWA 1500 LONG - %.\",\"isPartOf\":{\"@id\":\"https:\\\/\\\/contessascopemounts.com\\\/fr\\\/#website\"},\"primaryImageOfPage\":{\"@id\":\"https:\\\/\\\/contessascopemounts.com\\\/fr\\\/ph02-nv-sauer-101-remington-700-long-haenel-jaeger-howa-1500-long\\\/#primaryimage\"},\"image\":{\"@id\":\"https:\\\/\\\/contessascopemounts.com\\\/fr\\\/ph02-nv-sauer-101-remington-700-long-haenel-jaeger-howa-1500-long\\\/#primaryimage\"},\"thumbnailUrl\":\"https:\\\/\\\/contessascopemounts.com\\\/wp-content\\\/uploads\\\/2021\\\/09\\\/PH24-NV-SAUER-101.jpg\",\"datePublished\":\"2025-10-04T18:43:35+00:00\",\"description\":\"Glissi\u00e8re de vision nocturne Picatinny pour Sauer 101, Remington 700 long, Haenel Jaeger 10 et Howa 1500 long. Acier tremp\u00e9. Allong\u00e9 de 60 mm par rapport \u00e0 la carrosserie pour le montage de visi\u00e8res nocturnes et thermiques.\",\"breadcrumb\":{\"@id\":\"https:\\\/\\\/contessascopemounts.com\\\/fr\\\/ph02-nv-sauer-101-remington-700-long-haenel-jaeger-howa-1500-long\\\/#breadcrumb\"},\"inLanguage\":\"fr-FR\",\"potentialAction\":[{\"@type\":\"ReadAction\",\"target\":[\"https:\\\/\\\/contessascopemounts.com\\\/fr\\\/ph02-nv-sauer-101-remington-700-long-haenel-jaeger-howa-1500-long\\\/\"]}]},{\"@type\":\"ImageObject\",\"inLanguage\":\"fr-FR\",\"@id\":\"https:\\\/\\\/contessascopemounts.com\\\/fr\\\/ph02-nv-sauer-101-remington-700-long-haenel-jaeger-howa-1500-long\\\/#primaryimage\",\"url\":\"https:\\\/\\\/contessascopemounts.com\\\/wp-content\\\/uploads\\\/2021\\\/09\\\/PH24-NV-SAUER-101.jpg\",\"contentUrl\":\"https:\\\/\\\/contessascopemounts.com\\\/wp-content\\\/uploads\\\/2021\\\/09\\\/PH24-NV-SAUER-101.jpg\",\"width\":800,\"height\":800},{\"@type\":\"BreadcrumbList\",\"@id\":\"https:\\\/\\\/contessascopemounts.com\\\/fr\\\/ph02-nv-sauer-101-remington-700-long-haenel-jaeger-howa-1500-long\\\/#breadcrumb\",\"itemListElement\":[{\"@type\":\"ListItem\",\"position\":1,\"name\":\"Home\",\"item\":\"https:\\\/\\\/contessascopemounts.com\\\/fr\\\/\"},{\"@type\":\"ListItem\",\"position\":2,\"name\":\"Produits\",\"item\":\"https:\\\/\\\/contessascopemounts.com\\\/fr\\\/produits\\\/\"},{\"@type\":\"ListItem\",\"position\":3,\"name\":\"PH02-NV &#8211; SAUER 101 &#8211; REMINGTON 700 LONG &#8211; HAENEL JAEGER &#8211; HOWA 1500 LONG\"}]},{\"@type\":\"WebSite\",\"@id\":\"https:\\\/\\\/contessascopemounts.com\\\/fr\\\/#website\",\"url\":\"https:\\\/\\\/contessascopemounts.com\\\/fr\\\/\",\"name\":\"Contessa\",\"description\":\"Professional Scope Mounts\",\"publisher\":{\"@id\":\"https:\\\/\\\/contessascopemounts.com\\\/fr\\\/#organization\"},\"potentialAction\":[{\"@type\":\"SearchAction\",\"target\":{\"@type\":\"EntryPoint\",\"urlTemplate\":\"https:\\\/\\\/contessascopemounts.com\\\/fr\\\/?s={search_term_string}\"},\"query-input\":{\"@type\":\"PropertyValueSpecification\",\"valueRequired\":true,\"valueName\":\"search_term_string\"}}],\"inLanguage\":\"fr-FR\"},{\"@type\":\"Organization\",\"@id\":\"https:\\\/\\\/contessascopemounts.com\\\/fr\\\/#organization\",\"name\":\"CONTESSA\",\"url\":\"https:\\\/\\\/contessascopemounts.com\\\/fr\\\/\",\"logo\":{\"@type\":\"ImageObject\",\"inLanguage\":\"fr-FR\",\"@id\":\"https:\\\/\\\/contessascopemounts.com\\\/fr\\\/#\\\/schema\\\/logo\\\/image\\\/\",\"url\":\"https:\\\/\\\/contessascopemounts.com\\\/wp-content\\\/uploads\\\/2021\\\/04\\\/Contessa-supporti-per-ottiche-made-in-italy.png\",\"contentUrl\":\"https:\\\/\\\/contessascopemounts.com\\\/wp-content\\\/uploads\\\/2021\\\/04\\\/Contessa-supporti-per-ottiche-made-in-italy.png\",\"width\":1000,\"height\":411,\"caption\":\"CONTESSA\"},\"image\":{\"@id\":\"https:\\\/\\\/contessascopemounts.com\\\/fr\\\/#\\\/schema\\\/logo\\\/image\\\/\"},\"sameAs\":[\"https:\\\/\\\/www.facebook.com\\\/contessascopemounts\",\"https:\\\/\\\/www.instagram.com\\\/contessa_mounts\\\/?fbclid=IwAR0Yr8lwWVwN0ewOz1bCVK4ZAKI8lkRIVuhxyX56qNYkwSaMAUVleye6XiE\",\"https:\\\/\\\/www.youtube.com\\\/channel\\\/UCEjBcvoWy-XvVVujqw-psXQ\"]}]}<\/script>\n<!-- \/ Yoast SEO plugin. -->","yoast_head_json":{"title":"PH02-NV - SAUER 101 - REMINGTON 700 LONG - HAENEL JAEGER - HOWA 1500 LONG - %.","description":"Glissi\u00e8re de vision nocturne Picatinny pour Sauer 101, Remington 700 long, Haenel Jaeger 10 et Howa 1500 long. Acier tremp\u00e9. Allong\u00e9 de 60 mm par rapport \u00e0 la carrosserie pour le montage de visi\u00e8res nocturnes et thermiques.","robots":{"index":"index","follow":"follow","max-snippet":"max-snippet:-1","max-image-preview":"max-image-preview:large","max-video-preview":"max-video-preview:-1"},"canonical":"https:\/\/contessascopemounts.com\/fr\/ph02-nv-sauer-101-remington-700-long-haenel-jaeger-howa-1500-long\/","og_locale":"fr_FR","og_type":"article","og_title":"PH02-NV - SAUER 101 - REMINGTON 700 LONG - HAENEL JAEGER - HOWA 1500 LONG - %.","og_description":"Glissi\u00e8re de vision nocturne Picatinny pour Sauer 101, Remington 700 long, Haenel Jaeger 10 et Howa 1500 long. Acier tremp\u00e9. Allong\u00e9 de 60 mm par rapport \u00e0 la carrosserie pour le montage de visi\u00e8res nocturnes et thermiques.","og_url":"https:\/\/contessascopemounts.com\/fr\/ph02-nv-sauer-101-remington-700-long-haenel-jaeger-howa-1500-long\/","og_site_name":"Contessa","article_publisher":"https:\/\/www.facebook.com\/contessascopemounts","og_image":[{"width":800,"height":800,"url":"https:\/\/contessascopemounts.com\/wp-content\/uploads\/2021\/09\/PH24-NV-SAUER-101.jpg","type":"image\/jpeg"}],"twitter_card":"summary_large_image","schema":{"@context":"https:\/\/schema.org","@graph":[{"@type":"WebPage","@id":"https:\/\/contessascopemounts.com\/fr\/ph02-nv-sauer-101-remington-700-long-haenel-jaeger-howa-1500-long\/","url":"https:\/\/contessascopemounts.com\/fr\/ph02-nv-sauer-101-remington-700-long-haenel-jaeger-howa-1500-long\/","name":"PH02-NV - SAUER 101 - REMINGTON 700 LONG - HAENEL JAEGER - HOWA 1500 LONG - %.","isPartOf":{"@id":"https:\/\/contessascopemounts.com\/fr\/#website"},"primaryImageOfPage":{"@id":"https:\/\/contessascopemounts.com\/fr\/ph02-nv-sauer-101-remington-700-long-haenel-jaeger-howa-1500-long\/#primaryimage"},"image":{"@id":"https:\/\/contessascopemounts.com\/fr\/ph02-nv-sauer-101-remington-700-long-haenel-jaeger-howa-1500-long\/#primaryimage"},"thumbnailUrl":"https:\/\/contessascopemounts.com\/wp-content\/uploads\/2021\/09\/PH24-NV-SAUER-101.jpg","datePublished":"2025-10-04T18:43:35+00:00","description":"Glissi\u00e8re de vision nocturne Picatinny pour Sauer 101, Remington 700 long, Haenel Jaeger 10 et Howa 1500 long. Acier tremp\u00e9. Allong\u00e9 de 60 mm par rapport \u00e0 la carrosserie pour le montage de visi\u00e8res nocturnes et thermiques.","breadcrumb":{"@id":"https:\/\/contessascopemounts.com\/fr\/ph02-nv-sauer-101-remington-700-long-haenel-jaeger-howa-1500-long\/#breadcrumb"},"inLanguage":"fr-FR","potentialAction":[{"@type":"ReadAction","target":["https:\/\/contessascopemounts.com\/fr\/ph02-nv-sauer-101-remington-700-long-haenel-jaeger-howa-1500-long\/"]}]},{"@type":"ImageObject","inLanguage":"fr-FR","@id":"https:\/\/contessascopemounts.com\/fr\/ph02-nv-sauer-101-remington-700-long-haenel-jaeger-howa-1500-long\/#primaryimage","url":"https:\/\/contessascopemounts.com\/wp-content\/uploads\/2021\/09\/PH24-NV-SAUER-101.jpg","contentUrl":"https:\/\/contessascopemounts.com\/wp-content\/uploads\/2021\/09\/PH24-NV-SAUER-101.jpg","width":800,"height":800},{"@type":"BreadcrumbList","@id":"https:\/\/contessascopemounts.com\/fr\/ph02-nv-sauer-101-remington-700-long-haenel-jaeger-howa-1500-long\/#breadcrumb","itemListElement":[{"@type":"ListItem","position":1,"name":"Home","item":"https:\/\/contessascopemounts.com\/fr\/"},{"@type":"ListItem","position":2,"name":"Produits","item":"https:\/\/contessascopemounts.com\/fr\/produits\/"},{"@type":"ListItem","position":3,"name":"PH02-NV &#8211; SAUER 101 &#8211; REMINGTON 700 LONG &#8211; HAENEL JAEGER &#8211; HOWA 1500 LONG"}]},{"@type":"WebSite","@id":"https:\/\/contessascopemounts.com\/fr\/#website","url":"https:\/\/contessascopemounts.com\/fr\/","name":"Contessa","description":"Professional Scope Mounts","publisher":{"@id":"https:\/\/contessascopemounts.com\/fr\/#organization"},"potentialAction":[{"@type":"SearchAction","target":{"@type":"EntryPoint","urlTemplate":"https:\/\/contessascopemounts.com\/fr\/?s={search_term_string}"},"query-input":{"@type":"PropertyValueSpecification","valueRequired":true,"valueName":"search_term_string"}}],"inLanguage":"fr-FR"},{"@type":"Organization","@id":"https:\/\/contessascopemounts.com\/fr\/#organization","name":"CONTESSA","url":"https:\/\/contessascopemounts.com\/fr\/","logo":{"@type":"ImageObject","inLanguage":"fr-FR","@id":"https:\/\/contessascopemounts.com\/fr\/#\/schema\/logo\/image\/","url":"https:\/\/contessascopemounts.com\/wp-content\/uploads\/2021\/04\/Contessa-supporti-per-ottiche-made-in-italy.png","contentUrl":"https:\/\/contessascopemounts.com\/wp-content\/uploads\/2021\/04\/Contessa-supporti-per-ottiche-made-in-italy.png","width":1000,"height":411,"caption":"CONTESSA"},"image":{"@id":"https:\/\/contessascopemounts.com\/fr\/#\/schema\/logo\/image\/"},"sameAs":["https:\/\/www.facebook.com\/contessascopemounts","https:\/\/www.instagram.com\/contessa_mounts\/?fbclid=IwAR0Yr8lwWVwN0ewOz1bCVK4ZAKI8lkRIVuhxyX56qNYkwSaMAUVleye6XiE","https:\/\/www.youtube.com\/channel\/UCEjBcvoWy-XvVVujqw-psXQ"]}]}},"_links":{"self":[{"href":"https:\/\/contessascopemounts.com\/fr\/wp-json\/wp\/v2\/product\/12502","targetHints":{"allow":["GET"]}}],"collection":[{"href":"https:\/\/contessascopemounts.com\/fr\/wp-json\/wp\/v2\/product"}],"about":[{"href":"https:\/\/contessascopemounts.com\/fr\/wp-json\/wp\/v2\/types\/product"}],"version-history":[{"count":0,"href":"https:\/\/contessascopemounts.com\/fr\/wp-json\/wp\/v2\/product\/12502\/revisions"}],"wp:featuredmedia":[{"embeddable":true,"href":"https:\/\/contessascopemounts.com\/fr\/wp-json\/wp\/v2\/media\/12504"}],"wp:attachment":[{"href":"https:\/\/contessascopemounts.com\/fr\/wp-json\/wp\/v2\/media?parent=12502"}],"wp:term":[{"taxonomy":"product_brand","embeddable":true,"href":"https:\/\/contessascopemounts.com\/fr\/wp-json\/wp\/v2\/product_brand?post=12502"},{"taxonomy":"product_cat","embeddable":true,"href":"https:\/\/contessascopemounts.com\/fr\/wp-json\/wp\/v2\/product_cat?post=12502"},{"taxonomy":"product_tag","embeddable":true,"href":"https:\/\/contessascopemounts.com\/fr\/wp-json\/wp\/v2\/product_tag?post=12502"}],"curies":[{"name":"wp","href":"https:\/\/api.w.org\/{rel}","templated":true}]}}