{"id":12486,"date":"2025-10-04T20:43:32","date_gmt":"2025-10-04T18:43:32","guid":{"rendered":"https:\/\/contessascopemounts.com\/?post_type=product&#038;p=12486"},"modified":"2025-10-04T20:43:32","modified_gmt":"2025-10-04T18:43:32","slug":"spp01-b-anneaux-picatinny-en-acier-o1-moyen","status":"publish","type":"product","link":"https:\/\/contessascopemounts.com\/fr\/spp01-b-anneaux-picatinny-en-acier-o1-moyen\/","title":{"rendered":"SPP01\/B &#8211; Anneaux Picatinny en acier \u00f81&#8243; moyen"},"content":{"rendered":"","protected":false},"excerpt":{"rendered":"<ul>\n<li style=\"font-weight: 400;\" aria-level=\"1\"><span style=\"font-weight: 400;\">Paire d&#8217;anneaux en acier tremp\u00e9 pour glissi\u00e8res PICATINNY ou WEAVER. Con\u00e7u pour la durabilit\u00e9, l&#8217;int\u00e9grit\u00e9 et la performance maximale dans l&#8217;utilisation. Les anneaux peuvent \u00eatre \u00e9quip\u00e9s d&#8217;une but\u00e9e de 4,80 mm de large pour les rails Picatinny ou d&#8217;une but\u00e9e de 3,80 mm de large pour les rails Weaver.<\/span><\/li>\n<li><span style=\"font-weight: 400;\">Disponible avec des attaches fixes ou rapides.<\/span><\/li>\n<li><span style=\"font-weight: 400;\">\u00f8 1&#8243; H 12 mm<\/span><\/li>\n<\/ul>\n<p><span style=\"font-size: 12px;\"><span style=\"color: #000000;\"><span style=\"font-weight: 400;\">  Pour les rails picatinny :<\/span><\/span><\/span><\/p>\n<ul>\n<li><span style=\"font-size: 12px;\"><span style=\"color: #000000;\"><span style=\"font-weight: 400;\">  Code SPP01\/B &#8211; fixe<\/span><\/span><\/span><\/li>\n<li><span style=\"font-size: 12px;\"><span style=\"color: #000000;\"><span style=\"font-weight: 400;\">  Code SPP01\/B\/SR &#8211; lib\u00e9ration rapide<\/span><\/span><\/span><\/li>\n<\/ul>\n<p><span style=\"font-size: 12px;\"><span style=\"color: #000000;\"><span style=\"font-weight: 400;\">  Pour les guides Weaver :<\/span><\/span><\/span><\/p>\n<ul>\n<li><span style=\"font-size: 12px;\"><span style=\"color: #000000;\"><span style=\"font-weight: 400;\">  Code SPP01W\/B- fixe<\/span><\/span><\/span><\/li>\n<li><span style=\"font-size: 12px;\"><span style=\"color: #000000;\"><span style=\"font-weight: 400;\">  Code SPP01W\/B\/SR &#8211; lib\u00e9ration rapide<\/span><\/span><\/span><\/li>\n<\/ul>\n<p>&nbsp;<\/p>\n<hr>\n<p>&nbsp;<\/p>\n<p style=\"text-align: center;\">Vous avez besoin de plus d&#8217;informations ?<\/p>\n<p>&nbsp;<\/p>\n<p style=\"text-align: center;\">[maxbutton id=\"4\" extraclass=\"popmake-3707\"]<\/p>\n","protected":false},"featured_media":12444,"template":"","meta":[],"product_brand":[],"product_cat":[737,738,763,739,805],"product_tag":[822,806,696],"class_list":{"0":"post-12486","1":"product","2":"type-product","3":"status-publish","4":"has-post-thumbnail","6":"product_cat-anneaux","7":"product_cat-diametres","8":"product_cat-o1","9":"product_cat-picatinny-weaver","10":"product_cat-spp","11":"product_tag-o1-2","12":"product_tag-spp","13":"product_tag-traineaux-picatinny","15":"first","16":"instock","17":"shipping-taxable","18":"product-type-simple"},"yoast_head":"<!-- This site is optimized with the Yoast SEO plugin v27.4 - https:\/\/yoast.com\/product\/yoast-seo-wordpress\/ -->\n<title>SPP01\/B - Anneaux Picatinny en acier \u00f81&quot; moyen - %.<\/title>\n<meta name=\"description\" content=\"Paire d&#039;anneaux en acier tremp\u00e9 pour glissi\u00e8res PICATINNY ou WEAVER. Con\u00e7u pour la durabilit\u00e9, l&#039;int\u00e9grit\u00e9 et la performance maximale dans l&#039;utilisation.\" \/>\n<meta name=\"robots\" content=\"index, follow, max-snippet:-1, max-image-preview:large, max-video-preview:-1\" \/>\n<link rel=\"canonical\" href=\"https:\/\/contessascopemounts.com\/fr\/spp01-b-anneaux-picatinny-en-acier-o1-moyen\/\" \/>\n<meta property=\"og:locale\" content=\"fr_FR\" \/>\n<meta property=\"og:type\" content=\"article\" \/>\n<meta property=\"og:title\" content=\"SPP01\/B - Anneaux Picatinny en acier \u00f81&quot; moyen - %.\" \/>\n<meta property=\"og:description\" content=\"Paire d&#039;anneaux en acier tremp\u00e9 pour glissi\u00e8res PICATINNY ou WEAVER. Con\u00e7u pour la durabilit\u00e9, l&#039;int\u00e9grit\u00e9 et la performance maximale dans l&#039;utilisation.\" \/>\n<meta property=\"og:url\" content=\"https:\/\/contessascopemounts.com\/fr\/spp01-b-anneaux-picatinny-en-acier-o1-moyen\/\" \/>\n<meta property=\"og:site_name\" content=\"Contessa\" \/>\n<meta property=\"article:publisher\" content=\"https:\/\/www.facebook.com\/contessascopemounts\" \/>\n<meta property=\"og:image\" content=\"https:\/\/contessascopemounts.com\/wp-content\/uploads\/2021\/09\/ANELLI-2.jpg\" \/>\n\t<meta property=\"og:image:width\" content=\"800\" \/>\n\t<meta property=\"og:image:height\" content=\"800\" \/>\n\t<meta property=\"og:image:type\" content=\"image\/jpeg\" \/>\n<meta name=\"twitter:card\" content=\"summary_large_image\" \/>\n<script type=\"application\/ld+json\" class=\"yoast-schema-graph\">{\"@context\":\"https:\\\/\\\/schema.org\",\"@graph\":[{\"@type\":\"WebPage\",\"@id\":\"https:\\\/\\\/contessascopemounts.com\\\/fr\\\/spp01-b-anneaux-picatinny-en-acier-o1-moyen\\\/\",\"url\":\"https:\\\/\\\/contessascopemounts.com\\\/fr\\\/spp01-b-anneaux-picatinny-en-acier-o1-moyen\\\/\",\"name\":\"SPP01\\\/B - Anneaux Picatinny en acier \u00f81\\\" moyen - %.\",\"isPartOf\":{\"@id\":\"https:\\\/\\\/contessascopemounts.com\\\/fr\\\/#website\"},\"primaryImageOfPage\":{\"@id\":\"https:\\\/\\\/contessascopemounts.com\\\/fr\\\/spp01-b-anneaux-picatinny-en-acier-o1-moyen\\\/#primaryimage\"},\"image\":{\"@id\":\"https:\\\/\\\/contessascopemounts.com\\\/fr\\\/spp01-b-anneaux-picatinny-en-acier-o1-moyen\\\/#primaryimage\"},\"thumbnailUrl\":\"https:\\\/\\\/contessascopemounts.com\\\/wp-content\\\/uploads\\\/2021\\\/09\\\/ANELLI-2.jpg\",\"datePublished\":\"2025-10-04T18:43:32+00:00\",\"description\":\"Paire d'anneaux en acier tremp\u00e9 pour glissi\u00e8res PICATINNY ou WEAVER. Con\u00e7u pour la durabilit\u00e9, l'int\u00e9grit\u00e9 et la performance maximale dans l'utilisation.\",\"breadcrumb\":{\"@id\":\"https:\\\/\\\/contessascopemounts.com\\\/fr\\\/spp01-b-anneaux-picatinny-en-acier-o1-moyen\\\/#breadcrumb\"},\"inLanguage\":\"fr-FR\",\"potentialAction\":[{\"@type\":\"ReadAction\",\"target\":[\"https:\\\/\\\/contessascopemounts.com\\\/fr\\\/spp01-b-anneaux-picatinny-en-acier-o1-moyen\\\/\"]}]},{\"@type\":\"ImageObject\",\"inLanguage\":\"fr-FR\",\"@id\":\"https:\\\/\\\/contessascopemounts.com\\\/fr\\\/spp01-b-anneaux-picatinny-en-acier-o1-moyen\\\/#primaryimage\",\"url\":\"https:\\\/\\\/contessascopemounts.com\\\/wp-content\\\/uploads\\\/2021\\\/09\\\/ANELLI-2.jpg\",\"contentUrl\":\"https:\\\/\\\/contessascopemounts.com\\\/wp-content\\\/uploads\\\/2021\\\/09\\\/ANELLI-2.jpg\",\"width\":800,\"height\":800},{\"@type\":\"BreadcrumbList\",\"@id\":\"https:\\\/\\\/contessascopemounts.com\\\/fr\\\/spp01-b-anneaux-picatinny-en-acier-o1-moyen\\\/#breadcrumb\",\"itemListElement\":[{\"@type\":\"ListItem\",\"position\":1,\"name\":\"Home\",\"item\":\"https:\\\/\\\/contessascopemounts.com\\\/fr\\\/\"},{\"@type\":\"ListItem\",\"position\":2,\"name\":\"Produits\",\"item\":\"https:\\\/\\\/contessascopemounts.com\\\/fr\\\/produits\\\/\"},{\"@type\":\"ListItem\",\"position\":3,\"name\":\"SPP01\\\/B &#8211; Anneaux Picatinny en acier \u00f81&#8243; moyen\"}]},{\"@type\":\"WebSite\",\"@id\":\"https:\\\/\\\/contessascopemounts.com\\\/fr\\\/#website\",\"url\":\"https:\\\/\\\/contessascopemounts.com\\\/fr\\\/\",\"name\":\"Contessa\",\"description\":\"Professional Scope Mounts\",\"publisher\":{\"@id\":\"https:\\\/\\\/contessascopemounts.com\\\/fr\\\/#organization\"},\"potentialAction\":[{\"@type\":\"SearchAction\",\"target\":{\"@type\":\"EntryPoint\",\"urlTemplate\":\"https:\\\/\\\/contessascopemounts.com\\\/fr\\\/?s={search_term_string}\"},\"query-input\":{\"@type\":\"PropertyValueSpecification\",\"valueRequired\":true,\"valueName\":\"search_term_string\"}}],\"inLanguage\":\"fr-FR\"},{\"@type\":\"Organization\",\"@id\":\"https:\\\/\\\/contessascopemounts.com\\\/fr\\\/#organization\",\"name\":\"CONTESSA\",\"url\":\"https:\\\/\\\/contessascopemounts.com\\\/fr\\\/\",\"logo\":{\"@type\":\"ImageObject\",\"inLanguage\":\"fr-FR\",\"@id\":\"https:\\\/\\\/contessascopemounts.com\\\/fr\\\/#\\\/schema\\\/logo\\\/image\\\/\",\"url\":\"https:\\\/\\\/contessascopemounts.com\\\/wp-content\\\/uploads\\\/2021\\\/04\\\/Contessa-supporti-per-ottiche-made-in-italy.png\",\"contentUrl\":\"https:\\\/\\\/contessascopemounts.com\\\/wp-content\\\/uploads\\\/2021\\\/04\\\/Contessa-supporti-per-ottiche-made-in-italy.png\",\"width\":1000,\"height\":411,\"caption\":\"CONTESSA\"},\"image\":{\"@id\":\"https:\\\/\\\/contessascopemounts.com\\\/fr\\\/#\\\/schema\\\/logo\\\/image\\\/\"},\"sameAs\":[\"https:\\\/\\\/www.facebook.com\\\/contessascopemounts\",\"https:\\\/\\\/www.instagram.com\\\/contessa_mounts\\\/?fbclid=IwAR0Yr8lwWVwN0ewOz1bCVK4ZAKI8lkRIVuhxyX56qNYkwSaMAUVleye6XiE\",\"https:\\\/\\\/www.youtube.com\\\/channel\\\/UCEjBcvoWy-XvVVujqw-psXQ\"]}]}<\/script>\n<!-- \/ Yoast SEO plugin. -->","yoast_head_json":{"title":"SPP01\/B - Anneaux Picatinny en acier \u00f81\" moyen - %.","description":"Paire d'anneaux en acier tremp\u00e9 pour glissi\u00e8res PICATINNY ou WEAVER. Con\u00e7u pour la durabilit\u00e9, l'int\u00e9grit\u00e9 et la performance maximale dans l'utilisation.","robots":{"index":"index","follow":"follow","max-snippet":"max-snippet:-1","max-image-preview":"max-image-preview:large","max-video-preview":"max-video-preview:-1"},"canonical":"https:\/\/contessascopemounts.com\/fr\/spp01-b-anneaux-picatinny-en-acier-o1-moyen\/","og_locale":"fr_FR","og_type":"article","og_title":"SPP01\/B - Anneaux Picatinny en acier \u00f81\" moyen - %.","og_description":"Paire d'anneaux en acier tremp\u00e9 pour glissi\u00e8res PICATINNY ou WEAVER. Con\u00e7u pour la durabilit\u00e9, l'int\u00e9grit\u00e9 et la performance maximale dans l'utilisation.","og_url":"https:\/\/contessascopemounts.com\/fr\/spp01-b-anneaux-picatinny-en-acier-o1-moyen\/","og_site_name":"Contessa","article_publisher":"https:\/\/www.facebook.com\/contessascopemounts","og_image":[{"width":800,"height":800,"url":"https:\/\/contessascopemounts.com\/wp-content\/uploads\/2021\/09\/ANELLI-2.jpg","type":"image\/jpeg"}],"twitter_card":"summary_large_image","schema":{"@context":"https:\/\/schema.org","@graph":[{"@type":"WebPage","@id":"https:\/\/contessascopemounts.com\/fr\/spp01-b-anneaux-picatinny-en-acier-o1-moyen\/","url":"https:\/\/contessascopemounts.com\/fr\/spp01-b-anneaux-picatinny-en-acier-o1-moyen\/","name":"SPP01\/B - Anneaux Picatinny en acier \u00f81\" moyen - %.","isPartOf":{"@id":"https:\/\/contessascopemounts.com\/fr\/#website"},"primaryImageOfPage":{"@id":"https:\/\/contessascopemounts.com\/fr\/spp01-b-anneaux-picatinny-en-acier-o1-moyen\/#primaryimage"},"image":{"@id":"https:\/\/contessascopemounts.com\/fr\/spp01-b-anneaux-picatinny-en-acier-o1-moyen\/#primaryimage"},"thumbnailUrl":"https:\/\/contessascopemounts.com\/wp-content\/uploads\/2021\/09\/ANELLI-2.jpg","datePublished":"2025-10-04T18:43:32+00:00","description":"Paire d'anneaux en acier tremp\u00e9 pour glissi\u00e8res PICATINNY ou WEAVER. Con\u00e7u pour la durabilit\u00e9, l'int\u00e9grit\u00e9 et la performance maximale dans l'utilisation.","breadcrumb":{"@id":"https:\/\/contessascopemounts.com\/fr\/spp01-b-anneaux-picatinny-en-acier-o1-moyen\/#breadcrumb"},"inLanguage":"fr-FR","potentialAction":[{"@type":"ReadAction","target":["https:\/\/contessascopemounts.com\/fr\/spp01-b-anneaux-picatinny-en-acier-o1-moyen\/"]}]},{"@type":"ImageObject","inLanguage":"fr-FR","@id":"https:\/\/contessascopemounts.com\/fr\/spp01-b-anneaux-picatinny-en-acier-o1-moyen\/#primaryimage","url":"https:\/\/contessascopemounts.com\/wp-content\/uploads\/2021\/09\/ANELLI-2.jpg","contentUrl":"https:\/\/contessascopemounts.com\/wp-content\/uploads\/2021\/09\/ANELLI-2.jpg","width":800,"height":800},{"@type":"BreadcrumbList","@id":"https:\/\/contessascopemounts.com\/fr\/spp01-b-anneaux-picatinny-en-acier-o1-moyen\/#breadcrumb","itemListElement":[{"@type":"ListItem","position":1,"name":"Home","item":"https:\/\/contessascopemounts.com\/fr\/"},{"@type":"ListItem","position":2,"name":"Produits","item":"https:\/\/contessascopemounts.com\/fr\/produits\/"},{"@type":"ListItem","position":3,"name":"SPP01\/B &#8211; Anneaux Picatinny en acier \u00f81&#8243; moyen"}]},{"@type":"WebSite","@id":"https:\/\/contessascopemounts.com\/fr\/#website","url":"https:\/\/contessascopemounts.com\/fr\/","name":"Contessa","description":"Professional Scope Mounts","publisher":{"@id":"https:\/\/contessascopemounts.com\/fr\/#organization"},"potentialAction":[{"@type":"SearchAction","target":{"@type":"EntryPoint","urlTemplate":"https:\/\/contessascopemounts.com\/fr\/?s={search_term_string}"},"query-input":{"@type":"PropertyValueSpecification","valueRequired":true,"valueName":"search_term_string"}}],"inLanguage":"fr-FR"},{"@type":"Organization","@id":"https:\/\/contessascopemounts.com\/fr\/#organization","name":"CONTESSA","url":"https:\/\/contessascopemounts.com\/fr\/","logo":{"@type":"ImageObject","inLanguage":"fr-FR","@id":"https:\/\/contessascopemounts.com\/fr\/#\/schema\/logo\/image\/","url":"https:\/\/contessascopemounts.com\/wp-content\/uploads\/2021\/04\/Contessa-supporti-per-ottiche-made-in-italy.png","contentUrl":"https:\/\/contessascopemounts.com\/wp-content\/uploads\/2021\/04\/Contessa-supporti-per-ottiche-made-in-italy.png","width":1000,"height":411,"caption":"CONTESSA"},"image":{"@id":"https:\/\/contessascopemounts.com\/fr\/#\/schema\/logo\/image\/"},"sameAs":["https:\/\/www.facebook.com\/contessascopemounts","https:\/\/www.instagram.com\/contessa_mounts\/?fbclid=IwAR0Yr8lwWVwN0ewOz1bCVK4ZAKI8lkRIVuhxyX56qNYkwSaMAUVleye6XiE","https:\/\/www.youtube.com\/channel\/UCEjBcvoWy-XvVVujqw-psXQ"]}]}},"_links":{"self":[{"href":"https:\/\/contessascopemounts.com\/fr\/wp-json\/wp\/v2\/product\/12486","targetHints":{"allow":["GET"]}}],"collection":[{"href":"https:\/\/contessascopemounts.com\/fr\/wp-json\/wp\/v2\/product"}],"about":[{"href":"https:\/\/contessascopemounts.com\/fr\/wp-json\/wp\/v2\/types\/product"}],"version-history":[{"count":0,"href":"https:\/\/contessascopemounts.com\/fr\/wp-json\/wp\/v2\/product\/12486\/revisions"}],"wp:featuredmedia":[{"embeddable":true,"href":"https:\/\/contessascopemounts.com\/fr\/wp-json\/wp\/v2\/media\/12444"}],"wp:attachment":[{"href":"https:\/\/contessascopemounts.com\/fr\/wp-json\/wp\/v2\/media?parent=12486"}],"wp:term":[{"taxonomy":"product_brand","embeddable":true,"href":"https:\/\/contessascopemounts.com\/fr\/wp-json\/wp\/v2\/product_brand?post=12486"},{"taxonomy":"product_cat","embeddable":true,"href":"https:\/\/contessascopemounts.com\/fr\/wp-json\/wp\/v2\/product_cat?post=12486"},{"taxonomy":"product_tag","embeddable":true,"href":"https:\/\/contessascopemounts.com\/fr\/wp-json\/wp\/v2\/product_tag?post=12486"}],"curies":[{"name":"wp","href":"https:\/\/api.w.org\/{rel}","templated":true}]}}