{"id":12274,"date":"2025-10-04T20:43:11","date_gmt":"2025-10-04T18:43:11","guid":{"rendered":"https:\/\/contessascopemounts.com\/?post_type=product&#038;p=12274"},"modified":"2025-10-04T20:43:11","modified_gmt":"2025-10-04T18:43:11","slug":"sbb02-simple-black-bls-std","status":"publish","type":"product","link":"https:\/\/contessascopemounts.com\/fr\/sbb02-simple-black-bls-std\/","title":{"rendered":"SBB02 \u2013 SIMPLE BLACK BLS STD"},"content":{"rendered":"","protected":false},"excerpt":{"rendered":"<ul>\n<li><span style=\"font-weight: 400;\">Raccord rapide compatible avec les <\/span><b>armes BLASER<\/b><span style=\"font-weight: 400;\">.<\/span><\/li>\n<li style=\"font-weight: 400;\" aria-level=\"2\"><span style=\"font-weight: 400;\">Le syst\u00e8me brevet\u00e9 de d\u00e9clenchement rapide de Contessa garantit un calibrage r\u00e9p\u00e9table entre les d\u00e9clenchements. SYST\u00c8ME D&#8217;INSERTION EN ACIER CONTESSA<\/span><span style=\"font-weight: 400;\">\u00ae.<\/span><\/li>\n<\/ul>\n<ul>\n<li><span style=\"font-weight: 400;\">Possibilit\u00e9 de monter <\/span><b>anneaux<\/b><span style=\"font-weight: 400;\"> de diff\u00e9rents diam\u00e8tres et hauteurs :<\/span><\/li>\n<\/ul>\n<p><span style=\"font-size: 14px;\"><span style=\"color: #000000;\">  &#8211; \u00f8 1&#8243;, 30mm, 34mm, 35mm, 36mm, 40 mm<\/span><\/span><br \/>\n<span style=\"font-size: 14px;\"><span style=\"color: #000000;\">  &#8211; <span style=\"font-weight: 400;\">faible, moyen ou \u00e9lev\u00e9<\/span><\/span><\/span><\/p>\n<p>&nbsp;<\/p>\n<hr>\n<p>&nbsp;<\/p>\n<p style=\"text-align: center;\">Vous avez besoin de plus d&#8217;informations ?<\/p>\n<p>&nbsp;<\/p>\n<p style=\"text-align: center;\">[maxbutton id=\"4\" extraclass=\"popmake-3707\"]<\/p>\n","protected":false},"featured_media":12276,"template":"","meta":[],"product_brand":[],"product_cat":[728,774,756],"product_tag":[759,758,776,780],"class_list":{"0":"post-12274","1":"product","2":"type-product","3":"status-publish","4":"has-post-thumbnail","6":"product_cat-attaques","7":"product_cat-blocage-rapide-des-optiques-2","8":"product_cat-pour-les-armes-a-blaser","9":"product_tag-blaser","10":"product_tag-pieces-jointes_bls","11":"product_tag-sbb02","12":"product_tag-sp","14":"first","15":"instock","16":"shipping-taxable","17":"product-type-simple"},"yoast_head":"<!-- This site is optimized with the Yoast SEO plugin v27.4 - https:\/\/yoast.com\/product\/yoast-seo-wordpress\/ -->\n<title>SBB02 \u2013 SIMPLE BLACK BLS STD - %.<\/title>\n<meta name=\"description\" content=\"Attache rapide compatible avec les armes armes BLASER. Le syst\u00e8me brevet\u00e9 de d\u00e9clenchement rapide de Contessa garantit un calibrage r\u00e9p\u00e9table entre les d\u00e9clenchements. SYST\u00c8ME D&#039;INSERTION EN ACIER CONTESSA\u00ae.\" \/>\n<meta name=\"robots\" content=\"index, follow, max-snippet:-1, max-image-preview:large, max-video-preview:-1\" \/>\n<link rel=\"canonical\" href=\"https:\/\/contessascopemounts.com\/fr\/sbb02-simple-black-bls-std\/\" \/>\n<meta property=\"og:locale\" content=\"fr_FR\" \/>\n<meta property=\"og:type\" content=\"article\" \/>\n<meta property=\"og:title\" content=\"SBB02 \u2013 SIMPLE BLACK BLS STD - %.\" \/>\n<meta property=\"og:description\" content=\"Attache rapide compatible avec les armes armes BLASER. Le syst\u00e8me brevet\u00e9 de d\u00e9clenchement rapide de Contessa garantit un calibrage r\u00e9p\u00e9table entre les d\u00e9clenchements. SYST\u00c8ME D&#039;INSERTION EN ACIER CONTESSA\u00ae.\" \/>\n<meta property=\"og:url\" content=\"https:\/\/contessascopemounts.com\/fr\/sbb02-simple-black-bls-std\/\" \/>\n<meta property=\"og:site_name\" content=\"Contessa\" \/>\n<meta property=\"article:publisher\" content=\"https:\/\/www.facebook.com\/contessascopemounts\" \/>\n<meta property=\"og:image\" content=\"https:\/\/contessascopemounts.com\/wp-content\/uploads\/2021\/09\/SBB02-BLS-scaled.jpg\" \/>\n\t<meta property=\"og:image:width\" content=\"2560\" \/>\n\t<meta property=\"og:image:height\" content=\"1778\" \/>\n\t<meta property=\"og:image:type\" content=\"image\/jpeg\" \/>\n<meta name=\"twitter:card\" content=\"summary_large_image\" \/>\n<script type=\"application\/ld+json\" class=\"yoast-schema-graph\">{\"@context\":\"https:\\\/\\\/schema.org\",\"@graph\":[{\"@type\":\"WebPage\",\"@id\":\"https:\\\/\\\/contessascopemounts.com\\\/fr\\\/sbb02-simple-black-bls-std\\\/\",\"url\":\"https:\\\/\\\/contessascopemounts.com\\\/fr\\\/sbb02-simple-black-bls-std\\\/\",\"name\":\"SBB02 \u2013 SIMPLE BLACK BLS STD - %.\",\"isPartOf\":{\"@id\":\"https:\\\/\\\/contessascopemounts.com\\\/fr\\\/#website\"},\"primaryImageOfPage\":{\"@id\":\"https:\\\/\\\/contessascopemounts.com\\\/fr\\\/sbb02-simple-black-bls-std\\\/#primaryimage\"},\"image\":{\"@id\":\"https:\\\/\\\/contessascopemounts.com\\\/fr\\\/sbb02-simple-black-bls-std\\\/#primaryimage\"},\"thumbnailUrl\":\"https:\\\/\\\/contessascopemounts.com\\\/wp-content\\\/uploads\\\/2021\\\/09\\\/SBB02-BLS-scaled.jpg\",\"datePublished\":\"2025-10-04T18:43:11+00:00\",\"description\":\"Attache rapide compatible avec les armes armes BLASER. Le syst\u00e8me brevet\u00e9 de d\u00e9clenchement rapide de Contessa garantit un calibrage r\u00e9p\u00e9table entre les d\u00e9clenchements. SYST\u00c8ME D'INSERTION EN ACIER CONTESSA\u00ae.\",\"breadcrumb\":{\"@id\":\"https:\\\/\\\/contessascopemounts.com\\\/fr\\\/sbb02-simple-black-bls-std\\\/#breadcrumb\"},\"inLanguage\":\"fr-FR\",\"potentialAction\":[{\"@type\":\"ReadAction\",\"target\":[\"https:\\\/\\\/contessascopemounts.com\\\/fr\\\/sbb02-simple-black-bls-std\\\/\"]}]},{\"@type\":\"ImageObject\",\"inLanguage\":\"fr-FR\",\"@id\":\"https:\\\/\\\/contessascopemounts.com\\\/fr\\\/sbb02-simple-black-bls-std\\\/#primaryimage\",\"url\":\"https:\\\/\\\/contessascopemounts.com\\\/wp-content\\\/uploads\\\/2021\\\/09\\\/SBB02-BLS-scaled.jpg\",\"contentUrl\":\"https:\\\/\\\/contessascopemounts.com\\\/wp-content\\\/uploads\\\/2021\\\/09\\\/SBB02-BLS-scaled.jpg\",\"width\":2560,\"height\":1778},{\"@type\":\"BreadcrumbList\",\"@id\":\"https:\\\/\\\/contessascopemounts.com\\\/fr\\\/sbb02-simple-black-bls-std\\\/#breadcrumb\",\"itemListElement\":[{\"@type\":\"ListItem\",\"position\":1,\"name\":\"Home\",\"item\":\"https:\\\/\\\/contessascopemounts.com\\\/fr\\\/\"},{\"@type\":\"ListItem\",\"position\":2,\"name\":\"Produits\",\"item\":\"https:\\\/\\\/contessascopemounts.com\\\/fr\\\/produits\\\/\"},{\"@type\":\"ListItem\",\"position\":3,\"name\":\"SBB02 \u2013 SIMPLE BLACK BLS STD\"}]},{\"@type\":\"WebSite\",\"@id\":\"https:\\\/\\\/contessascopemounts.com\\\/fr\\\/#website\",\"url\":\"https:\\\/\\\/contessascopemounts.com\\\/fr\\\/\",\"name\":\"Contessa\",\"description\":\"Professional Scope Mounts\",\"publisher\":{\"@id\":\"https:\\\/\\\/contessascopemounts.com\\\/fr\\\/#organization\"},\"potentialAction\":[{\"@type\":\"SearchAction\",\"target\":{\"@type\":\"EntryPoint\",\"urlTemplate\":\"https:\\\/\\\/contessascopemounts.com\\\/fr\\\/?s={search_term_string}\"},\"query-input\":{\"@type\":\"PropertyValueSpecification\",\"valueRequired\":true,\"valueName\":\"search_term_string\"}}],\"inLanguage\":\"fr-FR\"},{\"@type\":\"Organization\",\"@id\":\"https:\\\/\\\/contessascopemounts.com\\\/fr\\\/#organization\",\"name\":\"CONTESSA\",\"url\":\"https:\\\/\\\/contessascopemounts.com\\\/fr\\\/\",\"logo\":{\"@type\":\"ImageObject\",\"inLanguage\":\"fr-FR\",\"@id\":\"https:\\\/\\\/contessascopemounts.com\\\/fr\\\/#\\\/schema\\\/logo\\\/image\\\/\",\"url\":\"https:\\\/\\\/contessascopemounts.com\\\/wp-content\\\/uploads\\\/2021\\\/04\\\/Contessa-supporti-per-ottiche-made-in-italy.png\",\"contentUrl\":\"https:\\\/\\\/contessascopemounts.com\\\/wp-content\\\/uploads\\\/2021\\\/04\\\/Contessa-supporti-per-ottiche-made-in-italy.png\",\"width\":1000,\"height\":411,\"caption\":\"CONTESSA\"},\"image\":{\"@id\":\"https:\\\/\\\/contessascopemounts.com\\\/fr\\\/#\\\/schema\\\/logo\\\/image\\\/\"},\"sameAs\":[\"https:\\\/\\\/www.facebook.com\\\/contessascopemounts\",\"https:\\\/\\\/www.instagram.com\\\/contessa_mounts\\\/?fbclid=IwAR0Yr8lwWVwN0ewOz1bCVK4ZAKI8lkRIVuhxyX56qNYkwSaMAUVleye6XiE\",\"https:\\\/\\\/www.youtube.com\\\/channel\\\/UCEjBcvoWy-XvVVujqw-psXQ\"]}]}<\/script>\n<!-- \/ Yoast SEO plugin. -->","yoast_head_json":{"title":"SBB02 \u2013 SIMPLE BLACK BLS STD - %.","description":"Attache rapide compatible avec les armes armes BLASER. Le syst\u00e8me brevet\u00e9 de d\u00e9clenchement rapide de Contessa garantit un calibrage r\u00e9p\u00e9table entre les d\u00e9clenchements. SYST\u00c8ME D'INSERTION EN ACIER CONTESSA\u00ae.","robots":{"index":"index","follow":"follow","max-snippet":"max-snippet:-1","max-image-preview":"max-image-preview:large","max-video-preview":"max-video-preview:-1"},"canonical":"https:\/\/contessascopemounts.com\/fr\/sbb02-simple-black-bls-std\/","og_locale":"fr_FR","og_type":"article","og_title":"SBB02 \u2013 SIMPLE BLACK BLS STD - %.","og_description":"Attache rapide compatible avec les armes armes BLASER. Le syst\u00e8me brevet\u00e9 de d\u00e9clenchement rapide de Contessa garantit un calibrage r\u00e9p\u00e9table entre les d\u00e9clenchements. SYST\u00c8ME D'INSERTION EN ACIER CONTESSA\u00ae.","og_url":"https:\/\/contessascopemounts.com\/fr\/sbb02-simple-black-bls-std\/","og_site_name":"Contessa","article_publisher":"https:\/\/www.facebook.com\/contessascopemounts","og_image":[{"width":2560,"height":1778,"url":"https:\/\/contessascopemounts.com\/wp-content\/uploads\/2021\/09\/SBB02-BLS-scaled.jpg","type":"image\/jpeg"}],"twitter_card":"summary_large_image","schema":{"@context":"https:\/\/schema.org","@graph":[{"@type":"WebPage","@id":"https:\/\/contessascopemounts.com\/fr\/sbb02-simple-black-bls-std\/","url":"https:\/\/contessascopemounts.com\/fr\/sbb02-simple-black-bls-std\/","name":"SBB02 \u2013 SIMPLE BLACK BLS STD - %.","isPartOf":{"@id":"https:\/\/contessascopemounts.com\/fr\/#website"},"primaryImageOfPage":{"@id":"https:\/\/contessascopemounts.com\/fr\/sbb02-simple-black-bls-std\/#primaryimage"},"image":{"@id":"https:\/\/contessascopemounts.com\/fr\/sbb02-simple-black-bls-std\/#primaryimage"},"thumbnailUrl":"https:\/\/contessascopemounts.com\/wp-content\/uploads\/2021\/09\/SBB02-BLS-scaled.jpg","datePublished":"2025-10-04T18:43:11+00:00","description":"Attache rapide compatible avec les armes armes BLASER. Le syst\u00e8me brevet\u00e9 de d\u00e9clenchement rapide de Contessa garantit un calibrage r\u00e9p\u00e9table entre les d\u00e9clenchements. SYST\u00c8ME D'INSERTION EN ACIER CONTESSA\u00ae.","breadcrumb":{"@id":"https:\/\/contessascopemounts.com\/fr\/sbb02-simple-black-bls-std\/#breadcrumb"},"inLanguage":"fr-FR","potentialAction":[{"@type":"ReadAction","target":["https:\/\/contessascopemounts.com\/fr\/sbb02-simple-black-bls-std\/"]}]},{"@type":"ImageObject","inLanguage":"fr-FR","@id":"https:\/\/contessascopemounts.com\/fr\/sbb02-simple-black-bls-std\/#primaryimage","url":"https:\/\/contessascopemounts.com\/wp-content\/uploads\/2021\/09\/SBB02-BLS-scaled.jpg","contentUrl":"https:\/\/contessascopemounts.com\/wp-content\/uploads\/2021\/09\/SBB02-BLS-scaled.jpg","width":2560,"height":1778},{"@type":"BreadcrumbList","@id":"https:\/\/contessascopemounts.com\/fr\/sbb02-simple-black-bls-std\/#breadcrumb","itemListElement":[{"@type":"ListItem","position":1,"name":"Home","item":"https:\/\/contessascopemounts.com\/fr\/"},{"@type":"ListItem","position":2,"name":"Produits","item":"https:\/\/contessascopemounts.com\/fr\/produits\/"},{"@type":"ListItem","position":3,"name":"SBB02 \u2013 SIMPLE BLACK BLS STD"}]},{"@type":"WebSite","@id":"https:\/\/contessascopemounts.com\/fr\/#website","url":"https:\/\/contessascopemounts.com\/fr\/","name":"Contessa","description":"Professional Scope Mounts","publisher":{"@id":"https:\/\/contessascopemounts.com\/fr\/#organization"},"potentialAction":[{"@type":"SearchAction","target":{"@type":"EntryPoint","urlTemplate":"https:\/\/contessascopemounts.com\/fr\/?s={search_term_string}"},"query-input":{"@type":"PropertyValueSpecification","valueRequired":true,"valueName":"search_term_string"}}],"inLanguage":"fr-FR"},{"@type":"Organization","@id":"https:\/\/contessascopemounts.com\/fr\/#organization","name":"CONTESSA","url":"https:\/\/contessascopemounts.com\/fr\/","logo":{"@type":"ImageObject","inLanguage":"fr-FR","@id":"https:\/\/contessascopemounts.com\/fr\/#\/schema\/logo\/image\/","url":"https:\/\/contessascopemounts.com\/wp-content\/uploads\/2021\/04\/Contessa-supporti-per-ottiche-made-in-italy.png","contentUrl":"https:\/\/contessascopemounts.com\/wp-content\/uploads\/2021\/04\/Contessa-supporti-per-ottiche-made-in-italy.png","width":1000,"height":411,"caption":"CONTESSA"},"image":{"@id":"https:\/\/contessascopemounts.com\/fr\/#\/schema\/logo\/image\/"},"sameAs":["https:\/\/www.facebook.com\/contessascopemounts","https:\/\/www.instagram.com\/contessa_mounts\/?fbclid=IwAR0Yr8lwWVwN0ewOz1bCVK4ZAKI8lkRIVuhxyX56qNYkwSaMAUVleye6XiE","https:\/\/www.youtube.com\/channel\/UCEjBcvoWy-XvVVujqw-psXQ"]}]}},"_links":{"self":[{"href":"https:\/\/contessascopemounts.com\/fr\/wp-json\/wp\/v2\/product\/12274","targetHints":{"allow":["GET"]}}],"collection":[{"href":"https:\/\/contessascopemounts.com\/fr\/wp-json\/wp\/v2\/product"}],"about":[{"href":"https:\/\/contessascopemounts.com\/fr\/wp-json\/wp\/v2\/types\/product"}],"version-history":[{"count":0,"href":"https:\/\/contessascopemounts.com\/fr\/wp-json\/wp\/v2\/product\/12274\/revisions"}],"wp:featuredmedia":[{"embeddable":true,"href":"https:\/\/contessascopemounts.com\/fr\/wp-json\/wp\/v2\/media\/12276"}],"wp:attachment":[{"href":"https:\/\/contessascopemounts.com\/fr\/wp-json\/wp\/v2\/media?parent=12274"}],"wp:term":[{"taxonomy":"product_brand","embeddable":true,"href":"https:\/\/contessascopemounts.com\/fr\/wp-json\/wp\/v2\/product_brand?post=12274"},{"taxonomy":"product_cat","embeddable":true,"href":"https:\/\/contessascopemounts.com\/fr\/wp-json\/wp\/v2\/product_cat?post=12274"},{"taxonomy":"product_tag","embeddable":true,"href":"https:\/\/contessascopemounts.com\/fr\/wp-json\/wp\/v2\/product_tag?post=12274"}],"curies":[{"name":"wp","href":"https:\/\/api.w.org\/{rel}","templated":true}]}}