{"id":12148,"date":"2025-10-04T20:42:57","date_gmt":"2025-10-04T18:42:57","guid":{"rendered":"https:\/\/contessascopemounts.com\/?post_type=product&#038;p=12148"},"modified":"2025-10-04T20:42:57","modified_gmt":"2025-10-04T18:42:57","slug":"sbb15-simple-black-bls-thunder-thunder-2-0","status":"publish","type":"product","link":"https:\/\/contessascopemounts.com\/fr\/sbb15-simple-black-bls-thunder-thunder-2-0\/","title":{"rendered":"SBB15 &#8211; SIMPLE BLACK BLS THUNDER-THUNDER 2.0"},"content":{"rendered":"","protected":false},"excerpt":{"rendered":"<ul>\n<li><span style=\"font-weight: 400;\">Raccord rapide du pistolet <\/span><b>BLASER <\/b>pour la visionneuse thermique <strong>HIK-Micro Thunder et HIK-Micro Thunder 2.0<\/strong><\/li>\n<li><span style=\"font-weight: 400;\">Le syst\u00e8me brevet\u00e9 de d\u00e9clenchement rapide de Contessa garantit un calibrage r\u00e9p\u00e9table entre les d\u00e9clenchements.<\/span><\/li>\n<\/ul>\n<p>&nbsp;<\/p>\n<hr>\n<p>&nbsp;<\/p>\n<p style=\"text-align: center;\">Vous avez besoin de plus d&#8217;informations ?<\/p>\n<p>&nbsp;<\/p>\n<p style=\"text-align: center;\">[maxbutton id=\"4\" extraclass=\"popmake-3707\"]<\/p>\n","protected":false},"featured_media":12052,"template":"","meta":[],"product_brand":[],"product_cat":[728,757,756],"product_tag":[759,758],"class_list":{"0":"post-12148","1":"product","2":"type-product","3":"status-publish","4":"has-post-thumbnail","6":"product_cat-attaques","7":"product_cat-ouverture-rapide-pour-les-lunettes-de-vision-nocturne-2","8":"product_cat-pour-les-armes-a-blaser","9":"product_tag-blaser","10":"product_tag-pieces-jointes_bls","12":"first","13":"instock","14":"shipping-taxable","15":"product-type-simple"},"yoast_head":"<!-- This site is optimized with the Yoast SEO plugin v27.5 - https:\/\/yoast.com\/product\/yoast-seo-wordpress\/ -->\n<title>SBB15 - SIMPLE BLACK BLS THUNDER-THUNDER 2.0 - %.<\/title>\n<meta name=\"description\" content=\"Attache rapide pour pistolet Blaser pour HIK-Micro Thunder et HIK-Micro Thunder 2.0.\" \/>\n<meta name=\"robots\" content=\"index, follow, max-snippet:-1, max-image-preview:large, max-video-preview:-1\" \/>\n<link rel=\"canonical\" href=\"https:\/\/contessascopemounts.com\/fr\/sbb15-simple-black-bls-thunder-thunder-2-0\/\" \/>\n<meta property=\"og:locale\" content=\"fr_FR\" \/>\n<meta property=\"og:type\" content=\"article\" \/>\n<meta property=\"og:title\" content=\"SBB15 - SIMPLE BLACK BLS THUNDER-THUNDER 2.0 - %.\" \/>\n<meta property=\"og:description\" content=\"Attache rapide pour pistolet Blaser pour HIK-Micro Thunder et HIK-Micro Thunder 2.0.\" \/>\n<meta property=\"og:url\" content=\"https:\/\/contessascopemounts.com\/fr\/sbb15-simple-black-bls-thunder-thunder-2-0\/\" \/>\n<meta property=\"og:site_name\" content=\"Contessa\" \/>\n<meta property=\"article:publisher\" content=\"https:\/\/www.facebook.com\/contessascopemounts\" \/>\n<meta property=\"og:image\" content=\"https:\/\/contessascopemounts.com\/wp-content\/uploads\/2022\/02\/SBB15.jpg\" \/>\n\t<meta property=\"og:image:width\" content=\"800\" \/>\n\t<meta property=\"og:image:height\" content=\"800\" \/>\n\t<meta property=\"og:image:type\" content=\"image\/jpeg\" \/>\n<meta name=\"twitter:card\" content=\"summary_large_image\" \/>\n<script type=\"application\/ld+json\" class=\"yoast-schema-graph\">{\"@context\":\"https:\\\/\\\/schema.org\",\"@graph\":[{\"@type\":\"WebPage\",\"@id\":\"https:\\\/\\\/contessascopemounts.com\\\/fr\\\/sbb15-simple-black-bls-thunder-thunder-2-0\\\/\",\"url\":\"https:\\\/\\\/contessascopemounts.com\\\/fr\\\/sbb15-simple-black-bls-thunder-thunder-2-0\\\/\",\"name\":\"SBB15 - SIMPLE BLACK BLS THUNDER-THUNDER 2.0 - %.\",\"isPartOf\":{\"@id\":\"https:\\\/\\\/contessascopemounts.com\\\/fr\\\/#website\"},\"primaryImageOfPage\":{\"@id\":\"https:\\\/\\\/contessascopemounts.com\\\/fr\\\/sbb15-simple-black-bls-thunder-thunder-2-0\\\/#primaryimage\"},\"image\":{\"@id\":\"https:\\\/\\\/contessascopemounts.com\\\/fr\\\/sbb15-simple-black-bls-thunder-thunder-2-0\\\/#primaryimage\"},\"thumbnailUrl\":\"https:\\\/\\\/contessascopemounts.com\\\/wp-content\\\/uploads\\\/2022\\\/02\\\/SBB15.jpg\",\"datePublished\":\"2025-10-04T18:42:57+00:00\",\"description\":\"Attache rapide pour pistolet Blaser pour HIK-Micro Thunder et HIK-Micro Thunder 2.0.\",\"breadcrumb\":{\"@id\":\"https:\\\/\\\/contessascopemounts.com\\\/fr\\\/sbb15-simple-black-bls-thunder-thunder-2-0\\\/#breadcrumb\"},\"inLanguage\":\"fr-FR\",\"potentialAction\":[{\"@type\":\"ReadAction\",\"target\":[\"https:\\\/\\\/contessascopemounts.com\\\/fr\\\/sbb15-simple-black-bls-thunder-thunder-2-0\\\/\"]}]},{\"@type\":\"ImageObject\",\"inLanguage\":\"fr-FR\",\"@id\":\"https:\\\/\\\/contessascopemounts.com\\\/fr\\\/sbb15-simple-black-bls-thunder-thunder-2-0\\\/#primaryimage\",\"url\":\"https:\\\/\\\/contessascopemounts.com\\\/wp-content\\\/uploads\\\/2022\\\/02\\\/SBB15.jpg\",\"contentUrl\":\"https:\\\/\\\/contessascopemounts.com\\\/wp-content\\\/uploads\\\/2022\\\/02\\\/SBB15.jpg\",\"width\":800,\"height\":800},{\"@type\":\"BreadcrumbList\",\"@id\":\"https:\\\/\\\/contessascopemounts.com\\\/fr\\\/sbb15-simple-black-bls-thunder-thunder-2-0\\\/#breadcrumb\",\"itemListElement\":[{\"@type\":\"ListItem\",\"position\":1,\"name\":\"Home\",\"item\":\"https:\\\/\\\/contessascopemounts.com\\\/fr\\\/\"},{\"@type\":\"ListItem\",\"position\":2,\"name\":\"Produits\",\"item\":\"https:\\\/\\\/contessascopemounts.com\\\/fr\\\/produits\\\/\"},{\"@type\":\"ListItem\",\"position\":3,\"name\":\"SBB15 &#8211; SIMPLE BLACK BLS THUNDER-THUNDER 2.0\"}]},{\"@type\":\"WebSite\",\"@id\":\"https:\\\/\\\/contessascopemounts.com\\\/fr\\\/#website\",\"url\":\"https:\\\/\\\/contessascopemounts.com\\\/fr\\\/\",\"name\":\"Contessa\",\"description\":\"Professional Scope Mounts\",\"publisher\":{\"@id\":\"https:\\\/\\\/contessascopemounts.com\\\/fr\\\/#organization\"},\"potentialAction\":[{\"@type\":\"SearchAction\",\"target\":{\"@type\":\"EntryPoint\",\"urlTemplate\":\"https:\\\/\\\/contessascopemounts.com\\\/fr\\\/?s={search_term_string}\"},\"query-input\":{\"@type\":\"PropertyValueSpecification\",\"valueRequired\":true,\"valueName\":\"search_term_string\"}}],\"inLanguage\":\"fr-FR\"},{\"@type\":\"Organization\",\"@id\":\"https:\\\/\\\/contessascopemounts.com\\\/fr\\\/#organization\",\"name\":\"CONTESSA\",\"url\":\"https:\\\/\\\/contessascopemounts.com\\\/fr\\\/\",\"logo\":{\"@type\":\"ImageObject\",\"inLanguage\":\"fr-FR\",\"@id\":\"https:\\\/\\\/contessascopemounts.com\\\/fr\\\/#\\\/schema\\\/logo\\\/image\\\/\",\"url\":\"https:\\\/\\\/contessascopemounts.com\\\/wp-content\\\/uploads\\\/2021\\\/04\\\/Contessa-supporti-per-ottiche-made-in-italy.png\",\"contentUrl\":\"https:\\\/\\\/contessascopemounts.com\\\/wp-content\\\/uploads\\\/2021\\\/04\\\/Contessa-supporti-per-ottiche-made-in-italy.png\",\"width\":1000,\"height\":411,\"caption\":\"CONTESSA\"},\"image\":{\"@id\":\"https:\\\/\\\/contessascopemounts.com\\\/fr\\\/#\\\/schema\\\/logo\\\/image\\\/\"},\"sameAs\":[\"https:\\\/\\\/www.facebook.com\\\/contessascopemounts\",\"https:\\\/\\\/www.instagram.com\\\/contessa_mounts\\\/?fbclid=IwAR0Yr8lwWVwN0ewOz1bCVK4ZAKI8lkRIVuhxyX56qNYkwSaMAUVleye6XiE\",\"https:\\\/\\\/www.youtube.com\\\/channel\\\/UCEjBcvoWy-XvVVujqw-psXQ\"]}]}<\/script>\n<!-- \/ Yoast SEO plugin. -->","yoast_head_json":{"title":"SBB15 - SIMPLE BLACK BLS THUNDER-THUNDER 2.0 - %.","description":"Attache rapide pour pistolet Blaser pour HIK-Micro Thunder et HIK-Micro Thunder 2.0.","robots":{"index":"index","follow":"follow","max-snippet":"max-snippet:-1","max-image-preview":"max-image-preview:large","max-video-preview":"max-video-preview:-1"},"canonical":"https:\/\/contessascopemounts.com\/fr\/sbb15-simple-black-bls-thunder-thunder-2-0\/","og_locale":"fr_FR","og_type":"article","og_title":"SBB15 - SIMPLE BLACK BLS THUNDER-THUNDER 2.0 - %.","og_description":"Attache rapide pour pistolet Blaser pour HIK-Micro Thunder et HIK-Micro Thunder 2.0.","og_url":"https:\/\/contessascopemounts.com\/fr\/sbb15-simple-black-bls-thunder-thunder-2-0\/","og_site_name":"Contessa","article_publisher":"https:\/\/www.facebook.com\/contessascopemounts","og_image":[{"width":800,"height":800,"url":"https:\/\/contessascopemounts.com\/wp-content\/uploads\/2022\/02\/SBB15.jpg","type":"image\/jpeg"}],"twitter_card":"summary_large_image","schema":{"@context":"https:\/\/schema.org","@graph":[{"@type":"WebPage","@id":"https:\/\/contessascopemounts.com\/fr\/sbb15-simple-black-bls-thunder-thunder-2-0\/","url":"https:\/\/contessascopemounts.com\/fr\/sbb15-simple-black-bls-thunder-thunder-2-0\/","name":"SBB15 - SIMPLE BLACK BLS THUNDER-THUNDER 2.0 - %.","isPartOf":{"@id":"https:\/\/contessascopemounts.com\/fr\/#website"},"primaryImageOfPage":{"@id":"https:\/\/contessascopemounts.com\/fr\/sbb15-simple-black-bls-thunder-thunder-2-0\/#primaryimage"},"image":{"@id":"https:\/\/contessascopemounts.com\/fr\/sbb15-simple-black-bls-thunder-thunder-2-0\/#primaryimage"},"thumbnailUrl":"https:\/\/contessascopemounts.com\/wp-content\/uploads\/2022\/02\/SBB15.jpg","datePublished":"2025-10-04T18:42:57+00:00","description":"Attache rapide pour pistolet Blaser pour HIK-Micro Thunder et HIK-Micro Thunder 2.0.","breadcrumb":{"@id":"https:\/\/contessascopemounts.com\/fr\/sbb15-simple-black-bls-thunder-thunder-2-0\/#breadcrumb"},"inLanguage":"fr-FR","potentialAction":[{"@type":"ReadAction","target":["https:\/\/contessascopemounts.com\/fr\/sbb15-simple-black-bls-thunder-thunder-2-0\/"]}]},{"@type":"ImageObject","inLanguage":"fr-FR","@id":"https:\/\/contessascopemounts.com\/fr\/sbb15-simple-black-bls-thunder-thunder-2-0\/#primaryimage","url":"https:\/\/contessascopemounts.com\/wp-content\/uploads\/2022\/02\/SBB15.jpg","contentUrl":"https:\/\/contessascopemounts.com\/wp-content\/uploads\/2022\/02\/SBB15.jpg","width":800,"height":800},{"@type":"BreadcrumbList","@id":"https:\/\/contessascopemounts.com\/fr\/sbb15-simple-black-bls-thunder-thunder-2-0\/#breadcrumb","itemListElement":[{"@type":"ListItem","position":1,"name":"Home","item":"https:\/\/contessascopemounts.com\/fr\/"},{"@type":"ListItem","position":2,"name":"Produits","item":"https:\/\/contessascopemounts.com\/fr\/produits\/"},{"@type":"ListItem","position":3,"name":"SBB15 &#8211; SIMPLE BLACK BLS THUNDER-THUNDER 2.0"}]},{"@type":"WebSite","@id":"https:\/\/contessascopemounts.com\/fr\/#website","url":"https:\/\/contessascopemounts.com\/fr\/","name":"Contessa","description":"Professional Scope Mounts","publisher":{"@id":"https:\/\/contessascopemounts.com\/fr\/#organization"},"potentialAction":[{"@type":"SearchAction","target":{"@type":"EntryPoint","urlTemplate":"https:\/\/contessascopemounts.com\/fr\/?s={search_term_string}"},"query-input":{"@type":"PropertyValueSpecification","valueRequired":true,"valueName":"search_term_string"}}],"inLanguage":"fr-FR"},{"@type":"Organization","@id":"https:\/\/contessascopemounts.com\/fr\/#organization","name":"CONTESSA","url":"https:\/\/contessascopemounts.com\/fr\/","logo":{"@type":"ImageObject","inLanguage":"fr-FR","@id":"https:\/\/contessascopemounts.com\/fr\/#\/schema\/logo\/image\/","url":"https:\/\/contessascopemounts.com\/wp-content\/uploads\/2021\/04\/Contessa-supporti-per-ottiche-made-in-italy.png","contentUrl":"https:\/\/contessascopemounts.com\/wp-content\/uploads\/2021\/04\/Contessa-supporti-per-ottiche-made-in-italy.png","width":1000,"height":411,"caption":"CONTESSA"},"image":{"@id":"https:\/\/contessascopemounts.com\/fr\/#\/schema\/logo\/image\/"},"sameAs":["https:\/\/www.facebook.com\/contessascopemounts","https:\/\/www.instagram.com\/contessa_mounts\/?fbclid=IwAR0Yr8lwWVwN0ewOz1bCVK4ZAKI8lkRIVuhxyX56qNYkwSaMAUVleye6XiE","https:\/\/www.youtube.com\/channel\/UCEjBcvoWy-XvVVujqw-psXQ"]}]}},"_links":{"self":[{"href":"https:\/\/contessascopemounts.com\/fr\/wp-json\/wp\/v2\/product\/12148","targetHints":{"allow":["GET"]}}],"collection":[{"href":"https:\/\/contessascopemounts.com\/fr\/wp-json\/wp\/v2\/product"}],"about":[{"href":"https:\/\/contessascopemounts.com\/fr\/wp-json\/wp\/v2\/types\/product"}],"version-history":[{"count":0,"href":"https:\/\/contessascopemounts.com\/fr\/wp-json\/wp\/v2\/product\/12148\/revisions"}],"wp:featuredmedia":[{"embeddable":true,"href":"https:\/\/contessascopemounts.com\/fr\/wp-json\/wp\/v2\/media\/12052"}],"wp:attachment":[{"href":"https:\/\/contessascopemounts.com\/fr\/wp-json\/wp\/v2\/media?parent=12148"}],"wp:term":[{"taxonomy":"product_brand","embeddable":true,"href":"https:\/\/contessascopemounts.com\/fr\/wp-json\/wp\/v2\/product_brand?post=12148"},{"taxonomy":"product_cat","embeddable":true,"href":"https:\/\/contessascopemounts.com\/fr\/wp-json\/wp\/v2\/product_cat?post=12148"},{"taxonomy":"product_tag","embeddable":true,"href":"https:\/\/contessascopemounts.com\/fr\/wp-json\/wp\/v2\/product_tag?post=12148"}],"curies":[{"name":"wp","href":"https:\/\/api.w.org\/{rel}","templated":true}]}}