{"id":12045,"date":"2025-10-04T20:42:49","date_gmt":"2025-10-04T18:42:49","guid":{"rendered":"https:\/\/contessascopemounts.com\/?post_type=product&#038;p=12045"},"modified":"2025-10-04T20:42:49","modified_gmt":"2025-10-04T18:42:49","slug":"sbp20-simple-black-picatinny-panther","status":"publish","type":"product","link":"https:\/\/contessascopemounts.com\/fr\/sbp20-simple-black-picatinny-panther\/","title":{"rendered":"SBP20 &#8211; SIMPLE BLACK PICATINNY PANTHER"},"content":{"rendered":"","protected":false},"excerpt":{"rendered":"<ul>\n<li><span style=\"font-weight: 400;\">Fixation rapide avec levier \u00e0 gauche pour les rails Picatinny pour la visionneuse thermique <strong>HIK-MICRO Panther<\/strong>.<\/span><\/li>\n<li><span style=\"font-weight: 400;\">Sur demande, le produit peut \u00eatre \u00e9quip\u00e9 d&#8217;une barre transversale. <\/span><b>T\u00c9L\u00c9VISEUR<\/b><span style=\"font-weight: 400;\">. <\/span> <\/li>\n<li><span style=\"font-weight: 400;\">Le syst\u00e8me brevet\u00e9 de d\u00e9clenchement rapide de Contessa garantit un calibrage r\u00e9p\u00e9table entre les d\u00e9clenchements.<\/span><\/li>\n<li>Vis de montage et cl\u00e9s de serrage incluses.<\/li>\n<\/ul>\n<p>&nbsp;<\/p>\n<hr>\n<p>&nbsp;<\/p>\n<p style=\"text-align: center;\">Vous avez besoin de plus d&#8217;informations ?<\/p>\n<p>&nbsp;<\/p>\n<p style=\"text-align: center;\">[maxbutton id=\"4\" extraclass=\"popmake-3707\"]<\/p>\n","protected":false},"featured_media":12047,"template":"","meta":[],"product_brand":[],"product_cat":[728,736,729],"product_tag":[695,696],"class_list":{"0":"post-12045","1":"product","2":"type-product","3":"status-publish","4":"has-post-thumbnail","6":"product_cat-attaques","7":"product_cat-ouverture-rapide-pour-les-lunettes-de-vision-nocturne","8":"product_cat-picatinny-4","9":"product_tag-attaques_picatinny","10":"product_tag-traineaux-picatinny","12":"first","13":"instock","14":"shipping-taxable","15":"product-type-simple"},"yoast_head":"<!-- This site is optimized with the Yoast SEO plugin v27.5 - https:\/\/yoast.com\/product\/yoast-seo-wordpress\/ -->\n<title>SBP20 - SIMPLE BLACK PICATINNY PANTHER - %.<\/title>\n<meta name=\"description\" content=\"Fixation rapide avec levier gauche pour les rails Picatinny. D\u00e9di\u00e9 \u00e0 la visi\u00e8re thermique HIK-MICRO Panther.\" \/>\n<meta name=\"robots\" content=\"index, follow, max-snippet:-1, max-image-preview:large, max-video-preview:-1\" \/>\n<link rel=\"canonical\" href=\"https:\/\/contessascopemounts.com\/fr\/sbp20-simple-black-picatinny-panther\/\" \/>\n<meta property=\"og:locale\" content=\"fr_FR\" \/>\n<meta property=\"og:type\" content=\"article\" \/>\n<meta property=\"og:title\" content=\"SBP20 - SIMPLE BLACK PICATINNY PANTHER - %.\" \/>\n<meta property=\"og:description\" content=\"Fixation rapide avec levier gauche pour les rails Picatinny. D\u00e9di\u00e9 \u00e0 la visi\u00e8re thermique HIK-MICRO Panther.\" \/>\n<meta property=\"og:url\" content=\"https:\/\/contessascopemounts.com\/fr\/sbp20-simple-black-picatinny-panther\/\" \/>\n<meta property=\"og:site_name\" content=\"Contessa\" \/>\n<meta property=\"article:publisher\" content=\"https:\/\/www.facebook.com\/contessascopemounts\" \/>\n<meta property=\"og:image\" content=\"https:\/\/contessascopemounts.com\/wp-content\/uploads\/2022\/02\/SBP15.jpg\" \/>\n\t<meta property=\"og:image:width\" content=\"800\" \/>\n\t<meta property=\"og:image:height\" content=\"800\" \/>\n\t<meta property=\"og:image:type\" content=\"image\/jpeg\" \/>\n<meta name=\"twitter:card\" content=\"summary_large_image\" \/>\n<script type=\"application\/ld+json\" class=\"yoast-schema-graph\">{\"@context\":\"https:\\\/\\\/schema.org\",\"@graph\":[{\"@type\":\"WebPage\",\"@id\":\"https:\\\/\\\/contessascopemounts.com\\\/fr\\\/sbp20-simple-black-picatinny-panther\\\/\",\"url\":\"https:\\\/\\\/contessascopemounts.com\\\/fr\\\/sbp20-simple-black-picatinny-panther\\\/\",\"name\":\"SBP20 - SIMPLE BLACK PICATINNY PANTHER - %.\",\"isPartOf\":{\"@id\":\"https:\\\/\\\/contessascopemounts.com\\\/fr\\\/#website\"},\"primaryImageOfPage\":{\"@id\":\"https:\\\/\\\/contessascopemounts.com\\\/fr\\\/sbp20-simple-black-picatinny-panther\\\/#primaryimage\"},\"image\":{\"@id\":\"https:\\\/\\\/contessascopemounts.com\\\/fr\\\/sbp20-simple-black-picatinny-panther\\\/#primaryimage\"},\"thumbnailUrl\":\"https:\\\/\\\/contessascopemounts.com\\\/wp-content\\\/uploads\\\/2022\\\/02\\\/SBP15.jpg\",\"datePublished\":\"2025-10-04T18:42:49+00:00\",\"description\":\"Fixation rapide avec levier gauche pour les rails Picatinny. D\u00e9di\u00e9 \u00e0 la visi\u00e8re thermique HIK-MICRO Panther.\",\"breadcrumb\":{\"@id\":\"https:\\\/\\\/contessascopemounts.com\\\/fr\\\/sbp20-simple-black-picatinny-panther\\\/#breadcrumb\"},\"inLanguage\":\"fr-FR\",\"potentialAction\":[{\"@type\":\"ReadAction\",\"target\":[\"https:\\\/\\\/contessascopemounts.com\\\/fr\\\/sbp20-simple-black-picatinny-panther\\\/\"]}]},{\"@type\":\"ImageObject\",\"inLanguage\":\"fr-FR\",\"@id\":\"https:\\\/\\\/contessascopemounts.com\\\/fr\\\/sbp20-simple-black-picatinny-panther\\\/#primaryimage\",\"url\":\"https:\\\/\\\/contessascopemounts.com\\\/wp-content\\\/uploads\\\/2022\\\/02\\\/SBP15.jpg\",\"contentUrl\":\"https:\\\/\\\/contessascopemounts.com\\\/wp-content\\\/uploads\\\/2022\\\/02\\\/SBP15.jpg\",\"width\":800,\"height\":800},{\"@type\":\"BreadcrumbList\",\"@id\":\"https:\\\/\\\/contessascopemounts.com\\\/fr\\\/sbp20-simple-black-picatinny-panther\\\/#breadcrumb\",\"itemListElement\":[{\"@type\":\"ListItem\",\"position\":1,\"name\":\"Home\",\"item\":\"https:\\\/\\\/contessascopemounts.com\\\/fr\\\/\"},{\"@type\":\"ListItem\",\"position\":2,\"name\":\"Produits\",\"item\":\"https:\\\/\\\/contessascopemounts.com\\\/fr\\\/produits\\\/\"},{\"@type\":\"ListItem\",\"position\":3,\"name\":\"SBP20 &#8211; SIMPLE BLACK PICATINNY PANTHER\"}]},{\"@type\":\"WebSite\",\"@id\":\"https:\\\/\\\/contessascopemounts.com\\\/fr\\\/#website\",\"url\":\"https:\\\/\\\/contessascopemounts.com\\\/fr\\\/\",\"name\":\"Contessa\",\"description\":\"Professional Scope Mounts\",\"publisher\":{\"@id\":\"https:\\\/\\\/contessascopemounts.com\\\/fr\\\/#organization\"},\"potentialAction\":[{\"@type\":\"SearchAction\",\"target\":{\"@type\":\"EntryPoint\",\"urlTemplate\":\"https:\\\/\\\/contessascopemounts.com\\\/fr\\\/?s={search_term_string}\"},\"query-input\":{\"@type\":\"PropertyValueSpecification\",\"valueRequired\":true,\"valueName\":\"search_term_string\"}}],\"inLanguage\":\"fr-FR\"},{\"@type\":\"Organization\",\"@id\":\"https:\\\/\\\/contessascopemounts.com\\\/fr\\\/#organization\",\"name\":\"CONTESSA\",\"url\":\"https:\\\/\\\/contessascopemounts.com\\\/fr\\\/\",\"logo\":{\"@type\":\"ImageObject\",\"inLanguage\":\"fr-FR\",\"@id\":\"https:\\\/\\\/contessascopemounts.com\\\/fr\\\/#\\\/schema\\\/logo\\\/image\\\/\",\"url\":\"https:\\\/\\\/contessascopemounts.com\\\/wp-content\\\/uploads\\\/2021\\\/04\\\/Contessa-supporti-per-ottiche-made-in-italy.png\",\"contentUrl\":\"https:\\\/\\\/contessascopemounts.com\\\/wp-content\\\/uploads\\\/2021\\\/04\\\/Contessa-supporti-per-ottiche-made-in-italy.png\",\"width\":1000,\"height\":411,\"caption\":\"CONTESSA\"},\"image\":{\"@id\":\"https:\\\/\\\/contessascopemounts.com\\\/fr\\\/#\\\/schema\\\/logo\\\/image\\\/\"},\"sameAs\":[\"https:\\\/\\\/www.facebook.com\\\/contessascopemounts\",\"https:\\\/\\\/www.instagram.com\\\/contessa_mounts\\\/?fbclid=IwAR0Yr8lwWVwN0ewOz1bCVK4ZAKI8lkRIVuhxyX56qNYkwSaMAUVleye6XiE\",\"https:\\\/\\\/www.youtube.com\\\/channel\\\/UCEjBcvoWy-XvVVujqw-psXQ\"]}]}<\/script>\n<!-- \/ Yoast SEO plugin. -->","yoast_head_json":{"title":"SBP20 - SIMPLE BLACK PICATINNY PANTHER - %.","description":"Fixation rapide avec levier gauche pour les rails Picatinny. D\u00e9di\u00e9 \u00e0 la visi\u00e8re thermique HIK-MICRO Panther.","robots":{"index":"index","follow":"follow","max-snippet":"max-snippet:-1","max-image-preview":"max-image-preview:large","max-video-preview":"max-video-preview:-1"},"canonical":"https:\/\/contessascopemounts.com\/fr\/sbp20-simple-black-picatinny-panther\/","og_locale":"fr_FR","og_type":"article","og_title":"SBP20 - SIMPLE BLACK PICATINNY PANTHER - %.","og_description":"Fixation rapide avec levier gauche pour les rails Picatinny. D\u00e9di\u00e9 \u00e0 la visi\u00e8re thermique HIK-MICRO Panther.","og_url":"https:\/\/contessascopemounts.com\/fr\/sbp20-simple-black-picatinny-panther\/","og_site_name":"Contessa","article_publisher":"https:\/\/www.facebook.com\/contessascopemounts","og_image":[{"width":800,"height":800,"url":"https:\/\/contessascopemounts.com\/wp-content\/uploads\/2022\/02\/SBP15.jpg","type":"image\/jpeg"}],"twitter_card":"summary_large_image","schema":{"@context":"https:\/\/schema.org","@graph":[{"@type":"WebPage","@id":"https:\/\/contessascopemounts.com\/fr\/sbp20-simple-black-picatinny-panther\/","url":"https:\/\/contessascopemounts.com\/fr\/sbp20-simple-black-picatinny-panther\/","name":"SBP20 - SIMPLE BLACK PICATINNY PANTHER - %.","isPartOf":{"@id":"https:\/\/contessascopemounts.com\/fr\/#website"},"primaryImageOfPage":{"@id":"https:\/\/contessascopemounts.com\/fr\/sbp20-simple-black-picatinny-panther\/#primaryimage"},"image":{"@id":"https:\/\/contessascopemounts.com\/fr\/sbp20-simple-black-picatinny-panther\/#primaryimage"},"thumbnailUrl":"https:\/\/contessascopemounts.com\/wp-content\/uploads\/2022\/02\/SBP15.jpg","datePublished":"2025-10-04T18:42:49+00:00","description":"Fixation rapide avec levier gauche pour les rails Picatinny. D\u00e9di\u00e9 \u00e0 la visi\u00e8re thermique HIK-MICRO Panther.","breadcrumb":{"@id":"https:\/\/contessascopemounts.com\/fr\/sbp20-simple-black-picatinny-panther\/#breadcrumb"},"inLanguage":"fr-FR","potentialAction":[{"@type":"ReadAction","target":["https:\/\/contessascopemounts.com\/fr\/sbp20-simple-black-picatinny-panther\/"]}]},{"@type":"ImageObject","inLanguage":"fr-FR","@id":"https:\/\/contessascopemounts.com\/fr\/sbp20-simple-black-picatinny-panther\/#primaryimage","url":"https:\/\/contessascopemounts.com\/wp-content\/uploads\/2022\/02\/SBP15.jpg","contentUrl":"https:\/\/contessascopemounts.com\/wp-content\/uploads\/2022\/02\/SBP15.jpg","width":800,"height":800},{"@type":"BreadcrumbList","@id":"https:\/\/contessascopemounts.com\/fr\/sbp20-simple-black-picatinny-panther\/#breadcrumb","itemListElement":[{"@type":"ListItem","position":1,"name":"Home","item":"https:\/\/contessascopemounts.com\/fr\/"},{"@type":"ListItem","position":2,"name":"Produits","item":"https:\/\/contessascopemounts.com\/fr\/produits\/"},{"@type":"ListItem","position":3,"name":"SBP20 &#8211; SIMPLE BLACK PICATINNY PANTHER"}]},{"@type":"WebSite","@id":"https:\/\/contessascopemounts.com\/fr\/#website","url":"https:\/\/contessascopemounts.com\/fr\/","name":"Contessa","description":"Professional Scope Mounts","publisher":{"@id":"https:\/\/contessascopemounts.com\/fr\/#organization"},"potentialAction":[{"@type":"SearchAction","target":{"@type":"EntryPoint","urlTemplate":"https:\/\/contessascopemounts.com\/fr\/?s={search_term_string}"},"query-input":{"@type":"PropertyValueSpecification","valueRequired":true,"valueName":"search_term_string"}}],"inLanguage":"fr-FR"},{"@type":"Organization","@id":"https:\/\/contessascopemounts.com\/fr\/#organization","name":"CONTESSA","url":"https:\/\/contessascopemounts.com\/fr\/","logo":{"@type":"ImageObject","inLanguage":"fr-FR","@id":"https:\/\/contessascopemounts.com\/fr\/#\/schema\/logo\/image\/","url":"https:\/\/contessascopemounts.com\/wp-content\/uploads\/2021\/04\/Contessa-supporti-per-ottiche-made-in-italy.png","contentUrl":"https:\/\/contessascopemounts.com\/wp-content\/uploads\/2021\/04\/Contessa-supporti-per-ottiche-made-in-italy.png","width":1000,"height":411,"caption":"CONTESSA"},"image":{"@id":"https:\/\/contessascopemounts.com\/fr\/#\/schema\/logo\/image\/"},"sameAs":["https:\/\/www.facebook.com\/contessascopemounts","https:\/\/www.instagram.com\/contessa_mounts\/?fbclid=IwAR0Yr8lwWVwN0ewOz1bCVK4ZAKI8lkRIVuhxyX56qNYkwSaMAUVleye6XiE","https:\/\/www.youtube.com\/channel\/UCEjBcvoWy-XvVVujqw-psXQ"]}]}},"_links":{"self":[{"href":"https:\/\/contessascopemounts.com\/fr\/wp-json\/wp\/v2\/product\/12045","targetHints":{"allow":["GET"]}}],"collection":[{"href":"https:\/\/contessascopemounts.com\/fr\/wp-json\/wp\/v2\/product"}],"about":[{"href":"https:\/\/contessascopemounts.com\/fr\/wp-json\/wp\/v2\/types\/product"}],"version-history":[{"count":0,"href":"https:\/\/contessascopemounts.com\/fr\/wp-json\/wp\/v2\/product\/12045\/revisions"}],"wp:featuredmedia":[{"embeddable":true,"href":"https:\/\/contessascopemounts.com\/fr\/wp-json\/wp\/v2\/media\/12047"}],"wp:attachment":[{"href":"https:\/\/contessascopemounts.com\/fr\/wp-json\/wp\/v2\/media?parent=12045"}],"wp:term":[{"taxonomy":"product_brand","embeddable":true,"href":"https:\/\/contessascopemounts.com\/fr\/wp-json\/wp\/v2\/product_brand?post=12045"},{"taxonomy":"product_cat","embeddable":true,"href":"https:\/\/contessascopemounts.com\/fr\/wp-json\/wp\/v2\/product_cat?post=12045"},{"taxonomy":"product_tag","embeddable":true,"href":"https:\/\/contessascopemounts.com\/fr\/wp-json\/wp\/v2\/product_tag?post=12045"}],"curies":[{"name":"wp","href":"https:\/\/api.w.org\/{rel}","templated":true}]}}