{"id":9815,"date":"2025-07-22T19:33:45","date_gmt":"2025-07-22T17:33:45","guid":{"rendered":"https:\/\/contessascopemounts.com\/?post_type=product&#038;p=9815"},"modified":"2025-07-22T19:33:45","modified_gmt":"2025-07-22T17:33:45","slug":"spp05-b-anillas-picatinny-de-acero-o40mm-medi","status":"publish","type":"product","link":"https:\/\/contessascopemounts.com\/es\/spp05-b-anillas-picatinny-de-acero-o40mm-medi\/","title":{"rendered":"SPP05\/B &#8211; Anillas Picatinny de acero \u00f840mm Medi"},"content":{"rendered":"","protected":false},"excerpt":{"rendered":"<ul>\n<li><span style=\"font-weight: 400;\">Par de anillas de acero templado para gu\u00edas PICATINNY o WEAVER.<\/span><\/li>\n<li style=\"font-weight: 400;\" aria-level=\"1\"><span style=\"font-weight: 400;\">Los anillos Contessa SPP est\u00e1n dise\u00f1ados para ofrecer resistencia a largo plazo, integridad y m\u00e1ximo rendimiento en su uso. Pueden equiparse con un tope de 4,80 mm de ancho para ra\u00edles Picatinny o con un tope de 3,80 mm de ancho para ra\u00edles Weaver.<\/span><\/li>\n<li aria-level=\"1\"><span style=\"font-weight: 400;\">Disponible con cierres fijos o r\u00e1pidos.<\/span><\/li>\n<li aria-level=\"1\"><span style=\"font-weight: 400;\">\u00f8 40 mm H 14,5 mm<\/span><\/li>\n<\/ul>\n<p><span style=\"font-size: 12px;\"><span style=\"color: #000000;\"><span style=\"font-weight: 400;\">  Para ra\u00edles Picatinny:<\/span><\/span><\/span><\/p>\n<ul>\n<li><span style=\"font-size: 12px;\"><span style=\"color: #000000;\"><span style=\"font-weight: 400;\">  C\u00f3digo SPP05\/B &#8211; fijo <\/span><\/span><\/span><\/li>\n<li><span style=\"font-size: 12px;\"><span style=\"color: #000000;\"><span style=\"font-weight: 400;\">  C\u00f3digo SPP05\/B\/SR &#8211; cierre r\u00e1pido <\/span><\/span><\/span><\/li>\n<\/ul>\n<p><span style=\"font-size: 12px;\"><span style=\"color: #000000;\"><span style=\"font-weight: 400;\">  Para gu\u00edas Weaver:<\/span><\/span><\/span><\/p>\n<ul>\n<li><span style=\"font-size: 12px;\"><span style=\"color: #000000;\"><span style=\"font-weight: 400;\">                         <\/span><span style=\"font-weight: 400;\"><b>  <\/b>C\u00f3digo SPP05W\/B &#8211; fijo <\/span><\/span><\/span><\/li>\n<li><span style=\"font-size: 12px;\"><span style=\"color: #000000;\"><span style=\"font-weight: 400;\">  C\u00f3digo SPP05W\/B\/SR &#8211; cierre r\u00e1pido <\/span><\/span><\/span><\/li>\n<\/ul>\n<p>&nbsp;<\/p>\n<hr>\n<p>&nbsp;<\/p>\n<p style=\"text-align: center;\">\u00bfNecesitas m\u00e1s informaci\u00f3n?<\/p>\n<p>&nbsp;<\/p>\n<p style=\"text-align: center;\">[maxbutton id=\"4\" extraclass=\"popmake-3707\"]<\/p>\n","protected":false},"featured_media":9720,"template":"","meta":[],"product_brand":[],"product_cat":[396,397,504,398,499],"product_tag":[505,386,500],"class_list":{"0":"post-9815","1":"product","2":"type-product","3":"status-publish","4":"has-post-thumbnail","6":"product_cat-anillos","7":"product_cat-diametros","8":"product_cat-o-40-mm-es","9":"product_cat-picatinny-weaver-es","10":"product_cat-spp-es","11":"product_tag-40mm-es","12":"product_tag-slitte_picatinny-es","13":"product_tag-spp-es","15":"first","16":"instock","17":"shipping-taxable","18":"product-type-simple"},"yoast_head":"<!-- This site is optimized with the Yoast SEO plugin v27.4 - https:\/\/yoast.com\/product\/yoast-seo-wordpress\/ -->\n<title>SPP05\/B - Anillas Picatinny de acero \u00f840mm Medi - %<\/title>\n<meta name=\"description\" content=\"Los anillos Contessa SPP est\u00e1n dise\u00f1ados para ofrecer resistencia a largo plazo, integridad y m\u00e1ximo rendimiento en su uso. Pueden equiparse con un tope de 4,80 mm de ancho para ra\u00edles Picatinny o con un tope de 3,80 mm de ancho para ra\u00edles Weaver.\" \/>\n<meta name=\"robots\" content=\"index, follow, max-snippet:-1, max-image-preview:large, max-video-preview:-1\" \/>\n<link rel=\"canonical\" href=\"https:\/\/contessascopemounts.com\/es\/spp05-b-anillas-picatinny-de-acero-o40mm-medi\/\" \/>\n<meta property=\"og:locale\" content=\"es_ES\" \/>\n<meta property=\"og:type\" content=\"article\" \/>\n<meta property=\"og:title\" content=\"SPP05\/B - Anillas Picatinny de acero \u00f840mm Medi - %\" \/>\n<meta property=\"og:description\" content=\"Los anillos Contessa SPP est\u00e1n dise\u00f1ados para ofrecer resistencia a largo plazo, integridad y m\u00e1ximo rendimiento en su uso. Pueden equiparse con un tope de 4,80 mm de ancho para ra\u00edles Picatinny o con un tope de 3,80 mm de ancho para ra\u00edles Weaver.\" \/>\n<meta property=\"og:url\" content=\"https:\/\/contessascopemounts.com\/es\/spp05-b-anillas-picatinny-de-acero-o40mm-medi\/\" \/>\n<meta property=\"og:site_name\" content=\"Contessa\" \/>\n<meta property=\"article:publisher\" content=\"https:\/\/www.facebook.com\/contessascopemounts\" \/>\n<meta property=\"og:image\" content=\"https:\/\/contessascopemounts.com\/wp-content\/uploads\/2021\/09\/ANELLI-2.jpg\" \/>\n\t<meta property=\"og:image:width\" content=\"800\" \/>\n\t<meta property=\"og:image:height\" content=\"800\" \/>\n\t<meta property=\"og:image:type\" content=\"image\/jpeg\" \/>\n<meta name=\"twitter:card\" content=\"summary_large_image\" \/>\n<script type=\"application\/ld+json\" class=\"yoast-schema-graph\">{\"@context\":\"https:\\\/\\\/schema.org\",\"@graph\":[{\"@type\":\"WebPage\",\"@id\":\"https:\\\/\\\/contessascopemounts.com\\\/es\\\/spp05-b-anillas-picatinny-de-acero-o40mm-medi\\\/\",\"url\":\"https:\\\/\\\/contessascopemounts.com\\\/es\\\/spp05-b-anillas-picatinny-de-acero-o40mm-medi\\\/\",\"name\":\"SPP05\\\/B - Anillas Picatinny de acero \u00f840mm Medi - %\",\"isPartOf\":{\"@id\":\"https:\\\/\\\/contessascopemounts.com\\\/es\\\/#website\"},\"primaryImageOfPage\":{\"@id\":\"https:\\\/\\\/contessascopemounts.com\\\/es\\\/spp05-b-anillas-picatinny-de-acero-o40mm-medi\\\/#primaryimage\"},\"image\":{\"@id\":\"https:\\\/\\\/contessascopemounts.com\\\/es\\\/spp05-b-anillas-picatinny-de-acero-o40mm-medi\\\/#primaryimage\"},\"thumbnailUrl\":\"https:\\\/\\\/contessascopemounts.com\\\/wp-content\\\/uploads\\\/2021\\\/09\\\/ANELLI-2.jpg\",\"datePublished\":\"2025-07-22T17:33:45+00:00\",\"description\":\"Los anillos Contessa SPP est\u00e1n dise\u00f1ados para ofrecer resistencia a largo plazo, integridad y m\u00e1ximo rendimiento en su uso. Pueden equiparse con un tope de 4,80 mm de ancho para ra\u00edles Picatinny o con un tope de 3,80 mm de ancho para ra\u00edles Weaver.\",\"breadcrumb\":{\"@id\":\"https:\\\/\\\/contessascopemounts.com\\\/es\\\/spp05-b-anillas-picatinny-de-acero-o40mm-medi\\\/#breadcrumb\"},\"inLanguage\":\"es\",\"potentialAction\":[{\"@type\":\"ReadAction\",\"target\":[\"https:\\\/\\\/contessascopemounts.com\\\/es\\\/spp05-b-anillas-picatinny-de-acero-o40mm-medi\\\/\"]}]},{\"@type\":\"ImageObject\",\"inLanguage\":\"es\",\"@id\":\"https:\\\/\\\/contessascopemounts.com\\\/es\\\/spp05-b-anillas-picatinny-de-acero-o40mm-medi\\\/#primaryimage\",\"url\":\"https:\\\/\\\/contessascopemounts.com\\\/wp-content\\\/uploads\\\/2021\\\/09\\\/ANELLI-2.jpg\",\"contentUrl\":\"https:\\\/\\\/contessascopemounts.com\\\/wp-content\\\/uploads\\\/2021\\\/09\\\/ANELLI-2.jpg\",\"width\":800,\"height\":800},{\"@type\":\"BreadcrumbList\",\"@id\":\"https:\\\/\\\/contessascopemounts.com\\\/es\\\/spp05-b-anillas-picatinny-de-acero-o40mm-medi\\\/#breadcrumb\",\"itemListElement\":[{\"@type\":\"ListItem\",\"position\":1,\"name\":\"Home\",\"item\":\"https:\\\/\\\/contessascopemounts.com\\\/es\\\/\"},{\"@type\":\"ListItem\",\"position\":2,\"name\":\"Productos\",\"item\":\"https:\\\/\\\/contessascopemounts.com\\\/es\\\/productos\\\/\"},{\"@type\":\"ListItem\",\"position\":3,\"name\":\"SPP05\\\/B &#8211; Anillas Picatinny de acero \u00f840mm Medi\"}]},{\"@type\":\"WebSite\",\"@id\":\"https:\\\/\\\/contessascopemounts.com\\\/es\\\/#website\",\"url\":\"https:\\\/\\\/contessascopemounts.com\\\/es\\\/\",\"name\":\"Contessa\",\"description\":\"Professional Scope Mounts\",\"publisher\":{\"@id\":\"https:\\\/\\\/contessascopemounts.com\\\/es\\\/#organization\"},\"potentialAction\":[{\"@type\":\"SearchAction\",\"target\":{\"@type\":\"EntryPoint\",\"urlTemplate\":\"https:\\\/\\\/contessascopemounts.com\\\/es\\\/?s={search_term_string}\"},\"query-input\":{\"@type\":\"PropertyValueSpecification\",\"valueRequired\":true,\"valueName\":\"search_term_string\"}}],\"inLanguage\":\"es\"},{\"@type\":\"Organization\",\"@id\":\"https:\\\/\\\/contessascopemounts.com\\\/es\\\/#organization\",\"name\":\"CONTESSA\",\"url\":\"https:\\\/\\\/contessascopemounts.com\\\/es\\\/\",\"logo\":{\"@type\":\"ImageObject\",\"inLanguage\":\"es\",\"@id\":\"https:\\\/\\\/contessascopemounts.com\\\/es\\\/#\\\/schema\\\/logo\\\/image\\\/\",\"url\":\"https:\\\/\\\/contessascopemounts.com\\\/wp-content\\\/uploads\\\/2021\\\/04\\\/Contessa-supporti-per-ottiche-made-in-italy.png\",\"contentUrl\":\"https:\\\/\\\/contessascopemounts.com\\\/wp-content\\\/uploads\\\/2021\\\/04\\\/Contessa-supporti-per-ottiche-made-in-italy.png\",\"width\":1000,\"height\":411,\"caption\":\"CONTESSA\"},\"image\":{\"@id\":\"https:\\\/\\\/contessascopemounts.com\\\/es\\\/#\\\/schema\\\/logo\\\/image\\\/\"},\"sameAs\":[\"https:\\\/\\\/www.facebook.com\\\/contessascopemounts\",\"https:\\\/\\\/www.instagram.com\\\/contessa_mounts\\\/?fbclid=IwAR0Yr8lwWVwN0ewOz1bCVK4ZAKI8lkRIVuhxyX56qNYkwSaMAUVleye6XiE\",\"https:\\\/\\\/www.youtube.com\\\/channel\\\/UCEjBcvoWy-XvVVujqw-psXQ\"]}]}<\/script>\n<!-- \/ Yoast SEO plugin. -->","yoast_head_json":{"title":"SPP05\/B - Anillas Picatinny de acero \u00f840mm Medi - %","description":"Los anillos Contessa SPP est\u00e1n dise\u00f1ados para ofrecer resistencia a largo plazo, integridad y m\u00e1ximo rendimiento en su uso. Pueden equiparse con un tope de 4,80 mm de ancho para ra\u00edles Picatinny o con un tope de 3,80 mm de ancho para ra\u00edles Weaver.","robots":{"index":"index","follow":"follow","max-snippet":"max-snippet:-1","max-image-preview":"max-image-preview:large","max-video-preview":"max-video-preview:-1"},"canonical":"https:\/\/contessascopemounts.com\/es\/spp05-b-anillas-picatinny-de-acero-o40mm-medi\/","og_locale":"es_ES","og_type":"article","og_title":"SPP05\/B - Anillas Picatinny de acero \u00f840mm Medi - %","og_description":"Los anillos Contessa SPP est\u00e1n dise\u00f1ados para ofrecer resistencia a largo plazo, integridad y m\u00e1ximo rendimiento en su uso. Pueden equiparse con un tope de 4,80 mm de ancho para ra\u00edles Picatinny o con un tope de 3,80 mm de ancho para ra\u00edles Weaver.","og_url":"https:\/\/contessascopemounts.com\/es\/spp05-b-anillas-picatinny-de-acero-o40mm-medi\/","og_site_name":"Contessa","article_publisher":"https:\/\/www.facebook.com\/contessascopemounts","og_image":[{"width":800,"height":800,"url":"https:\/\/contessascopemounts.com\/wp-content\/uploads\/2021\/09\/ANELLI-2.jpg","type":"image\/jpeg"}],"twitter_card":"summary_large_image","schema":{"@context":"https:\/\/schema.org","@graph":[{"@type":"WebPage","@id":"https:\/\/contessascopemounts.com\/es\/spp05-b-anillas-picatinny-de-acero-o40mm-medi\/","url":"https:\/\/contessascopemounts.com\/es\/spp05-b-anillas-picatinny-de-acero-o40mm-medi\/","name":"SPP05\/B - Anillas Picatinny de acero \u00f840mm Medi - %","isPartOf":{"@id":"https:\/\/contessascopemounts.com\/es\/#website"},"primaryImageOfPage":{"@id":"https:\/\/contessascopemounts.com\/es\/spp05-b-anillas-picatinny-de-acero-o40mm-medi\/#primaryimage"},"image":{"@id":"https:\/\/contessascopemounts.com\/es\/spp05-b-anillas-picatinny-de-acero-o40mm-medi\/#primaryimage"},"thumbnailUrl":"https:\/\/contessascopemounts.com\/wp-content\/uploads\/2021\/09\/ANELLI-2.jpg","datePublished":"2025-07-22T17:33:45+00:00","description":"Los anillos Contessa SPP est\u00e1n dise\u00f1ados para ofrecer resistencia a largo plazo, integridad y m\u00e1ximo rendimiento en su uso. Pueden equiparse con un tope de 4,80 mm de ancho para ra\u00edles Picatinny o con un tope de 3,80 mm de ancho para ra\u00edles Weaver.","breadcrumb":{"@id":"https:\/\/contessascopemounts.com\/es\/spp05-b-anillas-picatinny-de-acero-o40mm-medi\/#breadcrumb"},"inLanguage":"es","potentialAction":[{"@type":"ReadAction","target":["https:\/\/contessascopemounts.com\/es\/spp05-b-anillas-picatinny-de-acero-o40mm-medi\/"]}]},{"@type":"ImageObject","inLanguage":"es","@id":"https:\/\/contessascopemounts.com\/es\/spp05-b-anillas-picatinny-de-acero-o40mm-medi\/#primaryimage","url":"https:\/\/contessascopemounts.com\/wp-content\/uploads\/2021\/09\/ANELLI-2.jpg","contentUrl":"https:\/\/contessascopemounts.com\/wp-content\/uploads\/2021\/09\/ANELLI-2.jpg","width":800,"height":800},{"@type":"BreadcrumbList","@id":"https:\/\/contessascopemounts.com\/es\/spp05-b-anillas-picatinny-de-acero-o40mm-medi\/#breadcrumb","itemListElement":[{"@type":"ListItem","position":1,"name":"Home","item":"https:\/\/contessascopemounts.com\/es\/"},{"@type":"ListItem","position":2,"name":"Productos","item":"https:\/\/contessascopemounts.com\/es\/productos\/"},{"@type":"ListItem","position":3,"name":"SPP05\/B &#8211; Anillas Picatinny de acero \u00f840mm Medi"}]},{"@type":"WebSite","@id":"https:\/\/contessascopemounts.com\/es\/#website","url":"https:\/\/contessascopemounts.com\/es\/","name":"Contessa","description":"Professional Scope Mounts","publisher":{"@id":"https:\/\/contessascopemounts.com\/es\/#organization"},"potentialAction":[{"@type":"SearchAction","target":{"@type":"EntryPoint","urlTemplate":"https:\/\/contessascopemounts.com\/es\/?s={search_term_string}"},"query-input":{"@type":"PropertyValueSpecification","valueRequired":true,"valueName":"search_term_string"}}],"inLanguage":"es"},{"@type":"Organization","@id":"https:\/\/contessascopemounts.com\/es\/#organization","name":"CONTESSA","url":"https:\/\/contessascopemounts.com\/es\/","logo":{"@type":"ImageObject","inLanguage":"es","@id":"https:\/\/contessascopemounts.com\/es\/#\/schema\/logo\/image\/","url":"https:\/\/contessascopemounts.com\/wp-content\/uploads\/2021\/04\/Contessa-supporti-per-ottiche-made-in-italy.png","contentUrl":"https:\/\/contessascopemounts.com\/wp-content\/uploads\/2021\/04\/Contessa-supporti-per-ottiche-made-in-italy.png","width":1000,"height":411,"caption":"CONTESSA"},"image":{"@id":"https:\/\/contessascopemounts.com\/es\/#\/schema\/logo\/image\/"},"sameAs":["https:\/\/www.facebook.com\/contessascopemounts","https:\/\/www.instagram.com\/contessa_mounts\/?fbclid=IwAR0Yr8lwWVwN0ewOz1bCVK4ZAKI8lkRIVuhxyX56qNYkwSaMAUVleye6XiE","https:\/\/www.youtube.com\/channel\/UCEjBcvoWy-XvVVujqw-psXQ"]}]}},"_links":{"self":[{"href":"https:\/\/contessascopemounts.com\/es\/wp-json\/wp\/v2\/product\/9815","targetHints":{"allow":["GET"]}}],"collection":[{"href":"https:\/\/contessascopemounts.com\/es\/wp-json\/wp\/v2\/product"}],"about":[{"href":"https:\/\/contessascopemounts.com\/es\/wp-json\/wp\/v2\/types\/product"}],"version-history":[{"count":0,"href":"https:\/\/contessascopemounts.com\/es\/wp-json\/wp\/v2\/product\/9815\/revisions"}],"wp:featuredmedia":[{"embeddable":true,"href":"https:\/\/contessascopemounts.com\/es\/wp-json\/wp\/v2\/media\/9720"}],"wp:attachment":[{"href":"https:\/\/contessascopemounts.com\/es\/wp-json\/wp\/v2\/media?parent=9815"}],"wp:term":[{"taxonomy":"product_brand","embeddable":true,"href":"https:\/\/contessascopemounts.com\/es\/wp-json\/wp\/v2\/product_brand?post=9815"},{"taxonomy":"product_cat","embeddable":true,"href":"https:\/\/contessascopemounts.com\/es\/wp-json\/wp\/v2\/product_cat?post=9815"},{"taxonomy":"product_tag","embeddable":true,"href":"https:\/\/contessascopemounts.com\/es\/wp-json\/wp\/v2\/product_tag?post=9815"}],"curies":[{"name":"wp","href":"https:\/\/api.w.org\/{rel}","templated":true}]}}