{"id":13243,"date":"2025-11-12T10:23:32","date_gmt":"2025-11-12T09:23:32","guid":{"rendered":"https:\/\/contessascopemounts.com\/?post_type=product&#038;p=13243"},"modified":"2025-11-12T10:28:23","modified_gmt":"2025-11-12T09:28:23","slug":"utfx03-fw-fx-ultra-tactico-cantilever-o-34mm","status":"publish","type":"product","link":"https:\/\/contessascopemounts.com\/es\/utfx03-fw-fx-ultra-tactico-cantilever-o-34mm\/","title":{"rendered":"UTFX03-FW &#8211; FX ULTRA T\u00c1CTICO CANTILEVER \u00f8 34MM"},"content":{"rendered":"","protected":false},"excerpt":{"rendered":"<ul>\n<li><span style=\"font-weight: 400;\">Montaje en carril monol\u00edtico fijo <strong>ULTRA TACTICAL <\/strong><\/span><b>Picatinny<\/b><span style=\"font-weight: 400;\"> construido a partir de un \u00fanico bloque de Ergal 7075 con nivel integrado. <\/span><\/li>\n<li><span style=\"font-weight: 400;\">Adecuado para ARMAS T\u00c1CTICAS y de competici\u00f3n, dise\u00f1ado para obtener el m\u00e1ximo rendimiento.<\/span><\/li>\n<li><span style=\"font-weight: 400;\">Anillas <\/span><b>\u00f8 34 mm<\/b><\/li>\n<li><span style=\"font-weight: 400;\">Disponible con inclinaci\u00f3n a <\/span><span style=\"font-weight: 400;\"><b> 0 MOA<\/b>.<\/span><\/li>\n<li><b>Colores disponibles<\/b><span style=\"font-weight: 400;\">negro, verde oliva, arena.<\/span><\/li>\n<li>Equipado con <strong>SISTEMA DE INSERCI\u00d3N DE ACERO CONTESSA<\/strong>.<\/li>\n<li>Los soportes se <strong>gu\u00edan por el interior de la<\/strong> montura, lo que les permite cerrarse perfectamente en cualquier ra\u00edl Picatinny o Weaver.<\/li>\n<li>El peso total del producto es de <strong>270 g<\/strong><\/li>\n<li>Nueva carcasa para accesorios compatible con <strong>M-LOK<\/strong>.<\/li>\n<li>El lado izquierdo del anillo debe estar cerrado por abajo.<\/li>\n<li>Posibilidad de montar carril picatinny c\u00f3digo <strong>PHUTH20 o PHUTH10 <\/strong>para fijar accesorios.<\/li>\n<\/ul>\n<p>&nbsp;<\/p>\n<hr \/>\n<p>&nbsp;<\/p>\n<p style=\"text-align: center;\">\u00bfNecesitas m\u00e1s informaci\u00f3n?<\/p>\n<p>&nbsp;<\/p>\n<p style=\"text-align: center;\">[maxbutton id=\"4\" extraclass=\"popmake-3707\"]<\/p>\n","protected":false},"featured_media":13233,"template":"","meta":[],"product_brand":[],"product_cat":[380,383,382,381,384],"product_tag":[385,386,387],"class_list":{"0":"post-13243","1":"product","2":"type-product","3":"status-publish","4":"has-post-thumbnail","6":"product_cat-attacchi-es","7":"product_cat-fissi-es","8":"product_cat-o-30-mm-es","9":"product_cat-picatinny-es","10":"product_cat-tacticas","11":"product_tag-attacchi_picatinny-es","12":"product_tag-slitte_picatinny-es","13":"product_tag-tacticas","15":"first","16":"instock","17":"shipping-taxable","18":"product-type-simple"},"yoast_head":"<!-- This site is optimized with the Yoast SEO plugin v27.4 - https:\/\/yoast.com\/product\/yoast-seo-wordpress\/ -->\n<title>UTFX03-FW - FX ULTRA T\u00c1CTICO CANTILEVER \u00f8 34MM - Contessa<\/title>\n<meta name=\"description\" content=\"Soporte fijo ULTRA T\u00c1CTICO para ra\u00edles Picatinny construido a partir de un \u00fanico bloque de Ergal 7075 con nivel integrado. Adecuado para armas t\u00e1cticas y de competici\u00f3n, dise\u00f1ado para obtener el m\u00e1ximo rendimiento.\" \/>\n<meta name=\"robots\" content=\"index, follow, max-snippet:-1, max-image-preview:large, max-video-preview:-1\" \/>\n<link rel=\"canonical\" href=\"https:\/\/contessascopemounts.com\/es\/utfx03-fw-fx-ultra-tactico-cantilever-o-34mm\/\" \/>\n<meta property=\"og:locale\" content=\"es_ES\" \/>\n<meta property=\"og:type\" content=\"article\" \/>\n<meta property=\"og:title\" content=\"UTFX03-FW - FX ULTRA T\u00c1CTICO CANTILEVER \u00f8 34MM - Contessa\" \/>\n<meta property=\"og:description\" content=\"Soporte fijo ULTRA T\u00c1CTICO para ra\u00edles Picatinny construido a partir de un \u00fanico bloque de Ergal 7075 con nivel integrado. Adecuado para armas t\u00e1cticas y de competici\u00f3n, dise\u00f1ado para obtener el m\u00e1ximo rendimiento.\" \/>\n<meta property=\"og:url\" content=\"https:\/\/contessascopemounts.com\/es\/utfx03-fw-fx-ultra-tactico-cantilever-o-34mm\/\" \/>\n<meta property=\"og:site_name\" content=\"Contessa\" \/>\n<meta property=\"article:publisher\" content=\"https:\/\/www.facebook.com\/contessascopemounts\" \/>\n<meta property=\"article:modified_time\" content=\"2025-11-12T09:28:23+00:00\" \/>\n<meta property=\"og:image\" content=\"https:\/\/contessascopemounts.com\/wp-content\/uploads\/2025\/11\/UTFX03-FW-CANTILVER-ULTRA-TACTICAL.jpg\" \/>\n\t<meta property=\"og:image:width\" content=\"600\" \/>\n\t<meta property=\"og:image:height\" content=\"600\" \/>\n\t<meta property=\"og:image:type\" content=\"image\/jpeg\" \/>\n<meta name=\"twitter:card\" content=\"summary_large_image\" \/>\n<script type=\"application\/ld+json\" class=\"yoast-schema-graph\">{\"@context\":\"https:\\\/\\\/schema.org\",\"@graph\":[{\"@type\":\"WebPage\",\"@id\":\"https:\\\/\\\/contessascopemounts.com\\\/es\\\/utfx03-fw-fx-ultra-tactico-cantilever-o-34mm\\\/\",\"url\":\"https:\\\/\\\/contessascopemounts.com\\\/es\\\/utfx03-fw-fx-ultra-tactico-cantilever-o-34mm\\\/\",\"name\":\"UTFX03-FW - FX ULTRA T\u00c1CTICO CANTILEVER \u00f8 34MM - Contessa\",\"isPartOf\":{\"@id\":\"https:\\\/\\\/contessascopemounts.com\\\/es\\\/#website\"},\"primaryImageOfPage\":{\"@id\":\"https:\\\/\\\/contessascopemounts.com\\\/es\\\/utfx03-fw-fx-ultra-tactico-cantilever-o-34mm\\\/#primaryimage\"},\"image\":{\"@id\":\"https:\\\/\\\/contessascopemounts.com\\\/es\\\/utfx03-fw-fx-ultra-tactico-cantilever-o-34mm\\\/#primaryimage\"},\"thumbnailUrl\":\"https:\\\/\\\/contessascopemounts.com\\\/wp-content\\\/uploads\\\/2025\\\/11\\\/UTFX03-FW-CANTILVER-ULTRA-TACTICAL.jpg\",\"datePublished\":\"2025-11-12T09:23:32+00:00\",\"dateModified\":\"2025-11-12T09:28:23+00:00\",\"description\":\"Soporte fijo ULTRA T\u00c1CTICO para ra\u00edles Picatinny construido a partir de un \u00fanico bloque de Ergal 7075 con nivel integrado. Adecuado para armas t\u00e1cticas y de competici\u00f3n, dise\u00f1ado para obtener el m\u00e1ximo rendimiento.\",\"breadcrumb\":{\"@id\":\"https:\\\/\\\/contessascopemounts.com\\\/es\\\/utfx03-fw-fx-ultra-tactico-cantilever-o-34mm\\\/#breadcrumb\"},\"inLanguage\":\"es\",\"potentialAction\":[{\"@type\":\"ReadAction\",\"target\":[\"https:\\\/\\\/contessascopemounts.com\\\/es\\\/utfx03-fw-fx-ultra-tactico-cantilever-o-34mm\\\/\"]}]},{\"@type\":\"ImageObject\",\"inLanguage\":\"es\",\"@id\":\"https:\\\/\\\/contessascopemounts.com\\\/es\\\/utfx03-fw-fx-ultra-tactico-cantilever-o-34mm\\\/#primaryimage\",\"url\":\"https:\\\/\\\/contessascopemounts.com\\\/wp-content\\\/uploads\\\/2025\\\/11\\\/UTFX03-FW-CANTILVER-ULTRA-TACTICAL.jpg\",\"contentUrl\":\"https:\\\/\\\/contessascopemounts.com\\\/wp-content\\\/uploads\\\/2025\\\/11\\\/UTFX03-FW-CANTILVER-ULTRA-TACTICAL.jpg\",\"width\":600,\"height\":600},{\"@type\":\"BreadcrumbList\",\"@id\":\"https:\\\/\\\/contessascopemounts.com\\\/es\\\/utfx03-fw-fx-ultra-tactico-cantilever-o-34mm\\\/#breadcrumb\",\"itemListElement\":[{\"@type\":\"ListItem\",\"position\":1,\"name\":\"Home\",\"item\":\"https:\\\/\\\/contessascopemounts.com\\\/es\\\/\"},{\"@type\":\"ListItem\",\"position\":2,\"name\":\"Productos\",\"item\":\"https:\\\/\\\/contessascopemounts.com\\\/es\\\/productos\\\/\"},{\"@type\":\"ListItem\",\"position\":3,\"name\":\"UTFX03-FW &#8211; FX ULTRA T\u00c1CTICO CANTILEVER \u00f8 34MM\"}]},{\"@type\":\"WebSite\",\"@id\":\"https:\\\/\\\/contessascopemounts.com\\\/es\\\/#website\",\"url\":\"https:\\\/\\\/contessascopemounts.com\\\/es\\\/\",\"name\":\"Contessa\",\"description\":\"Professional Scope Mounts\",\"publisher\":{\"@id\":\"https:\\\/\\\/contessascopemounts.com\\\/es\\\/#organization\"},\"potentialAction\":[{\"@type\":\"SearchAction\",\"target\":{\"@type\":\"EntryPoint\",\"urlTemplate\":\"https:\\\/\\\/contessascopemounts.com\\\/es\\\/?s={search_term_string}\"},\"query-input\":{\"@type\":\"PropertyValueSpecification\",\"valueRequired\":true,\"valueName\":\"search_term_string\"}}],\"inLanguage\":\"es\"},{\"@type\":\"Organization\",\"@id\":\"https:\\\/\\\/contessascopemounts.com\\\/es\\\/#organization\",\"name\":\"CONTESSA\",\"url\":\"https:\\\/\\\/contessascopemounts.com\\\/es\\\/\",\"logo\":{\"@type\":\"ImageObject\",\"inLanguage\":\"es\",\"@id\":\"https:\\\/\\\/contessascopemounts.com\\\/es\\\/#\\\/schema\\\/logo\\\/image\\\/\",\"url\":\"https:\\\/\\\/contessascopemounts.com\\\/wp-content\\\/uploads\\\/2021\\\/04\\\/Contessa-supporti-per-ottiche-made-in-italy.png\",\"contentUrl\":\"https:\\\/\\\/contessascopemounts.com\\\/wp-content\\\/uploads\\\/2021\\\/04\\\/Contessa-supporti-per-ottiche-made-in-italy.png\",\"width\":1000,\"height\":411,\"caption\":\"CONTESSA\"},\"image\":{\"@id\":\"https:\\\/\\\/contessascopemounts.com\\\/es\\\/#\\\/schema\\\/logo\\\/image\\\/\"},\"sameAs\":[\"https:\\\/\\\/www.facebook.com\\\/contessascopemounts\",\"https:\\\/\\\/www.instagram.com\\\/contessa_mounts\\\/?fbclid=IwAR0Yr8lwWVwN0ewOz1bCVK4ZAKI8lkRIVuhxyX56qNYkwSaMAUVleye6XiE\",\"https:\\\/\\\/www.youtube.com\\\/channel\\\/UCEjBcvoWy-XvVVujqw-psXQ\"]}]}<\/script>\n<!-- \/ Yoast SEO plugin. -->","yoast_head_json":{"title":"UTFX03-FW - FX ULTRA T\u00c1CTICO CANTILEVER \u00f8 34MM - Contessa","description":"Soporte fijo ULTRA T\u00c1CTICO para ra\u00edles Picatinny construido a partir de un \u00fanico bloque de Ergal 7075 con nivel integrado. Adecuado para armas t\u00e1cticas y de competici\u00f3n, dise\u00f1ado para obtener el m\u00e1ximo rendimiento.","robots":{"index":"index","follow":"follow","max-snippet":"max-snippet:-1","max-image-preview":"max-image-preview:large","max-video-preview":"max-video-preview:-1"},"canonical":"https:\/\/contessascopemounts.com\/es\/utfx03-fw-fx-ultra-tactico-cantilever-o-34mm\/","og_locale":"es_ES","og_type":"article","og_title":"UTFX03-FW - FX ULTRA T\u00c1CTICO CANTILEVER \u00f8 34MM - Contessa","og_description":"Soporte fijo ULTRA T\u00c1CTICO para ra\u00edles Picatinny construido a partir de un \u00fanico bloque de Ergal 7075 con nivel integrado. Adecuado para armas t\u00e1cticas y de competici\u00f3n, dise\u00f1ado para obtener el m\u00e1ximo rendimiento.","og_url":"https:\/\/contessascopemounts.com\/es\/utfx03-fw-fx-ultra-tactico-cantilever-o-34mm\/","og_site_name":"Contessa","article_publisher":"https:\/\/www.facebook.com\/contessascopemounts","article_modified_time":"2025-11-12T09:28:23+00:00","og_image":[{"width":600,"height":600,"url":"https:\/\/contessascopemounts.com\/wp-content\/uploads\/2025\/11\/UTFX03-FW-CANTILVER-ULTRA-TACTICAL.jpg","type":"image\/jpeg"}],"twitter_card":"summary_large_image","schema":{"@context":"https:\/\/schema.org","@graph":[{"@type":"WebPage","@id":"https:\/\/contessascopemounts.com\/es\/utfx03-fw-fx-ultra-tactico-cantilever-o-34mm\/","url":"https:\/\/contessascopemounts.com\/es\/utfx03-fw-fx-ultra-tactico-cantilever-o-34mm\/","name":"UTFX03-FW - FX ULTRA T\u00c1CTICO CANTILEVER \u00f8 34MM - Contessa","isPartOf":{"@id":"https:\/\/contessascopemounts.com\/es\/#website"},"primaryImageOfPage":{"@id":"https:\/\/contessascopemounts.com\/es\/utfx03-fw-fx-ultra-tactico-cantilever-o-34mm\/#primaryimage"},"image":{"@id":"https:\/\/contessascopemounts.com\/es\/utfx03-fw-fx-ultra-tactico-cantilever-o-34mm\/#primaryimage"},"thumbnailUrl":"https:\/\/contessascopemounts.com\/wp-content\/uploads\/2025\/11\/UTFX03-FW-CANTILVER-ULTRA-TACTICAL.jpg","datePublished":"2025-11-12T09:23:32+00:00","dateModified":"2025-11-12T09:28:23+00:00","description":"Soporte fijo ULTRA T\u00c1CTICO para ra\u00edles Picatinny construido a partir de un \u00fanico bloque de Ergal 7075 con nivel integrado. Adecuado para armas t\u00e1cticas y de competici\u00f3n, dise\u00f1ado para obtener el m\u00e1ximo rendimiento.","breadcrumb":{"@id":"https:\/\/contessascopemounts.com\/es\/utfx03-fw-fx-ultra-tactico-cantilever-o-34mm\/#breadcrumb"},"inLanguage":"es","potentialAction":[{"@type":"ReadAction","target":["https:\/\/contessascopemounts.com\/es\/utfx03-fw-fx-ultra-tactico-cantilever-o-34mm\/"]}]},{"@type":"ImageObject","inLanguage":"es","@id":"https:\/\/contessascopemounts.com\/es\/utfx03-fw-fx-ultra-tactico-cantilever-o-34mm\/#primaryimage","url":"https:\/\/contessascopemounts.com\/wp-content\/uploads\/2025\/11\/UTFX03-FW-CANTILVER-ULTRA-TACTICAL.jpg","contentUrl":"https:\/\/contessascopemounts.com\/wp-content\/uploads\/2025\/11\/UTFX03-FW-CANTILVER-ULTRA-TACTICAL.jpg","width":600,"height":600},{"@type":"BreadcrumbList","@id":"https:\/\/contessascopemounts.com\/es\/utfx03-fw-fx-ultra-tactico-cantilever-o-34mm\/#breadcrumb","itemListElement":[{"@type":"ListItem","position":1,"name":"Home","item":"https:\/\/contessascopemounts.com\/es\/"},{"@type":"ListItem","position":2,"name":"Productos","item":"https:\/\/contessascopemounts.com\/es\/productos\/"},{"@type":"ListItem","position":3,"name":"UTFX03-FW &#8211; FX ULTRA T\u00c1CTICO CANTILEVER \u00f8 34MM"}]},{"@type":"WebSite","@id":"https:\/\/contessascopemounts.com\/es\/#website","url":"https:\/\/contessascopemounts.com\/es\/","name":"Contessa","description":"Professional Scope Mounts","publisher":{"@id":"https:\/\/contessascopemounts.com\/es\/#organization"},"potentialAction":[{"@type":"SearchAction","target":{"@type":"EntryPoint","urlTemplate":"https:\/\/contessascopemounts.com\/es\/?s={search_term_string}"},"query-input":{"@type":"PropertyValueSpecification","valueRequired":true,"valueName":"search_term_string"}}],"inLanguage":"es"},{"@type":"Organization","@id":"https:\/\/contessascopemounts.com\/es\/#organization","name":"CONTESSA","url":"https:\/\/contessascopemounts.com\/es\/","logo":{"@type":"ImageObject","inLanguage":"es","@id":"https:\/\/contessascopemounts.com\/es\/#\/schema\/logo\/image\/","url":"https:\/\/contessascopemounts.com\/wp-content\/uploads\/2021\/04\/Contessa-supporti-per-ottiche-made-in-italy.png","contentUrl":"https:\/\/contessascopemounts.com\/wp-content\/uploads\/2021\/04\/Contessa-supporti-per-ottiche-made-in-italy.png","width":1000,"height":411,"caption":"CONTESSA"},"image":{"@id":"https:\/\/contessascopemounts.com\/es\/#\/schema\/logo\/image\/"},"sameAs":["https:\/\/www.facebook.com\/contessascopemounts","https:\/\/www.instagram.com\/contessa_mounts\/?fbclid=IwAR0Yr8lwWVwN0ewOz1bCVK4ZAKI8lkRIVuhxyX56qNYkwSaMAUVleye6XiE","https:\/\/www.youtube.com\/channel\/UCEjBcvoWy-XvVVujqw-psXQ"]}]}},"_links":{"self":[{"href":"https:\/\/contessascopemounts.com\/es\/wp-json\/wp\/v2\/product\/13243","targetHints":{"allow":["GET"]}}],"collection":[{"href":"https:\/\/contessascopemounts.com\/es\/wp-json\/wp\/v2\/product"}],"about":[{"href":"https:\/\/contessascopemounts.com\/es\/wp-json\/wp\/v2\/types\/product"}],"version-history":[{"count":0,"href":"https:\/\/contessascopemounts.com\/es\/wp-json\/wp\/v2\/product\/13243\/revisions"}],"wp:featuredmedia":[{"embeddable":true,"href":"https:\/\/contessascopemounts.com\/es\/wp-json\/wp\/v2\/media\/13233"}],"wp:attachment":[{"href":"https:\/\/contessascopemounts.com\/es\/wp-json\/wp\/v2\/media?parent=13243"}],"wp:term":[{"taxonomy":"product_brand","embeddable":true,"href":"https:\/\/contessascopemounts.com\/es\/wp-json\/wp\/v2\/product_brand?post=13243"},{"taxonomy":"product_cat","embeddable":true,"href":"https:\/\/contessascopemounts.com\/es\/wp-json\/wp\/v2\/product_cat?post=13243"},{"taxonomy":"product_tag","embeddable":true,"href":"https:\/\/contessascopemounts.com\/es\/wp-json\/wp\/v2\/product_tag?post=13243"}],"curies":[{"name":"wp","href":"https:\/\/api.w.org\/{rel}","templated":true}]}}