{"id":13215,"date":"2025-11-11T11:16:58","date_gmt":"2025-11-11T10:16:58","guid":{"rendered":"https:\/\/contessascopemounts.com\/?post_type=product&#038;p=13215"},"modified":"2025-11-11T11:58:08","modified_gmt":"2025-11-11T10:58:08","slug":"ph109-sako-90-long-copia","status":"publish","type":"product","link":"https:\/\/contessascopemounts.com\/es\/ph109-sako-90-long-copia\/","title":{"rendered":"PH109 &#8211; SAKO 90 LONG"},"content":{"rendered":"","protected":false},"excerpt":{"rendered":"<ul>\n<li><span style=\"font-weight: 400;\">Gu\u00eda Picatinny para <\/span><b>SAKO 90 LONG<\/b><span style=\"font-weight: 400;\">.<\/span><\/li>\n<li><span style=\"color: #000000;\">Los rieles Contessa Picatinny est\u00e1n fabricados en acero endurecido, de dise\u00f1o \u00fanico, pensados \u200b\u200bpara garantizar estabilidad y resistencia a largo plazo.<\/span><\/li>\n<li><span style=\"font-weight: 400;\">Disponible con inclinaci\u00f3n de 0\/20 MOA.<\/span><\/li>\n<li><span style=\"color: #000000;\">Se suministra con tornillos y llave para el montaje.<\/span><\/li>\n<\/ul>\n<p>&nbsp;<\/p>\n<hr \/>\n<p>&nbsp;<\/p>\n<p style=\"text-align: center;\">\u00bfNecesitas m\u00e1s informaci\u00f3n?<\/p>\n<p>&nbsp;<\/p>\n<p style=\"text-align: center;\">[maxbutton id=\"4\" extraclass=\"popmake-3707\"]<\/p>\n","protected":false},"featured_media":13209,"template":"","meta":[],"product_brand":[],"product_cat":[409,410,408],"product_tag":[385,832,831],"class_list":{"0":"post-13215","1":"product","2":"type-product","3":"status-publish","4":"has-post-thumbnail","6":"product_cat-picatinny-es-2","7":"product_cat-picatinny-es-3","8":"product_cat-trineos","9":"product_tag-attacchi_picatinny-es","10":"product_tag-long","11":"product_tag-sako-90","13":"first","14":"instock","15":"shipping-taxable","16":"product-type-simple"},"yoast_head":"<!-- This site is optimized with the Yoast SEO plugin v27.4 - https:\/\/yoast.com\/product\/yoast-seo-wordpress\/ -->\n<title>PH109 - SAKO 90 LONG - %<\/title>\n<meta name=\"description\" content=\"Zapata Picatinny para SAKO 90 LONG. Acero templado. Disponible con inclinaci\u00f3n de 0\/20 MOA. Se suministra con tornillos y llave para el montaje.\" \/>\n<meta name=\"robots\" content=\"index, follow, max-snippet:-1, max-image-preview:large, max-video-preview:-1\" \/>\n<link rel=\"canonical\" href=\"https:\/\/contessascopemounts.com\/es\/ph109-sako-90-long-copia\/\" \/>\n<meta property=\"og:locale\" content=\"es_ES\" \/>\n<meta property=\"og:type\" content=\"article\" \/>\n<meta property=\"og:title\" content=\"PH109 - SAKO 90 LONG - %\" \/>\n<meta property=\"og:description\" content=\"Zapata Picatinny para SAKO 90 LONG. Acero templado. Disponible con inclinaci\u00f3n de 0\/20 MOA. Se suministra con tornillos y llave para el montaje.\" \/>\n<meta property=\"og:url\" content=\"https:\/\/contessascopemounts.com\/es\/ph109-sako-90-long-copia\/\" \/>\n<meta property=\"og:site_name\" content=\"Contessa\" \/>\n<meta property=\"article:publisher\" content=\"https:\/\/www.facebook.com\/contessascopemounts\" \/>\n<meta property=\"article:modified_time\" content=\"2025-11-11T10:58:08+00:00\" \/>\n<meta property=\"og:image\" content=\"https:\/\/contessascopemounts.com\/wp-content\/uploads\/2025\/11\/PH108-SAKO-90-SHORT.jpg\" \/>\n\t<meta property=\"og:image:width\" content=\"600\" \/>\n\t<meta property=\"og:image:height\" content=\"600\" \/>\n\t<meta property=\"og:image:type\" content=\"image\/jpeg\" \/>\n<meta name=\"twitter:card\" content=\"summary_large_image\" \/>\n<script type=\"application\/ld+json\" class=\"yoast-schema-graph\">{\"@context\":\"https:\\\/\\\/schema.org\",\"@graph\":[{\"@type\":\"WebPage\",\"@id\":\"https:\\\/\\\/contessascopemounts.com\\\/es\\\/ph109-sako-90-long-copia\\\/\",\"url\":\"https:\\\/\\\/contessascopemounts.com\\\/es\\\/ph109-sako-90-long-copia\\\/\",\"name\":\"PH109 - SAKO 90 LONG - %\",\"isPartOf\":{\"@id\":\"https:\\\/\\\/contessascopemounts.com\\\/es\\\/#website\"},\"primaryImageOfPage\":{\"@id\":\"https:\\\/\\\/contessascopemounts.com\\\/es\\\/ph109-sako-90-long-copia\\\/#primaryimage\"},\"image\":{\"@id\":\"https:\\\/\\\/contessascopemounts.com\\\/es\\\/ph109-sako-90-long-copia\\\/#primaryimage\"},\"thumbnailUrl\":\"https:\\\/\\\/contessascopemounts.com\\\/wp-content\\\/uploads\\\/2025\\\/11\\\/PH108-SAKO-90-SHORT.jpg\",\"datePublished\":\"2025-11-11T10:16:58+00:00\",\"dateModified\":\"2025-11-11T10:58:08+00:00\",\"description\":\"Zapata Picatinny para SAKO 90 LONG. Acero templado. Disponible con inclinaci\u00f3n de 0\\\/20 MOA. Se suministra con tornillos y llave para el montaje.\",\"breadcrumb\":{\"@id\":\"https:\\\/\\\/contessascopemounts.com\\\/es\\\/ph109-sako-90-long-copia\\\/#breadcrumb\"},\"inLanguage\":\"es\",\"potentialAction\":[{\"@type\":\"ReadAction\",\"target\":[\"https:\\\/\\\/contessascopemounts.com\\\/es\\\/ph109-sako-90-long-copia\\\/\"]}]},{\"@type\":\"ImageObject\",\"inLanguage\":\"es\",\"@id\":\"https:\\\/\\\/contessascopemounts.com\\\/es\\\/ph109-sako-90-long-copia\\\/#primaryimage\",\"url\":\"https:\\\/\\\/contessascopemounts.com\\\/wp-content\\\/uploads\\\/2025\\\/11\\\/PH108-SAKO-90-SHORT.jpg\",\"contentUrl\":\"https:\\\/\\\/contessascopemounts.com\\\/wp-content\\\/uploads\\\/2025\\\/11\\\/PH108-SAKO-90-SHORT.jpg\",\"width\":600,\"height\":600},{\"@type\":\"BreadcrumbList\",\"@id\":\"https:\\\/\\\/contessascopemounts.com\\\/es\\\/ph109-sako-90-long-copia\\\/#breadcrumb\",\"itemListElement\":[{\"@type\":\"ListItem\",\"position\":1,\"name\":\"Home\",\"item\":\"https:\\\/\\\/contessascopemounts.com\\\/es\\\/\"},{\"@type\":\"ListItem\",\"position\":2,\"name\":\"Productos\",\"item\":\"https:\\\/\\\/contessascopemounts.com\\\/es\\\/productos\\\/\"},{\"@type\":\"ListItem\",\"position\":3,\"name\":\"PH109 &#8211; SAKO 90 LONG\"}]},{\"@type\":\"WebSite\",\"@id\":\"https:\\\/\\\/contessascopemounts.com\\\/es\\\/#website\",\"url\":\"https:\\\/\\\/contessascopemounts.com\\\/es\\\/\",\"name\":\"Contessa\",\"description\":\"Professional Scope Mounts\",\"publisher\":{\"@id\":\"https:\\\/\\\/contessascopemounts.com\\\/es\\\/#organization\"},\"potentialAction\":[{\"@type\":\"SearchAction\",\"target\":{\"@type\":\"EntryPoint\",\"urlTemplate\":\"https:\\\/\\\/contessascopemounts.com\\\/es\\\/?s={search_term_string}\"},\"query-input\":{\"@type\":\"PropertyValueSpecification\",\"valueRequired\":true,\"valueName\":\"search_term_string\"}}],\"inLanguage\":\"es\"},{\"@type\":\"Organization\",\"@id\":\"https:\\\/\\\/contessascopemounts.com\\\/es\\\/#organization\",\"name\":\"CONTESSA\",\"url\":\"https:\\\/\\\/contessascopemounts.com\\\/es\\\/\",\"logo\":{\"@type\":\"ImageObject\",\"inLanguage\":\"es\",\"@id\":\"https:\\\/\\\/contessascopemounts.com\\\/es\\\/#\\\/schema\\\/logo\\\/image\\\/\",\"url\":\"https:\\\/\\\/contessascopemounts.com\\\/wp-content\\\/uploads\\\/2021\\\/04\\\/Contessa-supporti-per-ottiche-made-in-italy.png\",\"contentUrl\":\"https:\\\/\\\/contessascopemounts.com\\\/wp-content\\\/uploads\\\/2021\\\/04\\\/Contessa-supporti-per-ottiche-made-in-italy.png\",\"width\":1000,\"height\":411,\"caption\":\"CONTESSA\"},\"image\":{\"@id\":\"https:\\\/\\\/contessascopemounts.com\\\/es\\\/#\\\/schema\\\/logo\\\/image\\\/\"},\"sameAs\":[\"https:\\\/\\\/www.facebook.com\\\/contessascopemounts\",\"https:\\\/\\\/www.instagram.com\\\/contessa_mounts\\\/?fbclid=IwAR0Yr8lwWVwN0ewOz1bCVK4ZAKI8lkRIVuhxyX56qNYkwSaMAUVleye6XiE\",\"https:\\\/\\\/www.youtube.com\\\/channel\\\/UCEjBcvoWy-XvVVujqw-psXQ\"]}]}<\/script>\n<!-- \/ Yoast SEO plugin. -->","yoast_head_json":{"title":"PH109 - SAKO 90 LONG - %","description":"Zapata Picatinny para SAKO 90 LONG. Acero templado. Disponible con inclinaci\u00f3n de 0\/20 MOA. Se suministra con tornillos y llave para el montaje.","robots":{"index":"index","follow":"follow","max-snippet":"max-snippet:-1","max-image-preview":"max-image-preview:large","max-video-preview":"max-video-preview:-1"},"canonical":"https:\/\/contessascopemounts.com\/es\/ph109-sako-90-long-copia\/","og_locale":"es_ES","og_type":"article","og_title":"PH109 - SAKO 90 LONG - %","og_description":"Zapata Picatinny para SAKO 90 LONG. Acero templado. Disponible con inclinaci\u00f3n de 0\/20 MOA. Se suministra con tornillos y llave para el montaje.","og_url":"https:\/\/contessascopemounts.com\/es\/ph109-sako-90-long-copia\/","og_site_name":"Contessa","article_publisher":"https:\/\/www.facebook.com\/contessascopemounts","article_modified_time":"2025-11-11T10:58:08+00:00","og_image":[{"width":600,"height":600,"url":"https:\/\/contessascopemounts.com\/wp-content\/uploads\/2025\/11\/PH108-SAKO-90-SHORT.jpg","type":"image\/jpeg"}],"twitter_card":"summary_large_image","schema":{"@context":"https:\/\/schema.org","@graph":[{"@type":"WebPage","@id":"https:\/\/contessascopemounts.com\/es\/ph109-sako-90-long-copia\/","url":"https:\/\/contessascopemounts.com\/es\/ph109-sako-90-long-copia\/","name":"PH109 - SAKO 90 LONG - %","isPartOf":{"@id":"https:\/\/contessascopemounts.com\/es\/#website"},"primaryImageOfPage":{"@id":"https:\/\/contessascopemounts.com\/es\/ph109-sako-90-long-copia\/#primaryimage"},"image":{"@id":"https:\/\/contessascopemounts.com\/es\/ph109-sako-90-long-copia\/#primaryimage"},"thumbnailUrl":"https:\/\/contessascopemounts.com\/wp-content\/uploads\/2025\/11\/PH108-SAKO-90-SHORT.jpg","datePublished":"2025-11-11T10:16:58+00:00","dateModified":"2025-11-11T10:58:08+00:00","description":"Zapata Picatinny para SAKO 90 LONG. Acero templado. Disponible con inclinaci\u00f3n de 0\/20 MOA. Se suministra con tornillos y llave para el montaje.","breadcrumb":{"@id":"https:\/\/contessascopemounts.com\/es\/ph109-sako-90-long-copia\/#breadcrumb"},"inLanguage":"es","potentialAction":[{"@type":"ReadAction","target":["https:\/\/contessascopemounts.com\/es\/ph109-sako-90-long-copia\/"]}]},{"@type":"ImageObject","inLanguage":"es","@id":"https:\/\/contessascopemounts.com\/es\/ph109-sako-90-long-copia\/#primaryimage","url":"https:\/\/contessascopemounts.com\/wp-content\/uploads\/2025\/11\/PH108-SAKO-90-SHORT.jpg","contentUrl":"https:\/\/contessascopemounts.com\/wp-content\/uploads\/2025\/11\/PH108-SAKO-90-SHORT.jpg","width":600,"height":600},{"@type":"BreadcrumbList","@id":"https:\/\/contessascopemounts.com\/es\/ph109-sako-90-long-copia\/#breadcrumb","itemListElement":[{"@type":"ListItem","position":1,"name":"Home","item":"https:\/\/contessascopemounts.com\/es\/"},{"@type":"ListItem","position":2,"name":"Productos","item":"https:\/\/contessascopemounts.com\/es\/productos\/"},{"@type":"ListItem","position":3,"name":"PH109 &#8211; SAKO 90 LONG"}]},{"@type":"WebSite","@id":"https:\/\/contessascopemounts.com\/es\/#website","url":"https:\/\/contessascopemounts.com\/es\/","name":"Contessa","description":"Professional Scope Mounts","publisher":{"@id":"https:\/\/contessascopemounts.com\/es\/#organization"},"potentialAction":[{"@type":"SearchAction","target":{"@type":"EntryPoint","urlTemplate":"https:\/\/contessascopemounts.com\/es\/?s={search_term_string}"},"query-input":{"@type":"PropertyValueSpecification","valueRequired":true,"valueName":"search_term_string"}}],"inLanguage":"es"},{"@type":"Organization","@id":"https:\/\/contessascopemounts.com\/es\/#organization","name":"CONTESSA","url":"https:\/\/contessascopemounts.com\/es\/","logo":{"@type":"ImageObject","inLanguage":"es","@id":"https:\/\/contessascopemounts.com\/es\/#\/schema\/logo\/image\/","url":"https:\/\/contessascopemounts.com\/wp-content\/uploads\/2021\/04\/Contessa-supporti-per-ottiche-made-in-italy.png","contentUrl":"https:\/\/contessascopemounts.com\/wp-content\/uploads\/2021\/04\/Contessa-supporti-per-ottiche-made-in-italy.png","width":1000,"height":411,"caption":"CONTESSA"},"image":{"@id":"https:\/\/contessascopemounts.com\/es\/#\/schema\/logo\/image\/"},"sameAs":["https:\/\/www.facebook.com\/contessascopemounts","https:\/\/www.instagram.com\/contessa_mounts\/?fbclid=IwAR0Yr8lwWVwN0ewOz1bCVK4ZAKI8lkRIVuhxyX56qNYkwSaMAUVleye6XiE","https:\/\/www.youtube.com\/channel\/UCEjBcvoWy-XvVVujqw-psXQ"]}]}},"_links":{"self":[{"href":"https:\/\/contessascopemounts.com\/es\/wp-json\/wp\/v2\/product\/13215","targetHints":{"allow":["GET"]}}],"collection":[{"href":"https:\/\/contessascopemounts.com\/es\/wp-json\/wp\/v2\/product"}],"about":[{"href":"https:\/\/contessascopemounts.com\/es\/wp-json\/wp\/v2\/types\/product"}],"version-history":[{"count":0,"href":"https:\/\/contessascopemounts.com\/es\/wp-json\/wp\/v2\/product\/13215\/revisions"}],"wp:featuredmedia":[{"embeddable":true,"href":"https:\/\/contessascopemounts.com\/es\/wp-json\/wp\/v2\/media\/13209"}],"wp:attachment":[{"href":"https:\/\/contessascopemounts.com\/es\/wp-json\/wp\/v2\/media?parent=13215"}],"wp:term":[{"taxonomy":"product_brand","embeddable":true,"href":"https:\/\/contessascopemounts.com\/es\/wp-json\/wp\/v2\/product_brand?post=13215"},{"taxonomy":"product_cat","embeddable":true,"href":"https:\/\/contessascopemounts.com\/es\/wp-json\/wp\/v2\/product_cat?post=13215"},{"taxonomy":"product_tag","embeddable":true,"href":"https:\/\/contessascopemounts.com\/es\/wp-json\/wp\/v2\/product_tag?post=13215"}],"curies":[{"name":"wp","href":"https:\/\/api.w.org\/{rel}","templated":true}]}}