{"id":10456,"date":"2025-07-22T19:33:17","date_gmt":"2025-07-22T17:33:17","guid":{"rendered":"https:\/\/contessascopemounts.com\/?post_type=product&#038;p=10456"},"modified":"2025-07-22T19:33:17","modified_gmt":"2025-07-22T17:33:17","slug":"sbb15-negro-simple-bls-thunder-thunder-2-0","status":"publish","type":"product","link":"https:\/\/contessascopemounts.com\/es\/sbb15-negro-simple-bls-thunder-thunder-2-0\/","title":{"rendered":"SBB15 &#8211; NEGRO SIMPLE BLS THUNDER-THUNDER 2.0"},"content":{"rendered":"","protected":false},"excerpt":{"rendered":"<ul>\n<li><span style=\"font-weight: 400;\">Acoplamiento r\u00e1pido de la pistola <\/span><b>BLASER <\/b>para el visor t\u00e9rmico <strong>HIK-Micro Thunder y HIK-Micro Thunder 2.0<\/strong><\/li>\n<li><span style=\"font-weight: 400;\">Sistema de liberaci\u00f3n r\u00e1pida patentado por Contessa que garantiza una calibraci\u00f3n repetible entre liberaciones.<\/span><\/li>\n<\/ul>\n<p>&nbsp;<\/p>\n<hr>\n<p>&nbsp;<\/p>\n<p style=\"text-align: center;\">\u00bfNecesitas m\u00e1s informaci\u00f3n?<\/p>\n<p>&nbsp;<\/p>\n<p style=\"text-align: center;\">[maxbutton id=\"4\" extraclass=\"popmake-3707\"]<\/p>\n","protected":false},"featured_media":10457,"template":"","meta":[],"product_brand":[],"product_cat":[380,579,564],"product_tag":[566,568],"class_list":{"0":"post-10456","1":"product","2":"type-product","3":"status-publish","4":"has-post-thumbnail","6":"product_cat-attacchi-es","7":"product_cat-cierre-rapido-para-gafas-de-vision-nocturna-es-2","8":"product_cat-para-armas-blaser","9":"product_tag-adjuntos_bls","10":"product_tag-blaser-es","12":"first","13":"instock","14":"shipping-taxable","15":"product-type-simple"},"yoast_head":"<!-- This site is optimized with the Yoast SEO plugin v27.4 - https:\/\/yoast.com\/product\/yoast-seo-wordpress\/ -->\n<title>SBB15 - NEGRO SIMPLE BLS THUNDER-THUNDER 2.0 - %<\/title>\n<meta name=\"description\" content=\"Accesorio de liberaci\u00f3n r\u00e1pida de pistola Blaser para HIK-Micro Thunder y HIK-Micro Thunder 2.0.\" \/>\n<meta name=\"robots\" content=\"index, follow, max-snippet:-1, max-image-preview:large, max-video-preview:-1\" \/>\n<link rel=\"canonical\" href=\"https:\/\/contessascopemounts.com\/es\/sbb15-negro-simple-bls-thunder-thunder-2-0\/\" \/>\n<meta property=\"og:locale\" content=\"es_ES\" \/>\n<meta property=\"og:type\" content=\"article\" \/>\n<meta property=\"og:title\" content=\"SBB15 - NEGRO SIMPLE BLS THUNDER-THUNDER 2.0 - %\" \/>\n<meta property=\"og:description\" content=\"Accesorio de liberaci\u00f3n r\u00e1pida de pistola Blaser para HIK-Micro Thunder y HIK-Micro Thunder 2.0.\" \/>\n<meta property=\"og:url\" content=\"https:\/\/contessascopemounts.com\/es\/sbb15-negro-simple-bls-thunder-thunder-2-0\/\" \/>\n<meta property=\"og:site_name\" content=\"Contessa\" \/>\n<meta property=\"article:publisher\" content=\"https:\/\/www.facebook.com\/contessascopemounts\" \/>\n<meta property=\"og:image\" content=\"https:\/\/contessascopemounts.com\/wp-content\/uploads\/2022\/02\/SBB15.jpg\" \/>\n\t<meta property=\"og:image:width\" content=\"800\" \/>\n\t<meta property=\"og:image:height\" content=\"800\" \/>\n\t<meta property=\"og:image:type\" content=\"image\/jpeg\" \/>\n<meta name=\"twitter:card\" content=\"summary_large_image\" \/>\n<script type=\"application\/ld+json\" class=\"yoast-schema-graph\">{\"@context\":\"https:\\\/\\\/schema.org\",\"@graph\":[{\"@type\":\"WebPage\",\"@id\":\"https:\\\/\\\/contessascopemounts.com\\\/es\\\/sbb15-negro-simple-bls-thunder-thunder-2-0\\\/\",\"url\":\"https:\\\/\\\/contessascopemounts.com\\\/es\\\/sbb15-negro-simple-bls-thunder-thunder-2-0\\\/\",\"name\":\"SBB15 - NEGRO SIMPLE BLS THUNDER-THUNDER 2.0 - %\",\"isPartOf\":{\"@id\":\"https:\\\/\\\/contessascopemounts.com\\\/es\\\/#website\"},\"primaryImageOfPage\":{\"@id\":\"https:\\\/\\\/contessascopemounts.com\\\/es\\\/sbb15-negro-simple-bls-thunder-thunder-2-0\\\/#primaryimage\"},\"image\":{\"@id\":\"https:\\\/\\\/contessascopemounts.com\\\/es\\\/sbb15-negro-simple-bls-thunder-thunder-2-0\\\/#primaryimage\"},\"thumbnailUrl\":\"https:\\\/\\\/contessascopemounts.com\\\/wp-content\\\/uploads\\\/2022\\\/02\\\/SBB15.jpg\",\"datePublished\":\"2025-07-22T17:33:17+00:00\",\"description\":\"Accesorio de liberaci\u00f3n r\u00e1pida de pistola Blaser para HIK-Micro Thunder y HIK-Micro Thunder 2.0.\",\"breadcrumb\":{\"@id\":\"https:\\\/\\\/contessascopemounts.com\\\/es\\\/sbb15-negro-simple-bls-thunder-thunder-2-0\\\/#breadcrumb\"},\"inLanguage\":\"es\",\"potentialAction\":[{\"@type\":\"ReadAction\",\"target\":[\"https:\\\/\\\/contessascopemounts.com\\\/es\\\/sbb15-negro-simple-bls-thunder-thunder-2-0\\\/\"]}]},{\"@type\":\"ImageObject\",\"inLanguage\":\"es\",\"@id\":\"https:\\\/\\\/contessascopemounts.com\\\/es\\\/sbb15-negro-simple-bls-thunder-thunder-2-0\\\/#primaryimage\",\"url\":\"https:\\\/\\\/contessascopemounts.com\\\/wp-content\\\/uploads\\\/2022\\\/02\\\/SBB15.jpg\",\"contentUrl\":\"https:\\\/\\\/contessascopemounts.com\\\/wp-content\\\/uploads\\\/2022\\\/02\\\/SBB15.jpg\",\"width\":800,\"height\":800},{\"@type\":\"BreadcrumbList\",\"@id\":\"https:\\\/\\\/contessascopemounts.com\\\/es\\\/sbb15-negro-simple-bls-thunder-thunder-2-0\\\/#breadcrumb\",\"itemListElement\":[{\"@type\":\"ListItem\",\"position\":1,\"name\":\"Home\",\"item\":\"https:\\\/\\\/contessascopemounts.com\\\/es\\\/\"},{\"@type\":\"ListItem\",\"position\":2,\"name\":\"Productos\",\"item\":\"https:\\\/\\\/contessascopemounts.com\\\/es\\\/productos\\\/\"},{\"@type\":\"ListItem\",\"position\":3,\"name\":\"SBB15 &#8211; NEGRO SIMPLE BLS THUNDER-THUNDER 2.0\"}]},{\"@type\":\"WebSite\",\"@id\":\"https:\\\/\\\/contessascopemounts.com\\\/es\\\/#website\",\"url\":\"https:\\\/\\\/contessascopemounts.com\\\/es\\\/\",\"name\":\"Contessa\",\"description\":\"Professional Scope Mounts\",\"publisher\":{\"@id\":\"https:\\\/\\\/contessascopemounts.com\\\/es\\\/#organization\"},\"potentialAction\":[{\"@type\":\"SearchAction\",\"target\":{\"@type\":\"EntryPoint\",\"urlTemplate\":\"https:\\\/\\\/contessascopemounts.com\\\/es\\\/?s={search_term_string}\"},\"query-input\":{\"@type\":\"PropertyValueSpecification\",\"valueRequired\":true,\"valueName\":\"search_term_string\"}}],\"inLanguage\":\"es\"},{\"@type\":\"Organization\",\"@id\":\"https:\\\/\\\/contessascopemounts.com\\\/es\\\/#organization\",\"name\":\"CONTESSA\",\"url\":\"https:\\\/\\\/contessascopemounts.com\\\/es\\\/\",\"logo\":{\"@type\":\"ImageObject\",\"inLanguage\":\"es\",\"@id\":\"https:\\\/\\\/contessascopemounts.com\\\/es\\\/#\\\/schema\\\/logo\\\/image\\\/\",\"url\":\"https:\\\/\\\/contessascopemounts.com\\\/wp-content\\\/uploads\\\/2021\\\/04\\\/Contessa-supporti-per-ottiche-made-in-italy.png\",\"contentUrl\":\"https:\\\/\\\/contessascopemounts.com\\\/wp-content\\\/uploads\\\/2021\\\/04\\\/Contessa-supporti-per-ottiche-made-in-italy.png\",\"width\":1000,\"height\":411,\"caption\":\"CONTESSA\"},\"image\":{\"@id\":\"https:\\\/\\\/contessascopemounts.com\\\/es\\\/#\\\/schema\\\/logo\\\/image\\\/\"},\"sameAs\":[\"https:\\\/\\\/www.facebook.com\\\/contessascopemounts\",\"https:\\\/\\\/www.instagram.com\\\/contessa_mounts\\\/?fbclid=IwAR0Yr8lwWVwN0ewOz1bCVK4ZAKI8lkRIVuhxyX56qNYkwSaMAUVleye6XiE\",\"https:\\\/\\\/www.youtube.com\\\/channel\\\/UCEjBcvoWy-XvVVujqw-psXQ\"]}]}<\/script>\n<!-- \/ Yoast SEO plugin. -->","yoast_head_json":{"title":"SBB15 - NEGRO SIMPLE BLS THUNDER-THUNDER 2.0 - %","description":"Accesorio de liberaci\u00f3n r\u00e1pida de pistola Blaser para HIK-Micro Thunder y HIK-Micro Thunder 2.0.","robots":{"index":"index","follow":"follow","max-snippet":"max-snippet:-1","max-image-preview":"max-image-preview:large","max-video-preview":"max-video-preview:-1"},"canonical":"https:\/\/contessascopemounts.com\/es\/sbb15-negro-simple-bls-thunder-thunder-2-0\/","og_locale":"es_ES","og_type":"article","og_title":"SBB15 - NEGRO SIMPLE BLS THUNDER-THUNDER 2.0 - %","og_description":"Accesorio de liberaci\u00f3n r\u00e1pida de pistola Blaser para HIK-Micro Thunder y HIK-Micro Thunder 2.0.","og_url":"https:\/\/contessascopemounts.com\/es\/sbb15-negro-simple-bls-thunder-thunder-2-0\/","og_site_name":"Contessa","article_publisher":"https:\/\/www.facebook.com\/contessascopemounts","og_image":[{"width":800,"height":800,"url":"https:\/\/contessascopemounts.com\/wp-content\/uploads\/2022\/02\/SBB15.jpg","type":"image\/jpeg"}],"twitter_card":"summary_large_image","schema":{"@context":"https:\/\/schema.org","@graph":[{"@type":"WebPage","@id":"https:\/\/contessascopemounts.com\/es\/sbb15-negro-simple-bls-thunder-thunder-2-0\/","url":"https:\/\/contessascopemounts.com\/es\/sbb15-negro-simple-bls-thunder-thunder-2-0\/","name":"SBB15 - NEGRO SIMPLE BLS THUNDER-THUNDER 2.0 - %","isPartOf":{"@id":"https:\/\/contessascopemounts.com\/es\/#website"},"primaryImageOfPage":{"@id":"https:\/\/contessascopemounts.com\/es\/sbb15-negro-simple-bls-thunder-thunder-2-0\/#primaryimage"},"image":{"@id":"https:\/\/contessascopemounts.com\/es\/sbb15-negro-simple-bls-thunder-thunder-2-0\/#primaryimage"},"thumbnailUrl":"https:\/\/contessascopemounts.com\/wp-content\/uploads\/2022\/02\/SBB15.jpg","datePublished":"2025-07-22T17:33:17+00:00","description":"Accesorio de liberaci\u00f3n r\u00e1pida de pistola Blaser para HIK-Micro Thunder y HIK-Micro Thunder 2.0.","breadcrumb":{"@id":"https:\/\/contessascopemounts.com\/es\/sbb15-negro-simple-bls-thunder-thunder-2-0\/#breadcrumb"},"inLanguage":"es","potentialAction":[{"@type":"ReadAction","target":["https:\/\/contessascopemounts.com\/es\/sbb15-negro-simple-bls-thunder-thunder-2-0\/"]}]},{"@type":"ImageObject","inLanguage":"es","@id":"https:\/\/contessascopemounts.com\/es\/sbb15-negro-simple-bls-thunder-thunder-2-0\/#primaryimage","url":"https:\/\/contessascopemounts.com\/wp-content\/uploads\/2022\/02\/SBB15.jpg","contentUrl":"https:\/\/contessascopemounts.com\/wp-content\/uploads\/2022\/02\/SBB15.jpg","width":800,"height":800},{"@type":"BreadcrumbList","@id":"https:\/\/contessascopemounts.com\/es\/sbb15-negro-simple-bls-thunder-thunder-2-0\/#breadcrumb","itemListElement":[{"@type":"ListItem","position":1,"name":"Home","item":"https:\/\/contessascopemounts.com\/es\/"},{"@type":"ListItem","position":2,"name":"Productos","item":"https:\/\/contessascopemounts.com\/es\/productos\/"},{"@type":"ListItem","position":3,"name":"SBB15 &#8211; NEGRO SIMPLE BLS THUNDER-THUNDER 2.0"}]},{"@type":"WebSite","@id":"https:\/\/contessascopemounts.com\/es\/#website","url":"https:\/\/contessascopemounts.com\/es\/","name":"Contessa","description":"Professional Scope Mounts","publisher":{"@id":"https:\/\/contessascopemounts.com\/es\/#organization"},"potentialAction":[{"@type":"SearchAction","target":{"@type":"EntryPoint","urlTemplate":"https:\/\/contessascopemounts.com\/es\/?s={search_term_string}"},"query-input":{"@type":"PropertyValueSpecification","valueRequired":true,"valueName":"search_term_string"}}],"inLanguage":"es"},{"@type":"Organization","@id":"https:\/\/contessascopemounts.com\/es\/#organization","name":"CONTESSA","url":"https:\/\/contessascopemounts.com\/es\/","logo":{"@type":"ImageObject","inLanguage":"es","@id":"https:\/\/contessascopemounts.com\/es\/#\/schema\/logo\/image\/","url":"https:\/\/contessascopemounts.com\/wp-content\/uploads\/2021\/04\/Contessa-supporti-per-ottiche-made-in-italy.png","contentUrl":"https:\/\/contessascopemounts.com\/wp-content\/uploads\/2021\/04\/Contessa-supporti-per-ottiche-made-in-italy.png","width":1000,"height":411,"caption":"CONTESSA"},"image":{"@id":"https:\/\/contessascopemounts.com\/es\/#\/schema\/logo\/image\/"},"sameAs":["https:\/\/www.facebook.com\/contessascopemounts","https:\/\/www.instagram.com\/contessa_mounts\/?fbclid=IwAR0Yr8lwWVwN0ewOz1bCVK4ZAKI8lkRIVuhxyX56qNYkwSaMAUVleye6XiE","https:\/\/www.youtube.com\/channel\/UCEjBcvoWy-XvVVujqw-psXQ"]}]}},"_links":{"self":[{"href":"https:\/\/contessascopemounts.com\/es\/wp-json\/wp\/v2\/product\/10456","targetHints":{"allow":["GET"]}}],"collection":[{"href":"https:\/\/contessascopemounts.com\/es\/wp-json\/wp\/v2\/product"}],"about":[{"href":"https:\/\/contessascopemounts.com\/es\/wp-json\/wp\/v2\/types\/product"}],"version-history":[{"count":0,"href":"https:\/\/contessascopemounts.com\/es\/wp-json\/wp\/v2\/product\/10456\/revisions"}],"wp:featuredmedia":[{"embeddable":true,"href":"https:\/\/contessascopemounts.com\/es\/wp-json\/wp\/v2\/media\/10457"}],"wp:attachment":[{"href":"https:\/\/contessascopemounts.com\/es\/wp-json\/wp\/v2\/media?parent=10456"}],"wp:term":[{"taxonomy":"product_brand","embeddable":true,"href":"https:\/\/contessascopemounts.com\/es\/wp-json\/wp\/v2\/product_brand?post=10456"},{"taxonomy":"product_cat","embeddable":true,"href":"https:\/\/contessascopemounts.com\/es\/wp-json\/wp\/v2\/product_cat?post=10456"},{"taxonomy":"product_tag","embeddable":true,"href":"https:\/\/contessascopemounts.com\/es\/wp-json\/wp\/v2\/product_tag?post=10456"}],"curies":[{"name":"wp","href":"https:\/\/api.w.org\/{rel}","templated":true}]}}