{"id":10197,"date":"2025-07-22T19:33:27","date_gmt":"2025-07-22T17:33:27","guid":{"rendered":"https:\/\/contessascopemounts.com\/?post_type=product&#038;p=10197"},"modified":"2025-07-22T19:33:27","modified_gmt":"2025-07-22T17:33:27","slug":"sbb02-negro-simple-bls-std","status":"publish","type":"product","link":"https:\/\/contessascopemounts.com\/es\/sbb02-negro-simple-bls-std\/","title":{"rendered":"SBB02 &#8211; NEGRO SIMPLE BLS STD"},"content":{"rendered":"","protected":false},"excerpt":{"rendered":"<ul>\n<li><span style=\"font-weight: 400;\">Acoplamiento r\u00e1pido compatible con <\/span><b>armas BLASER<\/b><span style=\"font-weight: 400;\">.<\/span><\/li>\n<li style=\"font-weight: 400;\" aria-level=\"2\"><span style=\"font-weight: 400;\">Sistema de liberaci\u00f3n r\u00e1pida patentado por Contessa que garantiza una calibraci\u00f3n repetible entre liberaciones. SISTEMA DE INSERCI\u00d3N DE ACERO CONTESSA<\/span><span style=\"font-weight: 400;\">\u00ae.<\/span><\/li>\n<\/ul>\n<ul>\n<li><span style=\"font-weight: 400;\">Posibilidad de montar <\/span><b>anillos<\/b><span style=\"font-weight: 400;\"> de distintos di\u00e1metros y alturas:<\/span><\/li>\n<\/ul>\n<p><span style=\"font-size: 14px;\"><span style=\"color: #000000;\">  &#8211; \u00f8 1&#8243;, 30 mm, 34 mm, 35 mm, 36 mm, 40 mm<\/span><\/span><br \/>\n<span style=\"font-size: 14px;\"><span style=\"color: #000000;\">  &#8211; <span style=\"font-weight: 400;\">bajo, medio o alto<\/span><\/span><\/span><\/p>\n<p>&nbsp;<\/p>\n<hr>\n<p>&nbsp;<\/p>\n<p style=\"text-align: center;\">\u00bfNecesitas m\u00e1s informaci\u00f3n?<\/p>\n<p>&nbsp;<\/p>\n<p style=\"text-align: center;\">[maxbutton id=\"4\" extraclass=\"popmake-3707\"]<\/p>\n","protected":false},"featured_media":10206,"template":"","meta":[],"product_brand":[],"product_cat":[380,565,564],"product_tag":[566,568,567,523],"class_list":{"0":"post-10197","1":"product","2":"type-product","3":"status-publish","4":"has-post-thumbnail","6":"product_cat-attacchi-es","7":"product_cat-liberacion-rapida-para-la-optica-es-2","8":"product_cat-para-armas-blaser","9":"product_tag-adjuntos_bls","10":"product_tag-blaser-es","11":"product_tag-sbb02-es","12":"product_tag-sp-es","14":"first","15":"instock","16":"shipping-taxable","17":"product-type-simple"},"yoast_head":"<!-- This site is optimized with the Yoast SEO plugin v27.5 - https:\/\/yoast.com\/product\/yoast-seo-wordpress\/ -->\n<title>SBB02 - NEGRO SIMPLE BLS STD - %<\/title>\n<meta name=\"description\" content=\"Acoplamiento r\u00e1pido compatible con las armas BLASER. Sistema de liberaci\u00f3n r\u00e1pida patentado por Contessa que garantiza una calibraci\u00f3n repetible entre liberaciones. SISTEMA DE INSERCI\u00d3N DE ACERO CONTESSA\u00ae.\" \/>\n<meta name=\"robots\" content=\"index, follow, max-snippet:-1, max-image-preview:large, max-video-preview:-1\" \/>\n<link rel=\"canonical\" href=\"https:\/\/contessascopemounts.com\/es\/sbb02-negro-simple-bls-std\/\" \/>\n<meta property=\"og:locale\" content=\"es_ES\" \/>\n<meta property=\"og:type\" content=\"article\" \/>\n<meta property=\"og:title\" content=\"SBB02 - NEGRO SIMPLE BLS STD - %\" \/>\n<meta property=\"og:description\" content=\"Acoplamiento r\u00e1pido compatible con las armas BLASER. Sistema de liberaci\u00f3n r\u00e1pida patentado por Contessa que garantiza una calibraci\u00f3n repetible entre liberaciones. SISTEMA DE INSERCI\u00d3N DE ACERO CONTESSA\u00ae.\" \/>\n<meta property=\"og:url\" content=\"https:\/\/contessascopemounts.com\/es\/sbb02-negro-simple-bls-std\/\" \/>\n<meta property=\"og:site_name\" content=\"Contessa\" \/>\n<meta property=\"article:publisher\" content=\"https:\/\/www.facebook.com\/contessascopemounts\" \/>\n<meta property=\"og:image\" content=\"https:\/\/contessascopemounts.com\/wp-content\/uploads\/2021\/09\/SBB02-BLS-scaled.jpg\" \/>\n\t<meta property=\"og:image:width\" content=\"2560\" \/>\n\t<meta property=\"og:image:height\" content=\"1778\" \/>\n\t<meta property=\"og:image:type\" content=\"image\/jpeg\" \/>\n<meta name=\"twitter:card\" content=\"summary_large_image\" \/>\n<script type=\"application\/ld+json\" class=\"yoast-schema-graph\">{\"@context\":\"https:\\\/\\\/schema.org\",\"@graph\":[{\"@type\":\"WebPage\",\"@id\":\"https:\\\/\\\/contessascopemounts.com\\\/es\\\/sbb02-negro-simple-bls-std\\\/\",\"url\":\"https:\\\/\\\/contessascopemounts.com\\\/es\\\/sbb02-negro-simple-bls-std\\\/\",\"name\":\"SBB02 - NEGRO SIMPLE BLS STD - %\",\"isPartOf\":{\"@id\":\"https:\\\/\\\/contessascopemounts.com\\\/es\\\/#website\"},\"primaryImageOfPage\":{\"@id\":\"https:\\\/\\\/contessascopemounts.com\\\/es\\\/sbb02-negro-simple-bls-std\\\/#primaryimage\"},\"image\":{\"@id\":\"https:\\\/\\\/contessascopemounts.com\\\/es\\\/sbb02-negro-simple-bls-std\\\/#primaryimage\"},\"thumbnailUrl\":\"https:\\\/\\\/contessascopemounts.com\\\/wp-content\\\/uploads\\\/2021\\\/09\\\/SBB02-BLS-scaled.jpg\",\"datePublished\":\"2025-07-22T17:33:27+00:00\",\"description\":\"Acoplamiento r\u00e1pido compatible con las armas BLASER. Sistema de liberaci\u00f3n r\u00e1pida patentado por Contessa que garantiza una calibraci\u00f3n repetible entre liberaciones. SISTEMA DE INSERCI\u00d3N DE ACERO CONTESSA\u00ae.\",\"breadcrumb\":{\"@id\":\"https:\\\/\\\/contessascopemounts.com\\\/es\\\/sbb02-negro-simple-bls-std\\\/#breadcrumb\"},\"inLanguage\":\"es\",\"potentialAction\":[{\"@type\":\"ReadAction\",\"target\":[\"https:\\\/\\\/contessascopemounts.com\\\/es\\\/sbb02-negro-simple-bls-std\\\/\"]}]},{\"@type\":\"ImageObject\",\"inLanguage\":\"es\",\"@id\":\"https:\\\/\\\/contessascopemounts.com\\\/es\\\/sbb02-negro-simple-bls-std\\\/#primaryimage\",\"url\":\"https:\\\/\\\/contessascopemounts.com\\\/wp-content\\\/uploads\\\/2021\\\/09\\\/SBB02-BLS-scaled.jpg\",\"contentUrl\":\"https:\\\/\\\/contessascopemounts.com\\\/wp-content\\\/uploads\\\/2021\\\/09\\\/SBB02-BLS-scaled.jpg\",\"width\":2560,\"height\":1778},{\"@type\":\"BreadcrumbList\",\"@id\":\"https:\\\/\\\/contessascopemounts.com\\\/es\\\/sbb02-negro-simple-bls-std\\\/#breadcrumb\",\"itemListElement\":[{\"@type\":\"ListItem\",\"position\":1,\"name\":\"Home\",\"item\":\"https:\\\/\\\/contessascopemounts.com\\\/es\\\/\"},{\"@type\":\"ListItem\",\"position\":2,\"name\":\"Productos\",\"item\":\"https:\\\/\\\/contessascopemounts.com\\\/es\\\/productos\\\/\"},{\"@type\":\"ListItem\",\"position\":3,\"name\":\"SBB02 &#8211; NEGRO SIMPLE BLS STD\"}]},{\"@type\":\"WebSite\",\"@id\":\"https:\\\/\\\/contessascopemounts.com\\\/es\\\/#website\",\"url\":\"https:\\\/\\\/contessascopemounts.com\\\/es\\\/\",\"name\":\"Contessa\",\"description\":\"Professional Scope Mounts\",\"publisher\":{\"@id\":\"https:\\\/\\\/contessascopemounts.com\\\/es\\\/#organization\"},\"potentialAction\":[{\"@type\":\"SearchAction\",\"target\":{\"@type\":\"EntryPoint\",\"urlTemplate\":\"https:\\\/\\\/contessascopemounts.com\\\/es\\\/?s={search_term_string}\"},\"query-input\":{\"@type\":\"PropertyValueSpecification\",\"valueRequired\":true,\"valueName\":\"search_term_string\"}}],\"inLanguage\":\"es\"},{\"@type\":\"Organization\",\"@id\":\"https:\\\/\\\/contessascopemounts.com\\\/es\\\/#organization\",\"name\":\"CONTESSA\",\"url\":\"https:\\\/\\\/contessascopemounts.com\\\/es\\\/\",\"logo\":{\"@type\":\"ImageObject\",\"inLanguage\":\"es\",\"@id\":\"https:\\\/\\\/contessascopemounts.com\\\/es\\\/#\\\/schema\\\/logo\\\/image\\\/\",\"url\":\"https:\\\/\\\/contessascopemounts.com\\\/wp-content\\\/uploads\\\/2021\\\/04\\\/Contessa-supporti-per-ottiche-made-in-italy.png\",\"contentUrl\":\"https:\\\/\\\/contessascopemounts.com\\\/wp-content\\\/uploads\\\/2021\\\/04\\\/Contessa-supporti-per-ottiche-made-in-italy.png\",\"width\":1000,\"height\":411,\"caption\":\"CONTESSA\"},\"image\":{\"@id\":\"https:\\\/\\\/contessascopemounts.com\\\/es\\\/#\\\/schema\\\/logo\\\/image\\\/\"},\"sameAs\":[\"https:\\\/\\\/www.facebook.com\\\/contessascopemounts\",\"https:\\\/\\\/www.instagram.com\\\/contessa_mounts\\\/?fbclid=IwAR0Yr8lwWVwN0ewOz1bCVK4ZAKI8lkRIVuhxyX56qNYkwSaMAUVleye6XiE\",\"https:\\\/\\\/www.youtube.com\\\/channel\\\/UCEjBcvoWy-XvVVujqw-psXQ\"]}]}<\/script>\n<!-- \/ Yoast SEO plugin. -->","yoast_head_json":{"title":"SBB02 - NEGRO SIMPLE BLS STD - %","description":"Acoplamiento r\u00e1pido compatible con las armas BLASER. Sistema de liberaci\u00f3n r\u00e1pida patentado por Contessa que garantiza una calibraci\u00f3n repetible entre liberaciones. SISTEMA DE INSERCI\u00d3N DE ACERO CONTESSA\u00ae.","robots":{"index":"index","follow":"follow","max-snippet":"max-snippet:-1","max-image-preview":"max-image-preview:large","max-video-preview":"max-video-preview:-1"},"canonical":"https:\/\/contessascopemounts.com\/es\/sbb02-negro-simple-bls-std\/","og_locale":"es_ES","og_type":"article","og_title":"SBB02 - NEGRO SIMPLE BLS STD - %","og_description":"Acoplamiento r\u00e1pido compatible con las armas BLASER. Sistema de liberaci\u00f3n r\u00e1pida patentado por Contessa que garantiza una calibraci\u00f3n repetible entre liberaciones. SISTEMA DE INSERCI\u00d3N DE ACERO CONTESSA\u00ae.","og_url":"https:\/\/contessascopemounts.com\/es\/sbb02-negro-simple-bls-std\/","og_site_name":"Contessa","article_publisher":"https:\/\/www.facebook.com\/contessascopemounts","og_image":[{"width":2560,"height":1778,"url":"https:\/\/contessascopemounts.com\/wp-content\/uploads\/2021\/09\/SBB02-BLS-scaled.jpg","type":"image\/jpeg"}],"twitter_card":"summary_large_image","schema":{"@context":"https:\/\/schema.org","@graph":[{"@type":"WebPage","@id":"https:\/\/contessascopemounts.com\/es\/sbb02-negro-simple-bls-std\/","url":"https:\/\/contessascopemounts.com\/es\/sbb02-negro-simple-bls-std\/","name":"SBB02 - NEGRO SIMPLE BLS STD - %","isPartOf":{"@id":"https:\/\/contessascopemounts.com\/es\/#website"},"primaryImageOfPage":{"@id":"https:\/\/contessascopemounts.com\/es\/sbb02-negro-simple-bls-std\/#primaryimage"},"image":{"@id":"https:\/\/contessascopemounts.com\/es\/sbb02-negro-simple-bls-std\/#primaryimage"},"thumbnailUrl":"https:\/\/contessascopemounts.com\/wp-content\/uploads\/2021\/09\/SBB02-BLS-scaled.jpg","datePublished":"2025-07-22T17:33:27+00:00","description":"Acoplamiento r\u00e1pido compatible con las armas BLASER. Sistema de liberaci\u00f3n r\u00e1pida patentado por Contessa que garantiza una calibraci\u00f3n repetible entre liberaciones. SISTEMA DE INSERCI\u00d3N DE ACERO CONTESSA\u00ae.","breadcrumb":{"@id":"https:\/\/contessascopemounts.com\/es\/sbb02-negro-simple-bls-std\/#breadcrumb"},"inLanguage":"es","potentialAction":[{"@type":"ReadAction","target":["https:\/\/contessascopemounts.com\/es\/sbb02-negro-simple-bls-std\/"]}]},{"@type":"ImageObject","inLanguage":"es","@id":"https:\/\/contessascopemounts.com\/es\/sbb02-negro-simple-bls-std\/#primaryimage","url":"https:\/\/contessascopemounts.com\/wp-content\/uploads\/2021\/09\/SBB02-BLS-scaled.jpg","contentUrl":"https:\/\/contessascopemounts.com\/wp-content\/uploads\/2021\/09\/SBB02-BLS-scaled.jpg","width":2560,"height":1778},{"@type":"BreadcrumbList","@id":"https:\/\/contessascopemounts.com\/es\/sbb02-negro-simple-bls-std\/#breadcrumb","itemListElement":[{"@type":"ListItem","position":1,"name":"Home","item":"https:\/\/contessascopemounts.com\/es\/"},{"@type":"ListItem","position":2,"name":"Productos","item":"https:\/\/contessascopemounts.com\/es\/productos\/"},{"@type":"ListItem","position":3,"name":"SBB02 &#8211; NEGRO SIMPLE BLS STD"}]},{"@type":"WebSite","@id":"https:\/\/contessascopemounts.com\/es\/#website","url":"https:\/\/contessascopemounts.com\/es\/","name":"Contessa","description":"Professional Scope Mounts","publisher":{"@id":"https:\/\/contessascopemounts.com\/es\/#organization"},"potentialAction":[{"@type":"SearchAction","target":{"@type":"EntryPoint","urlTemplate":"https:\/\/contessascopemounts.com\/es\/?s={search_term_string}"},"query-input":{"@type":"PropertyValueSpecification","valueRequired":true,"valueName":"search_term_string"}}],"inLanguage":"es"},{"@type":"Organization","@id":"https:\/\/contessascopemounts.com\/es\/#organization","name":"CONTESSA","url":"https:\/\/contessascopemounts.com\/es\/","logo":{"@type":"ImageObject","inLanguage":"es","@id":"https:\/\/contessascopemounts.com\/es\/#\/schema\/logo\/image\/","url":"https:\/\/contessascopemounts.com\/wp-content\/uploads\/2021\/04\/Contessa-supporti-per-ottiche-made-in-italy.png","contentUrl":"https:\/\/contessascopemounts.com\/wp-content\/uploads\/2021\/04\/Contessa-supporti-per-ottiche-made-in-italy.png","width":1000,"height":411,"caption":"CONTESSA"},"image":{"@id":"https:\/\/contessascopemounts.com\/es\/#\/schema\/logo\/image\/"},"sameAs":["https:\/\/www.facebook.com\/contessascopemounts","https:\/\/www.instagram.com\/contessa_mounts\/?fbclid=IwAR0Yr8lwWVwN0ewOz1bCVK4ZAKI8lkRIVuhxyX56qNYkwSaMAUVleye6XiE","https:\/\/www.youtube.com\/channel\/UCEjBcvoWy-XvVVujqw-psXQ"]}]}},"_links":{"self":[{"href":"https:\/\/contessascopemounts.com\/es\/wp-json\/wp\/v2\/product\/10197","targetHints":{"allow":["GET"]}}],"collection":[{"href":"https:\/\/contessascopemounts.com\/es\/wp-json\/wp\/v2\/product"}],"about":[{"href":"https:\/\/contessascopemounts.com\/es\/wp-json\/wp\/v2\/types\/product"}],"version-history":[{"count":0,"href":"https:\/\/contessascopemounts.com\/es\/wp-json\/wp\/v2\/product\/10197\/revisions"}],"wp:featuredmedia":[{"embeddable":true,"href":"https:\/\/contessascopemounts.com\/es\/wp-json\/wp\/v2\/media\/10206"}],"wp:attachment":[{"href":"https:\/\/contessascopemounts.com\/es\/wp-json\/wp\/v2\/media?parent=10197"}],"wp:term":[{"taxonomy":"product_brand","embeddable":true,"href":"https:\/\/contessascopemounts.com\/es\/wp-json\/wp\/v2\/product_brand?post=10197"},{"taxonomy":"product_cat","embeddable":true,"href":"https:\/\/contessascopemounts.com\/es\/wp-json\/wp\/v2\/product_cat?post=10197"},{"taxonomy":"product_tag","embeddable":true,"href":"https:\/\/contessascopemounts.com\/es\/wp-json\/wp\/v2\/product_tag?post=10197"}],"curies":[{"name":"wp","href":"https:\/\/api.w.org\/{rel}","templated":true}]}}