{"id":10881,"date":"2025-08-10T13:45:34","date_gmt":"2025-08-10T11:45:34","guid":{"rendered":"https:\/\/contessascopemounts.com\/?page_id=10881"},"modified":"2025-08-10T13:45:34","modified_gmt":"2025-08-10T11:45:34","slug":"testimonios","status":"publish","type":"page","link":"https:\/\/contessascopemounts.com\/es\/testimonios\/","title":{"rendered":"Testimonios"},"content":{"rendered":"<div class=\"wpb-content-wrapper\"><p>[vc_row][vc_column css=&#8221;.vc_custom_1706313721679{padding-right: 10px !important;padding-left: 10px !important;}&#8221;][vc_empty_space height=&#8221;15px&#8221; css=&#8221;.vc_custom_1706313738836{padding-right: 10px !important;padding-left: 10px !important;}&#8221;][\/vc_column][\/vc_row][vc_row layout=&#8221;container-fluid&#8221;][vc_column css=&#8221;.vc_custom_1706313751264{padding-right: 10px !important;padding-left: 10px !important;}&#8221;][vc_custom_heading text=&#8221;<strong>TESTIMONIOS<\/strong>&#8221; font_container=&#8221;tag:h2|text_align:center|color:%23000000&#8243; use_theme_fonts=&#8221;yes&#8221; css=&#8221;.vc_custom_1625045559713{margin-bottom: 0px !important;}&#8221; el_class=&#8221;letter-spacing-5px&#8221;][vc_custom_heading text=&#8221;<strong>Las muestras eligen los soportes \u00f3pticos Contessa.<\/strong>&#8221; font_container=&#8221;tag:h5|font_size:18px|text_align:center|color:%23000000&#8243; use_theme_fonts=&#8221;yes&#8221;][vc_custom_heading text=&#8221;<strong>CONTESSA<\/strong>&#8221; font_container=&#8221;tag:h2|font_size:60|text_align:center|color:rgba(154%2C133%2C85%2C0.2)&#8221; use_theme_fonts=&#8221;yes&#8221; css=&#8221;.vc_custom_1622447678933{margin-top: -93px !important;}&#8221; el_class=&#8221;letter-spacing-5px&#8221;][vc_separator color=&#8221;custom&#8221; border_width=&#8221;2&#8243; el_width=&#8221;10&#8243; accent_color=&#8221;#9a8555&#8243; css=&#8221;.vc_custom_1706313763886{padding-top: 20px !important;padding-right: 10px !important;padding-bottom: 20px !important;padding-left: 10px !important;}&#8221;][vc_column_text css=&#8221;.vc_custom_1706313777890{padding-right: 10px !important;padding-left: 10px !important;}&#8221;]<\/p>\n<p style=\"text-align: center;\"><span style=\"color: #000000;\">S\u00f3lo los mejores pueden aspirar al \u00e9xito y perseguir nuevos r\u00e9cords.<\/span><\/p>\n<p>[\/vc_column_text][\/vc_column][\/vc_row][vc_row][vc_column css=&#8221;.vc_custom_1706313791091{padding-right: 10px !important;padding-left: 10px !important;}&#8221;][vc_empty_space height=&#8221;60px&#8221;][\/vc_column][\/vc_row][vc_row css=&#8221;.vc_custom_1706313835314{padding-right: 10px !important;padding-left: 10px !important;}&#8221;][vc_column width=&#8221;1\/3&#8243; css=&#8221;.vc_custom_1706313816518{padding-right: 10px !important;padding-left: 10px !important;}&#8221;][vc_media_grid element_width=&#8221;12&#8243; gap=&#8221;0&#8243; item=&#8221;3958&#8243; grid_id=&#8221;vc_gid:1706313252421-7b59fda9-340c-7&#8243; include=&#8221;10882&#8243; css=&#8221;.vc_custom_1706313858068{padding-right: 10px !important;padding-left: 10px !important;}&#8221;][vc_custom_heading text=&#8221;<strong>Tirador de rifle de aire comprimido, poseedor de 15 r\u00e9cords mundiales.<\/strong>&#8221; font_container=&#8221;tag:h5|font_size:16px|text_align:left|color:%23000000&#8243; use_theme_fonts=&#8221;yes&#8221; css=&#8221;.vc_custom_1706313870465{padding-right: 10px !important;padding-left: 10px !important;}&#8221;][vc_empty_space height=&#8221;40px&#8221; css=&#8221;.vc_custom_1706313884008{padding-right: 10px !important;padding-left: 10px !important;}&#8221;][\/vc_column][vc_column width=&#8221;1\/3&#8243; css=&#8221;.vc_custom_1706313826749{padding-right: 10px !important;padding-left: 10px !important;}&#8221;][vc_media_grid element_width=&#8221;12&#8243; gap=&#8221;0&#8243; item=&#8221;4035&#8243; grid_id=&#8221;vc_gid:1706313252427-1322bf65-4718-6&#8243; include=&#8221;10883&#8243; css=&#8221;.vc_custom_1706313902293{padding-right: 10px !important;padding-left: 10px !important;}&#8221;][vc_custom_heading text=&#8221;<strong>Cazador por pasi\u00f3n.<\/strong>&#8221; font_container=&#8221;tag:h5|font_size:16px|text_align:left|color:%23000000&#8243; use_theme_fonts=&#8221;yes&#8221; css=&#8221;.vc_custom_1706313921757{padding-right: 10px !important;padding-left: 10px !important;}&#8221;][vc_empty_space height=&#8221;40px&#8221; css=&#8221;.vc_custom_1706313931570{padding-right: 10px !important;padding-left: 10px !important;}&#8221;][\/vc_column][vc_column width=&#8221;1\/3&#8243; css=&#8221;.vc_custom_1706313845187{padding-right: 10px !important;padding-left: 10px !important;}&#8221;][vc_media_grid element_width=&#8221;12&#8243; gap=&#8221;0&#8243; item=&#8221;4390&#8243; grid_id=&#8221;vc_gid:1706313252432-7e1c3a78-ce36-6&#8243; include=&#8221;10885&#8243; css=&#8221;.vc_custom_1706313946325{padding-right: 10px !important;padding-left: 10px !important;}&#8221;][vc_custom_heading text=&#8221;<strong>Campe\u00f3n nacional y actual de tiro al jabal\u00ed.<\/strong>&#8221; font_container=&#8221;tag:h5|font_size:16px|text_align:left|color:%23000000&#8243; use_theme_fonts=&#8221;yes&#8221; css=&#8221;.vc_custom_1706313959272{padding-right: 10px !important;padding-left: 10px !important;}&#8221;][vc_empty_space height=&#8221;40px&#8221; css=&#8221;.vc_custom_1706313972189{padding-right: 10px !important;padding-left: 10px !important;}&#8221;][\/vc_column][\/vc_row][vc_row][vc_column css=&#8221;.vc_custom_1706313983673{padding-right: 10px !important;padding-left: 10px !important;}&#8221;][vc_empty_space height=&#8221;40px&#8221;][\/vc_column][\/vc_row]<\/p>\n<\/div>","protected":false},"excerpt":{"rendered":"<p>[vc_row][vc_column css=&#8221;.vc_custom_1706313721679{padding-right: 10px !important;padding-left: 10px !important;}&#8221;][vc_empty_space height=&#8221;15px&#8221; css=&#8221;.vc_custom_1706313738836{padding-right: 10px !important;padding-left: 10px !important;}&#8221;][\/vc_column][\/vc_row][vc_row layout=&#8221;container-fluid&#8221;][vc_column css=&#8221;.vc_custom_1706313751264{padding-right: 10px !important;padding-left: 10px !important;}&#8221;][vc_custom_heading text=&#8221;TESTIMONIOS&#8221; font_container=&#8221;tag:h2|text_align:center|color:%23000000&#8243; use_theme_fonts=&#8221;yes&#8221; css=&#8221;.vc_custom_1625045559713{margin-bottom: 0px !important;}&#8221; el_class=&#8221;letter-spacing-5px&#8221;][vc_custom_heading text=&#8221;Las muestras eligen los soportes \u00f3pticos Contessa.&#8221; font_container=&#8221;tag:h5|font_size:18px|text_align:center|color:%23000000&#8243; use_theme_fonts=&#8221;yes&#8221;][vc_custom_heading text=&#8221;CONTESSA&#8221; font_container=&#8221;tag:h2|font_size:60|text_align:center|color:rgba(154%2C133%2C85%2C0.2)&#8221; use_theme_fonts=&#8221;yes&#8221; css=&#8221;.vc_custom_1622447678933{margin-top: -93px !important;}&#8221; el_class=&#8221;letter-spacing-5px&#8221;][vc_separator color=&#8221;custom&#8221; border_width=&#8221;2&#8243; el_width=&#8221;10&#8243; accent_color=&#8221;#9a8555&#8243; css=&#8221;.vc_custom_1706313763886{padding-top: 20px !important;padding-right: 10px !important;padding-bottom: 20px !important;padding-left: 10px !important;}&#8221;][vc_column_text css=&#8221;.vc_custom_1706313777890{padding-right:&#8230;<\/p>\n","protected":false},"author":3,"featured_media":9063,"parent":0,"menu_order":0,"comment_status":"closed","ping_status":"closed","template":"","meta":{"footnotes":""},"class_list":["post-10881","page","type-page","status-publish","has-post-thumbnail","hentry"],"yoast_head":"<!-- This site is optimized with the Yoast SEO plugin v27.4 - https:\/\/yoast.com\/product\/yoast-seo-wordpress\/ -->\n<title>Condesa - Testimonios<\/title>\n<meta name=\"description\" content=\"Los campeones optan por la \u00f3ptica Contessa. Testimonios Raniero Testa, Giammarco Spalletta, Carlo Mattiello.\" \/>\n<meta name=\"robots\" content=\"index, follow, max-snippet:-1, max-image-preview:large, max-video-preview:-1\" \/>\n<link rel=\"canonical\" href=\"https:\/\/contessascopemounts.com\/es\/testimonios\/\" \/>\n<meta property=\"og:locale\" content=\"es_ES\" \/>\n<meta property=\"og:type\" content=\"article\" \/>\n<meta property=\"og:title\" content=\"Condesa - Testimonios\" \/>\n<meta property=\"og:description\" content=\"Los campeones optan por la \u00f3ptica Contessa. Testimonios Raniero Testa, Giammarco Spalletta, Carlo Mattiello.\" \/>\n<meta property=\"og:url\" content=\"https:\/\/contessascopemounts.com\/es\/testimonios\/\" \/>\n<meta property=\"og:site_name\" content=\"Contessa\" \/>\n<meta property=\"article:publisher\" content=\"https:\/\/www.facebook.com\/contessascopemounts\" \/>\n<meta property=\"og:image\" content=\"https:\/\/contessascopemounts.com\/wp-content\/uploads\/2021\/08\/testa-contessa-marcheno.jpg\" \/>\n\t<meta property=\"og:image:width\" content=\"800\" \/>\n\t<meta property=\"og:image:height\" content=\"600\" \/>\n\t<meta property=\"og:image:type\" content=\"image\/jpeg\" \/>\n<meta name=\"twitter:card\" content=\"summary_large_image\" \/>\n<meta name=\"twitter:label1\" content=\"Tiempo de lectura\" \/>\n\t<meta name=\"twitter:data1\" content=\"3 minutos\" \/>\n<script type=\"application\/ld+json\" class=\"yoast-schema-graph\">{\"@context\":\"https:\\\/\\\/schema.org\",\"@graph\":[{\"@type\":\"WebPage\",\"@id\":\"https:\\\/\\\/contessascopemounts.com\\\/es\\\/testimonios\\\/\",\"url\":\"https:\\\/\\\/contessascopemounts.com\\\/es\\\/testimonios\\\/\",\"name\":\"Condesa - Testimonios\",\"isPartOf\":{\"@id\":\"https:\\\/\\\/contessascopemounts.com\\\/es\\\/#website\"},\"primaryImageOfPage\":{\"@id\":\"https:\\\/\\\/contessascopemounts.com\\\/es\\\/testimonios\\\/#primaryimage\"},\"image\":{\"@id\":\"https:\\\/\\\/contessascopemounts.com\\\/es\\\/testimonios\\\/#primaryimage\"},\"thumbnailUrl\":\"https:\\\/\\\/contessascopemounts.com\\\/wp-content\\\/uploads\\\/2021\\\/08\\\/testa-contessa-marcheno.jpg\",\"datePublished\":\"2025-08-10T11:45:34+00:00\",\"description\":\"Los campeones optan por la \u00f3ptica Contessa. Testimonios Raniero Testa, Giammarco Spalletta, Carlo Mattiello.\",\"breadcrumb\":{\"@id\":\"https:\\\/\\\/contessascopemounts.com\\\/es\\\/testimonios\\\/#breadcrumb\"},\"inLanguage\":\"es\",\"potentialAction\":[{\"@type\":\"ReadAction\",\"target\":[\"https:\\\/\\\/contessascopemounts.com\\\/es\\\/testimonios\\\/\"]}]},{\"@type\":\"ImageObject\",\"inLanguage\":\"es\",\"@id\":\"https:\\\/\\\/contessascopemounts.com\\\/es\\\/testimonios\\\/#primaryimage\",\"url\":\"https:\\\/\\\/contessascopemounts.com\\\/wp-content\\\/uploads\\\/2021\\\/08\\\/testa-contessa-marcheno.jpg\",\"contentUrl\":\"https:\\\/\\\/contessascopemounts.com\\\/wp-content\\\/uploads\\\/2021\\\/08\\\/testa-contessa-marcheno.jpg\",\"width\":800,\"height\":600},{\"@type\":\"BreadcrumbList\",\"@id\":\"https:\\\/\\\/contessascopemounts.com\\\/es\\\/testimonios\\\/#breadcrumb\",\"itemListElement\":[{\"@type\":\"ListItem\",\"position\":1,\"name\":\"Home\",\"item\":\"https:\\\/\\\/contessascopemounts.com\\\/es\\\/\"},{\"@type\":\"ListItem\",\"position\":2,\"name\":\"Testimonios\"}]},{\"@type\":\"WebSite\",\"@id\":\"https:\\\/\\\/contessascopemounts.com\\\/es\\\/#website\",\"url\":\"https:\\\/\\\/contessascopemounts.com\\\/es\\\/\",\"name\":\"Contessa\",\"description\":\"Professional Scope Mounts\",\"publisher\":{\"@id\":\"https:\\\/\\\/contessascopemounts.com\\\/es\\\/#organization\"},\"potentialAction\":[{\"@type\":\"SearchAction\",\"target\":{\"@type\":\"EntryPoint\",\"urlTemplate\":\"https:\\\/\\\/contessascopemounts.com\\\/es\\\/?s={search_term_string}\"},\"query-input\":{\"@type\":\"PropertyValueSpecification\",\"valueRequired\":true,\"valueName\":\"search_term_string\"}}],\"inLanguage\":\"es\"},{\"@type\":\"Organization\",\"@id\":\"https:\\\/\\\/contessascopemounts.com\\\/es\\\/#organization\",\"name\":\"CONTESSA\",\"url\":\"https:\\\/\\\/contessascopemounts.com\\\/es\\\/\",\"logo\":{\"@type\":\"ImageObject\",\"inLanguage\":\"es\",\"@id\":\"https:\\\/\\\/contessascopemounts.com\\\/es\\\/#\\\/schema\\\/logo\\\/image\\\/\",\"url\":\"https:\\\/\\\/contessascopemounts.com\\\/wp-content\\\/uploads\\\/2021\\\/04\\\/Contessa-supporti-per-ottiche-made-in-italy.png\",\"contentUrl\":\"https:\\\/\\\/contessascopemounts.com\\\/wp-content\\\/uploads\\\/2021\\\/04\\\/Contessa-supporti-per-ottiche-made-in-italy.png\",\"width\":1000,\"height\":411,\"caption\":\"CONTESSA\"},\"image\":{\"@id\":\"https:\\\/\\\/contessascopemounts.com\\\/es\\\/#\\\/schema\\\/logo\\\/image\\\/\"},\"sameAs\":[\"https:\\\/\\\/www.facebook.com\\\/contessascopemounts\",\"https:\\\/\\\/www.instagram.com\\\/contessa_mounts\\\/?fbclid=IwAR0Yr8lwWVwN0ewOz1bCVK4ZAKI8lkRIVuhxyX56qNYkwSaMAUVleye6XiE\",\"https:\\\/\\\/www.youtube.com\\\/channel\\\/UCEjBcvoWy-XvVVujqw-psXQ\"]}]}<\/script>\n<!-- \/ Yoast SEO plugin. -->","yoast_head_json":{"title":"Condesa - Testimonios","description":"Los campeones optan por la \u00f3ptica Contessa. Testimonios Raniero Testa, Giammarco Spalletta, Carlo Mattiello.","robots":{"index":"index","follow":"follow","max-snippet":"max-snippet:-1","max-image-preview":"max-image-preview:large","max-video-preview":"max-video-preview:-1"},"canonical":"https:\/\/contessascopemounts.com\/es\/testimonios\/","og_locale":"es_ES","og_type":"article","og_title":"Condesa - Testimonios","og_description":"Los campeones optan por la \u00f3ptica Contessa. Testimonios Raniero Testa, Giammarco Spalletta, Carlo Mattiello.","og_url":"https:\/\/contessascopemounts.com\/es\/testimonios\/","og_site_name":"Contessa","article_publisher":"https:\/\/www.facebook.com\/contessascopemounts","og_image":[{"width":800,"height":600,"url":"https:\/\/contessascopemounts.com\/wp-content\/uploads\/2021\/08\/testa-contessa-marcheno.jpg","type":"image\/jpeg"}],"twitter_card":"summary_large_image","twitter_misc":{"Tiempo de lectura":"3 minutos"},"schema":{"@context":"https:\/\/schema.org","@graph":[{"@type":"WebPage","@id":"https:\/\/contessascopemounts.com\/es\/testimonios\/","url":"https:\/\/contessascopemounts.com\/es\/testimonios\/","name":"Condesa - Testimonios","isPartOf":{"@id":"https:\/\/contessascopemounts.com\/es\/#website"},"primaryImageOfPage":{"@id":"https:\/\/contessascopemounts.com\/es\/testimonios\/#primaryimage"},"image":{"@id":"https:\/\/contessascopemounts.com\/es\/testimonios\/#primaryimage"},"thumbnailUrl":"https:\/\/contessascopemounts.com\/wp-content\/uploads\/2021\/08\/testa-contessa-marcheno.jpg","datePublished":"2025-08-10T11:45:34+00:00","description":"Los campeones optan por la \u00f3ptica Contessa. Testimonios Raniero Testa, Giammarco Spalletta, Carlo Mattiello.","breadcrumb":{"@id":"https:\/\/contessascopemounts.com\/es\/testimonios\/#breadcrumb"},"inLanguage":"es","potentialAction":[{"@type":"ReadAction","target":["https:\/\/contessascopemounts.com\/es\/testimonios\/"]}]},{"@type":"ImageObject","inLanguage":"es","@id":"https:\/\/contessascopemounts.com\/es\/testimonios\/#primaryimage","url":"https:\/\/contessascopemounts.com\/wp-content\/uploads\/2021\/08\/testa-contessa-marcheno.jpg","contentUrl":"https:\/\/contessascopemounts.com\/wp-content\/uploads\/2021\/08\/testa-contessa-marcheno.jpg","width":800,"height":600},{"@type":"BreadcrumbList","@id":"https:\/\/contessascopemounts.com\/es\/testimonios\/#breadcrumb","itemListElement":[{"@type":"ListItem","position":1,"name":"Home","item":"https:\/\/contessascopemounts.com\/es\/"},{"@type":"ListItem","position":2,"name":"Testimonios"}]},{"@type":"WebSite","@id":"https:\/\/contessascopemounts.com\/es\/#website","url":"https:\/\/contessascopemounts.com\/es\/","name":"Contessa","description":"Professional Scope Mounts","publisher":{"@id":"https:\/\/contessascopemounts.com\/es\/#organization"},"potentialAction":[{"@type":"SearchAction","target":{"@type":"EntryPoint","urlTemplate":"https:\/\/contessascopemounts.com\/es\/?s={search_term_string}"},"query-input":{"@type":"PropertyValueSpecification","valueRequired":true,"valueName":"search_term_string"}}],"inLanguage":"es"},{"@type":"Organization","@id":"https:\/\/contessascopemounts.com\/es\/#organization","name":"CONTESSA","url":"https:\/\/contessascopemounts.com\/es\/","logo":{"@type":"ImageObject","inLanguage":"es","@id":"https:\/\/contessascopemounts.com\/es\/#\/schema\/logo\/image\/","url":"https:\/\/contessascopemounts.com\/wp-content\/uploads\/2021\/04\/Contessa-supporti-per-ottiche-made-in-italy.png","contentUrl":"https:\/\/contessascopemounts.com\/wp-content\/uploads\/2021\/04\/Contessa-supporti-per-ottiche-made-in-italy.png","width":1000,"height":411,"caption":"CONTESSA"},"image":{"@id":"https:\/\/contessascopemounts.com\/es\/#\/schema\/logo\/image\/"},"sameAs":["https:\/\/www.facebook.com\/contessascopemounts","https:\/\/www.instagram.com\/contessa_mounts\/?fbclid=IwAR0Yr8lwWVwN0ewOz1bCVK4ZAKI8lkRIVuhxyX56qNYkwSaMAUVleye6XiE","https:\/\/www.youtube.com\/channel\/UCEjBcvoWy-XvVVujqw-psXQ"]}]}},"_links":{"self":[{"href":"https:\/\/contessascopemounts.com\/es\/wp-json\/wp\/v2\/pages\/10881","targetHints":{"allow":["GET"]}}],"collection":[{"href":"https:\/\/contessascopemounts.com\/es\/wp-json\/wp\/v2\/pages"}],"about":[{"href":"https:\/\/contessascopemounts.com\/es\/wp-json\/wp\/v2\/types\/page"}],"author":[{"embeddable":true,"href":"https:\/\/contessascopemounts.com\/es\/wp-json\/wp\/v2\/users\/3"}],"replies":[{"embeddable":true,"href":"https:\/\/contessascopemounts.com\/es\/wp-json\/wp\/v2\/comments?post=10881"}],"version-history":[{"count":3,"href":"https:\/\/contessascopemounts.com\/es\/wp-json\/wp\/v2\/pages\/10881\/revisions"}],"predecessor-version":[{"id":10891,"href":"https:\/\/contessascopemounts.com\/es\/wp-json\/wp\/v2\/pages\/10881\/revisions\/10891"}],"wp:featuredmedia":[{"embeddable":true,"href":"https:\/\/contessascopemounts.com\/es\/wp-json\/wp\/v2\/media\/9063"}],"wp:attachment":[{"href":"https:\/\/contessascopemounts.com\/es\/wp-json\/wp\/v2\/media?parent=10881"}],"curies":[{"name":"wp","href":"https:\/\/api.w.org\/{rel}","templated":true}]}}