{"id":9730,"date":"2025-07-22T19:31:17","date_gmt":"2025-07-22T17:31:17","guid":{"rendered":"https:\/\/contessascopemounts.com\/?post_type=product&#038;p=9730"},"modified":"2025-07-22T19:31:17","modified_gmt":"2025-07-22T17:31:17","slug":"lpr02-c-light-picatinny-rings-oe30mm-hoch","status":"publish","type":"product","link":"https:\/\/contessascopemounts.com\/de\/lpr02-c-light-picatinny-rings-oe30mm-hoch\/","title":{"rendered":"LPR02\/C &#8211; LIGHT PICATINNY RINGS \u00f830mm Hoch"},"content":{"rendered":"","protected":false},"excerpt":{"rendered":"<ul>\n<li><span style=\"font-weight: 400;\">Ein Paar feste Ringe f\u00fcr Picatinny-Schienen.<\/span><\/li>\n<li style=\"font-weight: 400;\" aria-level=\"1\"><span style=\"font-weight: 400;\">Die Ringe aus der Leichtmetalllegierung LPR, die in allen Teilen aus dem Vollen gefr\u00e4st sind, sind extrem robust und stabil. Ausgestattet mit integrierter Doppeldichtung am Schieber und doppelter Torx 20 B\u00fcgelsicherungsschraube. <\/span><\/li>\n<li aria-level=\"1\"><span style=\"font-weight: 400;\">Gesamtgewicht des Paares: 96 g<\/span><\/li>\n<li aria-level=\"1\"><span style=\"font-weight: 400;\">\u00f8 30 mm H 19 mm<\/span><\/li>\n<\/ul>\n<p>&nbsp;<\/p>\n<hr>\n<p>&nbsp;<\/p>\n<p style=\"text-align: center;\">Ben\u00f6tigen Sie mehr Informationen?<\/p>\n<p>&nbsp;<\/p>\n<p style=\"text-align: center;\">[maxbutton id=\"4\" extraclass=\"popmake-3707\"]<\/p>\n","protected":false},"featured_media":9731,"template":"","meta":[],"product_brand":[],"product_cat":[391,393,374,392,390],"product_tag":[403,394,378],"class_list":{"0":"post-9730","1":"product","2":"type-product","3":"status-publish","4":"has-post-thumbnail","6":"product_cat-durchmesser","7":"product_cat-lpr-de","8":"product_cat-o-30-mm-de","9":"product_cat-picatinny-weaver","10":"product_cat-ringe","11":"product_tag-30mm-de","12":"product_tag-lpr-de","13":"product_tag-picatinny_schlitten","15":"first","16":"instock","17":"shipping-taxable","18":"product-type-simple"},"yoast_head":"<!-- This site is optimized with the Yoast SEO plugin v27.5 - https:\/\/yoast.com\/product\/yoast-seo-wordpress\/ -->\n<title>LPR02\/C - LIGHT PICATINNY RINGS \u00f830mm Hoch -<\/title>\n<meta name=\"description\" content=\"Die Ringe aus der Leichtmetalllegierung LPR, die in allen Teilen aus dem Vollen gefr\u00e4st sind, sind extrem robust und stabil. Ausgestattet mit integrierter Doppeldichtung am Schieber und doppelter Torx 20 B\u00fcgelsicherungsschraube.\" \/>\n<meta name=\"robots\" content=\"index, follow, max-snippet:-1, max-image-preview:large, max-video-preview:-1\" \/>\n<link rel=\"canonical\" href=\"https:\/\/contessascopemounts.com\/de\/lpr02-c-light-picatinny-rings-oe30mm-hoch\/\" \/>\n<meta property=\"og:locale\" content=\"de_DE\" \/>\n<meta property=\"og:type\" content=\"article\" \/>\n<meta property=\"og:title\" content=\"LPR02\/C - LIGHT PICATINNY RINGS \u00f830mm Hoch -\" \/>\n<meta property=\"og:description\" content=\"Die Ringe aus der Leichtmetalllegierung LPR, die in allen Teilen aus dem Vollen gefr\u00e4st sind, sind extrem robust und stabil. Ausgestattet mit integrierter Doppeldichtung am Schieber und doppelter Torx 20 B\u00fcgelsicherungsschraube.\" \/>\n<meta property=\"og:url\" content=\"https:\/\/contessascopemounts.com\/de\/lpr02-c-light-picatinny-rings-oe30mm-hoch\/\" \/>\n<meta property=\"og:site_name\" content=\"Contessa\" \/>\n<meta property=\"article:publisher\" content=\"https:\/\/www.facebook.com\/contessascopemounts\" \/>\n<meta property=\"og:image\" content=\"https:\/\/contessascopemounts.com\/wp-content\/uploads\/2021\/09\/7-LPR.jpg\" \/>\n\t<meta property=\"og:image:width\" content=\"800\" \/>\n\t<meta property=\"og:image:height\" content=\"800\" \/>\n\t<meta property=\"og:image:type\" content=\"image\/jpeg\" \/>\n<meta name=\"twitter:card\" content=\"summary_large_image\" \/>\n<script type=\"application\/ld+json\" class=\"yoast-schema-graph\">{\"@context\":\"https:\\\/\\\/schema.org\",\"@graph\":[{\"@type\":\"WebPage\",\"@id\":\"https:\\\/\\\/contessascopemounts.com\\\/de\\\/lpr02-c-light-picatinny-rings-oe30mm-hoch\\\/\",\"url\":\"https:\\\/\\\/contessascopemounts.com\\\/de\\\/lpr02-c-light-picatinny-rings-oe30mm-hoch\\\/\",\"name\":\"LPR02\\\/C - LIGHT PICATINNY RINGS \u00f830mm Hoch -\",\"isPartOf\":{\"@id\":\"https:\\\/\\\/contessascopemounts.com\\\/de\\\/#website\"},\"primaryImageOfPage\":{\"@id\":\"https:\\\/\\\/contessascopemounts.com\\\/de\\\/lpr02-c-light-picatinny-rings-oe30mm-hoch\\\/#primaryimage\"},\"image\":{\"@id\":\"https:\\\/\\\/contessascopemounts.com\\\/de\\\/lpr02-c-light-picatinny-rings-oe30mm-hoch\\\/#primaryimage\"},\"thumbnailUrl\":\"https:\\\/\\\/contessascopemounts.com\\\/wp-content\\\/uploads\\\/2021\\\/09\\\/7-LPR.jpg\",\"datePublished\":\"2025-07-22T17:31:17+00:00\",\"description\":\"Die Ringe aus der Leichtmetalllegierung LPR, die in allen Teilen aus dem Vollen gefr\u00e4st sind, sind extrem robust und stabil. Ausgestattet mit integrierter Doppeldichtung am Schieber und doppelter Torx 20 B\u00fcgelsicherungsschraube.\",\"breadcrumb\":{\"@id\":\"https:\\\/\\\/contessascopemounts.com\\\/de\\\/lpr02-c-light-picatinny-rings-oe30mm-hoch\\\/#breadcrumb\"},\"inLanguage\":\"de\",\"potentialAction\":[{\"@type\":\"ReadAction\",\"target\":[\"https:\\\/\\\/contessascopemounts.com\\\/de\\\/lpr02-c-light-picatinny-rings-oe30mm-hoch\\\/\"]}]},{\"@type\":\"ImageObject\",\"inLanguage\":\"de\",\"@id\":\"https:\\\/\\\/contessascopemounts.com\\\/de\\\/lpr02-c-light-picatinny-rings-oe30mm-hoch\\\/#primaryimage\",\"url\":\"https:\\\/\\\/contessascopemounts.com\\\/wp-content\\\/uploads\\\/2021\\\/09\\\/7-LPR.jpg\",\"contentUrl\":\"https:\\\/\\\/contessascopemounts.com\\\/wp-content\\\/uploads\\\/2021\\\/09\\\/7-LPR.jpg\",\"width\":800,\"height\":800},{\"@type\":\"BreadcrumbList\",\"@id\":\"https:\\\/\\\/contessascopemounts.com\\\/de\\\/lpr02-c-light-picatinny-rings-oe30mm-hoch\\\/#breadcrumb\",\"itemListElement\":[{\"@type\":\"ListItem\",\"position\":1,\"name\":\"Home\",\"item\":\"https:\\\/\\\/contessascopemounts.com\\\/de\\\/\"},{\"@type\":\"ListItem\",\"position\":2,\"name\":\"Produkte\",\"item\":\"https:\\\/\\\/contessascopemounts.com\\\/de\\\/produkte\\\/\"},{\"@type\":\"ListItem\",\"position\":3,\"name\":\"LPR02\\\/C &#8211; LIGHT PICATINNY RINGS \u00f830mm Hoch\"}]},{\"@type\":\"WebSite\",\"@id\":\"https:\\\/\\\/contessascopemounts.com\\\/de\\\/#website\",\"url\":\"https:\\\/\\\/contessascopemounts.com\\\/de\\\/\",\"name\":\"Contessa\",\"description\":\"Professional Scope Mounts\",\"publisher\":{\"@id\":\"https:\\\/\\\/contessascopemounts.com\\\/de\\\/#organization\"},\"potentialAction\":[{\"@type\":\"SearchAction\",\"target\":{\"@type\":\"EntryPoint\",\"urlTemplate\":\"https:\\\/\\\/contessascopemounts.com\\\/de\\\/?s={search_term_string}\"},\"query-input\":{\"@type\":\"PropertyValueSpecification\",\"valueRequired\":true,\"valueName\":\"search_term_string\"}}],\"inLanguage\":\"de\"},{\"@type\":\"Organization\",\"@id\":\"https:\\\/\\\/contessascopemounts.com\\\/de\\\/#organization\",\"name\":\"CONTESSA\",\"url\":\"https:\\\/\\\/contessascopemounts.com\\\/de\\\/\",\"logo\":{\"@type\":\"ImageObject\",\"inLanguage\":\"de\",\"@id\":\"https:\\\/\\\/contessascopemounts.com\\\/de\\\/#\\\/schema\\\/logo\\\/image\\\/\",\"url\":\"https:\\\/\\\/contessascopemounts.com\\\/wp-content\\\/uploads\\\/2021\\\/04\\\/Contessa-supporti-per-ottiche-made-in-italy.png\",\"contentUrl\":\"https:\\\/\\\/contessascopemounts.com\\\/wp-content\\\/uploads\\\/2021\\\/04\\\/Contessa-supporti-per-ottiche-made-in-italy.png\",\"width\":1000,\"height\":411,\"caption\":\"CONTESSA\"},\"image\":{\"@id\":\"https:\\\/\\\/contessascopemounts.com\\\/de\\\/#\\\/schema\\\/logo\\\/image\\\/\"},\"sameAs\":[\"https:\\\/\\\/www.facebook.com\\\/contessascopemounts\",\"https:\\\/\\\/www.instagram.com\\\/contessa_mounts\\\/?fbclid=IwAR0Yr8lwWVwN0ewOz1bCVK4ZAKI8lkRIVuhxyX56qNYkwSaMAUVleye6XiE\",\"https:\\\/\\\/www.youtube.com\\\/channel\\\/UCEjBcvoWy-XvVVujqw-psXQ\"]}]}<\/script>\n<!-- \/ Yoast SEO plugin. -->","yoast_head_json":{"title":"LPR02\/C - LIGHT PICATINNY RINGS \u00f830mm Hoch -","description":"Die Ringe aus der Leichtmetalllegierung LPR, die in allen Teilen aus dem Vollen gefr\u00e4st sind, sind extrem robust und stabil. Ausgestattet mit integrierter Doppeldichtung am Schieber und doppelter Torx 20 B\u00fcgelsicherungsschraube.","robots":{"index":"index","follow":"follow","max-snippet":"max-snippet:-1","max-image-preview":"max-image-preview:large","max-video-preview":"max-video-preview:-1"},"canonical":"https:\/\/contessascopemounts.com\/de\/lpr02-c-light-picatinny-rings-oe30mm-hoch\/","og_locale":"de_DE","og_type":"article","og_title":"LPR02\/C - LIGHT PICATINNY RINGS \u00f830mm Hoch -","og_description":"Die Ringe aus der Leichtmetalllegierung LPR, die in allen Teilen aus dem Vollen gefr\u00e4st sind, sind extrem robust und stabil. Ausgestattet mit integrierter Doppeldichtung am Schieber und doppelter Torx 20 B\u00fcgelsicherungsschraube.","og_url":"https:\/\/contessascopemounts.com\/de\/lpr02-c-light-picatinny-rings-oe30mm-hoch\/","og_site_name":"Contessa","article_publisher":"https:\/\/www.facebook.com\/contessascopemounts","og_image":[{"width":800,"height":800,"url":"https:\/\/contessascopemounts.com\/wp-content\/uploads\/2021\/09\/7-LPR.jpg","type":"image\/jpeg"}],"twitter_card":"summary_large_image","schema":{"@context":"https:\/\/schema.org","@graph":[{"@type":"WebPage","@id":"https:\/\/contessascopemounts.com\/de\/lpr02-c-light-picatinny-rings-oe30mm-hoch\/","url":"https:\/\/contessascopemounts.com\/de\/lpr02-c-light-picatinny-rings-oe30mm-hoch\/","name":"LPR02\/C - LIGHT PICATINNY RINGS \u00f830mm Hoch -","isPartOf":{"@id":"https:\/\/contessascopemounts.com\/de\/#website"},"primaryImageOfPage":{"@id":"https:\/\/contessascopemounts.com\/de\/lpr02-c-light-picatinny-rings-oe30mm-hoch\/#primaryimage"},"image":{"@id":"https:\/\/contessascopemounts.com\/de\/lpr02-c-light-picatinny-rings-oe30mm-hoch\/#primaryimage"},"thumbnailUrl":"https:\/\/contessascopemounts.com\/wp-content\/uploads\/2021\/09\/7-LPR.jpg","datePublished":"2025-07-22T17:31:17+00:00","description":"Die Ringe aus der Leichtmetalllegierung LPR, die in allen Teilen aus dem Vollen gefr\u00e4st sind, sind extrem robust und stabil. Ausgestattet mit integrierter Doppeldichtung am Schieber und doppelter Torx 20 B\u00fcgelsicherungsschraube.","breadcrumb":{"@id":"https:\/\/contessascopemounts.com\/de\/lpr02-c-light-picatinny-rings-oe30mm-hoch\/#breadcrumb"},"inLanguage":"de","potentialAction":[{"@type":"ReadAction","target":["https:\/\/contessascopemounts.com\/de\/lpr02-c-light-picatinny-rings-oe30mm-hoch\/"]}]},{"@type":"ImageObject","inLanguage":"de","@id":"https:\/\/contessascopemounts.com\/de\/lpr02-c-light-picatinny-rings-oe30mm-hoch\/#primaryimage","url":"https:\/\/contessascopemounts.com\/wp-content\/uploads\/2021\/09\/7-LPR.jpg","contentUrl":"https:\/\/contessascopemounts.com\/wp-content\/uploads\/2021\/09\/7-LPR.jpg","width":800,"height":800},{"@type":"BreadcrumbList","@id":"https:\/\/contessascopemounts.com\/de\/lpr02-c-light-picatinny-rings-oe30mm-hoch\/#breadcrumb","itemListElement":[{"@type":"ListItem","position":1,"name":"Home","item":"https:\/\/contessascopemounts.com\/de\/"},{"@type":"ListItem","position":2,"name":"Produkte","item":"https:\/\/contessascopemounts.com\/de\/produkte\/"},{"@type":"ListItem","position":3,"name":"LPR02\/C &#8211; LIGHT PICATINNY RINGS \u00f830mm Hoch"}]},{"@type":"WebSite","@id":"https:\/\/contessascopemounts.com\/de\/#website","url":"https:\/\/contessascopemounts.com\/de\/","name":"Contessa","description":"Professional Scope Mounts","publisher":{"@id":"https:\/\/contessascopemounts.com\/de\/#organization"},"potentialAction":[{"@type":"SearchAction","target":{"@type":"EntryPoint","urlTemplate":"https:\/\/contessascopemounts.com\/de\/?s={search_term_string}"},"query-input":{"@type":"PropertyValueSpecification","valueRequired":true,"valueName":"search_term_string"}}],"inLanguage":"de"},{"@type":"Organization","@id":"https:\/\/contessascopemounts.com\/de\/#organization","name":"CONTESSA","url":"https:\/\/contessascopemounts.com\/de\/","logo":{"@type":"ImageObject","inLanguage":"de","@id":"https:\/\/contessascopemounts.com\/de\/#\/schema\/logo\/image\/","url":"https:\/\/contessascopemounts.com\/wp-content\/uploads\/2021\/04\/Contessa-supporti-per-ottiche-made-in-italy.png","contentUrl":"https:\/\/contessascopemounts.com\/wp-content\/uploads\/2021\/04\/Contessa-supporti-per-ottiche-made-in-italy.png","width":1000,"height":411,"caption":"CONTESSA"},"image":{"@id":"https:\/\/contessascopemounts.com\/de\/#\/schema\/logo\/image\/"},"sameAs":["https:\/\/www.facebook.com\/contessascopemounts","https:\/\/www.instagram.com\/contessa_mounts\/?fbclid=IwAR0Yr8lwWVwN0ewOz1bCVK4ZAKI8lkRIVuhxyX56qNYkwSaMAUVleye6XiE","https:\/\/www.youtube.com\/channel\/UCEjBcvoWy-XvVVujqw-psXQ"]}]}},"_links":{"self":[{"href":"https:\/\/contessascopemounts.com\/de\/wp-json\/wp\/v2\/product\/9730","targetHints":{"allow":["GET"]}}],"collection":[{"href":"https:\/\/contessascopemounts.com\/de\/wp-json\/wp\/v2\/product"}],"about":[{"href":"https:\/\/contessascopemounts.com\/de\/wp-json\/wp\/v2\/types\/product"}],"version-history":[{"count":0,"href":"https:\/\/contessascopemounts.com\/de\/wp-json\/wp\/v2\/product\/9730\/revisions"}],"wp:featuredmedia":[{"embeddable":true,"href":"https:\/\/contessascopemounts.com\/de\/wp-json\/wp\/v2\/media\/9731"}],"wp:attachment":[{"href":"https:\/\/contessascopemounts.com\/de\/wp-json\/wp\/v2\/media?parent=9730"}],"wp:term":[{"taxonomy":"product_brand","embeddable":true,"href":"https:\/\/contessascopemounts.com\/de\/wp-json\/wp\/v2\/product_brand?post=9730"},{"taxonomy":"product_cat","embeddable":true,"href":"https:\/\/contessascopemounts.com\/de\/wp-json\/wp\/v2\/product_cat?post=9730"},{"taxonomy":"product_tag","embeddable":true,"href":"https:\/\/contessascopemounts.com\/de\/wp-json\/wp\/v2\/product_tag?post=9730"}],"curies":[{"name":"wp","href":"https:\/\/api.w.org\/{rel}","templated":true}]}}