{"id":9713,"date":"2025-07-22T19:31:51","date_gmt":"2025-07-22T17:31:51","guid":{"rendered":"https:\/\/contessascopemounts.com\/?post_type=product&#038;p=9713"},"modified":"2025-07-22T19:31:51","modified_gmt":"2025-07-22T17:31:51","slug":"lpr03-a-light-picatinny-rings-oe34mm-niedrig","status":"publish","type":"product","link":"https:\/\/contessascopemounts.com\/de\/lpr03-a-light-picatinny-rings-oe34mm-niedrig\/","title":{"rendered":"LPR03\/A &#8211; LIGHT PICATINNY RINGS \u00f834mm niedrig"},"content":{"rendered":"","protected":false},"excerpt":{"rendered":"<ul>\n<li><span style=\"font-weight: 400;\">Ein Paar feste Ringe f\u00fcr Picatinny-Schienen.<\/span><\/li>\n<li style=\"font-weight: 400;\" aria-level=\"1\"><span style=\"font-weight: 400;\">Die Ringe aus der Leichtmetalllegierung LPR, die in allen Teilen aus dem Vollen gefr\u00e4st sind, sind extrem robust und stabil. Ausgestattet mit integrierter Doppeldichtung am Schieber und doppelter Torx 20 B\u00fcgelsicherungsschraube. <\/span><\/li>\n<li aria-level=\"1\"><span style=\"font-weight: 400;\">Gesamtgewicht des Paares: 96 g<\/span><\/li>\n<li aria-level=\"1\"><span style=\"font-weight: 400;\">\u00f8 34 mm H 8 mm<\/span><\/li>\n<\/ul>\n<p>&nbsp;<\/p>\n<hr>\n<p>&nbsp;<\/p>\n<p style=\"text-align: center;\">Ben\u00f6tigen Sie mehr Informationen?<\/p>\n<p>&nbsp;<\/p>\n<p style=\"text-align: center;\">[maxbutton id=\"4\" extraclass=\"popmake-3707\"]<\/p>\n","protected":false},"featured_media":9714,"template":"","meta":[],"product_brand":[],"product_cat":[391,393,389,392,390],"product_tag":[395,394,378],"class_list":{"0":"post-9713","1":"product","2":"type-product","3":"status-publish","4":"has-post-thumbnail","6":"product_cat-durchmesser","7":"product_cat-lpr-de","8":"product_cat-o-34-mm-de","9":"product_cat-picatinny-weaver","10":"product_cat-ringe","11":"product_tag-34mm-de","12":"product_tag-lpr-de","13":"product_tag-picatinny_schlitten","15":"first","16":"instock","17":"shipping-taxable","18":"product-type-simple"},"yoast_head":"<!-- This site is optimized with the Yoast SEO plugin v27.5 - https:\/\/yoast.com\/product\/yoast-seo-wordpress\/ -->\n<title>LPR03\/A - LIGHT PICATINNY RINGS \u00f834mm niedrig -<\/title>\n<meta name=\"description\" content=\"Contessa SPP Ringe sind f\u00fcr langfristige St\u00e4rke, Integrit\u00e4t und maximale Leistung im Gebrauch konzipiert. Sie k\u00f6nnen mit einem 4,80 mm breiten Anschlag f\u00fcr Picatinny-Schienen oder einem 3,80 mm breiten Anschlag f\u00fcr Weaver-Schienen ausgestattet werden.\" \/>\n<meta name=\"robots\" content=\"index, follow, max-snippet:-1, max-image-preview:large, max-video-preview:-1\" \/>\n<link rel=\"canonical\" href=\"https:\/\/contessascopemounts.com\/de\/lpr03-a-light-picatinny-rings-oe34mm-niedrig\/\" \/>\n<meta property=\"og:locale\" content=\"de_DE\" \/>\n<meta property=\"og:type\" content=\"article\" \/>\n<meta property=\"og:title\" content=\"LPR03\/A - LIGHT PICATINNY RINGS \u00f834mm niedrig -\" \/>\n<meta property=\"og:description\" content=\"Contessa SPP Ringe sind f\u00fcr langfristige St\u00e4rke, Integrit\u00e4t und maximale Leistung im Gebrauch konzipiert. Sie k\u00f6nnen mit einem 4,80 mm breiten Anschlag f\u00fcr Picatinny-Schienen oder einem 3,80 mm breiten Anschlag f\u00fcr Weaver-Schienen ausgestattet werden.\" \/>\n<meta property=\"og:url\" content=\"https:\/\/contessascopemounts.com\/de\/lpr03-a-light-picatinny-rings-oe34mm-niedrig\/\" \/>\n<meta property=\"og:site_name\" content=\"Contessa\" \/>\n<meta property=\"article:publisher\" content=\"https:\/\/www.facebook.com\/contessascopemounts\" \/>\n<meta property=\"og:image\" content=\"https:\/\/contessascopemounts.com\/wp-content\/uploads\/2021\/09\/5-LPR.jpg\" \/>\n\t<meta property=\"og:image:width\" content=\"800\" \/>\n\t<meta property=\"og:image:height\" content=\"800\" \/>\n\t<meta property=\"og:image:type\" content=\"image\/jpeg\" \/>\n<meta name=\"twitter:card\" content=\"summary_large_image\" \/>\n<script type=\"application\/ld+json\" class=\"yoast-schema-graph\">{\"@context\":\"https:\\\/\\\/schema.org\",\"@graph\":[{\"@type\":\"WebPage\",\"@id\":\"https:\\\/\\\/contessascopemounts.com\\\/de\\\/lpr03-a-light-picatinny-rings-oe34mm-niedrig\\\/\",\"url\":\"https:\\\/\\\/contessascopemounts.com\\\/de\\\/lpr03-a-light-picatinny-rings-oe34mm-niedrig\\\/\",\"name\":\"LPR03\\\/A - LIGHT PICATINNY RINGS \u00f834mm niedrig -\",\"isPartOf\":{\"@id\":\"https:\\\/\\\/contessascopemounts.com\\\/de\\\/#website\"},\"primaryImageOfPage\":{\"@id\":\"https:\\\/\\\/contessascopemounts.com\\\/de\\\/lpr03-a-light-picatinny-rings-oe34mm-niedrig\\\/#primaryimage\"},\"image\":{\"@id\":\"https:\\\/\\\/contessascopemounts.com\\\/de\\\/lpr03-a-light-picatinny-rings-oe34mm-niedrig\\\/#primaryimage\"},\"thumbnailUrl\":\"https:\\\/\\\/contessascopemounts.com\\\/wp-content\\\/uploads\\\/2021\\\/09\\\/5-LPR.jpg\",\"datePublished\":\"2025-07-22T17:31:51+00:00\",\"description\":\"Contessa SPP Ringe sind f\u00fcr langfristige St\u00e4rke, Integrit\u00e4t und maximale Leistung im Gebrauch konzipiert. Sie k\u00f6nnen mit einem 4,80 mm breiten Anschlag f\u00fcr Picatinny-Schienen oder einem 3,80 mm breiten Anschlag f\u00fcr Weaver-Schienen ausgestattet werden.\",\"breadcrumb\":{\"@id\":\"https:\\\/\\\/contessascopemounts.com\\\/de\\\/lpr03-a-light-picatinny-rings-oe34mm-niedrig\\\/#breadcrumb\"},\"inLanguage\":\"de\",\"potentialAction\":[{\"@type\":\"ReadAction\",\"target\":[\"https:\\\/\\\/contessascopemounts.com\\\/de\\\/lpr03-a-light-picatinny-rings-oe34mm-niedrig\\\/\"]}]},{\"@type\":\"ImageObject\",\"inLanguage\":\"de\",\"@id\":\"https:\\\/\\\/contessascopemounts.com\\\/de\\\/lpr03-a-light-picatinny-rings-oe34mm-niedrig\\\/#primaryimage\",\"url\":\"https:\\\/\\\/contessascopemounts.com\\\/wp-content\\\/uploads\\\/2021\\\/09\\\/5-LPR.jpg\",\"contentUrl\":\"https:\\\/\\\/contessascopemounts.com\\\/wp-content\\\/uploads\\\/2021\\\/09\\\/5-LPR.jpg\",\"width\":800,\"height\":800},{\"@type\":\"BreadcrumbList\",\"@id\":\"https:\\\/\\\/contessascopemounts.com\\\/de\\\/lpr03-a-light-picatinny-rings-oe34mm-niedrig\\\/#breadcrumb\",\"itemListElement\":[{\"@type\":\"ListItem\",\"position\":1,\"name\":\"Home\",\"item\":\"https:\\\/\\\/contessascopemounts.com\\\/de\\\/\"},{\"@type\":\"ListItem\",\"position\":2,\"name\":\"Produkte\",\"item\":\"https:\\\/\\\/contessascopemounts.com\\\/de\\\/produkte\\\/\"},{\"@type\":\"ListItem\",\"position\":3,\"name\":\"LPR03\\\/A &#8211; LIGHT PICATINNY RINGS \u00f834mm niedrig\"}]},{\"@type\":\"WebSite\",\"@id\":\"https:\\\/\\\/contessascopemounts.com\\\/de\\\/#website\",\"url\":\"https:\\\/\\\/contessascopemounts.com\\\/de\\\/\",\"name\":\"Contessa\",\"description\":\"Professional Scope Mounts\",\"publisher\":{\"@id\":\"https:\\\/\\\/contessascopemounts.com\\\/de\\\/#organization\"},\"potentialAction\":[{\"@type\":\"SearchAction\",\"target\":{\"@type\":\"EntryPoint\",\"urlTemplate\":\"https:\\\/\\\/contessascopemounts.com\\\/de\\\/?s={search_term_string}\"},\"query-input\":{\"@type\":\"PropertyValueSpecification\",\"valueRequired\":true,\"valueName\":\"search_term_string\"}}],\"inLanguage\":\"de\"},{\"@type\":\"Organization\",\"@id\":\"https:\\\/\\\/contessascopemounts.com\\\/de\\\/#organization\",\"name\":\"CONTESSA\",\"url\":\"https:\\\/\\\/contessascopemounts.com\\\/de\\\/\",\"logo\":{\"@type\":\"ImageObject\",\"inLanguage\":\"de\",\"@id\":\"https:\\\/\\\/contessascopemounts.com\\\/de\\\/#\\\/schema\\\/logo\\\/image\\\/\",\"url\":\"https:\\\/\\\/contessascopemounts.com\\\/wp-content\\\/uploads\\\/2021\\\/04\\\/Contessa-supporti-per-ottiche-made-in-italy.png\",\"contentUrl\":\"https:\\\/\\\/contessascopemounts.com\\\/wp-content\\\/uploads\\\/2021\\\/04\\\/Contessa-supporti-per-ottiche-made-in-italy.png\",\"width\":1000,\"height\":411,\"caption\":\"CONTESSA\"},\"image\":{\"@id\":\"https:\\\/\\\/contessascopemounts.com\\\/de\\\/#\\\/schema\\\/logo\\\/image\\\/\"},\"sameAs\":[\"https:\\\/\\\/www.facebook.com\\\/contessascopemounts\",\"https:\\\/\\\/www.instagram.com\\\/contessa_mounts\\\/?fbclid=IwAR0Yr8lwWVwN0ewOz1bCVK4ZAKI8lkRIVuhxyX56qNYkwSaMAUVleye6XiE\",\"https:\\\/\\\/www.youtube.com\\\/channel\\\/UCEjBcvoWy-XvVVujqw-psXQ\"]}]}<\/script>\n<!-- \/ Yoast SEO plugin. -->","yoast_head_json":{"title":"LPR03\/A - LIGHT PICATINNY RINGS \u00f834mm niedrig -","description":"Contessa SPP Ringe sind f\u00fcr langfristige St\u00e4rke, Integrit\u00e4t und maximale Leistung im Gebrauch konzipiert. Sie k\u00f6nnen mit einem 4,80 mm breiten Anschlag f\u00fcr Picatinny-Schienen oder einem 3,80 mm breiten Anschlag f\u00fcr Weaver-Schienen ausgestattet werden.","robots":{"index":"index","follow":"follow","max-snippet":"max-snippet:-1","max-image-preview":"max-image-preview:large","max-video-preview":"max-video-preview:-1"},"canonical":"https:\/\/contessascopemounts.com\/de\/lpr03-a-light-picatinny-rings-oe34mm-niedrig\/","og_locale":"de_DE","og_type":"article","og_title":"LPR03\/A - LIGHT PICATINNY RINGS \u00f834mm niedrig -","og_description":"Contessa SPP Ringe sind f\u00fcr langfristige St\u00e4rke, Integrit\u00e4t und maximale Leistung im Gebrauch konzipiert. Sie k\u00f6nnen mit einem 4,80 mm breiten Anschlag f\u00fcr Picatinny-Schienen oder einem 3,80 mm breiten Anschlag f\u00fcr Weaver-Schienen ausgestattet werden.","og_url":"https:\/\/contessascopemounts.com\/de\/lpr03-a-light-picatinny-rings-oe34mm-niedrig\/","og_site_name":"Contessa","article_publisher":"https:\/\/www.facebook.com\/contessascopemounts","og_image":[{"width":800,"height":800,"url":"https:\/\/contessascopemounts.com\/wp-content\/uploads\/2021\/09\/5-LPR.jpg","type":"image\/jpeg"}],"twitter_card":"summary_large_image","schema":{"@context":"https:\/\/schema.org","@graph":[{"@type":"WebPage","@id":"https:\/\/contessascopemounts.com\/de\/lpr03-a-light-picatinny-rings-oe34mm-niedrig\/","url":"https:\/\/contessascopemounts.com\/de\/lpr03-a-light-picatinny-rings-oe34mm-niedrig\/","name":"LPR03\/A - LIGHT PICATINNY RINGS \u00f834mm niedrig -","isPartOf":{"@id":"https:\/\/contessascopemounts.com\/de\/#website"},"primaryImageOfPage":{"@id":"https:\/\/contessascopemounts.com\/de\/lpr03-a-light-picatinny-rings-oe34mm-niedrig\/#primaryimage"},"image":{"@id":"https:\/\/contessascopemounts.com\/de\/lpr03-a-light-picatinny-rings-oe34mm-niedrig\/#primaryimage"},"thumbnailUrl":"https:\/\/contessascopemounts.com\/wp-content\/uploads\/2021\/09\/5-LPR.jpg","datePublished":"2025-07-22T17:31:51+00:00","description":"Contessa SPP Ringe sind f\u00fcr langfristige St\u00e4rke, Integrit\u00e4t und maximale Leistung im Gebrauch konzipiert. Sie k\u00f6nnen mit einem 4,80 mm breiten Anschlag f\u00fcr Picatinny-Schienen oder einem 3,80 mm breiten Anschlag f\u00fcr Weaver-Schienen ausgestattet werden.","breadcrumb":{"@id":"https:\/\/contessascopemounts.com\/de\/lpr03-a-light-picatinny-rings-oe34mm-niedrig\/#breadcrumb"},"inLanguage":"de","potentialAction":[{"@type":"ReadAction","target":["https:\/\/contessascopemounts.com\/de\/lpr03-a-light-picatinny-rings-oe34mm-niedrig\/"]}]},{"@type":"ImageObject","inLanguage":"de","@id":"https:\/\/contessascopemounts.com\/de\/lpr03-a-light-picatinny-rings-oe34mm-niedrig\/#primaryimage","url":"https:\/\/contessascopemounts.com\/wp-content\/uploads\/2021\/09\/5-LPR.jpg","contentUrl":"https:\/\/contessascopemounts.com\/wp-content\/uploads\/2021\/09\/5-LPR.jpg","width":800,"height":800},{"@type":"BreadcrumbList","@id":"https:\/\/contessascopemounts.com\/de\/lpr03-a-light-picatinny-rings-oe34mm-niedrig\/#breadcrumb","itemListElement":[{"@type":"ListItem","position":1,"name":"Home","item":"https:\/\/contessascopemounts.com\/de\/"},{"@type":"ListItem","position":2,"name":"Produkte","item":"https:\/\/contessascopemounts.com\/de\/produkte\/"},{"@type":"ListItem","position":3,"name":"LPR03\/A &#8211; LIGHT PICATINNY RINGS \u00f834mm niedrig"}]},{"@type":"WebSite","@id":"https:\/\/contessascopemounts.com\/de\/#website","url":"https:\/\/contessascopemounts.com\/de\/","name":"Contessa","description":"Professional Scope Mounts","publisher":{"@id":"https:\/\/contessascopemounts.com\/de\/#organization"},"potentialAction":[{"@type":"SearchAction","target":{"@type":"EntryPoint","urlTemplate":"https:\/\/contessascopemounts.com\/de\/?s={search_term_string}"},"query-input":{"@type":"PropertyValueSpecification","valueRequired":true,"valueName":"search_term_string"}}],"inLanguage":"de"},{"@type":"Organization","@id":"https:\/\/contessascopemounts.com\/de\/#organization","name":"CONTESSA","url":"https:\/\/contessascopemounts.com\/de\/","logo":{"@type":"ImageObject","inLanguage":"de","@id":"https:\/\/contessascopemounts.com\/de\/#\/schema\/logo\/image\/","url":"https:\/\/contessascopemounts.com\/wp-content\/uploads\/2021\/04\/Contessa-supporti-per-ottiche-made-in-italy.png","contentUrl":"https:\/\/contessascopemounts.com\/wp-content\/uploads\/2021\/04\/Contessa-supporti-per-ottiche-made-in-italy.png","width":1000,"height":411,"caption":"CONTESSA"},"image":{"@id":"https:\/\/contessascopemounts.com\/de\/#\/schema\/logo\/image\/"},"sameAs":["https:\/\/www.facebook.com\/contessascopemounts","https:\/\/www.instagram.com\/contessa_mounts\/?fbclid=IwAR0Yr8lwWVwN0ewOz1bCVK4ZAKI8lkRIVuhxyX56qNYkwSaMAUVleye6XiE","https:\/\/www.youtube.com\/channel\/UCEjBcvoWy-XvVVujqw-psXQ"]}]}},"_links":{"self":[{"href":"https:\/\/contessascopemounts.com\/de\/wp-json\/wp\/v2\/product\/9713","targetHints":{"allow":["GET"]}}],"collection":[{"href":"https:\/\/contessascopemounts.com\/de\/wp-json\/wp\/v2\/product"}],"about":[{"href":"https:\/\/contessascopemounts.com\/de\/wp-json\/wp\/v2\/types\/product"}],"version-history":[{"count":0,"href":"https:\/\/contessascopemounts.com\/de\/wp-json\/wp\/v2\/product\/9713\/revisions"}],"wp:featuredmedia":[{"embeddable":true,"href":"https:\/\/contessascopemounts.com\/de\/wp-json\/wp\/v2\/media\/9714"}],"wp:attachment":[{"href":"https:\/\/contessascopemounts.com\/de\/wp-json\/wp\/v2\/media?parent=9713"}],"wp:term":[{"taxonomy":"product_brand","embeddable":true,"href":"https:\/\/contessascopemounts.com\/de\/wp-json\/wp\/v2\/product_brand?post=9713"},{"taxonomy":"product_cat","embeddable":true,"href":"https:\/\/contessascopemounts.com\/de\/wp-json\/wp\/v2\/product_cat?post=9713"},{"taxonomy":"product_tag","embeddable":true,"href":"https:\/\/contessascopemounts.com\/de\/wp-json\/wp\/v2\/product_tag?post=9713"}],"curies":[{"name":"wp","href":"https:\/\/api.w.org\/{rel}","templated":true}]}}