{"id":9545,"date":"2025-07-22T19:31:59","date_gmt":"2025-07-22T17:31:59","guid":{"rendered":"https:\/\/contessascopemounts.com\/?post_type=product&#038;p=9545"},"modified":"2025-07-22T19:31:59","modified_gmt":"2025-07-22T17:31:59","slug":"ph27-nv-mannlicher-klassisch-lang","status":"publish","type":"product","link":"https:\/\/contessascopemounts.com\/de\/ph27-nv-mannlicher-klassisch-lang\/","title":{"rendered":"PH27-NV &#8211; MANNLICHER KLASSISCH LANG"},"content":{"rendered":"","protected":false},"excerpt":{"rendered":"<ul>\n<li><span style=\"font-weight: 400;\">Picatinny Nachtsichtschlitten f\u00fcr <\/span><b>MANNLICHER CLASSIC LANG.<\/b><\/li>\n<li><span style=\"color: #000000;\">Die Picatinny-Schienen von Contessa sind aus geh\u00e4rtetem Stahl gefertigt, einzigartig im Design und f\u00fcr langfristige Stabilit\u00e4t und St\u00e4rke ausgelegt.<\/span><\/li>\n<li><span style=\"font-weight: 400;\">Zum Schaft hin um 60 mm verl\u00e4ngert, um Nacht- und Thermovisiere zu montieren.<\/span><\/li>\n<li><span style=\"font-weight: 400;\">Pr\u00e4zise entworfen, um perfekt zu Mannlicher Classic Long zu passen.<\/span><\/li>\n<li><span style=\"color: #000000;\">Inklusive Schrauben und Schraubenschl\u00fcssel f\u00fcr die Montage.<\/span><\/li>\n<\/ul>\n<p>&nbsp;<\/p>\n<hr>\n<p>&nbsp;<\/p>\n<p style=\"text-align: center;\">Ben\u00f6tigen Sie mehr Informationen?<\/p>\n<p>&nbsp;<\/p>\n<p style=\"text-align: center;\">[maxbutton id=\"4\" extraclass=\"popmake-3707\"]<\/p>\n","protected":false},"featured_media":9547,"template":"","meta":[],"product_brand":[],"product_cat":[412,475,413],"product_tag":[377,444,476],"class_list":{"0":"post-9545","1":"product","2":"type-product","3":"status-publish","4":"has-post-thumbnail","6":"product_cat-dias","7":"product_cat-nachtsicht","8":"product_cat-picatinny-de-2","9":"product_tag-angriffe_picatinny","10":"product_tag-mannlicher-de","11":"product_tag-picatinny_nv-de","13":"first","14":"instock","15":"shipping-taxable","16":"product-type-simple"},"yoast_head":"<!-- This site is optimized with the Yoast SEO plugin v27.4 - https:\/\/yoast.com\/product\/yoast-seo-wordpress\/ -->\n<title>PH27-NV - MANNLICHER KLASSISCH LANG -<\/title>\n<meta name=\"description\" content=\"Picatinny Nachtsichtschlitten f\u00fcr MANNLICHER CLASSIC LONG. Geh\u00e4rteter Stahl. Zum Schaft hin um 60 mm verl\u00e4ngert, um Nacht- und Thermovisiere zu montieren.\" \/>\n<meta name=\"robots\" content=\"index, follow, max-snippet:-1, max-image-preview:large, max-video-preview:-1\" \/>\n<link rel=\"canonical\" href=\"https:\/\/contessascopemounts.com\/de\/ph27-nv-mannlicher-klassisch-lang\/\" \/>\n<meta property=\"og:locale\" content=\"de_DE\" \/>\n<meta property=\"og:type\" content=\"article\" \/>\n<meta property=\"og:title\" content=\"PH27-NV - MANNLICHER KLASSISCH LANG -\" \/>\n<meta property=\"og:description\" content=\"Picatinny Nachtsichtschlitten f\u00fcr MANNLICHER CLASSIC LONG. Geh\u00e4rteter Stahl. Zum Schaft hin um 60 mm verl\u00e4ngert, um Nacht- und Thermovisiere zu montieren.\" \/>\n<meta property=\"og:url\" content=\"https:\/\/contessascopemounts.com\/de\/ph27-nv-mannlicher-klassisch-lang\/\" \/>\n<meta property=\"og:site_name\" content=\"Contessa\" \/>\n<meta property=\"article:publisher\" content=\"https:\/\/www.facebook.com\/contessascopemounts\" \/>\n<meta property=\"og:image\" content=\"https:\/\/contessascopemounts.com\/wp-content\/uploads\/2021\/09\/PH27-NV-MANNLICHER-CLASSIC-LONG.jpg\" \/>\n\t<meta property=\"og:image:width\" content=\"800\" \/>\n\t<meta property=\"og:image:height\" content=\"800\" \/>\n\t<meta property=\"og:image:type\" content=\"image\/jpeg\" \/>\n<meta name=\"twitter:card\" content=\"summary_large_image\" \/>\n<script type=\"application\/ld+json\" class=\"yoast-schema-graph\">{\"@context\":\"https:\\\/\\\/schema.org\",\"@graph\":[{\"@type\":\"WebPage\",\"@id\":\"https:\\\/\\\/contessascopemounts.com\\\/de\\\/ph27-nv-mannlicher-klassisch-lang\\\/\",\"url\":\"https:\\\/\\\/contessascopemounts.com\\\/de\\\/ph27-nv-mannlicher-klassisch-lang\\\/\",\"name\":\"PH27-NV - MANNLICHER KLASSISCH LANG -\",\"isPartOf\":{\"@id\":\"https:\\\/\\\/contessascopemounts.com\\\/de\\\/#website\"},\"primaryImageOfPage\":{\"@id\":\"https:\\\/\\\/contessascopemounts.com\\\/de\\\/ph27-nv-mannlicher-klassisch-lang\\\/#primaryimage\"},\"image\":{\"@id\":\"https:\\\/\\\/contessascopemounts.com\\\/de\\\/ph27-nv-mannlicher-klassisch-lang\\\/#primaryimage\"},\"thumbnailUrl\":\"https:\\\/\\\/contessascopemounts.com\\\/wp-content\\\/uploads\\\/2021\\\/09\\\/PH27-NV-MANNLICHER-CLASSIC-LONG.jpg\",\"datePublished\":\"2025-07-22T17:31:59+00:00\",\"description\":\"Picatinny Nachtsichtschlitten f\u00fcr MANNLICHER CLASSIC LONG. Geh\u00e4rteter Stahl. Zum Schaft hin um 60 mm verl\u00e4ngert, um Nacht- und Thermovisiere zu montieren.\",\"breadcrumb\":{\"@id\":\"https:\\\/\\\/contessascopemounts.com\\\/de\\\/ph27-nv-mannlicher-klassisch-lang\\\/#breadcrumb\"},\"inLanguage\":\"de\",\"potentialAction\":[{\"@type\":\"ReadAction\",\"target\":[\"https:\\\/\\\/contessascopemounts.com\\\/de\\\/ph27-nv-mannlicher-klassisch-lang\\\/\"]}]},{\"@type\":\"ImageObject\",\"inLanguage\":\"de\",\"@id\":\"https:\\\/\\\/contessascopemounts.com\\\/de\\\/ph27-nv-mannlicher-klassisch-lang\\\/#primaryimage\",\"url\":\"https:\\\/\\\/contessascopemounts.com\\\/wp-content\\\/uploads\\\/2021\\\/09\\\/PH27-NV-MANNLICHER-CLASSIC-LONG.jpg\",\"contentUrl\":\"https:\\\/\\\/contessascopemounts.com\\\/wp-content\\\/uploads\\\/2021\\\/09\\\/PH27-NV-MANNLICHER-CLASSIC-LONG.jpg\",\"width\":800,\"height\":800},{\"@type\":\"BreadcrumbList\",\"@id\":\"https:\\\/\\\/contessascopemounts.com\\\/de\\\/ph27-nv-mannlicher-klassisch-lang\\\/#breadcrumb\",\"itemListElement\":[{\"@type\":\"ListItem\",\"position\":1,\"name\":\"Home\",\"item\":\"https:\\\/\\\/contessascopemounts.com\\\/de\\\/\"},{\"@type\":\"ListItem\",\"position\":2,\"name\":\"Produkte\",\"item\":\"https:\\\/\\\/contessascopemounts.com\\\/de\\\/produkte\\\/\"},{\"@type\":\"ListItem\",\"position\":3,\"name\":\"PH27-NV &#8211; MANNLICHER KLASSISCH LANG\"}]},{\"@type\":\"WebSite\",\"@id\":\"https:\\\/\\\/contessascopemounts.com\\\/de\\\/#website\",\"url\":\"https:\\\/\\\/contessascopemounts.com\\\/de\\\/\",\"name\":\"Contessa\",\"description\":\"Professional Scope Mounts\",\"publisher\":{\"@id\":\"https:\\\/\\\/contessascopemounts.com\\\/de\\\/#organization\"},\"potentialAction\":[{\"@type\":\"SearchAction\",\"target\":{\"@type\":\"EntryPoint\",\"urlTemplate\":\"https:\\\/\\\/contessascopemounts.com\\\/de\\\/?s={search_term_string}\"},\"query-input\":{\"@type\":\"PropertyValueSpecification\",\"valueRequired\":true,\"valueName\":\"search_term_string\"}}],\"inLanguage\":\"de\"},{\"@type\":\"Organization\",\"@id\":\"https:\\\/\\\/contessascopemounts.com\\\/de\\\/#organization\",\"name\":\"CONTESSA\",\"url\":\"https:\\\/\\\/contessascopemounts.com\\\/de\\\/\",\"logo\":{\"@type\":\"ImageObject\",\"inLanguage\":\"de\",\"@id\":\"https:\\\/\\\/contessascopemounts.com\\\/de\\\/#\\\/schema\\\/logo\\\/image\\\/\",\"url\":\"https:\\\/\\\/contessascopemounts.com\\\/wp-content\\\/uploads\\\/2021\\\/04\\\/Contessa-supporti-per-ottiche-made-in-italy.png\",\"contentUrl\":\"https:\\\/\\\/contessascopemounts.com\\\/wp-content\\\/uploads\\\/2021\\\/04\\\/Contessa-supporti-per-ottiche-made-in-italy.png\",\"width\":1000,\"height\":411,\"caption\":\"CONTESSA\"},\"image\":{\"@id\":\"https:\\\/\\\/contessascopemounts.com\\\/de\\\/#\\\/schema\\\/logo\\\/image\\\/\"},\"sameAs\":[\"https:\\\/\\\/www.facebook.com\\\/contessascopemounts\",\"https:\\\/\\\/www.instagram.com\\\/contessa_mounts\\\/?fbclid=IwAR0Yr8lwWVwN0ewOz1bCVK4ZAKI8lkRIVuhxyX56qNYkwSaMAUVleye6XiE\",\"https:\\\/\\\/www.youtube.com\\\/channel\\\/UCEjBcvoWy-XvVVujqw-psXQ\"]}]}<\/script>\n<!-- \/ Yoast SEO plugin. -->","yoast_head_json":{"title":"PH27-NV - MANNLICHER KLASSISCH LANG -","description":"Picatinny Nachtsichtschlitten f\u00fcr MANNLICHER CLASSIC LONG. Geh\u00e4rteter Stahl. Zum Schaft hin um 60 mm verl\u00e4ngert, um Nacht- und Thermovisiere zu montieren.","robots":{"index":"index","follow":"follow","max-snippet":"max-snippet:-1","max-image-preview":"max-image-preview:large","max-video-preview":"max-video-preview:-1"},"canonical":"https:\/\/contessascopemounts.com\/de\/ph27-nv-mannlicher-klassisch-lang\/","og_locale":"de_DE","og_type":"article","og_title":"PH27-NV - MANNLICHER KLASSISCH LANG -","og_description":"Picatinny Nachtsichtschlitten f\u00fcr MANNLICHER CLASSIC LONG. Geh\u00e4rteter Stahl. Zum Schaft hin um 60 mm verl\u00e4ngert, um Nacht- und Thermovisiere zu montieren.","og_url":"https:\/\/contessascopemounts.com\/de\/ph27-nv-mannlicher-klassisch-lang\/","og_site_name":"Contessa","article_publisher":"https:\/\/www.facebook.com\/contessascopemounts","og_image":[{"width":800,"height":800,"url":"https:\/\/contessascopemounts.com\/wp-content\/uploads\/2021\/09\/PH27-NV-MANNLICHER-CLASSIC-LONG.jpg","type":"image\/jpeg"}],"twitter_card":"summary_large_image","schema":{"@context":"https:\/\/schema.org","@graph":[{"@type":"WebPage","@id":"https:\/\/contessascopemounts.com\/de\/ph27-nv-mannlicher-klassisch-lang\/","url":"https:\/\/contessascopemounts.com\/de\/ph27-nv-mannlicher-klassisch-lang\/","name":"PH27-NV - MANNLICHER KLASSISCH LANG -","isPartOf":{"@id":"https:\/\/contessascopemounts.com\/de\/#website"},"primaryImageOfPage":{"@id":"https:\/\/contessascopemounts.com\/de\/ph27-nv-mannlicher-klassisch-lang\/#primaryimage"},"image":{"@id":"https:\/\/contessascopemounts.com\/de\/ph27-nv-mannlicher-klassisch-lang\/#primaryimage"},"thumbnailUrl":"https:\/\/contessascopemounts.com\/wp-content\/uploads\/2021\/09\/PH27-NV-MANNLICHER-CLASSIC-LONG.jpg","datePublished":"2025-07-22T17:31:59+00:00","description":"Picatinny Nachtsichtschlitten f\u00fcr MANNLICHER CLASSIC LONG. Geh\u00e4rteter Stahl. Zum Schaft hin um 60 mm verl\u00e4ngert, um Nacht- und Thermovisiere zu montieren.","breadcrumb":{"@id":"https:\/\/contessascopemounts.com\/de\/ph27-nv-mannlicher-klassisch-lang\/#breadcrumb"},"inLanguage":"de","potentialAction":[{"@type":"ReadAction","target":["https:\/\/contessascopemounts.com\/de\/ph27-nv-mannlicher-klassisch-lang\/"]}]},{"@type":"ImageObject","inLanguage":"de","@id":"https:\/\/contessascopemounts.com\/de\/ph27-nv-mannlicher-klassisch-lang\/#primaryimage","url":"https:\/\/contessascopemounts.com\/wp-content\/uploads\/2021\/09\/PH27-NV-MANNLICHER-CLASSIC-LONG.jpg","contentUrl":"https:\/\/contessascopemounts.com\/wp-content\/uploads\/2021\/09\/PH27-NV-MANNLICHER-CLASSIC-LONG.jpg","width":800,"height":800},{"@type":"BreadcrumbList","@id":"https:\/\/contessascopemounts.com\/de\/ph27-nv-mannlicher-klassisch-lang\/#breadcrumb","itemListElement":[{"@type":"ListItem","position":1,"name":"Home","item":"https:\/\/contessascopemounts.com\/de\/"},{"@type":"ListItem","position":2,"name":"Produkte","item":"https:\/\/contessascopemounts.com\/de\/produkte\/"},{"@type":"ListItem","position":3,"name":"PH27-NV &#8211; MANNLICHER KLASSISCH LANG"}]},{"@type":"WebSite","@id":"https:\/\/contessascopemounts.com\/de\/#website","url":"https:\/\/contessascopemounts.com\/de\/","name":"Contessa","description":"Professional Scope Mounts","publisher":{"@id":"https:\/\/contessascopemounts.com\/de\/#organization"},"potentialAction":[{"@type":"SearchAction","target":{"@type":"EntryPoint","urlTemplate":"https:\/\/contessascopemounts.com\/de\/?s={search_term_string}"},"query-input":{"@type":"PropertyValueSpecification","valueRequired":true,"valueName":"search_term_string"}}],"inLanguage":"de"},{"@type":"Organization","@id":"https:\/\/contessascopemounts.com\/de\/#organization","name":"CONTESSA","url":"https:\/\/contessascopemounts.com\/de\/","logo":{"@type":"ImageObject","inLanguage":"de","@id":"https:\/\/contessascopemounts.com\/de\/#\/schema\/logo\/image\/","url":"https:\/\/contessascopemounts.com\/wp-content\/uploads\/2021\/04\/Contessa-supporti-per-ottiche-made-in-italy.png","contentUrl":"https:\/\/contessascopemounts.com\/wp-content\/uploads\/2021\/04\/Contessa-supporti-per-ottiche-made-in-italy.png","width":1000,"height":411,"caption":"CONTESSA"},"image":{"@id":"https:\/\/contessascopemounts.com\/de\/#\/schema\/logo\/image\/"},"sameAs":["https:\/\/www.facebook.com\/contessascopemounts","https:\/\/www.instagram.com\/contessa_mounts\/?fbclid=IwAR0Yr8lwWVwN0ewOz1bCVK4ZAKI8lkRIVuhxyX56qNYkwSaMAUVleye6XiE","https:\/\/www.youtube.com\/channel\/UCEjBcvoWy-XvVVujqw-psXQ"]}]}},"_links":{"self":[{"href":"https:\/\/contessascopemounts.com\/de\/wp-json\/wp\/v2\/product\/9545","targetHints":{"allow":["GET"]}}],"collection":[{"href":"https:\/\/contessascopemounts.com\/de\/wp-json\/wp\/v2\/product"}],"about":[{"href":"https:\/\/contessascopemounts.com\/de\/wp-json\/wp\/v2\/types\/product"}],"version-history":[{"count":0,"href":"https:\/\/contessascopemounts.com\/de\/wp-json\/wp\/v2\/product\/9545\/revisions"}],"wp:featuredmedia":[{"embeddable":true,"href":"https:\/\/contessascopemounts.com\/de\/wp-json\/wp\/v2\/media\/9547"}],"wp:attachment":[{"href":"https:\/\/contessascopemounts.com\/de\/wp-json\/wp\/v2\/media?parent=9545"}],"wp:term":[{"taxonomy":"product_brand","embeddable":true,"href":"https:\/\/contessascopemounts.com\/de\/wp-json\/wp\/v2\/product_brand?post=9545"},{"taxonomy":"product_cat","embeddable":true,"href":"https:\/\/contessascopemounts.com\/de\/wp-json\/wp\/v2\/product_cat?post=9545"},{"taxonomy":"product_tag","embeddable":true,"href":"https:\/\/contessascopemounts.com\/de\/wp-json\/wp\/v2\/product_tag?post=9545"}],"curies":[{"name":"wp","href":"https:\/\/api.w.org\/{rel}","templated":true}]}}