{"id":10471,"date":"2025-07-22T19:30:34","date_gmt":"2025-07-22T17:30:34","guid":{"rendered":"https:\/\/contessascopemounts.com\/?post_type=product&#038;p=10471"},"modified":"2025-07-22T19:30:34","modified_gmt":"2025-07-22T17:30:34","slug":"rd-argo-feste-basis-fuer-rotpunkt","status":"publish","type":"product","link":"https:\/\/contessascopemounts.com\/de\/rd-argo-feste-basis-fuer-rotpunkt\/","title":{"rendered":"RD ARGO &#8211; FESTE BASIS F\u00dcR ROTPUNKT"},"content":{"rendered":"","protected":false},"excerpt":{"rendered":"<ul>\n<li><span style=\"font-weight: 400;\">Feste, abgesenkte Basis direkt auf dem Lauf f\u00fcr <b>Benelli Argo<\/b>, geeignet f\u00fcr die Montage verschiedener roter Punkte.<\/span><\/li>\n<\/ul>\n<p> <span style=\"font-size: 14px;\"><span style=\"color: #000000;\"><span style=\"font-weight: 400;\"> &#8211; <\/span><\/span><\/span><span style=\"font-size: 14px;\"><span style=\"color: #000000;\"><span style=\"font-weight: 400;\">Code <b>RD ARGO\/A <\/b>f\u00fcr Leica Tempus, Docter Sight,<br \/>\n<\/span><\/span><\/span><\/p>\n<p><span style=\"font-size: 14px;\"><span style=\"color: #000000;\"><span style=\"font-weight: 400;\">  Burrist Fast Fire, Meopta Meosight, Gecko,  <\/span><\/span><\/span><\/p>\n<p><span style=\"font-size: 14px;\"><span style=\"color: #000000;\"><span style=\"font-weight: 400;\">  Sightmark Mini Shot M und Konus.<\/span><\/span><\/span><\/p>\n<p><span style=\"font-size: 14px;\"><span style=\"color: #000000;\"><span style=\"font-weight: 400;\">  &#8211; Code <b>RD ARGO\/B <\/b>f\u00fcr Kite K1,<br \/>\n<\/span><\/span><\/span><\/p>\n<p><span style=\"font-size: 14px;\"><span style=\"color: #000000;\"><span style=\"font-weight: 400;\">  Kahles Helia RD, Delta Stryker.<\/span><\/span><\/span><\/p>\n<p>&nbsp;<\/p>\n<hr>\n<p>&nbsp;<\/p>\n<p style=\"text-align: center;\">Ben\u00f6tigen Sie mehr Informationen?<\/p>\n<p>&nbsp;<\/p>\n<p style=\"text-align: center;\">[maxbutton id=\"4\" extraclass=\"popmake-3707\"]<\/p>\n","protected":false},"featured_media":10472,"template":"","meta":[],"product_brand":[],"product_cat":[518,558,372,549,557],"product_tag":[422,502],"class_list":{"0":"post-10471","1":"product","2":"type-product","3":"status-publish","4":"has-post-thumbnail","6":"product_cat-12-mm-60-std-eu-de-2","7":"product_cat-adapter","8":"product_cat-angriffe","9":"product_cat-fixiert-de","10":"product_cat-zubehor","11":"product_tag-benelli-de","12":"product_tag-stdeu-de","14":"first","15":"instock","16":"shipping-taxable","17":"product-type-simple"},"yoast_head":"<!-- This site is optimized with the Yoast SEO plugin v27.5 - https:\/\/yoast.com\/product\/yoast-seo-wordpress\/ -->\n<title>RD ARGO - FESTE BASIS F\u00dcR ROTPUNKT -<\/title>\n<meta name=\"description\" content=\"Fester, abgesenkter Sockel f\u00fcr die Benelli Argo, der direkt am Lauf angebracht werden kann und f\u00fcr die Montage verschiedener roter Punkte geeignet ist.\" \/>\n<meta name=\"robots\" content=\"index, follow, max-snippet:-1, max-image-preview:large, max-video-preview:-1\" \/>\n<link rel=\"canonical\" href=\"https:\/\/contessascopemounts.com\/de\/rd-argo-feste-basis-fuer-rotpunkt\/\" \/>\n<meta property=\"og:locale\" content=\"de_DE\" \/>\n<meta property=\"og:type\" content=\"article\" \/>\n<meta property=\"og:title\" content=\"RD ARGO - FESTE BASIS F\u00dcR ROTPUNKT -\" \/>\n<meta property=\"og:description\" content=\"Fester, abgesenkter Sockel f\u00fcr die Benelli Argo, der direkt am Lauf angebracht werden kann und f\u00fcr die Montage verschiedener roter Punkte geeignet ist.\" \/>\n<meta property=\"og:url\" content=\"https:\/\/contessascopemounts.com\/de\/rd-argo-feste-basis-fuer-rotpunkt\/\" \/>\n<meta property=\"og:site_name\" content=\"Contessa\" \/>\n<meta property=\"article:publisher\" content=\"https:\/\/www.facebook.com\/contessascopemounts\" \/>\n<meta property=\"og:image\" content=\"https:\/\/contessascopemounts.com\/wp-content\/uploads\/2022\/02\/RD-ARGO.jpg\" \/>\n\t<meta property=\"og:image:width\" content=\"800\" \/>\n\t<meta property=\"og:image:height\" content=\"800\" \/>\n\t<meta property=\"og:image:type\" content=\"image\/jpeg\" \/>\n<meta name=\"twitter:card\" content=\"summary_large_image\" \/>\n<script type=\"application\/ld+json\" class=\"yoast-schema-graph\">{\"@context\":\"https:\\\/\\\/schema.org\",\"@graph\":[{\"@type\":\"WebPage\",\"@id\":\"https:\\\/\\\/contessascopemounts.com\\\/de\\\/rd-argo-feste-basis-fuer-rotpunkt\\\/\",\"url\":\"https:\\\/\\\/contessascopemounts.com\\\/de\\\/rd-argo-feste-basis-fuer-rotpunkt\\\/\",\"name\":\"RD ARGO - FESTE BASIS F\u00dcR ROTPUNKT -\",\"isPartOf\":{\"@id\":\"https:\\\/\\\/contessascopemounts.com\\\/de\\\/#website\"},\"primaryImageOfPage\":{\"@id\":\"https:\\\/\\\/contessascopemounts.com\\\/de\\\/rd-argo-feste-basis-fuer-rotpunkt\\\/#primaryimage\"},\"image\":{\"@id\":\"https:\\\/\\\/contessascopemounts.com\\\/de\\\/rd-argo-feste-basis-fuer-rotpunkt\\\/#primaryimage\"},\"thumbnailUrl\":\"https:\\\/\\\/contessascopemounts.com\\\/wp-content\\\/uploads\\\/2022\\\/02\\\/RD-ARGO.jpg\",\"datePublished\":\"2025-07-22T17:30:34+00:00\",\"description\":\"Fester, abgesenkter Sockel f\u00fcr die Benelli Argo, der direkt am Lauf angebracht werden kann und f\u00fcr die Montage verschiedener roter Punkte geeignet ist.\",\"breadcrumb\":{\"@id\":\"https:\\\/\\\/contessascopemounts.com\\\/de\\\/rd-argo-feste-basis-fuer-rotpunkt\\\/#breadcrumb\"},\"inLanguage\":\"de\",\"potentialAction\":[{\"@type\":\"ReadAction\",\"target\":[\"https:\\\/\\\/contessascopemounts.com\\\/de\\\/rd-argo-feste-basis-fuer-rotpunkt\\\/\"]}]},{\"@type\":\"ImageObject\",\"inLanguage\":\"de\",\"@id\":\"https:\\\/\\\/contessascopemounts.com\\\/de\\\/rd-argo-feste-basis-fuer-rotpunkt\\\/#primaryimage\",\"url\":\"https:\\\/\\\/contessascopemounts.com\\\/wp-content\\\/uploads\\\/2022\\\/02\\\/RD-ARGO.jpg\",\"contentUrl\":\"https:\\\/\\\/contessascopemounts.com\\\/wp-content\\\/uploads\\\/2022\\\/02\\\/RD-ARGO.jpg\",\"width\":800,\"height\":800},{\"@type\":\"BreadcrumbList\",\"@id\":\"https:\\\/\\\/contessascopemounts.com\\\/de\\\/rd-argo-feste-basis-fuer-rotpunkt\\\/#breadcrumb\",\"itemListElement\":[{\"@type\":\"ListItem\",\"position\":1,\"name\":\"Home\",\"item\":\"https:\\\/\\\/contessascopemounts.com\\\/de\\\/\"},{\"@type\":\"ListItem\",\"position\":2,\"name\":\"Produkte\",\"item\":\"https:\\\/\\\/contessascopemounts.com\\\/de\\\/produkte\\\/\"},{\"@type\":\"ListItem\",\"position\":3,\"name\":\"RD ARGO &#8211; FESTE BASIS F\u00dcR ROTPUNKT\"}]},{\"@type\":\"WebSite\",\"@id\":\"https:\\\/\\\/contessascopemounts.com\\\/de\\\/#website\",\"url\":\"https:\\\/\\\/contessascopemounts.com\\\/de\\\/\",\"name\":\"Contessa\",\"description\":\"Professional Scope Mounts\",\"publisher\":{\"@id\":\"https:\\\/\\\/contessascopemounts.com\\\/de\\\/#organization\"},\"potentialAction\":[{\"@type\":\"SearchAction\",\"target\":{\"@type\":\"EntryPoint\",\"urlTemplate\":\"https:\\\/\\\/contessascopemounts.com\\\/de\\\/?s={search_term_string}\"},\"query-input\":{\"@type\":\"PropertyValueSpecification\",\"valueRequired\":true,\"valueName\":\"search_term_string\"}}],\"inLanguage\":\"de\"},{\"@type\":\"Organization\",\"@id\":\"https:\\\/\\\/contessascopemounts.com\\\/de\\\/#organization\",\"name\":\"CONTESSA\",\"url\":\"https:\\\/\\\/contessascopemounts.com\\\/de\\\/\",\"logo\":{\"@type\":\"ImageObject\",\"inLanguage\":\"de\",\"@id\":\"https:\\\/\\\/contessascopemounts.com\\\/de\\\/#\\\/schema\\\/logo\\\/image\\\/\",\"url\":\"https:\\\/\\\/contessascopemounts.com\\\/wp-content\\\/uploads\\\/2021\\\/04\\\/Contessa-supporti-per-ottiche-made-in-italy.png\",\"contentUrl\":\"https:\\\/\\\/contessascopemounts.com\\\/wp-content\\\/uploads\\\/2021\\\/04\\\/Contessa-supporti-per-ottiche-made-in-italy.png\",\"width\":1000,\"height\":411,\"caption\":\"CONTESSA\"},\"image\":{\"@id\":\"https:\\\/\\\/contessascopemounts.com\\\/de\\\/#\\\/schema\\\/logo\\\/image\\\/\"},\"sameAs\":[\"https:\\\/\\\/www.facebook.com\\\/contessascopemounts\",\"https:\\\/\\\/www.instagram.com\\\/contessa_mounts\\\/?fbclid=IwAR0Yr8lwWVwN0ewOz1bCVK4ZAKI8lkRIVuhxyX56qNYkwSaMAUVleye6XiE\",\"https:\\\/\\\/www.youtube.com\\\/channel\\\/UCEjBcvoWy-XvVVujqw-psXQ\"]}]}<\/script>\n<!-- \/ Yoast SEO plugin. -->","yoast_head_json":{"title":"RD ARGO - FESTE BASIS F\u00dcR ROTPUNKT -","description":"Fester, abgesenkter Sockel f\u00fcr die Benelli Argo, der direkt am Lauf angebracht werden kann und f\u00fcr die Montage verschiedener roter Punkte geeignet ist.","robots":{"index":"index","follow":"follow","max-snippet":"max-snippet:-1","max-image-preview":"max-image-preview:large","max-video-preview":"max-video-preview:-1"},"canonical":"https:\/\/contessascopemounts.com\/de\/rd-argo-feste-basis-fuer-rotpunkt\/","og_locale":"de_DE","og_type":"article","og_title":"RD ARGO - FESTE BASIS F\u00dcR ROTPUNKT -","og_description":"Fester, abgesenkter Sockel f\u00fcr die Benelli Argo, der direkt am Lauf angebracht werden kann und f\u00fcr die Montage verschiedener roter Punkte geeignet ist.","og_url":"https:\/\/contessascopemounts.com\/de\/rd-argo-feste-basis-fuer-rotpunkt\/","og_site_name":"Contessa","article_publisher":"https:\/\/www.facebook.com\/contessascopemounts","og_image":[{"width":800,"height":800,"url":"https:\/\/contessascopemounts.com\/wp-content\/uploads\/2022\/02\/RD-ARGO.jpg","type":"image\/jpeg"}],"twitter_card":"summary_large_image","schema":{"@context":"https:\/\/schema.org","@graph":[{"@type":"WebPage","@id":"https:\/\/contessascopemounts.com\/de\/rd-argo-feste-basis-fuer-rotpunkt\/","url":"https:\/\/contessascopemounts.com\/de\/rd-argo-feste-basis-fuer-rotpunkt\/","name":"RD ARGO - FESTE BASIS F\u00dcR ROTPUNKT -","isPartOf":{"@id":"https:\/\/contessascopemounts.com\/de\/#website"},"primaryImageOfPage":{"@id":"https:\/\/contessascopemounts.com\/de\/rd-argo-feste-basis-fuer-rotpunkt\/#primaryimage"},"image":{"@id":"https:\/\/contessascopemounts.com\/de\/rd-argo-feste-basis-fuer-rotpunkt\/#primaryimage"},"thumbnailUrl":"https:\/\/contessascopemounts.com\/wp-content\/uploads\/2022\/02\/RD-ARGO.jpg","datePublished":"2025-07-22T17:30:34+00:00","description":"Fester, abgesenkter Sockel f\u00fcr die Benelli Argo, der direkt am Lauf angebracht werden kann und f\u00fcr die Montage verschiedener roter Punkte geeignet ist.","breadcrumb":{"@id":"https:\/\/contessascopemounts.com\/de\/rd-argo-feste-basis-fuer-rotpunkt\/#breadcrumb"},"inLanguage":"de","potentialAction":[{"@type":"ReadAction","target":["https:\/\/contessascopemounts.com\/de\/rd-argo-feste-basis-fuer-rotpunkt\/"]}]},{"@type":"ImageObject","inLanguage":"de","@id":"https:\/\/contessascopemounts.com\/de\/rd-argo-feste-basis-fuer-rotpunkt\/#primaryimage","url":"https:\/\/contessascopemounts.com\/wp-content\/uploads\/2022\/02\/RD-ARGO.jpg","contentUrl":"https:\/\/contessascopemounts.com\/wp-content\/uploads\/2022\/02\/RD-ARGO.jpg","width":800,"height":800},{"@type":"BreadcrumbList","@id":"https:\/\/contessascopemounts.com\/de\/rd-argo-feste-basis-fuer-rotpunkt\/#breadcrumb","itemListElement":[{"@type":"ListItem","position":1,"name":"Home","item":"https:\/\/contessascopemounts.com\/de\/"},{"@type":"ListItem","position":2,"name":"Produkte","item":"https:\/\/contessascopemounts.com\/de\/produkte\/"},{"@type":"ListItem","position":3,"name":"RD ARGO &#8211; FESTE BASIS F\u00dcR ROTPUNKT"}]},{"@type":"WebSite","@id":"https:\/\/contessascopemounts.com\/de\/#website","url":"https:\/\/contessascopemounts.com\/de\/","name":"Contessa","description":"Professional Scope Mounts","publisher":{"@id":"https:\/\/contessascopemounts.com\/de\/#organization"},"potentialAction":[{"@type":"SearchAction","target":{"@type":"EntryPoint","urlTemplate":"https:\/\/contessascopemounts.com\/de\/?s={search_term_string}"},"query-input":{"@type":"PropertyValueSpecification","valueRequired":true,"valueName":"search_term_string"}}],"inLanguage":"de"},{"@type":"Organization","@id":"https:\/\/contessascopemounts.com\/de\/#organization","name":"CONTESSA","url":"https:\/\/contessascopemounts.com\/de\/","logo":{"@type":"ImageObject","inLanguage":"de","@id":"https:\/\/contessascopemounts.com\/de\/#\/schema\/logo\/image\/","url":"https:\/\/contessascopemounts.com\/wp-content\/uploads\/2021\/04\/Contessa-supporti-per-ottiche-made-in-italy.png","contentUrl":"https:\/\/contessascopemounts.com\/wp-content\/uploads\/2021\/04\/Contessa-supporti-per-ottiche-made-in-italy.png","width":1000,"height":411,"caption":"CONTESSA"},"image":{"@id":"https:\/\/contessascopemounts.com\/de\/#\/schema\/logo\/image\/"},"sameAs":["https:\/\/www.facebook.com\/contessascopemounts","https:\/\/www.instagram.com\/contessa_mounts\/?fbclid=IwAR0Yr8lwWVwN0ewOz1bCVK4ZAKI8lkRIVuhxyX56qNYkwSaMAUVleye6XiE","https:\/\/www.youtube.com\/channel\/UCEjBcvoWy-XvVVujqw-psXQ"]}]}},"_links":{"self":[{"href":"https:\/\/contessascopemounts.com\/de\/wp-json\/wp\/v2\/product\/10471","targetHints":{"allow":["GET"]}}],"collection":[{"href":"https:\/\/contessascopemounts.com\/de\/wp-json\/wp\/v2\/product"}],"about":[{"href":"https:\/\/contessascopemounts.com\/de\/wp-json\/wp\/v2\/types\/product"}],"version-history":[{"count":0,"href":"https:\/\/contessascopemounts.com\/de\/wp-json\/wp\/v2\/product\/10471\/revisions"}],"wp:featuredmedia":[{"embeddable":true,"href":"https:\/\/contessascopemounts.com\/de\/wp-json\/wp\/v2\/media\/10472"}],"wp:attachment":[{"href":"https:\/\/contessascopemounts.com\/de\/wp-json\/wp\/v2\/media?parent=10471"}],"wp:term":[{"taxonomy":"product_brand","embeddable":true,"href":"https:\/\/contessascopemounts.com\/de\/wp-json\/wp\/v2\/product_brand?post=10471"},{"taxonomy":"product_cat","embeddable":true,"href":"https:\/\/contessascopemounts.com\/de\/wp-json\/wp\/v2\/product_cat?post=10471"},{"taxonomy":"product_tag","embeddable":true,"href":"https:\/\/contessascopemounts.com\/de\/wp-json\/wp\/v2\/product_tag?post=10471"}],"curies":[{"name":"wp","href":"https:\/\/api.w.org\/{rel}","templated":true}]}}