{"id":10427,"date":"2025-07-22T19:30:36","date_gmt":"2025-07-22T17:30:36","guid":{"rendered":"https:\/\/contessascopemounts.com\/?post_type=product&#038;p=10427"},"modified":"2025-07-22T19:30:36","modified_gmt":"2025-07-22T17:30:36","slug":"sbb18-einfache-schwarze-bls-fuer-infiray","status":"publish","type":"product","link":"https:\/\/contessascopemounts.com\/de\/sbb18-einfache-schwarze-bls-fuer-infiray\/","title":{"rendered":"SBB18 &#8211; EINFACHE SCHWARZE BLS F\u00dcR INFIRAY"},"content":{"rendered":"","protected":false},"excerpt":{"rendered":"<ul>\n<li><b>BLASER <\/b><span style=\"font-weight: 400;\">Schnellwechsel-Waffenhalterung <\/span> f\u00fcr <strong>Infiray Saim<\/strong>.<\/li>\n<li><span style=\"font-weight: 400;\">Contessa&#8217;s patentiertes Schnellspannsystem, das eine wiederholbare Kalibrierung zwischen den Ausl\u00f6sungen garantiert.<\/span><\/li>\n<\/ul>\n<p>&nbsp;<\/p>\n<hr>\n<p>&nbsp;<\/p>\n<p style=\"text-align: center;\">Ben\u00f6tigen Sie mehr Informationen?<\/p>\n<p>&nbsp;<\/p>\n<p style=\"text-align: center;\">[maxbutton id=\"4\" extraclass=\"popmake-3707\"]<\/p>\n","protected":false},"featured_media":10428,"template":"","meta":[],"product_brand":[],"product_cat":[372,569,578],"product_tag":[571,573],"class_list":{"0":"post-10427","1":"product","2":"type-product","3":"status-publish","4":"has-post-thumbnail","6":"product_cat-angriffe","7":"product_cat-fur-blaser-waffen","8":"product_cat-schnellverschluss-fur-nachtsichtbrillen-de-2","9":"product_tag-anlagen_bls","10":"product_tag-blaser-de","12":"first","13":"instock","14":"shipping-taxable","15":"product-type-simple"},"yoast_head":"<!-- This site is optimized with the Yoast SEO plugin v27.5 - https:\/\/yoast.com\/product\/yoast-seo-wordpress\/ -->\n<title>SBB18 - EINFACHE SCHWARZE BLS F\u00dcR INFIRAY -<\/title>\n<meta name=\"description\" content=\"Contessa Schnellspannvorrichtung f\u00fcr Blaser Waffen f\u00fcr Infiray Saim Visier.\" \/>\n<meta name=\"robots\" content=\"index, follow, max-snippet:-1, max-image-preview:large, max-video-preview:-1\" \/>\n<link rel=\"canonical\" href=\"https:\/\/contessascopemounts.com\/de\/sbb18-einfache-schwarze-bls-fuer-infiray\/\" \/>\n<meta property=\"og:locale\" content=\"de_DE\" \/>\n<meta property=\"og:type\" content=\"article\" \/>\n<meta property=\"og:title\" content=\"SBB18 - EINFACHE SCHWARZE BLS F\u00dcR INFIRAY -\" \/>\n<meta property=\"og:description\" content=\"Contessa Schnellspannvorrichtung f\u00fcr Blaser Waffen f\u00fcr Infiray Saim Visier.\" \/>\n<meta property=\"og:url\" content=\"https:\/\/contessascopemounts.com\/de\/sbb18-einfache-schwarze-bls-fuer-infiray\/\" \/>\n<meta property=\"og:site_name\" content=\"Contessa\" \/>\n<meta property=\"article:publisher\" content=\"https:\/\/www.facebook.com\/contessascopemounts\" \/>\n<meta property=\"og:image\" content=\"https:\/\/contessascopemounts.com\/wp-content\/uploads\/2022\/02\/SBB18.jpg\" \/>\n\t<meta property=\"og:image:width\" content=\"800\" \/>\n\t<meta property=\"og:image:height\" content=\"800\" \/>\n\t<meta property=\"og:image:type\" content=\"image\/jpeg\" \/>\n<meta name=\"twitter:card\" content=\"summary_large_image\" \/>\n<script type=\"application\/ld+json\" class=\"yoast-schema-graph\">{\"@context\":\"https:\\\/\\\/schema.org\",\"@graph\":[{\"@type\":\"WebPage\",\"@id\":\"https:\\\/\\\/contessascopemounts.com\\\/de\\\/sbb18-einfache-schwarze-bls-fuer-infiray\\\/\",\"url\":\"https:\\\/\\\/contessascopemounts.com\\\/de\\\/sbb18-einfache-schwarze-bls-fuer-infiray\\\/\",\"name\":\"SBB18 - EINFACHE SCHWARZE BLS F\u00dcR INFIRAY -\",\"isPartOf\":{\"@id\":\"https:\\\/\\\/contessascopemounts.com\\\/de\\\/#website\"},\"primaryImageOfPage\":{\"@id\":\"https:\\\/\\\/contessascopemounts.com\\\/de\\\/sbb18-einfache-schwarze-bls-fuer-infiray\\\/#primaryimage\"},\"image\":{\"@id\":\"https:\\\/\\\/contessascopemounts.com\\\/de\\\/sbb18-einfache-schwarze-bls-fuer-infiray\\\/#primaryimage\"},\"thumbnailUrl\":\"https:\\\/\\\/contessascopemounts.com\\\/wp-content\\\/uploads\\\/2022\\\/02\\\/SBB18.jpg\",\"datePublished\":\"2025-07-22T17:30:36+00:00\",\"description\":\"Contessa Schnellspannvorrichtung f\u00fcr Blaser Waffen f\u00fcr Infiray Saim Visier.\",\"breadcrumb\":{\"@id\":\"https:\\\/\\\/contessascopemounts.com\\\/de\\\/sbb18-einfache-schwarze-bls-fuer-infiray\\\/#breadcrumb\"},\"inLanguage\":\"de\",\"potentialAction\":[{\"@type\":\"ReadAction\",\"target\":[\"https:\\\/\\\/contessascopemounts.com\\\/de\\\/sbb18-einfache-schwarze-bls-fuer-infiray\\\/\"]}]},{\"@type\":\"ImageObject\",\"inLanguage\":\"de\",\"@id\":\"https:\\\/\\\/contessascopemounts.com\\\/de\\\/sbb18-einfache-schwarze-bls-fuer-infiray\\\/#primaryimage\",\"url\":\"https:\\\/\\\/contessascopemounts.com\\\/wp-content\\\/uploads\\\/2022\\\/02\\\/SBB18.jpg\",\"contentUrl\":\"https:\\\/\\\/contessascopemounts.com\\\/wp-content\\\/uploads\\\/2022\\\/02\\\/SBB18.jpg\",\"width\":800,\"height\":800},{\"@type\":\"BreadcrumbList\",\"@id\":\"https:\\\/\\\/contessascopemounts.com\\\/de\\\/sbb18-einfache-schwarze-bls-fuer-infiray\\\/#breadcrumb\",\"itemListElement\":[{\"@type\":\"ListItem\",\"position\":1,\"name\":\"Home\",\"item\":\"https:\\\/\\\/contessascopemounts.com\\\/de\\\/\"},{\"@type\":\"ListItem\",\"position\":2,\"name\":\"Produkte\",\"item\":\"https:\\\/\\\/contessascopemounts.com\\\/de\\\/produkte\\\/\"},{\"@type\":\"ListItem\",\"position\":3,\"name\":\"SBB18 &#8211; EINFACHE SCHWARZE BLS F\u00dcR INFIRAY\"}]},{\"@type\":\"WebSite\",\"@id\":\"https:\\\/\\\/contessascopemounts.com\\\/de\\\/#website\",\"url\":\"https:\\\/\\\/contessascopemounts.com\\\/de\\\/\",\"name\":\"Contessa\",\"description\":\"Professional Scope Mounts\",\"publisher\":{\"@id\":\"https:\\\/\\\/contessascopemounts.com\\\/de\\\/#organization\"},\"potentialAction\":[{\"@type\":\"SearchAction\",\"target\":{\"@type\":\"EntryPoint\",\"urlTemplate\":\"https:\\\/\\\/contessascopemounts.com\\\/de\\\/?s={search_term_string}\"},\"query-input\":{\"@type\":\"PropertyValueSpecification\",\"valueRequired\":true,\"valueName\":\"search_term_string\"}}],\"inLanguage\":\"de\"},{\"@type\":\"Organization\",\"@id\":\"https:\\\/\\\/contessascopemounts.com\\\/de\\\/#organization\",\"name\":\"CONTESSA\",\"url\":\"https:\\\/\\\/contessascopemounts.com\\\/de\\\/\",\"logo\":{\"@type\":\"ImageObject\",\"inLanguage\":\"de\",\"@id\":\"https:\\\/\\\/contessascopemounts.com\\\/de\\\/#\\\/schema\\\/logo\\\/image\\\/\",\"url\":\"https:\\\/\\\/contessascopemounts.com\\\/wp-content\\\/uploads\\\/2021\\\/04\\\/Contessa-supporti-per-ottiche-made-in-italy.png\",\"contentUrl\":\"https:\\\/\\\/contessascopemounts.com\\\/wp-content\\\/uploads\\\/2021\\\/04\\\/Contessa-supporti-per-ottiche-made-in-italy.png\",\"width\":1000,\"height\":411,\"caption\":\"CONTESSA\"},\"image\":{\"@id\":\"https:\\\/\\\/contessascopemounts.com\\\/de\\\/#\\\/schema\\\/logo\\\/image\\\/\"},\"sameAs\":[\"https:\\\/\\\/www.facebook.com\\\/contessascopemounts\",\"https:\\\/\\\/www.instagram.com\\\/contessa_mounts\\\/?fbclid=IwAR0Yr8lwWVwN0ewOz1bCVK4ZAKI8lkRIVuhxyX56qNYkwSaMAUVleye6XiE\",\"https:\\\/\\\/www.youtube.com\\\/channel\\\/UCEjBcvoWy-XvVVujqw-psXQ\"]}]}<\/script>\n<!-- \/ Yoast SEO plugin. -->","yoast_head_json":{"title":"SBB18 - EINFACHE SCHWARZE BLS F\u00dcR INFIRAY -","description":"Contessa Schnellspannvorrichtung f\u00fcr Blaser Waffen f\u00fcr Infiray Saim Visier.","robots":{"index":"index","follow":"follow","max-snippet":"max-snippet:-1","max-image-preview":"max-image-preview:large","max-video-preview":"max-video-preview:-1"},"canonical":"https:\/\/contessascopemounts.com\/de\/sbb18-einfache-schwarze-bls-fuer-infiray\/","og_locale":"de_DE","og_type":"article","og_title":"SBB18 - EINFACHE SCHWARZE BLS F\u00dcR INFIRAY -","og_description":"Contessa Schnellspannvorrichtung f\u00fcr Blaser Waffen f\u00fcr Infiray Saim Visier.","og_url":"https:\/\/contessascopemounts.com\/de\/sbb18-einfache-schwarze-bls-fuer-infiray\/","og_site_name":"Contessa","article_publisher":"https:\/\/www.facebook.com\/contessascopemounts","og_image":[{"width":800,"height":800,"url":"https:\/\/contessascopemounts.com\/wp-content\/uploads\/2022\/02\/SBB18.jpg","type":"image\/jpeg"}],"twitter_card":"summary_large_image","schema":{"@context":"https:\/\/schema.org","@graph":[{"@type":"WebPage","@id":"https:\/\/contessascopemounts.com\/de\/sbb18-einfache-schwarze-bls-fuer-infiray\/","url":"https:\/\/contessascopemounts.com\/de\/sbb18-einfache-schwarze-bls-fuer-infiray\/","name":"SBB18 - EINFACHE SCHWARZE BLS F\u00dcR INFIRAY -","isPartOf":{"@id":"https:\/\/contessascopemounts.com\/de\/#website"},"primaryImageOfPage":{"@id":"https:\/\/contessascopemounts.com\/de\/sbb18-einfache-schwarze-bls-fuer-infiray\/#primaryimage"},"image":{"@id":"https:\/\/contessascopemounts.com\/de\/sbb18-einfache-schwarze-bls-fuer-infiray\/#primaryimage"},"thumbnailUrl":"https:\/\/contessascopemounts.com\/wp-content\/uploads\/2022\/02\/SBB18.jpg","datePublished":"2025-07-22T17:30:36+00:00","description":"Contessa Schnellspannvorrichtung f\u00fcr Blaser Waffen f\u00fcr Infiray Saim Visier.","breadcrumb":{"@id":"https:\/\/contessascopemounts.com\/de\/sbb18-einfache-schwarze-bls-fuer-infiray\/#breadcrumb"},"inLanguage":"de","potentialAction":[{"@type":"ReadAction","target":["https:\/\/contessascopemounts.com\/de\/sbb18-einfache-schwarze-bls-fuer-infiray\/"]}]},{"@type":"ImageObject","inLanguage":"de","@id":"https:\/\/contessascopemounts.com\/de\/sbb18-einfache-schwarze-bls-fuer-infiray\/#primaryimage","url":"https:\/\/contessascopemounts.com\/wp-content\/uploads\/2022\/02\/SBB18.jpg","contentUrl":"https:\/\/contessascopemounts.com\/wp-content\/uploads\/2022\/02\/SBB18.jpg","width":800,"height":800},{"@type":"BreadcrumbList","@id":"https:\/\/contessascopemounts.com\/de\/sbb18-einfache-schwarze-bls-fuer-infiray\/#breadcrumb","itemListElement":[{"@type":"ListItem","position":1,"name":"Home","item":"https:\/\/contessascopemounts.com\/de\/"},{"@type":"ListItem","position":2,"name":"Produkte","item":"https:\/\/contessascopemounts.com\/de\/produkte\/"},{"@type":"ListItem","position":3,"name":"SBB18 &#8211; EINFACHE SCHWARZE BLS F\u00dcR INFIRAY"}]},{"@type":"WebSite","@id":"https:\/\/contessascopemounts.com\/de\/#website","url":"https:\/\/contessascopemounts.com\/de\/","name":"Contessa","description":"Professional Scope Mounts","publisher":{"@id":"https:\/\/contessascopemounts.com\/de\/#organization"},"potentialAction":[{"@type":"SearchAction","target":{"@type":"EntryPoint","urlTemplate":"https:\/\/contessascopemounts.com\/de\/?s={search_term_string}"},"query-input":{"@type":"PropertyValueSpecification","valueRequired":true,"valueName":"search_term_string"}}],"inLanguage":"de"},{"@type":"Organization","@id":"https:\/\/contessascopemounts.com\/de\/#organization","name":"CONTESSA","url":"https:\/\/contessascopemounts.com\/de\/","logo":{"@type":"ImageObject","inLanguage":"de","@id":"https:\/\/contessascopemounts.com\/de\/#\/schema\/logo\/image\/","url":"https:\/\/contessascopemounts.com\/wp-content\/uploads\/2021\/04\/Contessa-supporti-per-ottiche-made-in-italy.png","contentUrl":"https:\/\/contessascopemounts.com\/wp-content\/uploads\/2021\/04\/Contessa-supporti-per-ottiche-made-in-italy.png","width":1000,"height":411,"caption":"CONTESSA"},"image":{"@id":"https:\/\/contessascopemounts.com\/de\/#\/schema\/logo\/image\/"},"sameAs":["https:\/\/www.facebook.com\/contessascopemounts","https:\/\/www.instagram.com\/contessa_mounts\/?fbclid=IwAR0Yr8lwWVwN0ewOz1bCVK4ZAKI8lkRIVuhxyX56qNYkwSaMAUVleye6XiE","https:\/\/www.youtube.com\/channel\/UCEjBcvoWy-XvVVujqw-psXQ"]}]}},"_links":{"self":[{"href":"https:\/\/contessascopemounts.com\/de\/wp-json\/wp\/v2\/product\/10427","targetHints":{"allow":["GET"]}}],"collection":[{"href":"https:\/\/contessascopemounts.com\/de\/wp-json\/wp\/v2\/product"}],"about":[{"href":"https:\/\/contessascopemounts.com\/de\/wp-json\/wp\/v2\/types\/product"}],"version-history":[{"count":0,"href":"https:\/\/contessascopemounts.com\/de\/wp-json\/wp\/v2\/product\/10427\/revisions"}],"wp:featuredmedia":[{"embeddable":true,"href":"https:\/\/contessascopemounts.com\/de\/wp-json\/wp\/v2\/media\/10428"}],"wp:attachment":[{"href":"https:\/\/contessascopemounts.com\/de\/wp-json\/wp\/v2\/media?parent=10427"}],"wp:term":[{"taxonomy":"product_brand","embeddable":true,"href":"https:\/\/contessascopemounts.com\/de\/wp-json\/wp\/v2\/product_brand?post=10427"},{"taxonomy":"product_cat","embeddable":true,"href":"https:\/\/contessascopemounts.com\/de\/wp-json\/wp\/v2\/product_cat?post=10427"},{"taxonomy":"product_tag","embeddable":true,"href":"https:\/\/contessascopemounts.com\/de\/wp-json\/wp\/v2\/product_tag?post=10427"}],"curies":[{"name":"wp","href":"https:\/\/api.w.org\/{rel}","templated":true}]}}