{"id":10086,"date":"2021-09-26T23:04:05","date_gmt":"2021-09-26T21:04:05","guid":{"rendered":"https:\/\/contessascopemounts.com\/?post_type=product&#038;p=10086"},"modified":"2026-02-09T09:35:06","modified_gmt":"2026-02-09T08:35:06","slug":"crqd-a-schwalbenschwanzuhrungen-schnellspannmontage-fuer-leica-tempus-docter-visier-burris-konus-geco-kite-kx1","status":"publish","type":"product","link":"https:\/\/contessascopemounts.com\/de\/crqd-a-schwalbenschwanzuhrungen-schnellspannmontage-fuer-leica-tempus-docter-visier-burris-konus-geco-kite-kx1\/","title":{"rendered":"CRQD\/A &#8211; STD EU SCHNELLKUPPLUNG F\u00dcR LEICA TEMPUS-DOCTER VISIER-BURRIS-KONUS-GECO-KITE KX1"},"content":{"rendered":"","protected":false},"excerpt":{"rendered":"<ul>\n<li>Schnellspannvorrichtung f\u00fcr rote Punkte;<\/li>\n<li>f\u00fcr 12 mm 60\u00b0 Schwalbenschwanzf\u00fchrungen &#8211; STD EU;<\/li>\n<li>Contessa&#8217;s patentiertes Schnellspannsystem, das eine wiederholbare Kalibrierung zwischen den Ausl\u00f6sungen garantiert;<\/li>\n<li>ausgestattet mit einer automatischen Sicherung im Hebelschloss.<\/li>\n<\/ul>\n<p><strong>Kompatibel mit:<\/strong><\/p>\n<ul>\n<li>LEICA TEMPUS<\/li>\n<li>DOCTER SIGHT II \/ III<\/li>\n<li>BURRIS FASTFIRE II \/ III<\/li>\n<li>MEOPTA MEOSIGHT II \/ III<\/li>\n<li>KITE KX1<\/li>\n<li>GECO<\/li>\n<\/ul>\n<ul>\n<li>Inklusive Befestigungsschrauben und Schraubenschl\u00fcssel.<\/li>\n<\/ul>\n<hr>\n<p style=\"text-align: center;\">Ben\u00f6tigen Sie weitere Informationen?<\/p>\n<p style=\"text-align: center;\">[maxbutton id=\"4\" extraclass=\"popmake-3707\"]<\/p>\n","protected":false},"featured_media":10623,"template":"","meta":[],"product_brand":[],"product_cat":[518,372,542],"product_tag":[543,502],"class_list":{"0":"post-10086","1":"product","2":"type-product","3":"status-publish","4":"has-post-thumbnail","6":"product_cat-12-mm-60-std-eu-de-2","7":"product_cat-angriffe","8":"product_cat-schnellspanner-fur-rote-dots-de","9":"product_tag-rd-de","10":"product_tag-stdeu-de","12":"first","13":"instock","14":"shipping-taxable","15":"product-type-simple"},"yoast_head":"<!-- This site is optimized with the Yoast SEO plugin v27.4 - https:\/\/yoast.com\/product\/yoast-seo-wordpress\/ -->\n<title>CRQD\/A - STD EU SCHNELLKUPPLUNG F\u00dcR LEICA TEMPUS-DOCTER VISIER-BURRIS-KONUS-GECO-KITE KX1 - Contessa<\/title>\n<meta name=\"description\" content=\"Schnellwechselhalterung f\u00fcr Rotpunkte. Entwickelt f\u00fcr 12 mm 60\u00b0 Schwalbenschwanzf\u00fchrungen - STD EU.\" \/>\n<meta name=\"robots\" content=\"index, follow, max-snippet:-1, max-image-preview:large, max-video-preview:-1\" \/>\n<link rel=\"canonical\" href=\"https:\/\/contessascopemounts.com\/de\/crqd-a-schwalbenschwanzuhrungen-schnellspannmontage-fuer-leica-tempus-docter-visier-burris-konus-geco-kite-kx1\/\" \/>\n<meta property=\"og:locale\" content=\"de_DE\" \/>\n<meta property=\"og:type\" content=\"article\" \/>\n<meta property=\"og:title\" content=\"CRQD\/A - STD EU SCHNELLKUPPLUNG F\u00dcR LEICA TEMPUS-DOCTER VISIER-BURRIS-KONUS-GECO-KITE KX1 - Contessa\" \/>\n<meta property=\"og:description\" content=\"Schnellwechselhalterung f\u00fcr Rotpunkte. Entwickelt f\u00fcr 12 mm 60\u00b0 Schwalbenschwanzf\u00fchrungen - STD EU.\" \/>\n<meta property=\"og:url\" content=\"https:\/\/contessascopemounts.com\/de\/crqd-a-schwalbenschwanzuhrungen-schnellspannmontage-fuer-leica-tempus-docter-visier-burris-konus-geco-kite-kx1\/\" \/>\n<meta property=\"og:site_name\" content=\"Contessa\" \/>\n<meta property=\"article:publisher\" content=\"https:\/\/www.facebook.com\/contessascopemounts\" \/>\n<meta property=\"article:modified_time\" content=\"2026-02-09T08:35:06+00:00\" \/>\n<meta property=\"og:image\" content=\"https:\/\/contessascopemounts.com\/wp-content\/uploads\/2024\/08\/ltqd-a-sito.png\" \/>\n\t<meta property=\"og:image:width\" content=\"800\" \/>\n\t<meta property=\"og:image:height\" content=\"800\" \/>\n\t<meta property=\"og:image:type\" content=\"image\/png\" \/>\n<meta name=\"twitter:card\" content=\"summary_large_image\" \/>\n<script type=\"application\/ld+json\" class=\"yoast-schema-graph\">{\"@context\":\"https:\\\/\\\/schema.org\",\"@graph\":[{\"@type\":\"WebPage\",\"@id\":\"https:\\\/\\\/contessascopemounts.com\\\/de\\\/crqd-a-schwalbenschwanzuhrungen-schnellspannmontage-fuer-leica-tempus-docter-visier-burris-konus-geco-kite-kx1\\\/\",\"url\":\"https:\\\/\\\/contessascopemounts.com\\\/de\\\/crqd-a-schwalbenschwanzuhrungen-schnellspannmontage-fuer-leica-tempus-docter-visier-burris-konus-geco-kite-kx1\\\/\",\"name\":\"CRQD\\\/A - STD EU SCHNELLKUPPLUNG F\u00dcR LEICA TEMPUS-DOCTER VISIER-BURRIS-KONUS-GECO-KITE KX1 - Contessa\",\"isPartOf\":{\"@id\":\"https:\\\/\\\/contessascopemounts.com\\\/de\\\/#website\"},\"primaryImageOfPage\":{\"@id\":\"https:\\\/\\\/contessascopemounts.com\\\/de\\\/crqd-a-schwalbenschwanzuhrungen-schnellspannmontage-fuer-leica-tempus-docter-visier-burris-konus-geco-kite-kx1\\\/#primaryimage\"},\"image\":{\"@id\":\"https:\\\/\\\/contessascopemounts.com\\\/de\\\/crqd-a-schwalbenschwanzuhrungen-schnellspannmontage-fuer-leica-tempus-docter-visier-burris-konus-geco-kite-kx1\\\/#primaryimage\"},\"thumbnailUrl\":\"https:\\\/\\\/contessascopemounts.com\\\/wp-content\\\/uploads\\\/2024\\\/08\\\/ltqd-a-sito.png\",\"datePublished\":\"2021-09-26T21:04:05+00:00\",\"dateModified\":\"2026-02-09T08:35:06+00:00\",\"description\":\"Schnellwechselhalterung f\u00fcr Rotpunkte. Entwickelt f\u00fcr 12 mm 60\u00b0 Schwalbenschwanzf\u00fchrungen - STD EU.\",\"breadcrumb\":{\"@id\":\"https:\\\/\\\/contessascopemounts.com\\\/de\\\/crqd-a-schwalbenschwanzuhrungen-schnellspannmontage-fuer-leica-tempus-docter-visier-burris-konus-geco-kite-kx1\\\/#breadcrumb\"},\"inLanguage\":\"de\",\"potentialAction\":[{\"@type\":\"ReadAction\",\"target\":[\"https:\\\/\\\/contessascopemounts.com\\\/de\\\/crqd-a-schwalbenschwanzuhrungen-schnellspannmontage-fuer-leica-tempus-docter-visier-burris-konus-geco-kite-kx1\\\/\"]}]},{\"@type\":\"ImageObject\",\"inLanguage\":\"de\",\"@id\":\"https:\\\/\\\/contessascopemounts.com\\\/de\\\/crqd-a-schwalbenschwanzuhrungen-schnellspannmontage-fuer-leica-tempus-docter-visier-burris-konus-geco-kite-kx1\\\/#primaryimage\",\"url\":\"https:\\\/\\\/contessascopemounts.com\\\/wp-content\\\/uploads\\\/2024\\\/08\\\/ltqd-a-sito.png\",\"contentUrl\":\"https:\\\/\\\/contessascopemounts.com\\\/wp-content\\\/uploads\\\/2024\\\/08\\\/ltqd-a-sito.png\",\"width\":800,\"height\":800},{\"@type\":\"BreadcrumbList\",\"@id\":\"https:\\\/\\\/contessascopemounts.com\\\/de\\\/crqd-a-schwalbenschwanzuhrungen-schnellspannmontage-fuer-leica-tempus-docter-visier-burris-konus-geco-kite-kx1\\\/#breadcrumb\",\"itemListElement\":[{\"@type\":\"ListItem\",\"position\":1,\"name\":\"Home\",\"item\":\"https:\\\/\\\/contessascopemounts.com\\\/de\\\/\"},{\"@type\":\"ListItem\",\"position\":2,\"name\":\"Produkte\",\"item\":\"https:\\\/\\\/contessascopemounts.com\\\/de\\\/produkte\\\/\"},{\"@type\":\"ListItem\",\"position\":3,\"name\":\"CRQD\\\/A &#8211; STD EU SCHNELLKUPPLUNG F\u00dcR LEICA TEMPUS-DOCTER VISIER-BURRIS-KONUS-GECO-KITE KX1\"}]},{\"@type\":\"WebSite\",\"@id\":\"https:\\\/\\\/contessascopemounts.com\\\/de\\\/#website\",\"url\":\"https:\\\/\\\/contessascopemounts.com\\\/de\\\/\",\"name\":\"Contessa\",\"description\":\"Professional Scope Mounts\",\"publisher\":{\"@id\":\"https:\\\/\\\/contessascopemounts.com\\\/de\\\/#organization\"},\"potentialAction\":[{\"@type\":\"SearchAction\",\"target\":{\"@type\":\"EntryPoint\",\"urlTemplate\":\"https:\\\/\\\/contessascopemounts.com\\\/de\\\/?s={search_term_string}\"},\"query-input\":{\"@type\":\"PropertyValueSpecification\",\"valueRequired\":true,\"valueName\":\"search_term_string\"}}],\"inLanguage\":\"de\"},{\"@type\":\"Organization\",\"@id\":\"https:\\\/\\\/contessascopemounts.com\\\/de\\\/#organization\",\"name\":\"CONTESSA\",\"url\":\"https:\\\/\\\/contessascopemounts.com\\\/de\\\/\",\"logo\":{\"@type\":\"ImageObject\",\"inLanguage\":\"de\",\"@id\":\"https:\\\/\\\/contessascopemounts.com\\\/de\\\/#\\\/schema\\\/logo\\\/image\\\/\",\"url\":\"https:\\\/\\\/contessascopemounts.com\\\/wp-content\\\/uploads\\\/2021\\\/04\\\/Contessa-supporti-per-ottiche-made-in-italy.png\",\"contentUrl\":\"https:\\\/\\\/contessascopemounts.com\\\/wp-content\\\/uploads\\\/2021\\\/04\\\/Contessa-supporti-per-ottiche-made-in-italy.png\",\"width\":1000,\"height\":411,\"caption\":\"CONTESSA\"},\"image\":{\"@id\":\"https:\\\/\\\/contessascopemounts.com\\\/de\\\/#\\\/schema\\\/logo\\\/image\\\/\"},\"sameAs\":[\"https:\\\/\\\/www.facebook.com\\\/contessascopemounts\",\"https:\\\/\\\/www.instagram.com\\\/contessa_mounts\\\/?fbclid=IwAR0Yr8lwWVwN0ewOz1bCVK4ZAKI8lkRIVuhxyX56qNYkwSaMAUVleye6XiE\",\"https:\\\/\\\/www.youtube.com\\\/channel\\\/UCEjBcvoWy-XvVVujqw-psXQ\"]}]}<\/script>\n<!-- \/ Yoast SEO plugin. -->","yoast_head_json":{"title":"CRQD\/A - STD EU SCHNELLKUPPLUNG F\u00dcR LEICA TEMPUS-DOCTER VISIER-BURRIS-KONUS-GECO-KITE KX1 - Contessa","description":"Schnellwechselhalterung f\u00fcr Rotpunkte. Entwickelt f\u00fcr 12 mm 60\u00b0 Schwalbenschwanzf\u00fchrungen - STD EU.","robots":{"index":"index","follow":"follow","max-snippet":"max-snippet:-1","max-image-preview":"max-image-preview:large","max-video-preview":"max-video-preview:-1"},"canonical":"https:\/\/contessascopemounts.com\/de\/crqd-a-schwalbenschwanzuhrungen-schnellspannmontage-fuer-leica-tempus-docter-visier-burris-konus-geco-kite-kx1\/","og_locale":"de_DE","og_type":"article","og_title":"CRQD\/A - STD EU SCHNELLKUPPLUNG F\u00dcR LEICA TEMPUS-DOCTER VISIER-BURRIS-KONUS-GECO-KITE KX1 - Contessa","og_description":"Schnellwechselhalterung f\u00fcr Rotpunkte. Entwickelt f\u00fcr 12 mm 60\u00b0 Schwalbenschwanzf\u00fchrungen - STD EU.","og_url":"https:\/\/contessascopemounts.com\/de\/crqd-a-schwalbenschwanzuhrungen-schnellspannmontage-fuer-leica-tempus-docter-visier-burris-konus-geco-kite-kx1\/","og_site_name":"Contessa","article_publisher":"https:\/\/www.facebook.com\/contessascopemounts","article_modified_time":"2026-02-09T08:35:06+00:00","og_image":[{"width":800,"height":800,"url":"https:\/\/contessascopemounts.com\/wp-content\/uploads\/2024\/08\/ltqd-a-sito.png","type":"image\/png"}],"twitter_card":"summary_large_image","schema":{"@context":"https:\/\/schema.org","@graph":[{"@type":"WebPage","@id":"https:\/\/contessascopemounts.com\/de\/crqd-a-schwalbenschwanzuhrungen-schnellspannmontage-fuer-leica-tempus-docter-visier-burris-konus-geco-kite-kx1\/","url":"https:\/\/contessascopemounts.com\/de\/crqd-a-schwalbenschwanzuhrungen-schnellspannmontage-fuer-leica-tempus-docter-visier-burris-konus-geco-kite-kx1\/","name":"CRQD\/A - STD EU SCHNELLKUPPLUNG F\u00dcR LEICA TEMPUS-DOCTER VISIER-BURRIS-KONUS-GECO-KITE KX1 - Contessa","isPartOf":{"@id":"https:\/\/contessascopemounts.com\/de\/#website"},"primaryImageOfPage":{"@id":"https:\/\/contessascopemounts.com\/de\/crqd-a-schwalbenschwanzuhrungen-schnellspannmontage-fuer-leica-tempus-docter-visier-burris-konus-geco-kite-kx1\/#primaryimage"},"image":{"@id":"https:\/\/contessascopemounts.com\/de\/crqd-a-schwalbenschwanzuhrungen-schnellspannmontage-fuer-leica-tempus-docter-visier-burris-konus-geco-kite-kx1\/#primaryimage"},"thumbnailUrl":"https:\/\/contessascopemounts.com\/wp-content\/uploads\/2024\/08\/ltqd-a-sito.png","datePublished":"2021-09-26T21:04:05+00:00","dateModified":"2026-02-09T08:35:06+00:00","description":"Schnellwechselhalterung f\u00fcr Rotpunkte. Entwickelt f\u00fcr 12 mm 60\u00b0 Schwalbenschwanzf\u00fchrungen - STD EU.","breadcrumb":{"@id":"https:\/\/contessascopemounts.com\/de\/crqd-a-schwalbenschwanzuhrungen-schnellspannmontage-fuer-leica-tempus-docter-visier-burris-konus-geco-kite-kx1\/#breadcrumb"},"inLanguage":"de","potentialAction":[{"@type":"ReadAction","target":["https:\/\/contessascopemounts.com\/de\/crqd-a-schwalbenschwanzuhrungen-schnellspannmontage-fuer-leica-tempus-docter-visier-burris-konus-geco-kite-kx1\/"]}]},{"@type":"ImageObject","inLanguage":"de","@id":"https:\/\/contessascopemounts.com\/de\/crqd-a-schwalbenschwanzuhrungen-schnellspannmontage-fuer-leica-tempus-docter-visier-burris-konus-geco-kite-kx1\/#primaryimage","url":"https:\/\/contessascopemounts.com\/wp-content\/uploads\/2024\/08\/ltqd-a-sito.png","contentUrl":"https:\/\/contessascopemounts.com\/wp-content\/uploads\/2024\/08\/ltqd-a-sito.png","width":800,"height":800},{"@type":"BreadcrumbList","@id":"https:\/\/contessascopemounts.com\/de\/crqd-a-schwalbenschwanzuhrungen-schnellspannmontage-fuer-leica-tempus-docter-visier-burris-konus-geco-kite-kx1\/#breadcrumb","itemListElement":[{"@type":"ListItem","position":1,"name":"Home","item":"https:\/\/contessascopemounts.com\/de\/"},{"@type":"ListItem","position":2,"name":"Produkte","item":"https:\/\/contessascopemounts.com\/de\/produkte\/"},{"@type":"ListItem","position":3,"name":"CRQD\/A &#8211; STD EU SCHNELLKUPPLUNG F\u00dcR LEICA TEMPUS-DOCTER VISIER-BURRIS-KONUS-GECO-KITE KX1"}]},{"@type":"WebSite","@id":"https:\/\/contessascopemounts.com\/de\/#website","url":"https:\/\/contessascopemounts.com\/de\/","name":"Contessa","description":"Professional Scope Mounts","publisher":{"@id":"https:\/\/contessascopemounts.com\/de\/#organization"},"potentialAction":[{"@type":"SearchAction","target":{"@type":"EntryPoint","urlTemplate":"https:\/\/contessascopemounts.com\/de\/?s={search_term_string}"},"query-input":{"@type":"PropertyValueSpecification","valueRequired":true,"valueName":"search_term_string"}}],"inLanguage":"de"},{"@type":"Organization","@id":"https:\/\/contessascopemounts.com\/de\/#organization","name":"CONTESSA","url":"https:\/\/contessascopemounts.com\/de\/","logo":{"@type":"ImageObject","inLanguage":"de","@id":"https:\/\/contessascopemounts.com\/de\/#\/schema\/logo\/image\/","url":"https:\/\/contessascopemounts.com\/wp-content\/uploads\/2021\/04\/Contessa-supporti-per-ottiche-made-in-italy.png","contentUrl":"https:\/\/contessascopemounts.com\/wp-content\/uploads\/2021\/04\/Contessa-supporti-per-ottiche-made-in-italy.png","width":1000,"height":411,"caption":"CONTESSA"},"image":{"@id":"https:\/\/contessascopemounts.com\/de\/#\/schema\/logo\/image\/"},"sameAs":["https:\/\/www.facebook.com\/contessascopemounts","https:\/\/www.instagram.com\/contessa_mounts\/?fbclid=IwAR0Yr8lwWVwN0ewOz1bCVK4ZAKI8lkRIVuhxyX56qNYkwSaMAUVleye6XiE","https:\/\/www.youtube.com\/channel\/UCEjBcvoWy-XvVVujqw-psXQ"]}]}},"_links":{"self":[{"href":"https:\/\/contessascopemounts.com\/de\/wp-json\/wp\/v2\/product\/10086","targetHints":{"allow":["GET"]}}],"collection":[{"href":"https:\/\/contessascopemounts.com\/de\/wp-json\/wp\/v2\/product"}],"about":[{"href":"https:\/\/contessascopemounts.com\/de\/wp-json\/wp\/v2\/types\/product"}],"version-history":[{"count":1,"href":"https:\/\/contessascopemounts.com\/de\/wp-json\/wp\/v2\/product\/10086\/revisions"}],"predecessor-version":[{"id":13303,"href":"https:\/\/contessascopemounts.com\/de\/wp-json\/wp\/v2\/product\/10086\/revisions\/13303"}],"wp:featuredmedia":[{"embeddable":true,"href":"https:\/\/contessascopemounts.com\/de\/wp-json\/wp\/v2\/media\/10623"}],"wp:attachment":[{"href":"https:\/\/contessascopemounts.com\/de\/wp-json\/wp\/v2\/media?parent=10086"}],"wp:term":[{"taxonomy":"product_brand","embeddable":true,"href":"https:\/\/contessascopemounts.com\/de\/wp-json\/wp\/v2\/product_brand?post=10086"},{"taxonomy":"product_cat","embeddable":true,"href":"https:\/\/contessascopemounts.com\/de\/wp-json\/wp\/v2\/product_cat?post=10086"},{"taxonomy":"product_tag","embeddable":true,"href":"https:\/\/contessascopemounts.com\/de\/wp-json\/wp\/v2\/product_tag?post=10086"}],"curies":[{"name":"wp","href":"https:\/\/api.w.org\/{rel}","templated":true}]}}