{"id":10049,"date":"2025-07-22T19:30:58","date_gmt":"2025-07-22T17:30:58","guid":{"rendered":"https:\/\/contessascopemounts.com\/?post_type=product&#038;p=10049"},"modified":"2025-07-22T19:30:58","modified_gmt":"2025-07-22T17:30:58","slug":"sb01-sp03-einfach-schwarz-std","status":"publish","type":"product","link":"https:\/\/contessascopemounts.com\/de\/sb01-sp03-einfach-schwarz-std\/","title":{"rendered":"SB01\/SP03 &#8211; EINFACH SCHWARZ STD"},"content":{"rendered":"","protected":false},"excerpt":{"rendered":"<ul>\n<li><span style=\"font-weight: 400;\">Schnellverschlusskupplung f\u00fcr Kipplaufwaffen mit zum Schaft zur\u00fcckgesetzter Ringanordnung, f\u00fcr 12 mm 60\u00b0 Schwalbenschwanzschienen &#8211; STD EU.<\/span><\/li>\n<li style=\"font-weight: 400;\" aria-level=\"1\"><span style=\"font-weight: 400;\">Ringgr\u00f6\u00dfe: \u00f8 30 mm H 7,5 mm<\/span><\/li>\n<li aria-level=\"1\"><span style=\"font-weight: 400;\">Contessa&#8217;s patentiertes Schnellspannsystem, das eine wiederholbare Kalibrierung zwischen den Ausl\u00f6sungen garantiert.<\/span><\/li>\n<\/ul>\n<ul>\n<li><span style=\"font-weight: 400;\">Kompatibel mit Nachtsichtbrillen:<\/span><\/li>\n<\/ul>\n<p><span style=\"font-size: 14px;\"><span style=\"color: #000000;\"><span style=\"font-weight: 400;\">  &#8211; <b>PULSAR THERMION<\/b><\/span><\/span><\/span><\/p>\n<p>&nbsp;<\/p>\n<hr>\n<p>&nbsp;<\/p>\n<p style=\"text-align: center;\">Ben\u00f6tigen Sie mehr Informationen?<\/p>\n<p>&nbsp;<\/p>\n<p style=\"text-align: center;\">[maxbutton id=\"4\" extraclass=\"popmake-3707\"]<\/p>\n","protected":false},"featured_media":10050,"template":"","meta":[],"product_brand":[],"product_cat":[518,372,538],"product_tag":[517,502,539],"class_list":{"0":"post-10049","1":"product","2":"type-product","3":"status-publish","4":"has-post-thumbnail","6":"product_cat-12-mm-60-std-eu-de-2","7":"product_cat-angriffe","8":"product_cat-schnellverschluss-fur-nachtsichtbrillen","9":"product_tag-sb01-de","10":"product_tag-stdeu-de","11":"product_tag-visiere","13":"first","14":"instock","15":"shipping-taxable","16":"product-type-simple"},"yoast_head":"<!-- This site is optimized with the Yoast SEO plugin v27.4 - https:\/\/yoast.com\/product\/yoast-seo-wordpress\/ -->\n<title>SB01\/SP03 - EINFACH SCHWARZ STD -<\/title>\n<meta name=\"description\" content=\"Schnellverschlusskupplung f\u00fcr Kipplaufwaffen mit zum Schaft zur\u00fcckgesetzter Ringanordnung, f\u00fcr 12 mm 60\u00b0 Schwalbenschwanzschienen - STD EU.\" \/>\n<meta name=\"robots\" content=\"index, follow, max-snippet:-1, max-image-preview:large, max-video-preview:-1\" \/>\n<link rel=\"canonical\" href=\"https:\/\/contessascopemounts.com\/de\/sb01-sp03-einfach-schwarz-std\/\" \/>\n<meta property=\"og:locale\" content=\"de_DE\" \/>\n<meta property=\"og:type\" content=\"article\" \/>\n<meta property=\"og:title\" content=\"SB01\/SP03 - EINFACH SCHWARZ STD -\" \/>\n<meta property=\"og:description\" content=\"Schnellverschlusskupplung f\u00fcr Kipplaufwaffen mit zum Schaft zur\u00fcckgesetzter Ringanordnung, f\u00fcr 12 mm 60\u00b0 Schwalbenschwanzschienen - STD EU.\" \/>\n<meta property=\"og:url\" content=\"https:\/\/contessascopemounts.com\/de\/sb01-sp03-einfach-schwarz-std\/\" \/>\n<meta property=\"og:site_name\" content=\"Contessa\" \/>\n<meta property=\"article:publisher\" content=\"https:\/\/www.facebook.com\/contessascopemounts\" \/>\n<meta property=\"og:image\" content=\"https:\/\/contessascopemounts.com\/wp-content\/uploads\/2021\/09\/SB01-SP03-A.jpg\" \/>\n\t<meta property=\"og:image:width\" content=\"800\" \/>\n\t<meta property=\"og:image:height\" content=\"800\" \/>\n\t<meta property=\"og:image:type\" content=\"image\/jpeg\" \/>\n<meta name=\"twitter:card\" content=\"summary_large_image\" \/>\n<script type=\"application\/ld+json\" class=\"yoast-schema-graph\">{\"@context\":\"https:\\\/\\\/schema.org\",\"@graph\":[{\"@type\":\"WebPage\",\"@id\":\"https:\\\/\\\/contessascopemounts.com\\\/de\\\/sb01-sp03-einfach-schwarz-std\\\/\",\"url\":\"https:\\\/\\\/contessascopemounts.com\\\/de\\\/sb01-sp03-einfach-schwarz-std\\\/\",\"name\":\"SB01\\\/SP03 - EINFACH SCHWARZ STD -\",\"isPartOf\":{\"@id\":\"https:\\\/\\\/contessascopemounts.com\\\/de\\\/#website\"},\"primaryImageOfPage\":{\"@id\":\"https:\\\/\\\/contessascopemounts.com\\\/de\\\/sb01-sp03-einfach-schwarz-std\\\/#primaryimage\"},\"image\":{\"@id\":\"https:\\\/\\\/contessascopemounts.com\\\/de\\\/sb01-sp03-einfach-schwarz-std\\\/#primaryimage\"},\"thumbnailUrl\":\"https:\\\/\\\/contessascopemounts.com\\\/wp-content\\\/uploads\\\/2021\\\/09\\\/SB01-SP03-A.jpg\",\"datePublished\":\"2025-07-22T17:30:58+00:00\",\"description\":\"Schnellverschlusskupplung f\u00fcr Kipplaufwaffen mit zum Schaft zur\u00fcckgesetzter Ringanordnung, f\u00fcr 12 mm 60\u00b0 Schwalbenschwanzschienen - STD EU.\",\"breadcrumb\":{\"@id\":\"https:\\\/\\\/contessascopemounts.com\\\/de\\\/sb01-sp03-einfach-schwarz-std\\\/#breadcrumb\"},\"inLanguage\":\"de\",\"potentialAction\":[{\"@type\":\"ReadAction\",\"target\":[\"https:\\\/\\\/contessascopemounts.com\\\/de\\\/sb01-sp03-einfach-schwarz-std\\\/\"]}]},{\"@type\":\"ImageObject\",\"inLanguage\":\"de\",\"@id\":\"https:\\\/\\\/contessascopemounts.com\\\/de\\\/sb01-sp03-einfach-schwarz-std\\\/#primaryimage\",\"url\":\"https:\\\/\\\/contessascopemounts.com\\\/wp-content\\\/uploads\\\/2021\\\/09\\\/SB01-SP03-A.jpg\",\"contentUrl\":\"https:\\\/\\\/contessascopemounts.com\\\/wp-content\\\/uploads\\\/2021\\\/09\\\/SB01-SP03-A.jpg\",\"width\":800,\"height\":800},{\"@type\":\"BreadcrumbList\",\"@id\":\"https:\\\/\\\/contessascopemounts.com\\\/de\\\/sb01-sp03-einfach-schwarz-std\\\/#breadcrumb\",\"itemListElement\":[{\"@type\":\"ListItem\",\"position\":1,\"name\":\"Home\",\"item\":\"https:\\\/\\\/contessascopemounts.com\\\/de\\\/\"},{\"@type\":\"ListItem\",\"position\":2,\"name\":\"Produkte\",\"item\":\"https:\\\/\\\/contessascopemounts.com\\\/de\\\/produkte\\\/\"},{\"@type\":\"ListItem\",\"position\":3,\"name\":\"SB01\\\/SP03 &#8211; EINFACH SCHWARZ STD\"}]},{\"@type\":\"WebSite\",\"@id\":\"https:\\\/\\\/contessascopemounts.com\\\/de\\\/#website\",\"url\":\"https:\\\/\\\/contessascopemounts.com\\\/de\\\/\",\"name\":\"Contessa\",\"description\":\"Professional Scope Mounts\",\"publisher\":{\"@id\":\"https:\\\/\\\/contessascopemounts.com\\\/de\\\/#organization\"},\"potentialAction\":[{\"@type\":\"SearchAction\",\"target\":{\"@type\":\"EntryPoint\",\"urlTemplate\":\"https:\\\/\\\/contessascopemounts.com\\\/de\\\/?s={search_term_string}\"},\"query-input\":{\"@type\":\"PropertyValueSpecification\",\"valueRequired\":true,\"valueName\":\"search_term_string\"}}],\"inLanguage\":\"de\"},{\"@type\":\"Organization\",\"@id\":\"https:\\\/\\\/contessascopemounts.com\\\/de\\\/#organization\",\"name\":\"CONTESSA\",\"url\":\"https:\\\/\\\/contessascopemounts.com\\\/de\\\/\",\"logo\":{\"@type\":\"ImageObject\",\"inLanguage\":\"de\",\"@id\":\"https:\\\/\\\/contessascopemounts.com\\\/de\\\/#\\\/schema\\\/logo\\\/image\\\/\",\"url\":\"https:\\\/\\\/contessascopemounts.com\\\/wp-content\\\/uploads\\\/2021\\\/04\\\/Contessa-supporti-per-ottiche-made-in-italy.png\",\"contentUrl\":\"https:\\\/\\\/contessascopemounts.com\\\/wp-content\\\/uploads\\\/2021\\\/04\\\/Contessa-supporti-per-ottiche-made-in-italy.png\",\"width\":1000,\"height\":411,\"caption\":\"CONTESSA\"},\"image\":{\"@id\":\"https:\\\/\\\/contessascopemounts.com\\\/de\\\/#\\\/schema\\\/logo\\\/image\\\/\"},\"sameAs\":[\"https:\\\/\\\/www.facebook.com\\\/contessascopemounts\",\"https:\\\/\\\/www.instagram.com\\\/contessa_mounts\\\/?fbclid=IwAR0Yr8lwWVwN0ewOz1bCVK4ZAKI8lkRIVuhxyX56qNYkwSaMAUVleye6XiE\",\"https:\\\/\\\/www.youtube.com\\\/channel\\\/UCEjBcvoWy-XvVVujqw-psXQ\"]}]}<\/script>\n<!-- \/ Yoast SEO plugin. -->","yoast_head_json":{"title":"SB01\/SP03 - EINFACH SCHWARZ STD -","description":"Schnellverschlusskupplung f\u00fcr Kipplaufwaffen mit zum Schaft zur\u00fcckgesetzter Ringanordnung, f\u00fcr 12 mm 60\u00b0 Schwalbenschwanzschienen - STD EU.","robots":{"index":"index","follow":"follow","max-snippet":"max-snippet:-1","max-image-preview":"max-image-preview:large","max-video-preview":"max-video-preview:-1"},"canonical":"https:\/\/contessascopemounts.com\/de\/sb01-sp03-einfach-schwarz-std\/","og_locale":"de_DE","og_type":"article","og_title":"SB01\/SP03 - EINFACH SCHWARZ STD -","og_description":"Schnellverschlusskupplung f\u00fcr Kipplaufwaffen mit zum Schaft zur\u00fcckgesetzter Ringanordnung, f\u00fcr 12 mm 60\u00b0 Schwalbenschwanzschienen - STD EU.","og_url":"https:\/\/contessascopemounts.com\/de\/sb01-sp03-einfach-schwarz-std\/","og_site_name":"Contessa","article_publisher":"https:\/\/www.facebook.com\/contessascopemounts","og_image":[{"width":800,"height":800,"url":"https:\/\/contessascopemounts.com\/wp-content\/uploads\/2021\/09\/SB01-SP03-A.jpg","type":"image\/jpeg"}],"twitter_card":"summary_large_image","schema":{"@context":"https:\/\/schema.org","@graph":[{"@type":"WebPage","@id":"https:\/\/contessascopemounts.com\/de\/sb01-sp03-einfach-schwarz-std\/","url":"https:\/\/contessascopemounts.com\/de\/sb01-sp03-einfach-schwarz-std\/","name":"SB01\/SP03 - EINFACH SCHWARZ STD -","isPartOf":{"@id":"https:\/\/contessascopemounts.com\/de\/#website"},"primaryImageOfPage":{"@id":"https:\/\/contessascopemounts.com\/de\/sb01-sp03-einfach-schwarz-std\/#primaryimage"},"image":{"@id":"https:\/\/contessascopemounts.com\/de\/sb01-sp03-einfach-schwarz-std\/#primaryimage"},"thumbnailUrl":"https:\/\/contessascopemounts.com\/wp-content\/uploads\/2021\/09\/SB01-SP03-A.jpg","datePublished":"2025-07-22T17:30:58+00:00","description":"Schnellverschlusskupplung f\u00fcr Kipplaufwaffen mit zum Schaft zur\u00fcckgesetzter Ringanordnung, f\u00fcr 12 mm 60\u00b0 Schwalbenschwanzschienen - STD EU.","breadcrumb":{"@id":"https:\/\/contessascopemounts.com\/de\/sb01-sp03-einfach-schwarz-std\/#breadcrumb"},"inLanguage":"de","potentialAction":[{"@type":"ReadAction","target":["https:\/\/contessascopemounts.com\/de\/sb01-sp03-einfach-schwarz-std\/"]}]},{"@type":"ImageObject","inLanguage":"de","@id":"https:\/\/contessascopemounts.com\/de\/sb01-sp03-einfach-schwarz-std\/#primaryimage","url":"https:\/\/contessascopemounts.com\/wp-content\/uploads\/2021\/09\/SB01-SP03-A.jpg","contentUrl":"https:\/\/contessascopemounts.com\/wp-content\/uploads\/2021\/09\/SB01-SP03-A.jpg","width":800,"height":800},{"@type":"BreadcrumbList","@id":"https:\/\/contessascopemounts.com\/de\/sb01-sp03-einfach-schwarz-std\/#breadcrumb","itemListElement":[{"@type":"ListItem","position":1,"name":"Home","item":"https:\/\/contessascopemounts.com\/de\/"},{"@type":"ListItem","position":2,"name":"Produkte","item":"https:\/\/contessascopemounts.com\/de\/produkte\/"},{"@type":"ListItem","position":3,"name":"SB01\/SP03 &#8211; EINFACH SCHWARZ STD"}]},{"@type":"WebSite","@id":"https:\/\/contessascopemounts.com\/de\/#website","url":"https:\/\/contessascopemounts.com\/de\/","name":"Contessa","description":"Professional Scope Mounts","publisher":{"@id":"https:\/\/contessascopemounts.com\/de\/#organization"},"potentialAction":[{"@type":"SearchAction","target":{"@type":"EntryPoint","urlTemplate":"https:\/\/contessascopemounts.com\/de\/?s={search_term_string}"},"query-input":{"@type":"PropertyValueSpecification","valueRequired":true,"valueName":"search_term_string"}}],"inLanguage":"de"},{"@type":"Organization","@id":"https:\/\/contessascopemounts.com\/de\/#organization","name":"CONTESSA","url":"https:\/\/contessascopemounts.com\/de\/","logo":{"@type":"ImageObject","inLanguage":"de","@id":"https:\/\/contessascopemounts.com\/de\/#\/schema\/logo\/image\/","url":"https:\/\/contessascopemounts.com\/wp-content\/uploads\/2021\/04\/Contessa-supporti-per-ottiche-made-in-italy.png","contentUrl":"https:\/\/contessascopemounts.com\/wp-content\/uploads\/2021\/04\/Contessa-supporti-per-ottiche-made-in-italy.png","width":1000,"height":411,"caption":"CONTESSA"},"image":{"@id":"https:\/\/contessascopemounts.com\/de\/#\/schema\/logo\/image\/"},"sameAs":["https:\/\/www.facebook.com\/contessascopemounts","https:\/\/www.instagram.com\/contessa_mounts\/?fbclid=IwAR0Yr8lwWVwN0ewOz1bCVK4ZAKI8lkRIVuhxyX56qNYkwSaMAUVleye6XiE","https:\/\/www.youtube.com\/channel\/UCEjBcvoWy-XvVVujqw-psXQ"]}]}},"_links":{"self":[{"href":"https:\/\/contessascopemounts.com\/de\/wp-json\/wp\/v2\/product\/10049","targetHints":{"allow":["GET"]}}],"collection":[{"href":"https:\/\/contessascopemounts.com\/de\/wp-json\/wp\/v2\/product"}],"about":[{"href":"https:\/\/contessascopemounts.com\/de\/wp-json\/wp\/v2\/types\/product"}],"version-history":[{"count":0,"href":"https:\/\/contessascopemounts.com\/de\/wp-json\/wp\/v2\/product\/10049\/revisions"}],"wp:featuredmedia":[{"embeddable":true,"href":"https:\/\/contessascopemounts.com\/de\/wp-json\/wp\/v2\/media\/10050"}],"wp:attachment":[{"href":"https:\/\/contessascopemounts.com\/de\/wp-json\/wp\/v2\/media?parent=10049"}],"wp:term":[{"taxonomy":"product_brand","embeddable":true,"href":"https:\/\/contessascopemounts.com\/de\/wp-json\/wp\/v2\/product_brand?post=10049"},{"taxonomy":"product_cat","embeddable":true,"href":"https:\/\/contessascopemounts.com\/de\/wp-json\/wp\/v2\/product_cat?post=10049"},{"taxonomy":"product_tag","embeddable":true,"href":"https:\/\/contessascopemounts.com\/de\/wp-json\/wp\/v2\/product_tag?post=10049"}],"curies":[{"name":"wp","href":"https:\/\/api.w.org\/{rel}","templated":true}]}}