{"id":9069,"date":"2025-07-31T08:13:18","date_gmt":"2025-07-31T06:13:18","guid":{"rendered":"https:\/\/contessascopemounts.com\/?page_id=9069"},"modified":"2025-07-31T08:13:19","modified_gmt":"2025-07-31T06:13:19","slug":"raniero-testa","status":"publish","type":"page","link":"https:\/\/contessascopemounts.com\/de\/raniero-testa\/","title":{"rendered":"Raniero Testa"},"content":{"rendered":"<div class=\"wpb-content-wrapper\"><p>[vc_row][vc_column css=&#8221;.vc_custom_1706314296164{padding-right: 10px !important;padding-left: 10px !important;}&#8221;][vc_empty_space height=&#8221;15px&#8221;][\/vc_column][\/vc_row][vc_row layout=&#8221;container-fluid&#8221;][vc_column css=&#8221;.vc_custom_1706314284617{padding-right: 10px !important;padding-left: 10px !important;}&#8221;][vc_custom_heading text=&#8221;<strong>RANIER KOPF<\/strong>&#8221; font_container=&#8221;tag:h2|text_align:center|color:%23000000&#8243; use_theme_fonts=&#8221;yes&#8221; css=&#8221;.vc_custom_1623803228983{margin-bottom: 0px !important;}&#8221; el_class=&#8221;letter-spacing-5px&#8221;][vc_custom_heading text=&#8221;<strong>Luftgewehrsch\u00fctze, Inhaber von 15 Weltrekorden.<\/strong>&#8221; font_container=&#8221;tag:h5|font_size:18px|text_align:center|color:%23000000&#8243; use_theme_fonts=&#8221;yes&#8221;][vc_custom_heading text=&#8221;<strong>TESTIMONIAL<\/strong>&#8221; font_container=&#8221;tag:h2|font_size:58|text_align:center|color:rgba(154%2C133%2C85%2C0.2)&#8221; use_theme_fonts=&#8221;yes&#8221; css=&#8221;.vc_custom_1627221107996{margin-top: -93px !important;}&#8221; el_class=&#8221;letter-spacing-2px&#8221;][vc_separator color=&#8221;custom&#8221; border_width=&#8221;2&#8243; el_width=&#8221;10&#8243; accent_color=&#8221;#9a8555&#8243; css=&#8221;.vc_custom_1627220587918{padding-top: 20px !important;padding-bottom: 20px !important;}&#8221;][\/vc_column][\/vc_row][vc_row css=&#8221;.vc_custom_1627220255953{padding-right: 10px !important;padding-left: 10px !important;}&#8221;][vc_column css=&#8221;.vc_custom_1706314313318{padding-right: 10px !important;padding-left: 10px !important;}&#8221;][vc_column_text css=&#8221;.vc_custom_1706314328131{padding-right: 10px !important;padding-left: 10px !important;}&#8221;]<\/p>\n<p style=\"text-align: justify;\"><span style=\"color: #000000;\"><span style=\"font-size: 16px;\">Raniero Testa, seit einem Jahrzehnt offizieller Botschafter von Winchester guns international, aimpoint, 3MPELTOR, Contessa, ist weltweit zur Ikone des Schie\u00dfsports geworden. Er machte 2011 Schlagzeilen, als Winchester ihm zwei Gewehre mit seinem eigenen Namen widmete, die SX3 und SX4 Raniero Testa Limited Edition, die immer noch weltweit verkauft werden. Diese prestigetr\u00e4chtige Ehre wurde nur von den gro\u00dfen Buffalo Bill und John Wayne \u00fcbertroffen. In diesem Jahrzehnt hat Raniero 15 Guinness-Weltrekorde aufgestellt, die von der Interrecord-Agentur in St. Petersburg zertifiziert wurden, und zwar ausschlie\u00dflich mit Winchester-Waffen und Contessa-Zubeh\u00f6r. Er hat weltweit fast 1000 Auftritte gesammelt.<\/span><\/span><\/p>\n<p style=\"text-align: justify;\"><span style=\"color: #000000;\"><span style=\"font-size: 16px;\">Er hat Tausende von Menschen mit seinen extremen Kunstst\u00fccken begeistert, bei denen er Waffen und Zubeh\u00f6r benutzt, und das immer in v\u00f6lliger Sicherheit. Dank seiner Ber\u00fchmtheit als Sch\u00fctze hat er auch virtuell die Herzen der Menschen erreicht. Er hat Tausende von Anh\u00e4ngern auf Instagram und auf seiner Facebook-Seite gewonnen und steht mit extremen Videos in engem Kontakt mit all seinen Fans.<\/span><\/span><\/p>\n<p style=\"text-align: justify;\"><span style=\"color: #000000;\"><span style=\"font-size: 16px;\">Im Laufe seiner Karriere haben viele Unternehmen an diesen ungew\u00f6hnlichen Sportler geglaubt, Partnerschaften geschlossen und auf beiden Seiten gro\u00dfartige Ergebnisse erzielt. Contessa ist eine von ihnen. F\u00fcr Raniero war die Firma Contessa ein Bezugspunkt f\u00fcr seine Aufs\u00e4tze f\u00fcr gezogene Waffen. Es ist auch seinen Angriffen zu verdanken, dass er es geschafft hat, seine Platten und Videos zu sammeln, die nun viral gegangen sind. In letzter Zeit hat er die Bindungen extremen Bedingungen ausgesetzt, sie bis an die Grenze der Belastbarkeit und Qualit\u00e4t beansprucht und nur positives Feedback erhalten!<\/span><\/span><\/p>\n<p style=\"text-align: justify;\"><span style=\"color: #000000;\"><span style=\"font-size: 16px;\">Raniero ist heute k\u00f6rperlich, geistig und beruflich in Topform. Dies ist einer Kombination vieler Faktoren zu verdanken, zu denen auch seine erstklassigen Sponsoren geh\u00f6ren. Er hat noch viel zu geben, noch viele Ziele zu erreichen, unter anderem den Namen seiner Partnerunternehmen h\u00f6her und h\u00f6her zu bringen&#8230; wie das Unternehmen Contessa.<\/span><\/span><\/p>\n<p>[\/vc_column_text][\/vc_column][\/vc_row][vc_row][vc_column css=&#8221;.vc_custom_1706314490598{padding-right: 10px !important;padding-left: 10px !important;}&#8221;][vc_empty_space height=&#8221;60px&#8221;][\/vc_column][\/vc_row][vc_row gap=&#8221;2&#8243; equal_height=&#8221;yes&#8221; css=&#8221;.vc_custom_1706314635518{margin-right: 0px !important;margin-left: 0px !important;border-right-width: 0px !important;border-left-width: 0px !important;padding-right: 10px !important;padding-left: 10px !important;}&#8221;][vc_column width=&#8221;1\/3&#8243; css=&#8221;.vc_custom_1706314580447{padding-right: 10px !important;padding-left: 10px !important;}&#8221;][vc_single_image image=&#8221;9072&#8243; img_size=&#8221;full&#8221; onclick=&#8221;link_image&#8221; css=&#8221;.vc_custom_1706314595463{padding-right: 10px !important;padding-left: 10px !important;}&#8221;][\/vc_column][vc_column width=&#8221;1\/3&#8243; css=&#8221;.vc_custom_1706314604760{padding-right: 10px !important;padding-left: 10px !important;}&#8221;][vc_single_image image=&#8221;9074&#8243; img_size=&#8221;full&#8221; onclick=&#8221;link_image&#8221; css=&#8221;.vc_custom_1706314614007{padding-right: 10px !important;padding-left: 10px !important;}&#8221;][\/vc_column][vc_column width=&#8221;1\/3&#8243; css=&#8221;.vc_custom_1706314623459{padding-right: 10px !important;padding-left: 10px !important;}&#8221;][vc_single_image image=&#8221;9073&#8243; img_size=&#8221;full&#8221; onclick=&#8221;link_image&#8221;][\/vc_column][\/vc_row][vc_row gap=&#8221;2&#8243; equal_height=&#8221;yes&#8221; css=&#8221;.vc_custom_1627220820546{margin-right: 0px !important;margin-left: 0px !important;border-right-width: 0px !important;border-left-width: 0px !important;padding-right: 0px !important;padding-left: 0px !important;}&#8221;][vc_column width=&#8221;1\/3&#8243; css=&#8221;.vc_custom_1706314653171{padding-right: 10px !important;padding-left: 10px !important;}&#8221;][vc_single_image image=&#8221;9076&#8243; img_size=&#8221;full&#8221; onclick=&#8221;link_image&#8221; css=&#8221;.vc_custom_1706314664771{padding-right: 10px !important;padding-left: 10px !important;}&#8221;][\/vc_column][vc_column width=&#8221;1\/3&#8243; css=&#8221;.vc_custom_1706314685602{padding-right: 10px !important;padding-left: 10px !important;}&#8221;][vc_single_image image=&#8221;9075&#8243; img_size=&#8221;full&#8221; onclick=&#8221;link_image&#8221; css=&#8221;.vc_custom_1706314677018{padding-right: 10px !important;padding-left: 10px !important;}&#8221;][\/vc_column][vc_column width=&#8221;1\/3&#8243;][vc_video link=&#8221;https:\/\/www.youtube.com\/watch?v=wX2Y4lqGkeg&#8221; el_aspect=&#8221;43&#8243;][\/vc_column][\/vc_row][vc_row][vc_column css=&#8221;.vc_custom_1706314696084{padding-right: 10px !important;padding-left: 10px !important;}&#8221;][vc_empty_space height=&#8221;80px&#8221;][\/vc_column][\/vc_row][vc_row css=&#8221;.vc_custom_1706314740261{padding-right: 10px !important;padding-left: 10px !important;}&#8221;][vc_column width=&#8221;1\/3&#8243; css=&#8221;.vc_custom_1706314771651{padding-right: 10px !important;padding-left: 10px !important;}&#8221;]                        <div class=\" \" >\r\n                <div class=\"style_4 icon-box-shortcode-wrap\">\r\n    <div class=\"icon-box-container\">\r\n            <a href=\"http:\/\/www.ranierotesta.it\/it_it\/\" title=\"\" target=\"_blank\">\r\n        \t<div class=\"icon-wrap\">\r\n        \t<span class=\"vc_li vc_li-world\" style=\"color:#9a8555\"><\/span>\r\n        <\/div>    \r\n            <\/a>\r\n            <div class=\"icon-content\">\r\n            <h2 class=\"icon-title\">\r\n                                    <a href=\"http:\/\/www.ranierotesta.it\/it_it\/\" title=\"\" target=\"_blank\">\r\n                                Website                                    <\/a>\r\n                            <\/h2>\r\n            <p class=\"icon-description\">www.ranierotesta.it<\/p>\r\n        <\/div>\r\n    <\/div>\r\n<\/div>            <\/div>\r\n                    [\/vc_column][vc_column width=&#8221;1\/3&#8243; css=&#8221;.vc_custom_1706314762551{padding-right: 10px !important;padding-left: 10px !important;}&#8221;]                        <div class=\" \" >\r\n                <div class=\"style_4 icon-box-shortcode-wrap\">\r\n    <div class=\"icon-box-container\">\r\n            <a href=\"https:\/\/www.facebook.com\/ranierotesta.rt17\" title=\"\" target=\"_blank\">\r\n        \t<div class=\"icon-wrap\">\r\n        \t<span class=\"fab fa-facebook-square\" style=\"color:#9a8555\"><\/span>\r\n        <\/div>    \r\n            <\/a>\r\n            <div class=\"icon-content\">\r\n            <h2 class=\"icon-title\">\r\n                                    <a href=\"https:\/\/www.facebook.com\/ranierotesta.rt17\" title=\"\" target=\"_blank\">\r\n                                Facebook                                    <\/a>\r\n                            <\/h2>\r\n            <p class=\"icon-description\">Raniero Testa<\/p>\r\n        <\/div>\r\n    <\/div>\r\n<\/div>            <\/div>\r\n                    [\/vc_column][vc_column width=&#8221;1\/3&#8243; css=&#8221;.vc_custom_1706314750105{padding-right: 10px !important;padding-left: 10px !important;}&#8221;]                        <div class=\" \" >\r\n                <div class=\"style_4 icon-box-shortcode-wrap\">\r\n    <div class=\"icon-box-container\">\r\n            <a href=\"https:\/\/www.instagram.com\/raniero_testa_official\/\" title=\"\" target=\"_blank\">\r\n        \t<div class=\"icon-wrap\">\r\n        \t<span class=\"fab fa-instagram\" style=\"color:#9a8555\"><\/span>\r\n        <\/div>    \r\n            <\/a>\r\n            <div class=\"icon-content\">\r\n            <h2 class=\"icon-title\">\r\n                                    <a href=\"https:\/\/www.instagram.com\/raniero_testa_official\/\" title=\"\" target=\"_blank\">\r\n                                Instagram                                    <\/a>\r\n                            <\/h2>\r\n            <p class=\"icon-description\">raniero_testa_official<\/p>\r\n        <\/div>\r\n    <\/div>\r\n<\/div>            <\/div>\r\n                    [\/vc_column][\/vc_row][vc_row][vc_column][vc_empty_space height=&#8221;80px&#8221;][\/vc_column][\/vc_row]<\/p>\n<\/div>","protected":false},"excerpt":{"rendered":"<p>[vc_row][vc_column css=&#8221;.vc_custom_1706314296164{padding-right: 10px !important;padding-left: 10px !important;}&#8221;][vc_empty_space height=&#8221;15px&#8221;][\/vc_column][\/vc_row][vc_row layout=&#8221;container-fluid&#8221;][vc_column css=&#8221;.vc_custom_1706314284617{padding-right: 10px !important;padding-left: 10px !important;}&#8221;][vc_custom_heading text=&#8221;RANIER KOPF&#8221; font_container=&#8221;tag:h2|text_align:center|color:%23000000&#8243; use_theme_fonts=&#8221;yes&#8221; css=&#8221;.vc_custom_1623803228983{margin-bottom: 0px !important;}&#8221; el_class=&#8221;letter-spacing-5px&#8221;][vc_custom_heading text=&#8221;Luftgewehrsch\u00fctze, Inhaber von 15 Weltrekorden.&#8221; font_container=&#8221;tag:h5|font_size:18px|text_align:center|color:%23000000&#8243; use_theme_fonts=&#8221;yes&#8221;][vc_custom_heading text=&#8221;TESTIMONIAL&#8221; font_container=&#8221;tag:h2|font_size:58|text_align:center|color:rgba(154%2C133%2C85%2C0.2)&#8221; use_theme_fonts=&#8221;yes&#8221; css=&#8221;.vc_custom_1627221107996{margin-top: -93px !important;}&#8221; el_class=&#8221;letter-spacing-2px&#8221;][vc_separator color=&#8221;custom&#8221; border_width=&#8221;2&#8243; el_width=&#8221;10&#8243; accent_color=&#8221;#9a8555&#8243; css=&#8221;.vc_custom_1627220587918{padding-top: 20px !important;padding-bottom: 20px !important;}&#8221;][\/vc_column][\/vc_row][vc_row css=&#8221;.vc_custom_1627220255953{padding-right: 10px !important;padding-left: 10px !important;}&#8221;][vc_column css=&#8221;.vc_custom_1706314313318{padding-right: 10px !important;padding-left: 10px !important;}&#8221;][vc_column_text css=&#8221;.vc_custom_1706314328131{padding-right:&#8230;<\/p>\n","protected":false},"author":3,"featured_media":0,"parent":0,"menu_order":0,"comment_status":"closed","ping_status":"closed","template":"","meta":{"footnotes":""},"class_list":["post-9069","page","type-page","status-publish","hentry"],"yoast_head":"<!-- This site is optimized with the Yoast SEO plugin v27.4 - https:\/\/yoast.com\/product\/yoast-seo-wordpress\/ -->\n<title>Testimonial Contessa - Raniero Testa<\/title>\n<meta name=\"description\" content=\"Luftgewehrsch\u00fctze, Inhaber von 15 Weltrekorden, die er auch dank der St\u00e4rke und Qualit\u00e4t der Contessa-Bindungen gesammelt hat.\" \/>\n<meta name=\"robots\" content=\"index, follow, max-snippet:-1, max-image-preview:large, max-video-preview:-1\" \/>\n<link rel=\"canonical\" href=\"https:\/\/contessascopemounts.com\/de\/raniero-testa\/\" \/>\n<meta property=\"og:locale\" content=\"de_DE\" \/>\n<meta property=\"og:type\" content=\"article\" \/>\n<meta property=\"og:title\" content=\"Testimonial Contessa - Raniero Testa\" \/>\n<meta property=\"og:description\" content=\"Luftgewehrsch\u00fctze, Inhaber von 15 Weltrekorden, die er auch dank der St\u00e4rke und Qualit\u00e4t der Contessa-Bindungen gesammelt hat.\" \/>\n<meta property=\"og:url\" content=\"https:\/\/contessascopemounts.com\/de\/raniero-testa\/\" \/>\n<meta property=\"og:site_name\" content=\"Contessa\" \/>\n<meta property=\"article:publisher\" content=\"https:\/\/www.facebook.com\/contessascopemounts\" \/>\n<meta property=\"article:modified_time\" content=\"2025-07-31T06:13:19+00:00\" \/>\n<meta property=\"og:image\" content=\"https:\/\/contessascopemounts.com\/wp-content\/uploads\/2021\/09\/contessa-porta-ottiche.jpg\" \/>\n\t<meta property=\"og:image:width\" content=\"1000\" \/>\n\t<meta property=\"og:image:height\" content=\"454\" \/>\n\t<meta property=\"og:image:type\" content=\"image\/jpeg\" \/>\n<meta name=\"twitter:card\" content=\"summary_large_image\" \/>\n<meta name=\"twitter:label1\" content=\"Gesch\u00e4tzte Lesezeit\" \/>\n\t<meta name=\"twitter:data1\" content=\"5\u00a0Minuten\" \/>\n<script type=\"application\/ld+json\" class=\"yoast-schema-graph\">{\"@context\":\"https:\\\/\\\/schema.org\",\"@graph\":[{\"@type\":\"WebPage\",\"@id\":\"https:\\\/\\\/contessascopemounts.com\\\/de\\\/raniero-testa\\\/\",\"url\":\"https:\\\/\\\/contessascopemounts.com\\\/de\\\/raniero-testa\\\/\",\"name\":\"Testimonial Contessa - Raniero Testa\",\"isPartOf\":{\"@id\":\"https:\\\/\\\/contessascopemounts.com\\\/de\\\/#website\"},\"datePublished\":\"2025-07-31T06:13:18+00:00\",\"dateModified\":\"2025-07-31T06:13:19+00:00\",\"description\":\"Luftgewehrsch\u00fctze, Inhaber von 15 Weltrekorden, die er auch dank der St\u00e4rke und Qualit\u00e4t der Contessa-Bindungen gesammelt hat.\",\"breadcrumb\":{\"@id\":\"https:\\\/\\\/contessascopemounts.com\\\/de\\\/raniero-testa\\\/#breadcrumb\"},\"inLanguage\":\"de\",\"potentialAction\":[{\"@type\":\"ReadAction\",\"target\":[\"https:\\\/\\\/contessascopemounts.com\\\/de\\\/raniero-testa\\\/\"]}]},{\"@type\":\"BreadcrumbList\",\"@id\":\"https:\\\/\\\/contessascopemounts.com\\\/de\\\/raniero-testa\\\/#breadcrumb\",\"itemListElement\":[{\"@type\":\"ListItem\",\"position\":1,\"name\":\"Home\",\"item\":\"https:\\\/\\\/contessascopemounts.com\\\/de\\\/\"},{\"@type\":\"ListItem\",\"position\":2,\"name\":\"Raniero Testa\"}]},{\"@type\":\"WebSite\",\"@id\":\"https:\\\/\\\/contessascopemounts.com\\\/de\\\/#website\",\"url\":\"https:\\\/\\\/contessascopemounts.com\\\/de\\\/\",\"name\":\"Contessa\",\"description\":\"Professional Scope Mounts\",\"publisher\":{\"@id\":\"https:\\\/\\\/contessascopemounts.com\\\/de\\\/#organization\"},\"potentialAction\":[{\"@type\":\"SearchAction\",\"target\":{\"@type\":\"EntryPoint\",\"urlTemplate\":\"https:\\\/\\\/contessascopemounts.com\\\/de\\\/?s={search_term_string}\"},\"query-input\":{\"@type\":\"PropertyValueSpecification\",\"valueRequired\":true,\"valueName\":\"search_term_string\"}}],\"inLanguage\":\"de\"},{\"@type\":\"Organization\",\"@id\":\"https:\\\/\\\/contessascopemounts.com\\\/de\\\/#organization\",\"name\":\"CONTESSA\",\"url\":\"https:\\\/\\\/contessascopemounts.com\\\/de\\\/\",\"logo\":{\"@type\":\"ImageObject\",\"inLanguage\":\"de\",\"@id\":\"https:\\\/\\\/contessascopemounts.com\\\/de\\\/#\\\/schema\\\/logo\\\/image\\\/\",\"url\":\"https:\\\/\\\/contessascopemounts.com\\\/wp-content\\\/uploads\\\/2021\\\/04\\\/Contessa-supporti-per-ottiche-made-in-italy.png\",\"contentUrl\":\"https:\\\/\\\/contessascopemounts.com\\\/wp-content\\\/uploads\\\/2021\\\/04\\\/Contessa-supporti-per-ottiche-made-in-italy.png\",\"width\":1000,\"height\":411,\"caption\":\"CONTESSA\"},\"image\":{\"@id\":\"https:\\\/\\\/contessascopemounts.com\\\/de\\\/#\\\/schema\\\/logo\\\/image\\\/\"},\"sameAs\":[\"https:\\\/\\\/www.facebook.com\\\/contessascopemounts\",\"https:\\\/\\\/www.instagram.com\\\/contessa_mounts\\\/?fbclid=IwAR0Yr8lwWVwN0ewOz1bCVK4ZAKI8lkRIVuhxyX56qNYkwSaMAUVleye6XiE\",\"https:\\\/\\\/www.youtube.com\\\/channel\\\/UCEjBcvoWy-XvVVujqw-psXQ\"]}]}<\/script>\n<!-- \/ Yoast SEO plugin. -->","yoast_head_json":{"title":"Testimonial Contessa - Raniero Testa","description":"Luftgewehrsch\u00fctze, Inhaber von 15 Weltrekorden, die er auch dank der St\u00e4rke und Qualit\u00e4t der Contessa-Bindungen gesammelt hat.","robots":{"index":"index","follow":"follow","max-snippet":"max-snippet:-1","max-image-preview":"max-image-preview:large","max-video-preview":"max-video-preview:-1"},"canonical":"https:\/\/contessascopemounts.com\/de\/raniero-testa\/","og_locale":"de_DE","og_type":"article","og_title":"Testimonial Contessa - Raniero Testa","og_description":"Luftgewehrsch\u00fctze, Inhaber von 15 Weltrekorden, die er auch dank der St\u00e4rke und Qualit\u00e4t der Contessa-Bindungen gesammelt hat.","og_url":"https:\/\/contessascopemounts.com\/de\/raniero-testa\/","og_site_name":"Contessa","article_publisher":"https:\/\/www.facebook.com\/contessascopemounts","article_modified_time":"2025-07-31T06:13:19+00:00","og_image":[{"width":1000,"height":454,"url":"https:\/\/contessascopemounts.com\/wp-content\/uploads\/2021\/09\/contessa-porta-ottiche.jpg","type":"image\/jpeg"}],"twitter_card":"summary_large_image","twitter_misc":{"Gesch\u00e4tzte Lesezeit":"5\u00a0Minuten"},"schema":{"@context":"https:\/\/schema.org","@graph":[{"@type":"WebPage","@id":"https:\/\/contessascopemounts.com\/de\/raniero-testa\/","url":"https:\/\/contessascopemounts.com\/de\/raniero-testa\/","name":"Testimonial Contessa - Raniero Testa","isPartOf":{"@id":"https:\/\/contessascopemounts.com\/de\/#website"},"datePublished":"2025-07-31T06:13:18+00:00","dateModified":"2025-07-31T06:13:19+00:00","description":"Luftgewehrsch\u00fctze, Inhaber von 15 Weltrekorden, die er auch dank der St\u00e4rke und Qualit\u00e4t der Contessa-Bindungen gesammelt hat.","breadcrumb":{"@id":"https:\/\/contessascopemounts.com\/de\/raniero-testa\/#breadcrumb"},"inLanguage":"de","potentialAction":[{"@type":"ReadAction","target":["https:\/\/contessascopemounts.com\/de\/raniero-testa\/"]}]},{"@type":"BreadcrumbList","@id":"https:\/\/contessascopemounts.com\/de\/raniero-testa\/#breadcrumb","itemListElement":[{"@type":"ListItem","position":1,"name":"Home","item":"https:\/\/contessascopemounts.com\/de\/"},{"@type":"ListItem","position":2,"name":"Raniero Testa"}]},{"@type":"WebSite","@id":"https:\/\/contessascopemounts.com\/de\/#website","url":"https:\/\/contessascopemounts.com\/de\/","name":"Contessa","description":"Professional Scope Mounts","publisher":{"@id":"https:\/\/contessascopemounts.com\/de\/#organization"},"potentialAction":[{"@type":"SearchAction","target":{"@type":"EntryPoint","urlTemplate":"https:\/\/contessascopemounts.com\/de\/?s={search_term_string}"},"query-input":{"@type":"PropertyValueSpecification","valueRequired":true,"valueName":"search_term_string"}}],"inLanguage":"de"},{"@type":"Organization","@id":"https:\/\/contessascopemounts.com\/de\/#organization","name":"CONTESSA","url":"https:\/\/contessascopemounts.com\/de\/","logo":{"@type":"ImageObject","inLanguage":"de","@id":"https:\/\/contessascopemounts.com\/de\/#\/schema\/logo\/image\/","url":"https:\/\/contessascopemounts.com\/wp-content\/uploads\/2021\/04\/Contessa-supporti-per-ottiche-made-in-italy.png","contentUrl":"https:\/\/contessascopemounts.com\/wp-content\/uploads\/2021\/04\/Contessa-supporti-per-ottiche-made-in-italy.png","width":1000,"height":411,"caption":"CONTESSA"},"image":{"@id":"https:\/\/contessascopemounts.com\/de\/#\/schema\/logo\/image\/"},"sameAs":["https:\/\/www.facebook.com\/contessascopemounts","https:\/\/www.instagram.com\/contessa_mounts\/?fbclid=IwAR0Yr8lwWVwN0ewOz1bCVK4ZAKI8lkRIVuhxyX56qNYkwSaMAUVleye6XiE","https:\/\/www.youtube.com\/channel\/UCEjBcvoWy-XvVVujqw-psXQ"]}]}},"_links":{"self":[{"href":"https:\/\/contessascopemounts.com\/de\/wp-json\/wp\/v2\/pages\/9069","targetHints":{"allow":["GET"]}}],"collection":[{"href":"https:\/\/contessascopemounts.com\/de\/wp-json\/wp\/v2\/pages"}],"about":[{"href":"https:\/\/contessascopemounts.com\/de\/wp-json\/wp\/v2\/types\/page"}],"author":[{"embeddable":true,"href":"https:\/\/contessascopemounts.com\/de\/wp-json\/wp\/v2\/users\/3"}],"replies":[{"embeddable":true,"href":"https:\/\/contessascopemounts.com\/de\/wp-json\/wp\/v2\/comments?post=9069"}],"version-history":[{"count":3,"href":"https:\/\/contessascopemounts.com\/de\/wp-json\/wp\/v2\/pages\/9069\/revisions"}],"predecessor-version":[{"id":9079,"href":"https:\/\/contessascopemounts.com\/de\/wp-json\/wp\/v2\/pages\/9069\/revisions\/9079"}],"wp:attachment":[{"href":"https:\/\/contessascopemounts.com\/de\/wp-json\/wp\/v2\/media?parent=9069"}],"curies":[{"name":"wp","href":"https:\/\/api.w.org\/{rel}","templated":true}]}}