{"id":9046,"date":"2025-07-31T08:13:18","date_gmt":"2025-07-31T06:13:18","guid":{"rendered":"https:\/\/contessascopemounts.com\/?page_id=9046"},"modified":"2025-11-13T09:37:04","modified_gmt":"2025-11-13T08:37:04","slug":"geschichte","status":"publish","type":"page","link":"https:\/\/contessascopemounts.com\/de\/geschichte\/","title":{"rendered":"Geschichte"},"content":{"rendered":"<div class=\"wpb-content-wrapper\"><p>[vc_row][vc_column css=&#8221;.vc_custom_1706310701042{padding-right: 10px !important;padding-left: 10px !important;}&#8221;][vc_empty_space height=&#8221;15&#8243; css=&#8221;.vc_custom_1706310685481{padding-right: 10px !important;padding-left: 10px !important;}&#8221;][\/vc_column][\/vc_row][vc_row layout=&#8221;container-fluid&#8221;][vc_column css=&#8221;.vc_custom_1706310717268{padding-right: 10px !important;padding-left: 10px !important;}&#8221;][vc_custom_heading text=&#8221;<strong>UNSERE GESCHICHTE<\/strong>&#8221; font_container=&#8221;tag:h2|text_align:center|color:%23000000&#8243; use_theme_fonts=&#8221;yes&#8221; css=&#8221;.vc_custom_1706310744287{margin-bottom: 0px !important;padding-right: 10px !important;padding-left: 10px !important;}&#8221; el_class=&#8221;letter-spacing-5px&#8221;][vc_custom_heading text=&#8221;<strong>Handwerkskunst verbindet sich mit Technologie.<\/strong>&#8221; font_container=&#8221;tag:h5|font_size:18px|text_align:center|color:%23000000&#8243; use_theme_fonts=&#8221;yes&#8221; css=&#8221;.vc_custom_1706310760309{padding-right: 10px !important;padding-left: 10px !important;}&#8221;][vc_custom_heading text=&#8221;<strong>CONTESSA<\/strong>&#8221; font_container=&#8221;tag:h2|font_size:60|text_align:center|color:rgba(154%2C133%2C85%2C0.2)&#8221; use_theme_fonts=&#8221;yes&#8221; css=&#8221;.vc_custom_1706310775778{margin-top: -93px !important;padding-right: 10px !important;padding-left: 10px !important;}&#8221; el_class=&#8221;letter-spacing-5px&#8221;][vc_separator color=&#8221;custom&#8221; border_width=&#8221;2&#8243; el_width=&#8221;10&#8243; accent_color=&#8221;#9a8555&#8243; css=&#8221;.vc_custom_1706310799255{padding-top: 20px !important;padding-right: 10px !important;padding-bottom: 20px !important;padding-left: 10px !important;}&#8221;][\/vc_column][\/vc_row][vc_row css=&#8221;.vc_custom_1627215015978{padding-right: 10px !important;padding-left: 10px !important;}&#8221;][vc_column css=&#8221;.vc_custom_1706310814723{padding-right: 10px !important;padding-left: 10px !important;}&#8221;][vc_column_text css=&#8221;.vc_custom_1706311434468{padding-right: 10px !important;padding-left: 10px !important;}&#8221;]<\/p>\n<p style=\"margin: 0cm; margin-bottom: .0001pt; text-align: justify; background: white;\"><span style=\"font-family: Arial; color: black;\">In Marcheno, in Valtrompia, dem pulsierenden Herzen der italienischen B\u00fcchsenmachertradition, gr\u00fcndete Stefano Contessa 1974 ein kleines Unternehmen, das im Bereich der feinmechanischen Kleinteile t\u00e4tig war und seine beruflichen F\u00e4higkeiten in den Dienst der Sache stellte. Im Laufe der Jahre lernten seine S\u00f6hne Alessandro und Andrea, die in der Werkstatt ihres Vaters aufwuchsen, die Geheimnisse des Handwerks und die Bedeutung einer handwerklich korrekten Ausf\u00fchrung der Arbeiten. Die Pr\u00e4gung durch ihren Vater erm\u00f6glicht es ihnen, mechanische Teile von hoher Pr\u00e4zision und Qualit\u00e4t herzustellen, indem sie Tradition mit technologischer Innovation verbinden. Anfang der 2000er Jahre beschloss Contessa, seine Erfahrung zu nutzen und ein eigenes Produkt mit einem patentierten Mechanismus zu entwickeln: So entstand Simple Black, die erste Produktlinie von Contessa mit Objektivfassungen.<\/span><\/p>\n<p style=\"margin: 0cm; margin-bottom: .0001pt; text-align: justify; background: white;\">\n<p style=\"margin: 0cm; margin-bottom: .0001pt; text-align: justify; background: white;\"><span style=\"font-family: Arial; color: black;\">Ehrgeiz, Hartn\u00e4ckigkeit und endlose Arbeitsstunden haben dazu gef\u00fchrt, dass sich eine kleine, familiengef\u00fchrte Werkstatt zu einem vollwertigen, weltweit wettbewerbsf\u00e4higen Unternehmen entwickelt hat. Die Finesse und Qualit\u00e4t, die die Arbeit von Contessa seit jeher auszeichnen, haben ihre Produkte einzigartig und unnachahmlich gemacht, mit perfektem Design und Mechanik. <\/span><\/p>\n<p>[\/vc_column_text][\/vc_column][\/vc_row][vc_row][vc_column css=&#8221;.vc_custom_1706310852966{padding-right: 10px !important;padding-left: 10px !important;}&#8221;][vc_empty_space height=&#8221;60px&#8221; css=&#8221;.vc_custom_1706310875751{padding-right: 10px !important;padding-left: 10px !important;}&#8221;][\/vc_column][\/vc_row][vc_row gap=&#8221;2&#8243; content_placement=&#8221;middle&#8221; css=&#8221;.vc_custom_1706310980175{margin-right: 0px !important;margin-left: 0px !important;border-right-width: 0px !important;border-left-width: 0px !important;padding-right: 10px !important;padding-left: 10px !important;}&#8221;][vc_column width=&#8221;1\/3&#8243; css=&#8221;.vc_custom_1706310962766{padding-right: 10px !important;padding-left: 10px !important;}&#8221;][vc_single_image image=&#8221;9050&#8243; img_size=&#8221;full&#8221; alignment=&#8221;center&#8221; onclick=&#8221;link_image&#8221; css=&#8221;.vc_custom_1706310996694{padding-right: 10px !important;padding-left: 10px !important;}&#8221;][vc_empty_space height=&#8221;5px&#8221; css=&#8221;.vc_custom_1706311013525{padding-right: 10px !important;padding-left: 10px !important;}&#8221;][vc_column_text css=&#8221;.vc_custom_1706311027658{padding-right: 10px !important;padding-left: 10px !important;}&#8221;]<\/p>\n<p style=\"text-align: left;\"><span style=\"font-size: 14px;\"><em><span style=\"color: #000000;\">1978, Alessandro Contessa in der ersten Familienwerkstatt.<\/span><\/em><br \/>\n<\/span><\/p>\n<p>[\/vc_column_text][vc_empty_space height=&#8221;20px&#8221; css=&#8221;.vc_custom_1706311040570{padding-right: 10px !important;padding-left: 10px !important;}&#8221;][\/vc_column][vc_column width=&#8221;1\/3&#8243; css=&#8221;.vc_custom_1706310949824{padding-right: 10px !important;padding-left: 10px !important;}&#8221;][vc_single_image image=&#8221;9047&#8243; img_size=&#8221;full&#8221; alignment=&#8221;center&#8221; onclick=&#8221;link_image&#8221; css=&#8221;.vc_custom_1706311060869{padding-right: 10px !important;padding-left: 10px !important;}&#8221;][vc_empty_space height=&#8221;5px&#8221; css=&#8221;.vc_custom_1706311074473{padding-right: 10px !important;padding-left: 10px !important;}&#8221;][vc_column_text css=&#8221;.vc_custom_1706311105415{padding-right: 10px !important;padding-left: 10px !important;}&#8221;]<\/p>\n<p style=\"text-align: left;\"><span style=\"font-size: 14px;\"><em><span style=\"color: #000000;\">Stefano Contessa mit Alessandro in den fr\u00fchen 1990er Jahren.<\/span><\/em><br \/>\n<\/span><\/p>\n<p>[\/vc_column_text][vc_empty_space height=&#8221;20px&#8221; css=&#8221;.vc_custom_1706311119822{padding-right: 10px !important;padding-left: 10px !important;}&#8221;][\/vc_column][vc_column width=&#8221;1\/3&#8243;][vc_single_image image=&#8221;9049&#8243; img_size=&#8221;full&#8221; alignment=&#8221;center&#8221; onclick=&#8221;link_image&#8221; css=&#8221;.vc_custom_1706311146172{padding-right: 10px !important;padding-left: 10px !important;}&#8221;][vc_empty_space height=&#8221;5px&#8221; css=&#8221;.vc_custom_1706311185265{padding-right: 10px !important;padding-left: 10px !important;}&#8221;][vc_column_text css=&#8221;.vc_custom_1706311198722{padding-right: 10px !important;padding-left: 10px !important;}&#8221;]<\/p>\n<p style=\"text-align: left;\"><span style=\"font-size: 14px;\"><em><span style=\"color: #000000;\">Arbeitsger\u00e4te in der ersten Werkstatt.<\/span><\/em><br \/>\n<\/span><\/p>\n<p>[\/vc_column_text][vc_empty_space height=&#8221;20px&#8221; css=&#8221;.vc_custom_1706311212477{padding-right: 10px !important;padding-left: 10px !important;}&#8221;][\/vc_column][\/vc_row][vc_row][vc_column][vc_empty_space height=&#8221;60px&#8221;][\/vc_column][\/vc_row][vc_row layout=&#8221;container-fluid&#8221;][vc_column][vc_custom_heading text=&#8221;<strong>UNSER TODAY<\/strong>&#8221; font_container=&#8221;tag:h2|text_align:center|color:%23000000&#8243; use_theme_fonts=&#8221;yes&#8221; css=&#8221;.vc_custom_1625476456353{margin-bottom: 0px !important;}&#8221; el_class=&#8221;letter-spacing-5px&#8221;][vc_custom_heading text=&#8221;<strong>St\u00e4ndig in der Entwicklung begriffen.<\/strong>&#8221; font_container=&#8221;tag:h5|font_size:18px|text_align:center|color:%23000000&#8243; use_theme_fonts=&#8221;yes&#8221;][vc_custom_heading text=&#8221;<strong>CONTESSA<\/strong>&#8221; font_container=&#8221;tag:h2|font_size:60|text_align:center|color:rgba(154%2C133%2C85%2C0.2)&#8221; use_theme_fonts=&#8221;yes&#8221; css=&#8221;.vc_custom_1622584063329{margin-top: -93px !important;}&#8221; el_class=&#8221;letter-spacing-5px&#8221;][vc_separator color=&#8221;custom&#8221; border_width=&#8221;2&#8243; el_width=&#8221;10&#8243; accent_color=&#8221;#9a8555&#8243; css=&#8221;.vc_custom_1619593237702{padding-top: 20px !important;padding-bottom: 20px !important;}&#8221;][\/vc_column][\/vc_row][vc_row css=&#8221;.vc_custom_1627215061167{padding-right: 10px !important;padding-left: 10px !important;}&#8221;][vc_column css=&#8221;.vc_custom_1706311515983{padding-right: 10px !important;padding-left: 10px !important;}&#8221;][vc_column_text css=&#8221;.vc_custom_1706311530110{padding-right: 10px !important;padding-left: 10px !important;}&#8221;]<\/p>\n<p style=\"text-align: justify;\"><span style=\"color: #000000;\">Contessa entwickelt sich st\u00e4ndig weiter und strebt immer nach Perfektion und Innovation. Im Dezember 2017 ist das Unternehmen in eine neue Fabrik umgezogen, in der neue Hightech-Maschinen f\u00fcr die Produktion und Qualit\u00e4tskontrolle eingesetzt werden. Heute verf\u00fcgt es \u00fcber eine hervorragende Produktpalette, die weltweit f\u00fcr ihre Qualit\u00e4t, ihr Design und ihre Funktionalit\u00e4t bekannt ist.<\/span><\/p>\n<p><span style=\"color: #000000;\">Derzeit besteht das Unternehmen aus 15 Mitarbeitern, die \u00fcber hohe technische F\u00e4higkeiten in der Waffenindustrie verf\u00fcgen und denen es besonders wichtig ist, die Werte des Unternehmens zu respektieren und zu teilen. Seri\u00f6s, hilfsbereit und p\u00fcnktlich. Die Fachleute von Contessa arbeiten jeden Tag mit Begeisterung, Leidenschaft und Professionalit\u00e4t, um stets Dienstleistungen und Produkte von hervorragender Qualit\u00e4t anzubieten.<\/span>[\/vc_column_text][\/vc_column][\/vc_row][vc_row][vc_column css=&#8221;.vc_custom_1706311362806{padding-right: 15px !important;padding-left: 15px !important;}&#8221;][vc_empty_space height=&#8221;60px&#8221;][\/vc_column][\/vc_row][vc_row gap=&#8221;2&#8243; content_placement=&#8221;middle&#8221; css=&#8221;.vc_custom_1623801061687{margin-right: 0px !important;margin-left: 0px !important;border-right-width: 0px !important;border-left-width: 0px !important;padding-right: 0px !important;padding-left: 0px !important;}&#8221;][vc_column width=&#8221;1\/3&#8243; css=&#8221;.vc_custom_1706311549403{padding-right: 10px !important;padding-left: 10px !important;}&#8221;][vc_single_image image=&#8221;9054&#8243; img_size=&#8221;full&#8221; alignment=&#8221;center&#8221; onclick=&#8221;link_image&#8221;][vc_empty_space height=&#8221;5px&#8221;][vc_column_text]<\/p>\n<p style=\"text-align: left;\"><span style=\"font-size: 14px;\"><em><span style=\"color: #000000;\">Unser Team.<\/span><\/em><br \/>\n<\/span><\/p>\n<p>[\/vc_column_text][vc_empty_space height=&#8221;20px&#8221;][\/vc_column][vc_column width=&#8221;1\/3&#8243; css=&#8221;.vc_custom_1706311564696{padding-right: 10px !important;padding-left: 10px !important;}&#8221;][vc_single_image image=&#8221;9052&#8243; img_size=&#8221;full&#8221; alignment=&#8221;center&#8221; onclick=&#8221;link_image&#8221;][vc_empty_space height=&#8221;5px&#8221;][vc_column_text]<\/p>\n<p style=\"text-align: left;\"><span style=\"font-size: 14px;\"><em><span style=\"color: #000000;\">2021, Alessandro und Andrea Contessa.<\/span><\/em><br \/>\n<\/span><\/p>\n<p>[\/vc_column_text][vc_empty_space height=&#8221;20px&#8221;][\/vc_column][vc_column width=&#8221;1\/3&#8243; css=&#8221;.vc_custom_1706311582580{padding-right: 10px !important;padding-left: 10px !important;}&#8221;][vc_single_image image=&#8221;9053&#8243; img_size=&#8221;full&#8221; alignment=&#8221;center&#8221; onclick=&#8221;link_image&#8221;][vc_empty_space height=&#8221;5px&#8221;][vc_column_text]<\/p>\n<p style=\"text-align: left;\"><span style=\"font-size: 14px;\"><em><span style=\"color: #000000;\">Neue Contessa-Zentrale.<\/span><\/em><br \/>\n<\/span><\/p>\n<p>[\/vc_column_text][vc_empty_space height=&#8221;20px&#8221;][\/vc_column][\/vc_row][vc_row css=&#8221;.vc_custom_1627215083684{padding-right: 10px !important;padding-left: 10px !important;}&#8221;][vc_column css=&#8221;.vc_custom_1706311386297{padding-right: 15px !important;padding-left: 15px !important;}&#8221;][vc_empty_space height=&#8221;60px&#8221; css=&#8221;.vc_custom_1706311613392{padding-right: 10px !important;padding-left: 10px !important;}&#8221;][vc_column_text css=&#8221;.vc_custom_1706311627128{padding-right: 10px !important;padding-left: 10px !important;}&#8221;]<\/p>\n<p style=\"text-align: center;\">Nehmen Sie Kontakt mit uns auf, um mehr \u00fcber unser Unternehmen zu erfahren, oder um Unterst\u00fctzung oder Produktberatung zu erhalten. Unsere Experten sind bereit, Ihnen mit Freundlichkeit, Schnelligkeit und Kompetenz zu helfen.<\/p>\n<p style=\"text-align: center;\"><a class=\"maxbutton-4 maxbutton maxbutton-contattaci\" title=\"CONTATTACI\" rel=\"nofollow noopener\" href=\"https:\/\/contessascopemounts.com\/contatti\/\"><span class='mb-text'>KONTAKTE<\/span><\/a><\/p>\n<p>[\/vc_column_text][vc_empty_space height=&#8221;80px&#8221; css=&#8221;.vc_custom_1706311641020{padding-right: 10px !important;padding-left: 10px !important;}&#8221;][\/vc_column][\/vc_row]<\/p>\n<\/div>","protected":false},"excerpt":{"rendered":"<p>[vc_row][vc_column css=&#8221;.vc_custom_1706310701042{padding-right: 10px !important;padding-left: 10px !important;}&#8221;][vc_empty_space height=&#8221;15&#8243; css=&#8221;.vc_custom_1706310685481{padding-right: 10px !important;padding-left: 10px !important;}&#8221;][\/vc_column][\/vc_row][vc_row layout=&#8221;container-fluid&#8221;][vc_column css=&#8221;.vc_custom_1706310717268{padding-right: 10px !important;padding-left: 10px !important;}&#8221;][vc_custom_heading text=&#8221;UNSERE GESCHICHTE&#8221; font_container=&#8221;tag:h2|text_align:center|color:%23000000&#8243; use_theme_fonts=&#8221;yes&#8221; css=&#8221;.vc_custom_1706310744287{margin-bottom: 0px !important;padding-right: 10px !important;padding-left: 10px !important;}&#8221; el_class=&#8221;letter-spacing-5px&#8221;][vc_custom_heading text=&#8221;Handwerkskunst verbindet sich mit Technologie.&#8221; font_container=&#8221;tag:h5|font_size:18px|text_align:center|color:%23000000&#8243; use_theme_fonts=&#8221;yes&#8221; css=&#8221;.vc_custom_1706310760309{padding-right: 10px !important;padding-left: 10px !important;}&#8221;][vc_custom_heading text=&#8221;CONTESSA&#8221; font_container=&#8221;tag:h2|font_size:60|text_align:center|color:rgba(154%2C133%2C85%2C0.2)&#8221; use_theme_fonts=&#8221;yes&#8221; css=&#8221;.vc_custom_1706310775778{margin-top: -93px !important;padding-right: 10px !important;padding-left: 10px !important;}&#8221; el_class=&#8221;letter-spacing-5px&#8221;][vc_separator color=&#8221;custom&#8221; border_width=&#8221;2&#8243;&#8230;<\/p>\n","protected":false},"author":3,"featured_media":0,"parent":0,"menu_order":0,"comment_status":"closed","ping_status":"closed","template":"","meta":{"footnotes":""},"class_list":["post-9046","page","type-page","status-publish","hentry"],"yoast_head":"<!-- This site is optimized with the Yoast SEO plugin v27.5 - https:\/\/yoast.com\/product\/yoast-seo-wordpress\/ -->\n<title>Lieferanten von Zielfernrohr-Schienen, Montagen und Ringen<\/title>\n<meta name=\"description\" content=\"CONTESSA ist einer der f\u00fchrenden Lieferanten von Zielfernrohr-Schienen, Zielfernrohr-Montagen und Zielfernrohr-Ringen f\u00fcr Jagd- und Schie\u00dfsportfreunde.\" \/>\n<meta name=\"robots\" content=\"index, follow, max-snippet:-1, max-image-preview:large, max-video-preview:-1\" \/>\n<link rel=\"canonical\" href=\"https:\/\/contessascopemounts.com\/de\/geschichte\/\" \/>\n<meta property=\"og:locale\" content=\"de_DE\" \/>\n<meta property=\"og:type\" content=\"article\" \/>\n<meta property=\"og:title\" content=\"Lieferanten von Zielfernrohr-Schienen, Montagen und Ringen\" \/>\n<meta property=\"og:description\" content=\"CONTESSA ist einer der f\u00fchrenden Lieferanten von Zielfernrohr-Schienen, Zielfernrohr-Montagen und Zielfernrohr-Ringen f\u00fcr Jagd- und Schie\u00dfsportfreunde.\" \/>\n<meta property=\"og:url\" content=\"https:\/\/contessascopemounts.com\/de\/geschichte\/\" \/>\n<meta property=\"og:site_name\" content=\"Contessa\" \/>\n<meta property=\"article:publisher\" content=\"https:\/\/www.facebook.com\/contessascopemounts\" \/>\n<meta property=\"article:modified_time\" content=\"2025-11-13T08:37:04+00:00\" \/>\n<meta property=\"og:image\" content=\"https:\/\/contessascopemounts.com\/wp-content\/uploads\/2021\/09\/contessa-porta-ottiche.jpg\" \/>\n\t<meta property=\"og:image:width\" content=\"1000\" \/>\n\t<meta property=\"og:image:height\" content=\"454\" \/>\n\t<meta property=\"og:image:type\" content=\"image\/jpeg\" \/>\n<meta name=\"twitter:card\" content=\"summary_large_image\" \/>\n<meta name=\"twitter:label1\" content=\"Gesch\u00e4tzte Lesezeit\" \/>\n\t<meta name=\"twitter:data1\" content=\"6\u00a0Minuten\" \/>\n<script type=\"application\/ld+json\" class=\"yoast-schema-graph\">{\"@context\":\"https:\\\/\\\/schema.org\",\"@graph\":[{\"@type\":\"WebPage\",\"@id\":\"https:\\\/\\\/contessascopemounts.com\\\/de\\\/geschichte\\\/\",\"url\":\"https:\\\/\\\/contessascopemounts.com\\\/de\\\/geschichte\\\/\",\"name\":\"Lieferanten von Zielfernrohr-Schienen, Montagen und Ringen\",\"isPartOf\":{\"@id\":\"https:\\\/\\\/contessascopemounts.com\\\/de\\\/#website\"},\"datePublished\":\"2025-07-31T06:13:18+00:00\",\"dateModified\":\"2025-11-13T08:37:04+00:00\",\"description\":\"CONTESSA ist einer der f\u00fchrenden Lieferanten von Zielfernrohr-Schienen, Zielfernrohr-Montagen und Zielfernrohr-Ringen f\u00fcr Jagd- und Schie\u00dfsportfreunde.\",\"breadcrumb\":{\"@id\":\"https:\\\/\\\/contessascopemounts.com\\\/de\\\/geschichte\\\/#breadcrumb\"},\"inLanguage\":\"de\",\"potentialAction\":[{\"@type\":\"ReadAction\",\"target\":[\"https:\\\/\\\/contessascopemounts.com\\\/de\\\/geschichte\\\/\"]}]},{\"@type\":\"BreadcrumbList\",\"@id\":\"https:\\\/\\\/contessascopemounts.com\\\/de\\\/geschichte\\\/#breadcrumb\",\"itemListElement\":[{\"@type\":\"ListItem\",\"position\":1,\"name\":\"Home\",\"item\":\"https:\\\/\\\/contessascopemounts.com\\\/de\\\/\"},{\"@type\":\"ListItem\",\"position\":2,\"name\":\"Geschichte\"}]},{\"@type\":\"WebSite\",\"@id\":\"https:\\\/\\\/contessascopemounts.com\\\/de\\\/#website\",\"url\":\"https:\\\/\\\/contessascopemounts.com\\\/de\\\/\",\"name\":\"Contessa\",\"description\":\"Professional Scope Mounts\",\"publisher\":{\"@id\":\"https:\\\/\\\/contessascopemounts.com\\\/de\\\/#organization\"},\"potentialAction\":[{\"@type\":\"SearchAction\",\"target\":{\"@type\":\"EntryPoint\",\"urlTemplate\":\"https:\\\/\\\/contessascopemounts.com\\\/de\\\/?s={search_term_string}\"},\"query-input\":{\"@type\":\"PropertyValueSpecification\",\"valueRequired\":true,\"valueName\":\"search_term_string\"}}],\"inLanguage\":\"de\"},{\"@type\":\"Organization\",\"@id\":\"https:\\\/\\\/contessascopemounts.com\\\/de\\\/#organization\",\"name\":\"CONTESSA\",\"url\":\"https:\\\/\\\/contessascopemounts.com\\\/de\\\/\",\"logo\":{\"@type\":\"ImageObject\",\"inLanguage\":\"de\",\"@id\":\"https:\\\/\\\/contessascopemounts.com\\\/de\\\/#\\\/schema\\\/logo\\\/image\\\/\",\"url\":\"https:\\\/\\\/contessascopemounts.com\\\/wp-content\\\/uploads\\\/2021\\\/04\\\/Contessa-supporti-per-ottiche-made-in-italy.png\",\"contentUrl\":\"https:\\\/\\\/contessascopemounts.com\\\/wp-content\\\/uploads\\\/2021\\\/04\\\/Contessa-supporti-per-ottiche-made-in-italy.png\",\"width\":1000,\"height\":411,\"caption\":\"CONTESSA\"},\"image\":{\"@id\":\"https:\\\/\\\/contessascopemounts.com\\\/de\\\/#\\\/schema\\\/logo\\\/image\\\/\"},\"sameAs\":[\"https:\\\/\\\/www.facebook.com\\\/contessascopemounts\",\"https:\\\/\\\/www.instagram.com\\\/contessa_mounts\\\/?fbclid=IwAR0Yr8lwWVwN0ewOz1bCVK4ZAKI8lkRIVuhxyX56qNYkwSaMAUVleye6XiE\",\"https:\\\/\\\/www.youtube.com\\\/channel\\\/UCEjBcvoWy-XvVVujqw-psXQ\"]}]}<\/script>\n<!-- \/ Yoast SEO plugin. -->","yoast_head_json":{"title":"Lieferanten von Zielfernrohr-Schienen, Montagen und Ringen","description":"CONTESSA ist einer der f\u00fchrenden Lieferanten von Zielfernrohr-Schienen, Zielfernrohr-Montagen und Zielfernrohr-Ringen f\u00fcr Jagd- und Schie\u00dfsportfreunde.","robots":{"index":"index","follow":"follow","max-snippet":"max-snippet:-1","max-image-preview":"max-image-preview:large","max-video-preview":"max-video-preview:-1"},"canonical":"https:\/\/contessascopemounts.com\/de\/geschichte\/","og_locale":"de_DE","og_type":"article","og_title":"Lieferanten von Zielfernrohr-Schienen, Montagen und Ringen","og_description":"CONTESSA ist einer der f\u00fchrenden Lieferanten von Zielfernrohr-Schienen, Zielfernrohr-Montagen und Zielfernrohr-Ringen f\u00fcr Jagd- und Schie\u00dfsportfreunde.","og_url":"https:\/\/contessascopemounts.com\/de\/geschichte\/","og_site_name":"Contessa","article_publisher":"https:\/\/www.facebook.com\/contessascopemounts","article_modified_time":"2025-11-13T08:37:04+00:00","og_image":[{"width":1000,"height":454,"url":"https:\/\/contessascopemounts.com\/wp-content\/uploads\/2021\/09\/contessa-porta-ottiche.jpg","type":"image\/jpeg"}],"twitter_card":"summary_large_image","twitter_misc":{"Gesch\u00e4tzte Lesezeit":"6\u00a0Minuten"},"schema":{"@context":"https:\/\/schema.org","@graph":[{"@type":"WebPage","@id":"https:\/\/contessascopemounts.com\/de\/geschichte\/","url":"https:\/\/contessascopemounts.com\/de\/geschichte\/","name":"Lieferanten von Zielfernrohr-Schienen, Montagen und Ringen","isPartOf":{"@id":"https:\/\/contessascopemounts.com\/de\/#website"},"datePublished":"2025-07-31T06:13:18+00:00","dateModified":"2025-11-13T08:37:04+00:00","description":"CONTESSA ist einer der f\u00fchrenden Lieferanten von Zielfernrohr-Schienen, Zielfernrohr-Montagen und Zielfernrohr-Ringen f\u00fcr Jagd- und Schie\u00dfsportfreunde.","breadcrumb":{"@id":"https:\/\/contessascopemounts.com\/de\/geschichte\/#breadcrumb"},"inLanguage":"de","potentialAction":[{"@type":"ReadAction","target":["https:\/\/contessascopemounts.com\/de\/geschichte\/"]}]},{"@type":"BreadcrumbList","@id":"https:\/\/contessascopemounts.com\/de\/geschichte\/#breadcrumb","itemListElement":[{"@type":"ListItem","position":1,"name":"Home","item":"https:\/\/contessascopemounts.com\/de\/"},{"@type":"ListItem","position":2,"name":"Geschichte"}]},{"@type":"WebSite","@id":"https:\/\/contessascopemounts.com\/de\/#website","url":"https:\/\/contessascopemounts.com\/de\/","name":"Contessa","description":"Professional Scope Mounts","publisher":{"@id":"https:\/\/contessascopemounts.com\/de\/#organization"},"potentialAction":[{"@type":"SearchAction","target":{"@type":"EntryPoint","urlTemplate":"https:\/\/contessascopemounts.com\/de\/?s={search_term_string}"},"query-input":{"@type":"PropertyValueSpecification","valueRequired":true,"valueName":"search_term_string"}}],"inLanguage":"de"},{"@type":"Organization","@id":"https:\/\/contessascopemounts.com\/de\/#organization","name":"CONTESSA","url":"https:\/\/contessascopemounts.com\/de\/","logo":{"@type":"ImageObject","inLanguage":"de","@id":"https:\/\/contessascopemounts.com\/de\/#\/schema\/logo\/image\/","url":"https:\/\/contessascopemounts.com\/wp-content\/uploads\/2021\/04\/Contessa-supporti-per-ottiche-made-in-italy.png","contentUrl":"https:\/\/contessascopemounts.com\/wp-content\/uploads\/2021\/04\/Contessa-supporti-per-ottiche-made-in-italy.png","width":1000,"height":411,"caption":"CONTESSA"},"image":{"@id":"https:\/\/contessascopemounts.com\/de\/#\/schema\/logo\/image\/"},"sameAs":["https:\/\/www.facebook.com\/contessascopemounts","https:\/\/www.instagram.com\/contessa_mounts\/?fbclid=IwAR0Yr8lwWVwN0ewOz1bCVK4ZAKI8lkRIVuhxyX56qNYkwSaMAUVleye6XiE","https:\/\/www.youtube.com\/channel\/UCEjBcvoWy-XvVVujqw-psXQ"]}]}},"_links":{"self":[{"href":"https:\/\/contessascopemounts.com\/de\/wp-json\/wp\/v2\/pages\/9046","targetHints":{"allow":["GET"]}}],"collection":[{"href":"https:\/\/contessascopemounts.com\/de\/wp-json\/wp\/v2\/pages"}],"about":[{"href":"https:\/\/contessascopemounts.com\/de\/wp-json\/wp\/v2\/types\/page"}],"author":[{"embeddable":true,"href":"https:\/\/contessascopemounts.com\/de\/wp-json\/wp\/v2\/users\/3"}],"replies":[{"embeddable":true,"href":"https:\/\/contessascopemounts.com\/de\/wp-json\/wp\/v2\/comments?post=9046"}],"version-history":[{"count":4,"href":"https:\/\/contessascopemounts.com\/de\/wp-json\/wp\/v2\/pages\/9046\/revisions"}],"predecessor-version":[{"id":13245,"href":"https:\/\/contessascopemounts.com\/de\/wp-json\/wp\/v2\/pages\/9046\/revisions\/13245"}],"wp:attachment":[{"href":"https:\/\/contessascopemounts.com\/de\/wp-json\/wp\/v2\/media?parent=9046"}],"curies":[{"name":"wp","href":"https:\/\/api.w.org\/{rel}","templated":true}]}}