{"id":9037,"date":"2025-07-31T08:13:18","date_gmt":"2025-07-31T06:13:18","guid":{"rendered":"https:\/\/contessascopemounts.com\/?page_id=9037"},"modified":"2025-11-13T09:46:58","modified_gmt":"2025-11-13T08:46:58","slug":"qualitaet","status":"publish","type":"page","link":"https:\/\/contessascopemounts.com\/de\/qualitaet\/","title":{"rendered":"Qualit\u00e4t"},"content":{"rendered":"<div class=\"wpb-content-wrapper\"><p>[vc_row][vc_column css=&#8221;.vc_custom_1706312360190{padding-right: 10px !important;padding-left: 10px !important;}&#8221;][vc_empty_space height=&#8221;15px&#8221; css=&#8221;.vc_custom_1706312447889{padding-right: 10px !important;padding-left: 10px !important;}&#8221;][\/vc_column][\/vc_row][vc_row layout=&#8221;container-fluid&#8221;][vc_column][vc_custom_heading text=&#8221;<strong>TECHNOLOGISCHE PR\u00c4ZISION<\/strong>&#8221; font_container=&#8221;tag:h2|text_align:center|color:%23000000&#8243; use_theme_fonts=&#8221;yes&#8221; css=&#8221;.vc_custom_1626987338003{margin-bottom: 0px !important;}&#8221; el_class=&#8221;letter-spacing-5px&#8221;][vc_custom_heading text=&#8221;<strong>Innovation und Tradition.<\/strong>&#8221; font_container=&#8221;tag:h5|font_size:18px|text_align:center|color:%23000000&#8243; use_theme_fonts=&#8221;yes&#8221;][vc_custom_heading text=&#8221;<strong>CONTESSA<\/strong>&#8221; font_container=&#8221;tag:h2|font_size:60|text_align:center|color:rgba(154%2C133%2C85%2C0.2)&#8221; use_theme_fonts=&#8221;yes&#8221; css=&#8221;.vc_custom_1626987331394{margin-top: -93px !important;}&#8221; el_class=&#8221;letter-spacing-5px&#8221;][vc_separator color=&#8221;custom&#8221; border_width=&#8221;2&#8243; el_width=&#8221;10&#8243; accent_color=&#8221;#9a8555&#8243; css=&#8221;.vc_custom_1619593237702{padding-top: 20px !important;padding-bottom: 20px !important;}&#8221;][\/vc_column][\/vc_row][vc_row][vc_column width=&#8221;2\/3&#8243; css=&#8221;.vc_custom_1706312469555{padding-right: 10px !important;padding-left: 10px !important;}&#8221;][vc_column_text css=&#8221;.vc_custom_1706312483815{padding-right: 15px !important;padding-left: 15px !important;}&#8221;]<\/p>\n<p style=\"margin: 0cm; margin-bottom: .0001pt; text-align: justify; background: white;\"><span style=\"font-family: Arial; color: black;\">Bei der Entwicklung und Herstellung all unserer Produkte achten wir sehr genau auf Details und Qualit\u00e4t, um Produkte mit hohen Qualit\u00e4tsstandards zu gew\u00e4hrleisten. Neben der Tradition unseres Heimatlandes bringen wir modernste Technologie in unsere Produkte ein, die sich in hoher Leistung niederschl\u00e4gt.<\/span><\/p>\n<p style=\"margin: 0cm; margin-bottom: .0001pt; text-align: justify; background: white;\">\n<p style=\"margin: 0cm; margin-bottom: .0001pt; text-align: justify; background: white;\"><span style=\"font-family: Arial; color: black;\">Alle Komponenten unserer Produkte werden aus massivem Material gefr\u00e4st, um maximale Festigkeit zu gew\u00e4hrleisten. Die Bearbeitung aus dem Vollen garantiert im Gegensatz zum Druck- und Feinguss eine hohe Stabilit\u00e4t und Robustheit, da die entstehende Struktur sehr kompakt und frei von Mikroporosit\u00e4t ist und somit widerstandsf\u00e4higer.<\/span><\/p>\n<p style=\"margin: 0cm; margin-bottom: .0001pt; text-align: justify; background: white;\">\n<p style=\"margin: 0cm; margin-bottom: .0001pt; text-align: justify; background: white;\"><span style=\"font-family: Arial; color: black;\">Die sorgf\u00e4ltige Verarbeitung aller Details und die extreme Liebe zum Detail erm\u00f6glichen die Herstellung von technologisch fortschrittlichen und hochpr\u00e4zisen Produkten, die besonders f\u00fcr den professionellen Einsatz geeignet sind.<br \/>\n<\/span><\/p>\n<p>[\/vc_column_text][vc_empty_space height=&#8221;30px&#8221; css=&#8221;.vc_custom_1706312501591{padding-right: 15px !important;padding-left: 15px !important;}&#8221;][\/vc_column][vc_column width=&#8221;1\/3&#8243;][vc_video link=&#8221;https:\/\/www.youtube.com\/watch?v=2na8sPM5MFc&#8221; el_aspect=&#8221;43&#8243; align=&#8221;center&#8221;][\/vc_column][\/vc_row][vc_row][vc_column css=&#8221;.vc_custom_1706312328164{padding-right: 10px !important;padding-left: 10px !important;}&#8221;][vc_empty_space height=&#8221;60px&#8221; css=&#8221;.vc_custom_1706312542195{padding-right: 10px !important;padding-left: 10px !important;}&#8221;][\/vc_column][\/vc_row][vc_row gap=&#8221;2&#8243; css=&#8221;.vc_custom_1706312302613{padding-right: 10px !important;padding-left: 10px !important;}&#8221;][vc_column width=&#8221;1\/3&#8243; css=&#8221;.vc_custom_1706312278979{padding-right: 10px !important;padding-left: 10px !important;}&#8221;][vc_single_image image=&#8221;9039&#8243; img_size=&#8221;full&#8221; alignment=&#8221;center&#8221; onclick=&#8221;link_image&#8221; css=&#8221;.vc_custom_1706312557130{padding-right: 10px !important;padding-left: 10px !important;}&#8221;][vc_empty_space height=&#8221;5px&#8221; css=&#8221;.vc_custom_1706312564689{padding-left: 10px !important;}&#8221;][vc_column_text css=&#8221;.vc_custom_1706312573257{padding-right: 10px !important;padding-left: 10px !important;}&#8221;]<\/p>\n<p style=\"text-align: left;\"><span style=\"font-size: 14px;\"><em><span style=\"color: #000000;\">Monolithisch aus dem Vollen gefr\u00e4ster Ausleger.<\/span><\/em><br \/>\n<\/span><\/p>\n<p>[\/vc_column_text][vc_empty_space height=&#8221;20px&#8221; css=&#8221;.vc_custom_1706312581202{padding-left: 10px !important;}&#8221;][\/vc_column][vc_column width=&#8221;1\/3&#8243; css=&#8221;.vc_custom_1706312292974{padding-right: 10px !important;padding-left: 10px !important;}&#8221;][vc_single_image image=&#8221;9040&#8243; img_size=&#8221;full&#8221; alignment=&#8221;center&#8221; onclick=&#8221;link_image&#8221; css=&#8221;.vc_custom_1706312596954{padding-right: 10px !important;padding-left: 10px !important;}&#8221;][vc_empty_space height=&#8221;5px&#8221; css=&#8221;.vc_custom_1706312612936{padding-left: 10px !important;}&#8221;][vc_column_text css=&#8221;.vc_custom_1706312620439{padding-left: 10px !important;}&#8221;]<\/p>\n<p style=\"text-align: left;\"><span style=\"font-size: 14px;\"><em><span style=\"color: #000000;\">Verriegelungshebel aus dem Vollen gefr\u00e4st.<\/span><\/em><br \/>\n<\/span><\/p>\n<p>[\/vc_column_text][vc_empty_space height=&#8221;20px&#8221; css=&#8221;.vc_custom_1706312632339{padding-right: 10px !important;padding-left: 10px !important;}&#8221;][\/vc_column][vc_column width=&#8221;1\/3&#8243;][vc_single_image image=&#8221;9041&#8243; img_size=&#8221;full&#8221; alignment=&#8221;center&#8221; onclick=&#8221;link_image&#8221; css=&#8221;.vc_custom_1706312643509{padding-right: 10px !important;padding-left: 10px !important;}&#8221;][vc_empty_space height=&#8221;5px&#8221; css=&#8221;.vc_custom_1706312661126{padding-right: 10px !important;padding-left: 10px !important;}&#8221;][vc_column_text css=&#8221;.vc_custom_1706312673124{padding-right: 10px !important;padding-left: 10px !important;}&#8221;]<\/p>\n<p style=\"text-align: left;\"><span style=\"font-size: 14px;\"><em><span style=\"color: #000000;\">Detail des Auslegermodells.<\/span><\/em><br \/>\n<\/span><\/p>\n<p>[\/vc_column_text][vc_empty_space height=&#8221;20px&#8221; css=&#8221;.vc_custom_1706312686098{padding-right: 10px !important;padding-left: 10px !important;}&#8221;][\/vc_column][\/vc_row][vc_row][vc_column css=&#8221;.vc_custom_1706312695578{padding-right: 10px !important;padding-left: 10px !important;}&#8221;][vc_empty_space height=&#8221;60px&#8221; css=&#8221;.vc_custom_1706312702190{padding-right: 10px !important;padding-left: 10px !important;}&#8221;][\/vc_column][\/vc_row][vc_row css=&#8221;.vc_custom_1622449945614{background-image: url(https:\/\/contessascopemounts.com\/wp-content\/uploads\/2021\/05\/BACKGROUND.jpg?id=3624) !important;background-position: center !important;background-repeat: no-repeat !important;background-size: cover !important;}&#8221;][vc_column css=&#8221;.vc_custom_1706312990757{padding-right: 10px !important;padding-left: 10px !important;}&#8221;][vc_empty_space height=&#8221;60px&#8221;][vc_custom_heading text=&#8221;<strong>LEBENSLANGE GARANTIE<\/strong>&#8221; font_container=&#8221;tag:h2|text_align:center|color:%23ffffff&#8221; use_theme_fonts=&#8221;yes&#8221; css=&#8221;.vc_custom_1626987089806{margin-bottom: 0px !important;}&#8221; el_class=&#8221;letter-spacing-5px&#8221;][vc_custom_heading text=&#8221;<strong>Unvergleichliche Qualit\u00e4t.<\/strong>&#8221; font_container=&#8221;tag:h5|font_size:18px|text_align:center|color:%23ffffff&#8221; use_theme_fonts=&#8221;yes&#8221;][vc_custom_heading text=&#8221;<strong>IN ITALIEN GEFERTIGT<\/strong>&#8221; font_container=&#8221;tag:h2|font_size:60|text_align:center|color:rgba(255%2C255%2C255%2C0.08)&#8221; use_theme_fonts=&#8221;yes&#8221; css=&#8221;.vc_custom_1627282846944{margin-top: -93px !important;}&#8221; el_class=&#8221;letter-spacing-5px&#8221;][vc_separator color=&#8221;custom&#8221; border_width=&#8221;2&#8243; el_width=&#8221;10&#8243; accent_color=&#8221;rgba(255,255,255,0.18)&#8221; css=&#8221;.vc_custom_1619593582452{padding-top: 20px !important;padding-bottom: 20px !important;}&#8221;][vc_column_text css=&#8221;.vc_custom_1706312710960{padding-right: 10px !important;padding-left: 10px !important;}&#8221;]<\/p>\n<p style=\"text-align: justify;\"><span style=\"font-size: 16px;\"><span style=\"color: #ffffff;\">Contessa Produkte haben eine lebenslange Garantie. H\u00f6chste Sorgfalt bei der Auswahl der Materialien, modernste Technologie und eine sorgf\u00e4ltige Qualit\u00e4tskontrolle sorgen f\u00fcr maximale St\u00e4rke und Haltbarkeit aller unserer Produkte. Jedes einzelne Teil wird einer Antiverschlei\u00df- und Anti-Korrosionsbehandlung unterzogen, um die hohe Haltbarkeit der Produkte zu gew\u00e4hrleisten. Sollte Ihr Contessa Optiktr\u00e4ger zu irgendeinem Zeitpunkt nicht funktionieren, werden wir ihn kostenlos reparieren oder ersetzen. Wir glauben an h\u00f6chste Qualit\u00e4t und Handwerkskunst und sind sicher, dass Ihre Contessa Sie nicht entt\u00e4uschen wird.<br \/>\n<\/span><\/span><\/p>\n<p>[\/vc_column_text][vc_empty_space height=&#8221;20px&#8221;][vc_column_text]<\/p>\n<p style=\"text-align: center;\"><a class=\"maxbutton-6 maxbutton maxbutton-pulsante\" title=\"LA NOSTRA STORIA\" href=\"https:\/\/contessascopemounts.com\/prodotti\/\"><span class='mb-text'>ENTDECKEN SIE UNSERE PRODUKTE<\/span><\/a><\/p>\n<p>[\/vc_column_text][vc_empty_space height=&#8221;80px&#8221;][\/vc_column][\/vc_row][vc_row el_id=&#8221;steelinsertsystem&#8221;][vc_column][vc_empty_space height=&#8221;60px&#8221;][\/vc_column][\/vc_row][vc_row layout=&#8221;container-fluid&#8221;][vc_column][vc_custom_heading text=&#8221;<strong>STAHLEINSATZSYSTEM<\/strong>&#8221; font_container=&#8221;tag:h2|text_align:center|color:%23000000&#8243; use_theme_fonts=&#8221;yes&#8221; css=&#8221;.vc_custom_1626987555456{margin-bottom: 0px !important;}&#8221; el_class=&#8221;letter-spacing-5px&#8221;][vc_custom_heading text=&#8221;<strong>100% garantiert auf Null zur\u00fcckgehen.<\/strong>&#8221; font_container=&#8221;tag:h5|font_size:18px|text_align:center|color:%23000000&#8243; use_theme_fonts=&#8221;yes&#8221;][vc_custom_heading text=&#8221;<strong>CONTESSA<\/strong>&#8221; font_container=&#8221;tag:h2|font_size:60|text_align:center|color:rgba(154%2C133%2C85%2C0.2)&#8221; use_theme_fonts=&#8221;yes&#8221; css=&#8221;.vc_custom_1626987560045{margin-top: -93px !important;}&#8221; el_class=&#8221;letter-spacing-5px&#8221;][vc_separator color=&#8221;custom&#8221; border_width=&#8221;2&#8243; el_width=&#8221;10&#8243; accent_color=&#8221;#9a8555&#8243; css=&#8221;.vc_custom_1619593237702{padding-top: 20px !important;padding-bottom: 20px !important;}&#8221;][\/vc_column][\/vc_row][vc_row css=&#8221;.vc_custom_1706313046183{padding-right: 10px !important;padding-left: 10px !important;}&#8221;][vc_column css=&#8221;.vc_custom_1706313021346{padding-right: 10px !important;padding-left: 10px !important;}&#8221;][vc_column_text css=&#8221;.vc_custom_1706313029025{padding-right: 10px !important;padding-left: 10px !important;}&#8221;]<\/p>\n<p style=\"text-align: justify;\"><span style=\"color: #000000;\">Die neueste Entwicklung der Contessa-Schnellspanner-Bindung ist die neue Steel Insert System-Technologie, Stahleins\u00e4tze, die maximalen Halt auf jedem Schlitten und absolute Wiederholbarkeit der Kalibrierung gew\u00e4hrleisten.<br \/>\n<\/span><\/p>\n<p style=\"text-align: justify;\"><span style=\"color: #000000;\">Bei dem neuen System sind die Verriegelungspunkte am Schlitten oder an der Waffe vollst\u00e4ndig aus geh\u00e4rtetem Trilegat-Stahl gefertigt, was maximale Stabilit\u00e4t und absolute Wiederholbarkeit der Kalibrierung zwischen den Ausl\u00f6sungen gew\u00e4hrleistet. Technisch gesehen wurden Stahleinlagen hinzugef\u00fcgt, so dass alle Teile, die mit der Kupplung und dem Schlitten in Ber\u00fchrung kommen, aus Stahl auf Stahl sind.<br \/>\n<\/span><\/p>\n<p style=\"text-align: justify;\"><span style=\"color: #000000;\">Die Contessa Schnellspannbindungen k\u00f6nnen jetzt als die leichtesten Stahlbindungen der Welt bezeichnet werden. Die Leichtmetalllegierung dient nur zur Unterst\u00fctzung der Ringe und ist nicht mehr Teil des Verschlusses. Diese neue Technologie von uns sorgt f\u00fcr maximale Lagerstabilit\u00e4t, mehr Klemmkraft und absolute Beibehaltung der Kalibrierung zwischen den Ausl\u00f6sungen auch \u00fcber gro\u00dfe Entfernungen. Diese Technologie wurde in alle drei Schnellspanner-Linien \u00fcbernommen: European Standard, BLS und Picatinny.<br \/>\n<\/span><\/p>\n<p style=\"text-align: justify;\"><span style=\"color: #000000;\">Die interne Geometrie des Verriegelungsb\u00fcgels wurde ebenfalls aktualisiert, was eine breite Einstellung der Schieberbreite erm\u00f6glicht. Eine Reihe von neuen Geometrien, die die Leistung des Produkts erh\u00f6hen. Von nun an wird dies das Markenzeichen all unserer Produkte sein.<br \/>\n<\/span><\/p>\n<p>[\/vc_column_text][\/vc_column][\/vc_row][vc_row][vc_column][vc_empty_space height=&#8221;60px&#8221;][\/vc_column][\/vc_row][vc_row gap=&#8221;2&#8243; content_placement=&#8221;middle&#8221; css=&#8221;.vc_custom_1706313089049{margin-right: 0px !important;margin-left: 0px !important;border-right-width: 0px !important;border-left-width: 0px !important;padding-right: 10px !important;padding-left: 10px !important;}&#8221;][vc_column width=&#8221;1\/3&#8243; css=&#8221;.vc_custom_1706312753439{padding-right: 10px !important;padding-left: 10px !important;}&#8221;][vc_single_image image=&#8221;9042&#8243; img_size=&#8221;full&#8221; alignment=&#8221;center&#8221; onclick=&#8221;link_image&#8221;][vc_empty_space height=&#8221;20px&#8221; css=&#8221;.vc_custom_1706312760798{padding-right: 10px !important;}&#8221;][\/vc_column][vc_column width=&#8221;1\/3&#8243;][vc_raw_html css=&#8221;.vc_custom_1706312769158{padding-right: 10px !important;}&#8221;]JTVCdmlkZW8lMjBpZCUzRCUyNzQyNjMlMjclNUQ=[\/vc_raw_html][vc_empty_space height=&#8221;20px&#8221;][\/vc_column][vc_column width=&#8221;1\/3&#8243;][vc_video link=&#8221;https:\/\/www.youtube.com\/watch?v=45CKEonAygg&amp;t=34s&#8221; align=&#8221;center&#8221;][vc_empty_space height=&#8221;20px&#8221;][\/vc_column][\/vc_row][vc_row css=&#8221;.vc_custom_1706313100990{padding-right: 10px !important;padding-left: 10px !important;}&#8221;][vc_column css=&#8221;.vc_custom_1706312799860{padding-right: 10px !important;padding-left: 10px !important;}&#8221;][vc_empty_space height=&#8221;60px&#8221;][vc_column_text css=&#8221;.vc_custom_1706313114732{padding-right: 10px !important;padding-left: 10px !important;}&#8221;]<\/p>\n<p style=\"text-align: center;\">Nehmen Sie Kontakt mit uns auf, um mehr \u00fcber unser Unternehmen zu erfahren, oder um Unterst\u00fctzung oder Produktberatung zu erhalten. Unsere Experten sind bereit, Ihnen mit Freundlichkeit, Schnelligkeit und Kompetenz zu helfen.<\/p>\n<p style=\"text-align: center;\"><a class=\"maxbutton-4 maxbutton maxbutton-contattaci\" title=\"CONTATTACI\" rel=\"nofollow noopener\" href=\"https:\/\/contessascopemounts.com\/contatti\/\"><span class='mb-text'>KONTAKTE<\/span><\/a><\/p>\n<p>[\/vc_column_text][vc_empty_space height=&#8221;80px&#8221;][\/vc_column][\/vc_row]<\/p>\n<\/div>","protected":false},"excerpt":{"rendered":"<p>[vc_row][vc_column css=&#8221;.vc_custom_1706312360190{padding-right: 10px !important;padding-left: 10px !important;}&#8221;][vc_empty_space height=&#8221;15px&#8221; css=&#8221;.vc_custom_1706312447889{padding-right: 10px !important;padding-left: 10px !important;}&#8221;][\/vc_column][\/vc_row][vc_row layout=&#8221;container-fluid&#8221;][vc_column][vc_custom_heading text=&#8221;TECHNOLOGISCHE PR\u00c4ZISION&#8221; font_container=&#8221;tag:h2|text_align:center|color:%23000000&#8243; use_theme_fonts=&#8221;yes&#8221; css=&#8221;.vc_custom_1626987338003{margin-bottom: 0px !important;}&#8221; el_class=&#8221;letter-spacing-5px&#8221;][vc_custom_heading text=&#8221;Innovation und Tradition.&#8221; font_container=&#8221;tag:h5|font_size:18px|text_align:center|color:%23000000&#8243; use_theme_fonts=&#8221;yes&#8221;][vc_custom_heading text=&#8221;CONTESSA&#8221; font_container=&#8221;tag:h2|font_size:60|text_align:center|color:rgba(154%2C133%2C85%2C0.2)&#8221; use_theme_fonts=&#8221;yes&#8221; css=&#8221;.vc_custom_1626987331394{margin-top: -93px !important;}&#8221; el_class=&#8221;letter-spacing-5px&#8221;][vc_separator color=&#8221;custom&#8221; border_width=&#8221;2&#8243; el_width=&#8221;10&#8243; accent_color=&#8221;#9a8555&#8243; css=&#8221;.vc_custom_1619593237702{padding-top: 20px !important;padding-bottom: 20px !important;}&#8221;][\/vc_column][\/vc_row][vc_row][vc_column width=&#8221;2\/3&#8243; css=&#8221;.vc_custom_1706312469555{padding-right: 10px !important;padding-left: 10px !important;}&#8221;][vc_column_text css=&#8221;.vc_custom_1706312483815{padding-right: 15px !important;padding-left: 15px !important;}&#8221;] Bei der&#8230;<\/p>\n","protected":false},"author":3,"featured_media":0,"parent":0,"menu_order":0,"comment_status":"closed","ping_status":"closed","template":"","meta":{"footnotes":""},"class_list":["post-9037","page","type-page","status-publish","hentry"],"yoast_head":"<!-- This site is optimized with the Yoast SEO plugin v27.4 - https:\/\/yoast.com\/product\/yoast-seo-wordpress\/ -->\n<title>Professionelle Weaver Schienen, Weaver Montagen und Weaver Ringe<\/title>\n<meta name=\"description\" content=\"Professionelle Weaver Schienen, professionelle Weaver Montagen und professionelle Weaver Ringe f\u00fcr begeisterte J\u00e4ger und Sportsch\u00fctzen.\" \/>\n<meta name=\"robots\" content=\"index, follow, max-snippet:-1, max-image-preview:large, max-video-preview:-1\" \/>\n<link rel=\"canonical\" href=\"https:\/\/contessascopemounts.com\/de\/qualitaet\/\" \/>\n<meta property=\"og:locale\" content=\"de_DE\" \/>\n<meta property=\"og:type\" content=\"article\" \/>\n<meta property=\"og:title\" content=\"Professionelle Weaver Schienen, Weaver Montagen und Weaver Ringe\" \/>\n<meta property=\"og:description\" content=\"Professionelle Weaver Schienen, professionelle Weaver Montagen und professionelle Weaver Ringe f\u00fcr begeisterte J\u00e4ger und Sportsch\u00fctzen.\" \/>\n<meta property=\"og:url\" content=\"https:\/\/contessascopemounts.com\/de\/qualitaet\/\" \/>\n<meta property=\"og:site_name\" content=\"Contessa\" \/>\n<meta property=\"article:publisher\" content=\"https:\/\/www.facebook.com\/contessascopemounts\" \/>\n<meta property=\"article:modified_time\" content=\"2025-11-13T08:46:58+00:00\" \/>\n<meta property=\"og:image\" content=\"https:\/\/contessascopemounts.com\/wp-content\/uploads\/2021\/09\/contessa-porta-ottiche.jpg\" \/>\n\t<meta property=\"og:image:width\" content=\"1000\" \/>\n\t<meta property=\"og:image:height\" content=\"454\" \/>\n\t<meta property=\"og:image:type\" content=\"image\/jpeg\" \/>\n<meta name=\"twitter:card\" content=\"summary_large_image\" \/>\n<meta name=\"twitter:label1\" content=\"Gesch\u00e4tzte Lesezeit\" \/>\n\t<meta name=\"twitter:data1\" content=\"8\u00a0Minuten\" \/>\n<script type=\"application\/ld+json\" class=\"yoast-schema-graph\">{\"@context\":\"https:\\\/\\\/schema.org\",\"@graph\":[{\"@type\":\"WebPage\",\"@id\":\"https:\\\/\\\/contessascopemounts.com\\\/de\\\/qualitaet\\\/\",\"url\":\"https:\\\/\\\/contessascopemounts.com\\\/de\\\/qualitaet\\\/\",\"name\":\"Professionelle Weaver Schienen, Weaver Montagen und Weaver Ringe\",\"isPartOf\":{\"@id\":\"https:\\\/\\\/contessascopemounts.com\\\/de\\\/#website\"},\"datePublished\":\"2025-07-31T06:13:18+00:00\",\"dateModified\":\"2025-11-13T08:46:58+00:00\",\"description\":\"Professionelle Weaver Schienen, professionelle Weaver Montagen und professionelle Weaver Ringe f\u00fcr begeisterte J\u00e4ger und Sportsch\u00fctzen.\",\"breadcrumb\":{\"@id\":\"https:\\\/\\\/contessascopemounts.com\\\/de\\\/qualitaet\\\/#breadcrumb\"},\"inLanguage\":\"de\",\"potentialAction\":[{\"@type\":\"ReadAction\",\"target\":[\"https:\\\/\\\/contessascopemounts.com\\\/de\\\/qualitaet\\\/\"]}]},{\"@type\":\"BreadcrumbList\",\"@id\":\"https:\\\/\\\/contessascopemounts.com\\\/de\\\/qualitaet\\\/#breadcrumb\",\"itemListElement\":[{\"@type\":\"ListItem\",\"position\":1,\"name\":\"Home\",\"item\":\"https:\\\/\\\/contessascopemounts.com\\\/de\\\/\"},{\"@type\":\"ListItem\",\"position\":2,\"name\":\"Qualit\u00e4t\"}]},{\"@type\":\"WebSite\",\"@id\":\"https:\\\/\\\/contessascopemounts.com\\\/de\\\/#website\",\"url\":\"https:\\\/\\\/contessascopemounts.com\\\/de\\\/\",\"name\":\"Contessa\",\"description\":\"Professional Scope Mounts\",\"publisher\":{\"@id\":\"https:\\\/\\\/contessascopemounts.com\\\/de\\\/#organization\"},\"potentialAction\":[{\"@type\":\"SearchAction\",\"target\":{\"@type\":\"EntryPoint\",\"urlTemplate\":\"https:\\\/\\\/contessascopemounts.com\\\/de\\\/?s={search_term_string}\"},\"query-input\":{\"@type\":\"PropertyValueSpecification\",\"valueRequired\":true,\"valueName\":\"search_term_string\"}}],\"inLanguage\":\"de\"},{\"@type\":\"Organization\",\"@id\":\"https:\\\/\\\/contessascopemounts.com\\\/de\\\/#organization\",\"name\":\"CONTESSA\",\"url\":\"https:\\\/\\\/contessascopemounts.com\\\/de\\\/\",\"logo\":{\"@type\":\"ImageObject\",\"inLanguage\":\"de\",\"@id\":\"https:\\\/\\\/contessascopemounts.com\\\/de\\\/#\\\/schema\\\/logo\\\/image\\\/\",\"url\":\"https:\\\/\\\/contessascopemounts.com\\\/wp-content\\\/uploads\\\/2021\\\/04\\\/Contessa-supporti-per-ottiche-made-in-italy.png\",\"contentUrl\":\"https:\\\/\\\/contessascopemounts.com\\\/wp-content\\\/uploads\\\/2021\\\/04\\\/Contessa-supporti-per-ottiche-made-in-italy.png\",\"width\":1000,\"height\":411,\"caption\":\"CONTESSA\"},\"image\":{\"@id\":\"https:\\\/\\\/contessascopemounts.com\\\/de\\\/#\\\/schema\\\/logo\\\/image\\\/\"},\"sameAs\":[\"https:\\\/\\\/www.facebook.com\\\/contessascopemounts\",\"https:\\\/\\\/www.instagram.com\\\/contessa_mounts\\\/?fbclid=IwAR0Yr8lwWVwN0ewOz1bCVK4ZAKI8lkRIVuhxyX56qNYkwSaMAUVleye6XiE\",\"https:\\\/\\\/www.youtube.com\\\/channel\\\/UCEjBcvoWy-XvVVujqw-psXQ\"]}]}<\/script>\n<!-- \/ Yoast SEO plugin. -->","yoast_head_json":{"title":"Professionelle Weaver Schienen, Weaver Montagen und Weaver Ringe","description":"Professionelle Weaver Schienen, professionelle Weaver Montagen und professionelle Weaver Ringe f\u00fcr begeisterte J\u00e4ger und Sportsch\u00fctzen.","robots":{"index":"index","follow":"follow","max-snippet":"max-snippet:-1","max-image-preview":"max-image-preview:large","max-video-preview":"max-video-preview:-1"},"canonical":"https:\/\/contessascopemounts.com\/de\/qualitaet\/","og_locale":"de_DE","og_type":"article","og_title":"Professionelle Weaver Schienen, Weaver Montagen und Weaver Ringe","og_description":"Professionelle Weaver Schienen, professionelle Weaver Montagen und professionelle Weaver Ringe f\u00fcr begeisterte J\u00e4ger und Sportsch\u00fctzen.","og_url":"https:\/\/contessascopemounts.com\/de\/qualitaet\/","og_site_name":"Contessa","article_publisher":"https:\/\/www.facebook.com\/contessascopemounts","article_modified_time":"2025-11-13T08:46:58+00:00","og_image":[{"width":1000,"height":454,"url":"https:\/\/contessascopemounts.com\/wp-content\/uploads\/2021\/09\/contessa-porta-ottiche.jpg","type":"image\/jpeg"}],"twitter_card":"summary_large_image","twitter_misc":{"Gesch\u00e4tzte Lesezeit":"8\u00a0Minuten"},"schema":{"@context":"https:\/\/schema.org","@graph":[{"@type":"WebPage","@id":"https:\/\/contessascopemounts.com\/de\/qualitaet\/","url":"https:\/\/contessascopemounts.com\/de\/qualitaet\/","name":"Professionelle Weaver Schienen, Weaver Montagen und Weaver Ringe","isPartOf":{"@id":"https:\/\/contessascopemounts.com\/de\/#website"},"datePublished":"2025-07-31T06:13:18+00:00","dateModified":"2025-11-13T08:46:58+00:00","description":"Professionelle Weaver Schienen, professionelle Weaver Montagen und professionelle Weaver Ringe f\u00fcr begeisterte J\u00e4ger und Sportsch\u00fctzen.","breadcrumb":{"@id":"https:\/\/contessascopemounts.com\/de\/qualitaet\/#breadcrumb"},"inLanguage":"de","potentialAction":[{"@type":"ReadAction","target":["https:\/\/contessascopemounts.com\/de\/qualitaet\/"]}]},{"@type":"BreadcrumbList","@id":"https:\/\/contessascopemounts.com\/de\/qualitaet\/#breadcrumb","itemListElement":[{"@type":"ListItem","position":1,"name":"Home","item":"https:\/\/contessascopemounts.com\/de\/"},{"@type":"ListItem","position":2,"name":"Qualit\u00e4t"}]},{"@type":"WebSite","@id":"https:\/\/contessascopemounts.com\/de\/#website","url":"https:\/\/contessascopemounts.com\/de\/","name":"Contessa","description":"Professional Scope Mounts","publisher":{"@id":"https:\/\/contessascopemounts.com\/de\/#organization"},"potentialAction":[{"@type":"SearchAction","target":{"@type":"EntryPoint","urlTemplate":"https:\/\/contessascopemounts.com\/de\/?s={search_term_string}"},"query-input":{"@type":"PropertyValueSpecification","valueRequired":true,"valueName":"search_term_string"}}],"inLanguage":"de"},{"@type":"Organization","@id":"https:\/\/contessascopemounts.com\/de\/#organization","name":"CONTESSA","url":"https:\/\/contessascopemounts.com\/de\/","logo":{"@type":"ImageObject","inLanguage":"de","@id":"https:\/\/contessascopemounts.com\/de\/#\/schema\/logo\/image\/","url":"https:\/\/contessascopemounts.com\/wp-content\/uploads\/2021\/04\/Contessa-supporti-per-ottiche-made-in-italy.png","contentUrl":"https:\/\/contessascopemounts.com\/wp-content\/uploads\/2021\/04\/Contessa-supporti-per-ottiche-made-in-italy.png","width":1000,"height":411,"caption":"CONTESSA"},"image":{"@id":"https:\/\/contessascopemounts.com\/de\/#\/schema\/logo\/image\/"},"sameAs":["https:\/\/www.facebook.com\/contessascopemounts","https:\/\/www.instagram.com\/contessa_mounts\/?fbclid=IwAR0Yr8lwWVwN0ewOz1bCVK4ZAKI8lkRIVuhxyX56qNYkwSaMAUVleye6XiE","https:\/\/www.youtube.com\/channel\/UCEjBcvoWy-XvVVujqw-psXQ"]}]}},"_links":{"self":[{"href":"https:\/\/contessascopemounts.com\/de\/wp-json\/wp\/v2\/pages\/9037","targetHints":{"allow":["GET"]}}],"collection":[{"href":"https:\/\/contessascopemounts.com\/de\/wp-json\/wp\/v2\/pages"}],"about":[{"href":"https:\/\/contessascopemounts.com\/de\/wp-json\/wp\/v2\/types\/page"}],"author":[{"embeddable":true,"href":"https:\/\/contessascopemounts.com\/de\/wp-json\/wp\/v2\/users\/3"}],"replies":[{"embeddable":true,"href":"https:\/\/contessascopemounts.com\/de\/wp-json\/wp\/v2\/comments?post=9037"}],"version-history":[{"count":4,"href":"https:\/\/contessascopemounts.com\/de\/wp-json\/wp\/v2\/pages\/9037\/revisions"}],"predecessor-version":[{"id":13247,"href":"https:\/\/contessascopemounts.com\/de\/wp-json\/wp\/v2\/pages\/9037\/revisions\/13247"}],"wp:attachment":[{"href":"https:\/\/contessascopemounts.com\/de\/wp-json\/wp\/v2\/media?parent=9037"}],"curies":[{"name":"wp","href":"https:\/\/api.w.org\/{rel}","templated":true}]}}