{"id":9032,"date":"2025-07-05T08:55:49","date_gmt":"2025-07-05T06:55:49","guid":{"rendered":"https:\/\/contessascopemounts.com\/?page_id=9032"},"modified":"2025-09-29T14:58:47","modified_gmt":"2025-09-29T12:58:47","slug":"kontakt","status":"publish","type":"page","link":"https:\/\/contessascopemounts.com\/de\/kontakt\/","title":{"rendered":"Kontakt"},"content":{"rendered":"<div class=\"wpb-content-wrapper\"><p>[vc_row layout=&#8221;container-fluid&#8221;][vc_column][vc_custom_heading text=&#8221;<strong>KONTAKTE<\/strong>&#8221; font_container=&#8221;tag:h2|text_align:center|color:%23000000&#8243; use_theme_fonts=&#8221;yes&#8221; css=&#8221;.vc_custom_1623702431289{margin-bottom: 0px !important;}&#8221; el_class=&#8221;letter-spacing-5px&#8221;][vc_custom_heading text=&#8221;<strong>Kontaktieren Sie uns f\u00fcr weitere Informationen.<\/strong>&#8221; font_container=&#8221;tag:h5|font_size:18px|text_align:center|color:%23000000&#8243; use_theme_fonts=&#8221;yes&#8221;][vc_custom_heading text=&#8221;<strong>CONTESSA<\/strong>&#8221; font_container=&#8221;tag:h2|font_size:60|text_align:center|color:rgba(154%2C133%2C85%2C0.2)&#8221; use_theme_fonts=&#8221;yes&#8221; css=&#8221;.vc_custom_1627221812959{margin-top: -93px !important;}&#8221; el_class=&#8221;letter-spacing-5px&#8221;][vc_separator color=&#8221;custom&#8221; border_width=&#8221;2&#8243; el_width=&#8221;10&#8243; css=&#8221;.vc_custom_1619593237702{padding-top: 20px !important;padding-bottom: 20px !important;}&#8221; accent_color=&#8221;#9a8555&#8243;][vc_empty_space height=&#8221;20px&#8221;][\/vc_column][\/vc_row][vc_row css=&#8221;.vc_custom_1627221796126{padding-right: 10px !important;padding-left: 10px !important;}&#8221;][vc_column][vc_column_text]<\/p>\n<p style=\"text-align: center;\"><span style=\"font-size: 16px;\"><span style=\"color: #000000;\">Ben\u00f6tigen Sie Hilfe oder m\u00f6chten Sie mehr Informationen \u00fcber unsere Produkte? Z\u00f6gern Sie nicht, uns zu kontaktieren! Einer unserer Mitarbeiter wird sich so schnell wie m\u00f6glich mit Ihnen in Verbindung setzen. <\/span><br \/>\n<\/span>[\/vc_column_text][\/vc_column][\/vc_row][vc_row][vc_column][vc_empty_space height=&#8221;40px&#8221;][\/vc_column][\/vc_row][vc_row][vc_column][vc_row_inner css=&#8221;.vc_custom_1458379696809{border-top-width: 1px !important;border-right-width: 1px !important;border-bottom-width: 1px !important;border-left-width: 1px !important;padding-top: 3% !important;padding-bottom: 6% !important;background-color: #ffffff !important;border-left-color: #e9e9e9 !important;border-left-style: solid !important;border-right-color: #e9e9e9 !important;border-right-style: solid !important;border-top-color: #e9e9e9 !important;border-top-style: solid !important;border-bottom-color: #e9e9e9 !important;border-bottom-style: solid !important;}&#8221;][vc_column_inner width=&#8221;1\/3&#8243;]                        <div class=\" \" >\r\n                <div class=\"style_4 icon-box-shortcode-wrap\">\r\n    <div class=\"icon-box-container\">\r\n            <a href=\"https:\/\/www.google.com\/maps\/dir\/\/contessa+marcheno\/data=!4m6!4m5!1m1!4e2!1m2!1m1!1s0x47817e86d351c611:0x1716720f11a9bf89?sa=X&amp;ved=2ahUKEwjCgO_zwp_wAhUng_0HHRaGB_4Q9RcwHHoECEUQBQ\" title=\"\" target=\"_blank\">\r\n        \t<div class=\"icon-wrap\">\r\n        \t<span class=\"vc_li vc_li-location\" style=\"color:#9a8555\"><\/span>\r\n        <\/div>    \r\n            <\/a>\r\n            <div class=\"icon-content\">\r\n            <h2 class=\"icon-title\">\r\n                                    <a href=\"https:\/\/www.google.com\/maps\/dir\/\/contessa+marcheno\/data=!4m6!4m5!1m1!4e2!1m2!1m1!1s0x47817e86d351c611:0x1716720f11a9bf89?sa=X&amp;ved=2ahUKEwjCgO_zwp_wAhUng_0HHRaGB_4Q9RcwHHoECEUQBQ\" title=\"\" target=\"_blank\">\r\n                                Adresse                                    <\/a>\r\n                            <\/h2>\r\n            <p class=\"icon-description\">Via Canossi, 18\/E 25060 Marcheno (BS) Italy<\/p>\r\n        <\/div>\r\n    <\/div>\r\n<\/div>            <\/div>\r\n                    [\/vc_column_inner][vc_column_inner width=&#8221;1\/3&#8243;]                        <div class=\" \" >\r\n                <div class=\"style_4 icon-box-shortcode-wrap\">\r\n    <div class=\"icon-box-container\">\r\n            <a href=\"tel:0039030861648\" title=\"\" target=\"_self\">\r\n        \t<div class=\"icon-wrap\">\r\n        \t<span class=\"vc_li vc_li-phone\" style=\"color:#9a8555\"><\/span>\r\n        <\/div>    \r\n            <\/a>\r\n            <div class=\"icon-content\">\r\n            <h2 class=\"icon-title\">\r\n                                    <a href=\"tel:0039030861648\" title=\"\" target=\"_self\">\r\n                                Telefon \/ Fax                                    <\/a>\r\n                            <\/h2>\r\n            <p class=\"icon-description\">Tel. +39 030 861648 Fax +39 030 8966661<\/p>\r\n        <\/div>\r\n    <\/div>\r\n<\/div>            <\/div>\r\n                    [\/vc_column_inner][vc_column_inner width=&#8221;1\/3&#8243;]                        <div class=\" \" >\r\n                <div class=\"style_4 icon-box-shortcode-wrap\">\r\n    <div class=\"icon-box-container\">\r\n            <a href=\"mailto:info@contessa.srl\" title=\"\" target=\"_blank\">\r\n        \t<div class=\"icon-wrap\">\r\n        \t<span class=\"vc_li vc_li-mail\" style=\"color:#9a8555\"><\/span>\r\n        <\/div>    \r\n            <\/a>\r\n            <div class=\"icon-content\">\r\n            <h2 class=\"icon-title\">\r\n                                    <a href=\"mailto:info@contessa.srl\" title=\"\" target=\"_blank\">\r\n                                E-Mail                                    <\/a>\r\n                            <\/h2>\r\n            <p class=\"icon-description\">info@contessa.srl<\/p>\r\n        <\/div>\r\n    <\/div>\r\n<\/div>            <\/div>\r\n                    [\/vc_column_inner][\/vc_row_inner][\/vc_column][\/vc_row][vc_row full_width=&#8221;stretch_row_content_no_spaces&#8221; gap=&#8221;35&#8243;][vc_column css=&#8221;.vc_custom_1623706220261{margin-right: -20px !important;}&#8221;][vc_row_inner css=&#8221;.vc_custom_1460626841896{margin-top: 3% !important;border-top-width: 1px !important;border-right-width: 1px !important;border-bottom-width: 1px !important;border-left-width: 1px !important;padding-top: 7% !important;padding-bottom: 7% !important;background-color: #ffffff !important;border-left-color: #e9e9e9 !important;border-left-style: solid !important;border-right-color: #e9e9e9 !important;border-right-style: solid !important;border-top-color: #e9e9e9 !important;border-top-style: solid !important;border-bottom-color: #e9e9e9 !important;border-bottom-style: solid !important;}&#8221;][vc_column_inner width=&#8221;1\/2&#8243;][vc_column_text]<\/p>\n<p style=\"text-align: center;\"><span style=\"font-size: 18px;\"><strong><span style=\"color: #363738;\">F\u00fcllen Sie das untenstehende Formular aus. Sie werden bald kontaktiert!<\/span><\/strong><br \/>\n<\/span>[\/vc_column_text][vc_raw_html css=&#8221;.vc_custom_1759150716426{padding-top: 30px !important;padding-right: 30px !important;padding-bottom: 30px !important;padding-left: 30px !important;}&#8221;]JTNDZGl2JTIwY2xhc3MlM0QlMjJtYXBfY3VzdG9tX25vdGlmeSUyMG1hcF9hcGlfa2V5X2dvb2dsZV9yZWNhcHRjaGElMjBzaG93Q29uc2VudEFnYWluJTIyJTIwc3R5bGUlM0QlMjJkaXNwbGF5JTNBJTIwYmxvY2slM0IlMjIlM0UlMEFBY2h0dW5nJTNBJTIwRGVpbmUlMjBDb29raWUtRWluc3RlbGx1bmdlbiUyMGVybGF1YmVuJTIwZGFzJTIwQWJzZW5kZW4lMjBkZXMlMjBGb3JtdWxhcnMlMjBuaWNodC4lMjBLbGlja2UlMjBoaWVyJTJDJTIwdW0lMjBkZWluZSUyMEVpbnN0ZWxsdW5nZW4lMjB6dSUyMCVDMyVCQ2JlcnByJUMzJUJDZmVuLiUwQSUzQyUyRmRpdiUzRSUwQSU1QndwZm9ybXMlMjBpZCUzRCUyMjkwOTYlMjIlMjB0aXRsZSUzRCUyMmZhbHNlJTIyJTVE[\/vc_raw_html][\/vc_column_inner][vc_column_inner width=&#8221;1\/2&#8243;][vc_column_text]<\/p>\n<p style=\"text-align: center;\"><span style=\"font-size: 18px;\"><strong><span style=\"color: #363738;\">WO WIR SIND<\/span><\/strong><br \/>\n<\/span>[\/vc_column_text][vc_empty_space height=&#8221;40px&#8221;][vc_raw_html css=&#8221;.vc_custom_1759150722882{padding-right: 30px !important;padding-left: 30px !important;}&#8221;]JTNDZGl2JTIwY2xhc3MlM0QlMjJtYXBfY3VzdG9tX25vdGlmeSUyMG1hcF9hcGlfa2V5X2dvb2dsZV9tYXBzJTIwc2hvd0NvbnNlbnRBZ2FpbiUyMiUyMHN0eWxlJTNEJTIyZGlzcGxheSUzQSUyMGJsb2NrJTNCJTIyJTNFJTBBQWNodHVuZyUzQSUyMERlaW5lJTIwQ29va2llLUVpbnN0ZWxsdW5nZW4lMjBlcmxhdWJlbiUyMGRpZSUyMEFuemVpZ2UlMjBkZXIlMjBLYXJ0ZSUyMG5pY2h0LiUyMEtsaWNrZSUyMGhpZXIlMkMlMjB1bSUyMGRlaW5lJTIwRWluc3RlbGx1bmdlbiUyMHp1JTIwJUMzJUJDYmVycHIlQzMlQkNmZW4uJTBBJTNDJTJGZGl2JTNFJTBBJTVCZ29vZ2xlX21hcF9lYXN5JTIwaWQlM0QlMjIxJTIyJTVE[\/vc_raw_html][\/vc_column_inner][\/vc_row_inner][\/vc_column][\/vc_row][vc_row][vc_column][vc_empty_space height=&#8221;80px&#8221;][\/vc_column][\/vc_row]<\/p>\n<\/div>","protected":false},"excerpt":{"rendered":"<p>[vc_row layout=&#8221;container-fluid&#8221;][vc_column][vc_custom_heading text=&#8221;KONTAKTE&#8221; font_container=&#8221;tag:h2|text_align:center|color:%23000000&#8243; use_theme_fonts=&#8221;yes&#8221; css=&#8221;.vc_custom_1623702431289{margin-bottom: 0px !important;}&#8221; el_class=&#8221;letter-spacing-5px&#8221;][vc_custom_heading text=&#8221;Kontaktieren Sie uns f\u00fcr weitere Informationen.&#8221; font_container=&#8221;tag:h5|font_size:18px|text_align:center|color:%23000000&#8243; use_theme_fonts=&#8221;yes&#8221;][vc_custom_heading text=&#8221;CONTESSA&#8221; font_container=&#8221;tag:h2|font_size:60|text_align:center|color:rgba(154%2C133%2C85%2C0.2)&#8221; use_theme_fonts=&#8221;yes&#8221; css=&#8221;.vc_custom_1627221812959{margin-top: -93px !important;}&#8221; el_class=&#8221;letter-spacing-5px&#8221;][vc_separator color=&#8221;custom&#8221; border_width=&#8221;2&#8243; el_width=&#8221;10&#8243; css=&#8221;.vc_custom_1619593237702{padding-top: 20px !important;padding-bottom: 20px !important;}&#8221; accent_color=&#8221;#9a8555&#8243;][vc_empty_space height=&#8221;20px&#8221;][\/vc_column][\/vc_row][vc_row css=&#8221;.vc_custom_1627221796126{padding-right: 10px !important;padding-left: 10px !important;}&#8221;][vc_column][vc_column_text] Ben\u00f6tigen Sie Hilfe oder m\u00f6chten Sie mehr Informationen \u00fcber unsere Produkte? Z\u00f6gern Sie nicht, uns zu&#8230;<\/p>\n","protected":false},"author":3,"featured_media":0,"parent":0,"menu_order":0,"comment_status":"closed","ping_status":"closed","template":"","meta":{"footnotes":""},"class_list":["post-9032","page","type-page","status-publish","hentry"],"yoast_head":"<!-- This site is optimized with the Yoast SEO plugin v27.5 - https:\/\/yoast.com\/product\/yoast-seo-wordpress\/ -->\n<title>Contessa - Kontakt<\/title>\n<meta name=\"description\" content=\"Kontaktieren Sie uns f\u00fcr weitere Informationen. Tel. +39 030 861648 info@contessa.srl - Via Canossi, 18\/E25060 Marcheno (BS) Italien\" \/>\n<meta name=\"robots\" content=\"index, follow, max-snippet:-1, max-image-preview:large, max-video-preview:-1\" \/>\n<link rel=\"canonical\" href=\"https:\/\/contessascopemounts.com\/de\/kontakt\/\" \/>\n<meta property=\"og:locale\" content=\"de_DE\" \/>\n<meta property=\"og:type\" content=\"article\" \/>\n<meta property=\"og:title\" content=\"Contessa - Kontakt\" \/>\n<meta property=\"og:description\" content=\"Kontaktieren Sie uns f\u00fcr weitere Informationen. Tel. +39 030 861648 info@contessa.srl - Via Canossi, 18\/E25060 Marcheno (BS) Italien\" \/>\n<meta property=\"og:url\" content=\"https:\/\/contessascopemounts.com\/de\/kontakt\/\" \/>\n<meta property=\"og:site_name\" content=\"Contessa\" \/>\n<meta property=\"article:publisher\" content=\"https:\/\/www.facebook.com\/contessascopemounts\" \/>\n<meta property=\"article:modified_time\" content=\"2025-09-29T12:58:47+00:00\" \/>\n<meta property=\"og:image\" content=\"https:\/\/contessascopemounts.com\/wp-content\/uploads\/2021\/09\/contessa-porta-ottiche.jpg\" \/>\n\t<meta property=\"og:image:width\" content=\"1000\" \/>\n\t<meta property=\"og:image:height\" content=\"454\" \/>\n\t<meta property=\"og:image:type\" content=\"image\/jpeg\" \/>\n<meta name=\"twitter:card\" content=\"summary_large_image\" \/>\n<meta name=\"twitter:label1\" content=\"Gesch\u00e4tzte Lesezeit\" \/>\n\t<meta name=\"twitter:data1\" content=\"1\u00a0Minute\" \/>\n<script type=\"application\/ld+json\" class=\"yoast-schema-graph\">{\"@context\":\"https:\\\/\\\/schema.org\",\"@graph\":[{\"@type\":\"WebPage\",\"@id\":\"https:\\\/\\\/contessascopemounts.com\\\/de\\\/kontakt\\\/\",\"url\":\"https:\\\/\\\/contessascopemounts.com\\\/de\\\/kontakt\\\/\",\"name\":\"Contessa - Kontakt\",\"isPartOf\":{\"@id\":\"https:\\\/\\\/contessascopemounts.com\\\/de\\\/#website\"},\"datePublished\":\"2025-07-05T06:55:49+00:00\",\"dateModified\":\"2025-09-29T12:58:47+00:00\",\"description\":\"Kontaktieren Sie uns f\u00fcr weitere Informationen. Tel. +39 030 861648 info@contessa.srl - Via Canossi, 18\\\/E25060 Marcheno (BS) Italien\",\"breadcrumb\":{\"@id\":\"https:\\\/\\\/contessascopemounts.com\\\/de\\\/kontakt\\\/#breadcrumb\"},\"inLanguage\":\"de\",\"potentialAction\":[{\"@type\":\"ReadAction\",\"target\":[\"https:\\\/\\\/contessascopemounts.com\\\/de\\\/kontakt\\\/\"]}]},{\"@type\":\"BreadcrumbList\",\"@id\":\"https:\\\/\\\/contessascopemounts.com\\\/de\\\/kontakt\\\/#breadcrumb\",\"itemListElement\":[{\"@type\":\"ListItem\",\"position\":1,\"name\":\"Home\",\"item\":\"https:\\\/\\\/contessascopemounts.com\\\/de\\\/\"},{\"@type\":\"ListItem\",\"position\":2,\"name\":\"Kontakt\"}]},{\"@type\":\"WebSite\",\"@id\":\"https:\\\/\\\/contessascopemounts.com\\\/de\\\/#website\",\"url\":\"https:\\\/\\\/contessascopemounts.com\\\/de\\\/\",\"name\":\"Contessa\",\"description\":\"Professional Scope Mounts\",\"publisher\":{\"@id\":\"https:\\\/\\\/contessascopemounts.com\\\/de\\\/#organization\"},\"potentialAction\":[{\"@type\":\"SearchAction\",\"target\":{\"@type\":\"EntryPoint\",\"urlTemplate\":\"https:\\\/\\\/contessascopemounts.com\\\/de\\\/?s={search_term_string}\"},\"query-input\":{\"@type\":\"PropertyValueSpecification\",\"valueRequired\":true,\"valueName\":\"search_term_string\"}}],\"inLanguage\":\"de\"},{\"@type\":\"Organization\",\"@id\":\"https:\\\/\\\/contessascopemounts.com\\\/de\\\/#organization\",\"name\":\"CONTESSA\",\"url\":\"https:\\\/\\\/contessascopemounts.com\\\/de\\\/\",\"logo\":{\"@type\":\"ImageObject\",\"inLanguage\":\"de\",\"@id\":\"https:\\\/\\\/contessascopemounts.com\\\/de\\\/#\\\/schema\\\/logo\\\/image\\\/\",\"url\":\"https:\\\/\\\/contessascopemounts.com\\\/wp-content\\\/uploads\\\/2021\\\/04\\\/Contessa-supporti-per-ottiche-made-in-italy.png\",\"contentUrl\":\"https:\\\/\\\/contessascopemounts.com\\\/wp-content\\\/uploads\\\/2021\\\/04\\\/Contessa-supporti-per-ottiche-made-in-italy.png\",\"width\":1000,\"height\":411,\"caption\":\"CONTESSA\"},\"image\":{\"@id\":\"https:\\\/\\\/contessascopemounts.com\\\/de\\\/#\\\/schema\\\/logo\\\/image\\\/\"},\"sameAs\":[\"https:\\\/\\\/www.facebook.com\\\/contessascopemounts\",\"https:\\\/\\\/www.instagram.com\\\/contessa_mounts\\\/?fbclid=IwAR0Yr8lwWVwN0ewOz1bCVK4ZAKI8lkRIVuhxyX56qNYkwSaMAUVleye6XiE\",\"https:\\\/\\\/www.youtube.com\\\/channel\\\/UCEjBcvoWy-XvVVujqw-psXQ\"]}]}<\/script>\n<!-- \/ Yoast SEO plugin. -->","yoast_head_json":{"title":"Contessa - Kontakt","description":"Kontaktieren Sie uns f\u00fcr weitere Informationen. Tel. +39 030 861648 info@contessa.srl - Via Canossi, 18\/E25060 Marcheno (BS) Italien","robots":{"index":"index","follow":"follow","max-snippet":"max-snippet:-1","max-image-preview":"max-image-preview:large","max-video-preview":"max-video-preview:-1"},"canonical":"https:\/\/contessascopemounts.com\/de\/kontakt\/","og_locale":"de_DE","og_type":"article","og_title":"Contessa - Kontakt","og_description":"Kontaktieren Sie uns f\u00fcr weitere Informationen. Tel. +39 030 861648 info@contessa.srl - Via Canossi, 18\/E25060 Marcheno (BS) Italien","og_url":"https:\/\/contessascopemounts.com\/de\/kontakt\/","og_site_name":"Contessa","article_publisher":"https:\/\/www.facebook.com\/contessascopemounts","article_modified_time":"2025-09-29T12:58:47+00:00","og_image":[{"width":1000,"height":454,"url":"https:\/\/contessascopemounts.com\/wp-content\/uploads\/2021\/09\/contessa-porta-ottiche.jpg","type":"image\/jpeg"}],"twitter_card":"summary_large_image","twitter_misc":{"Gesch\u00e4tzte Lesezeit":"1\u00a0Minute"},"schema":{"@context":"https:\/\/schema.org","@graph":[{"@type":"WebPage","@id":"https:\/\/contessascopemounts.com\/de\/kontakt\/","url":"https:\/\/contessascopemounts.com\/de\/kontakt\/","name":"Contessa - Kontakt","isPartOf":{"@id":"https:\/\/contessascopemounts.com\/de\/#website"},"datePublished":"2025-07-05T06:55:49+00:00","dateModified":"2025-09-29T12:58:47+00:00","description":"Kontaktieren Sie uns f\u00fcr weitere Informationen. Tel. +39 030 861648 info@contessa.srl - Via Canossi, 18\/E25060 Marcheno (BS) Italien","breadcrumb":{"@id":"https:\/\/contessascopemounts.com\/de\/kontakt\/#breadcrumb"},"inLanguage":"de","potentialAction":[{"@type":"ReadAction","target":["https:\/\/contessascopemounts.com\/de\/kontakt\/"]}]},{"@type":"BreadcrumbList","@id":"https:\/\/contessascopemounts.com\/de\/kontakt\/#breadcrumb","itemListElement":[{"@type":"ListItem","position":1,"name":"Home","item":"https:\/\/contessascopemounts.com\/de\/"},{"@type":"ListItem","position":2,"name":"Kontakt"}]},{"@type":"WebSite","@id":"https:\/\/contessascopemounts.com\/de\/#website","url":"https:\/\/contessascopemounts.com\/de\/","name":"Contessa","description":"Professional Scope Mounts","publisher":{"@id":"https:\/\/contessascopemounts.com\/de\/#organization"},"potentialAction":[{"@type":"SearchAction","target":{"@type":"EntryPoint","urlTemplate":"https:\/\/contessascopemounts.com\/de\/?s={search_term_string}"},"query-input":{"@type":"PropertyValueSpecification","valueRequired":true,"valueName":"search_term_string"}}],"inLanguage":"de"},{"@type":"Organization","@id":"https:\/\/contessascopemounts.com\/de\/#organization","name":"CONTESSA","url":"https:\/\/contessascopemounts.com\/de\/","logo":{"@type":"ImageObject","inLanguage":"de","@id":"https:\/\/contessascopemounts.com\/de\/#\/schema\/logo\/image\/","url":"https:\/\/contessascopemounts.com\/wp-content\/uploads\/2021\/04\/Contessa-supporti-per-ottiche-made-in-italy.png","contentUrl":"https:\/\/contessascopemounts.com\/wp-content\/uploads\/2021\/04\/Contessa-supporti-per-ottiche-made-in-italy.png","width":1000,"height":411,"caption":"CONTESSA"},"image":{"@id":"https:\/\/contessascopemounts.com\/de\/#\/schema\/logo\/image\/"},"sameAs":["https:\/\/www.facebook.com\/contessascopemounts","https:\/\/www.instagram.com\/contessa_mounts\/?fbclid=IwAR0Yr8lwWVwN0ewOz1bCVK4ZAKI8lkRIVuhxyX56qNYkwSaMAUVleye6XiE","https:\/\/www.youtube.com\/channel\/UCEjBcvoWy-XvVVujqw-psXQ"]}]}},"_links":{"self":[{"href":"https:\/\/contessascopemounts.com\/de\/wp-json\/wp\/v2\/pages\/9032","targetHints":{"allow":["GET"]}}],"collection":[{"href":"https:\/\/contessascopemounts.com\/de\/wp-json\/wp\/v2\/pages"}],"about":[{"href":"https:\/\/contessascopemounts.com\/de\/wp-json\/wp\/v2\/types\/page"}],"author":[{"embeddable":true,"href":"https:\/\/contessascopemounts.com\/de\/wp-json\/wp\/v2\/users\/3"}],"replies":[{"embeddable":true,"href":"https:\/\/contessascopemounts.com\/de\/wp-json\/wp\/v2\/comments?post=9032"}],"version-history":[{"count":11,"href":"https:\/\/contessascopemounts.com\/de\/wp-json\/wp\/v2\/pages\/9032\/revisions"}],"predecessor-version":[{"id":11907,"href":"https:\/\/contessascopemounts.com\/de\/wp-json\/wp\/v2\/pages\/9032\/revisions\/11907"}],"wp:attachment":[{"href":"https:\/\/contessascopemounts.com\/de\/wp-json\/wp\/v2\/media?parent=9032"}],"curies":[{"name":"wp","href":"https:\/\/api.w.org\/{rel}","templated":true}]}}