{"id":9023,"date":"2025-07-31T08:13:17","date_gmt":"2025-07-31T06:13:17","guid":{"rendered":"https:\/\/contessascopemounts.com\/?page_id=9023"},"modified":"2025-07-31T08:13:18","modified_gmt":"2025-07-31T06:13:18","slug":"carlo-mattiello","status":"publish","type":"page","link":"https:\/\/contessascopemounts.com\/de\/carlo-mattiello\/","title":{"rendered":"Carlo Mattiello"},"content":{"rendered":"<div class=\"wpb-content-wrapper\"><p>[vc_row][vc_column][vc_empty_space height=&#8221;15px&#8221;][\/vc_column][\/vc_row][vc_row layout=&#8221;container-fluid&#8221;][vc_column][vc_custom_heading text=&#8221;<strong>CARLO MATTIELLO<\/strong>&#8221; font_container=&#8221;tag:h2|text_align:center|color:%23000000&#8243; use_theme_fonts=&#8221;yes&#8221; css=&#8221;.vc_custom_1629485632918{margin-bottom: 0px !important;}&#8221; el_class=&#8221;letter-spacing-5px&#8221;][vc_custom_heading text=&#8221;<strong>Landes- und aktueller Meister im Wildschweinschie\u00dfen.<\/strong>&#8221; font_container=&#8221;tag:h5|font_size:18px|text_align:center|color:%23000000&#8243; use_theme_fonts=&#8221;yes&#8221; css=&#8221;.vc_custom_1629488120045{padding-right: 8px !important;padding-left: 8px !important;}&#8221;][vc_custom_heading text=&#8221;<strong>TESTIMONIAL<\/strong>&#8221; font_container=&#8221;tag:h2|font_size:58|text_align:center|color:rgba(154%2C133%2C85%2C0.2)&#8221; use_theme_fonts=&#8221;yes&#8221; css=&#8221;.vc_custom_1627221408235{margin-top: -93px !important;}&#8221; el_class=&#8221;letter-spacing-2px&#8221;][vc_separator color=&#8221;custom&#8221; border_width=&#8221;2&#8243; el_width=&#8221;10&#8243; accent_color=&#8221;#9a8555&#8243; css=&#8221;.vc_custom_1619593237702{padding-top: 20px !important;padding-bottom: 20px !important;}&#8221;][\/vc_column][\/vc_row][vc_row css=&#8221;.vc_custom_1706315265054{padding-right: 10px !important;padding-left: 10px !important;}&#8221;][vc_column css=&#8221;.vc_custom_1706315256681{padding-right: 10px !important;padding-left: 10px !important;}&#8221;][vc_column_text css=&#8221;.vc_custom_1706315238099{padding-right: 10px !important;padding-left: 10px !important;}&#8221;]<\/p>\n<p style=\"text-align: justify;\"><span style=\"font-weight: 400; color: #000000;\">Carlo Mattiello ist ein Meister im Pr\u00e4zisionsschie\u00dfen auf 200 Meter mit gezogenen L\u00e4ufen und im Wildschweinlauf, sowohl mit glatten als auch mit gezogenen L\u00e4ufen. Mattiello begann seine Karriere im Freiluftschie\u00dfen vor etwa f\u00fcnfzehn Jahren und hat in dieser Zeit zahlreiche italienische und europ\u00e4ische Meisterschaften gewonnen.<\/span><\/p>\n<p style=\"text-align: justify;\"><span style=\"font-weight: 400; color: #000000;\">Er nimmt an vielen aktuellen Wettbewerben im Schwarzwildschie\u00dfen teil, sowohl mit dem Gewehr als auch mit dem Glattrohr. Dabei verwendet er Leica Optiken und Contessa Schnellwechselmontagen, die ihn immer begleitet haben und ihn nie im Stich gelassen haben.  <\/span><span style=\"font-weight: 400; color: #000000;\">Allein im Jahr 2019 gewann er die Fidasc Italienische Meisterschaft in der Veteranenkategorie, die Fidasc Wintermeisterschaft in der Disziplin Full Country Shooting und den Europ\u00e4ischen Wettbewerb f\u00fcr Gewehrkugeln in Slowenien.<\/span><\/p>\n<p>[\/vc_column_text][\/vc_column][\/vc_row][vc_row][vc_column][vc_empty_space height=&#8221;60px&#8221;][\/vc_column][\/vc_row][vc_row gap=&#8221;2&#8243; equal_height=&#8221;yes&#8221; css=&#8221;.vc_custom_1706315280950{margin-right: 0px !important;margin-left: 0px !important;border-right-width: 0px !important;border-left-width: 0px !important;padding-right: 10px !important;padding-left: 10px !important;}&#8221;][vc_column width=&#8221;1\/3&#8243; css=&#8221;.vc_custom_1706315291030{padding-right: 10px !important;padding-left: 10px !important;}&#8221;][vc_single_image image=&#8221;9024&#8243; img_size=&#8221;full&#8221; onclick=&#8221;link_image&#8221; css=&#8221;.vc_custom_1706315318802{padding-right: 10px !important;padding-left: 10px !important;}&#8221;][\/vc_column][vc_column width=&#8221;1\/3&#8243; css=&#8221;.vc_custom_1706315307796{padding-right: 10px !important;padding-left: 10px !important;}&#8221;][vc_single_image image=&#8221;9025&#8243; img_size=&#8221;full&#8221; onclick=&#8221;link_image&#8221; css=&#8221;.vc_custom_1706315331939{padding-right: 10px !important;padding-left: 10px !important;}&#8221;][\/vc_column][vc_column width=&#8221;1\/3&#8243;][\/vc_column][\/vc_row][vc_row][vc_column][vc_empty_space height=&#8221;80px&#8221;][\/vc_column][\/vc_row][vc_row disable_element=&#8221;yes&#8221;][vc_column width=&#8221;1\/3&#8243;]                        <div class=\" \" >\r\n                <div class=\"style_4 icon-box-shortcode-wrap\">\r\n    <div class=\"icon-box-container\">\r\n            <a href=\"https:\/\/www.instagram.com\/caccia_italia_360\/\" title=\"\" target=\"_blank\">\r\n        \t<div class=\"icon-wrap\">\r\n        \t<span class=\"fab fa-instagram\" style=\"color:#9a8555\"><\/span>\r\n        <\/div>    \r\n            <\/a>\r\n            <div class=\"icon-content\">\r\n            <h2 class=\"icon-title\">\r\n                                    <a href=\"https:\/\/www.instagram.com\/caccia_italia_360\/\" title=\"\" target=\"_blank\">\r\n                                Instagram                                    <\/a>\r\n                            <\/h2>\r\n            <p class=\"icon-description\">caccia_italia_360<\/p>\r\n        <\/div>\r\n    <\/div>\r\n<\/div>            <\/div>\r\n                    [\/vc_column][vc_column width=&#8221;1\/3&#8243;][\/vc_column][vc_column width=&#8221;1\/3&#8243;][\/vc_column][\/vc_row][vc_row disable_element=&#8221;yes&#8221;][vc_column][vc_empty_space height=&#8221;80px&#8221;][\/vc_column][\/vc_row]<\/p>\n<\/div>","protected":false},"excerpt":{"rendered":"<p>[vc_row][vc_column][vc_empty_space height=&#8221;15px&#8221;][\/vc_column][\/vc_row][vc_row layout=&#8221;container-fluid&#8221;][vc_column][vc_custom_heading text=&#8221;CARLO MATTIELLO&#8221; font_container=&#8221;tag:h2|text_align:center|color:%23000000&#8243; use_theme_fonts=&#8221;yes&#8221; css=&#8221;.vc_custom_1629485632918{margin-bottom: 0px !important;}&#8221; el_class=&#8221;letter-spacing-5px&#8221;][vc_custom_heading text=&#8221;Landes- und aktueller Meister im Wildschweinschie\u00dfen.&#8221; font_container=&#8221;tag:h5|font_size:18px|text_align:center|color:%23000000&#8243; use_theme_fonts=&#8221;yes&#8221; css=&#8221;.vc_custom_1629488120045{padding-right: 8px !important;padding-left: 8px !important;}&#8221;][vc_custom_heading text=&#8221;TESTIMONIAL&#8221; font_container=&#8221;tag:h2|font_size:58|text_align:center|color:rgba(154%2C133%2C85%2C0.2)&#8221; use_theme_fonts=&#8221;yes&#8221; css=&#8221;.vc_custom_1627221408235{margin-top: -93px !important;}&#8221; el_class=&#8221;letter-spacing-2px&#8221;][vc_separator color=&#8221;custom&#8221; border_width=&#8221;2&#8243; el_width=&#8221;10&#8243; accent_color=&#8221;#9a8555&#8243; css=&#8221;.vc_custom_1619593237702{padding-top: 20px !important;padding-bottom: 20px !important;}&#8221;][\/vc_column][\/vc_row][vc_row css=&#8221;.vc_custom_1706315265054{padding-right: 10px !important;padding-left: 10px !important;}&#8221;][vc_column css=&#8221;.vc_custom_1706315256681{padding-right: 10px !important;padding-left: 10px !important;}&#8221;][vc_column_text css=&#8221;.vc_custom_1706315238099{padding-right: 10px !important;padding-left: 10px !important;}&#8221;]&#8230;<\/p>\n","protected":false},"author":3,"featured_media":0,"parent":0,"menu_order":0,"comment_status":"closed","ping_status":"closed","template":"","meta":{"footnotes":""},"class_list":["post-9023","page","type-page","status-publish","hentry"],"yoast_head":"<!-- This site is optimized with the Yoast SEO plugin v27.4 - https:\/\/yoast.com\/product\/yoast-seo-wordpress\/ -->\n<title>Testimonial Contessa - Carlo Mattiello<\/title>\n<meta name=\"description\" content=\"Landesmeister und aktueller Meister im Schwarzwildschie\u00dfen, sowohl mit dem Karabiner als auch mit dem glatten Gewehr unter Verwendung von Contessa-Schnellspannvorrichtungen.\" \/>\n<meta name=\"robots\" content=\"index, follow, max-snippet:-1, max-image-preview:large, max-video-preview:-1\" \/>\n<link rel=\"canonical\" href=\"https:\/\/contessascopemounts.com\/de\/carlo-mattiello\/\" \/>\n<meta property=\"og:locale\" content=\"de_DE\" \/>\n<meta property=\"og:type\" content=\"article\" \/>\n<meta property=\"og:title\" content=\"Testimonial Contessa - Carlo Mattiello\" \/>\n<meta property=\"og:description\" content=\"Landesmeister und aktueller Meister im Schwarzwildschie\u00dfen, sowohl mit dem Karabiner als auch mit dem glatten Gewehr unter Verwendung von Contessa-Schnellspannvorrichtungen.\" \/>\n<meta property=\"og:url\" content=\"https:\/\/contessascopemounts.com\/de\/carlo-mattiello\/\" \/>\n<meta property=\"og:site_name\" content=\"Contessa\" \/>\n<meta property=\"article:publisher\" content=\"https:\/\/www.facebook.com\/contessascopemounts\" \/>\n<meta property=\"article:modified_time\" content=\"2025-07-31T06:13:18+00:00\" \/>\n<meta property=\"og:image\" content=\"https:\/\/contessascopemounts.com\/wp-content\/uploads\/2021\/09\/contessa-porta-ottiche.jpg\" \/>\n\t<meta property=\"og:image:width\" content=\"1000\" \/>\n\t<meta property=\"og:image:height\" content=\"454\" \/>\n\t<meta property=\"og:image:type\" content=\"image\/jpeg\" \/>\n<meta name=\"twitter:card\" content=\"summary_large_image\" \/>\n<meta name=\"twitter:label1\" content=\"Gesch\u00e4tzte Lesezeit\" \/>\n\t<meta name=\"twitter:data1\" content=\"2\u00a0Minuten\" \/>\n<script type=\"application\/ld+json\" class=\"yoast-schema-graph\">{\"@context\":\"https:\\\/\\\/schema.org\",\"@graph\":[{\"@type\":\"WebPage\",\"@id\":\"https:\\\/\\\/contessascopemounts.com\\\/de\\\/carlo-mattiello\\\/\",\"url\":\"https:\\\/\\\/contessascopemounts.com\\\/de\\\/carlo-mattiello\\\/\",\"name\":\"Testimonial Contessa - Carlo Mattiello\",\"isPartOf\":{\"@id\":\"https:\\\/\\\/contessascopemounts.com\\\/de\\\/#website\"},\"datePublished\":\"2025-07-31T06:13:17+00:00\",\"dateModified\":\"2025-07-31T06:13:18+00:00\",\"description\":\"Landesmeister und aktueller Meister im Schwarzwildschie\u00dfen, sowohl mit dem Karabiner als auch mit dem glatten Gewehr unter Verwendung von Contessa-Schnellspannvorrichtungen.\",\"breadcrumb\":{\"@id\":\"https:\\\/\\\/contessascopemounts.com\\\/de\\\/carlo-mattiello\\\/#breadcrumb\"},\"inLanguage\":\"de\",\"potentialAction\":[{\"@type\":\"ReadAction\",\"target\":[\"https:\\\/\\\/contessascopemounts.com\\\/de\\\/carlo-mattiello\\\/\"]}]},{\"@type\":\"BreadcrumbList\",\"@id\":\"https:\\\/\\\/contessascopemounts.com\\\/de\\\/carlo-mattiello\\\/#breadcrumb\",\"itemListElement\":[{\"@type\":\"ListItem\",\"position\":1,\"name\":\"Home\",\"item\":\"https:\\\/\\\/contessascopemounts.com\\\/de\\\/\"},{\"@type\":\"ListItem\",\"position\":2,\"name\":\"Carlo Mattiello\"}]},{\"@type\":\"WebSite\",\"@id\":\"https:\\\/\\\/contessascopemounts.com\\\/de\\\/#website\",\"url\":\"https:\\\/\\\/contessascopemounts.com\\\/de\\\/\",\"name\":\"Contessa\",\"description\":\"Professional Scope Mounts\",\"publisher\":{\"@id\":\"https:\\\/\\\/contessascopemounts.com\\\/de\\\/#organization\"},\"potentialAction\":[{\"@type\":\"SearchAction\",\"target\":{\"@type\":\"EntryPoint\",\"urlTemplate\":\"https:\\\/\\\/contessascopemounts.com\\\/de\\\/?s={search_term_string}\"},\"query-input\":{\"@type\":\"PropertyValueSpecification\",\"valueRequired\":true,\"valueName\":\"search_term_string\"}}],\"inLanguage\":\"de\"},{\"@type\":\"Organization\",\"@id\":\"https:\\\/\\\/contessascopemounts.com\\\/de\\\/#organization\",\"name\":\"CONTESSA\",\"url\":\"https:\\\/\\\/contessascopemounts.com\\\/de\\\/\",\"logo\":{\"@type\":\"ImageObject\",\"inLanguage\":\"de\",\"@id\":\"https:\\\/\\\/contessascopemounts.com\\\/de\\\/#\\\/schema\\\/logo\\\/image\\\/\",\"url\":\"https:\\\/\\\/contessascopemounts.com\\\/wp-content\\\/uploads\\\/2021\\\/04\\\/Contessa-supporti-per-ottiche-made-in-italy.png\",\"contentUrl\":\"https:\\\/\\\/contessascopemounts.com\\\/wp-content\\\/uploads\\\/2021\\\/04\\\/Contessa-supporti-per-ottiche-made-in-italy.png\",\"width\":1000,\"height\":411,\"caption\":\"CONTESSA\"},\"image\":{\"@id\":\"https:\\\/\\\/contessascopemounts.com\\\/de\\\/#\\\/schema\\\/logo\\\/image\\\/\"},\"sameAs\":[\"https:\\\/\\\/www.facebook.com\\\/contessascopemounts\",\"https:\\\/\\\/www.instagram.com\\\/contessa_mounts\\\/?fbclid=IwAR0Yr8lwWVwN0ewOz1bCVK4ZAKI8lkRIVuhxyX56qNYkwSaMAUVleye6XiE\",\"https:\\\/\\\/www.youtube.com\\\/channel\\\/UCEjBcvoWy-XvVVujqw-psXQ\"]}]}<\/script>\n<!-- \/ Yoast SEO plugin. -->","yoast_head_json":{"title":"Testimonial Contessa - Carlo Mattiello","description":"Landesmeister und aktueller Meister im Schwarzwildschie\u00dfen, sowohl mit dem Karabiner als auch mit dem glatten Gewehr unter Verwendung von Contessa-Schnellspannvorrichtungen.","robots":{"index":"index","follow":"follow","max-snippet":"max-snippet:-1","max-image-preview":"max-image-preview:large","max-video-preview":"max-video-preview:-1"},"canonical":"https:\/\/contessascopemounts.com\/de\/carlo-mattiello\/","og_locale":"de_DE","og_type":"article","og_title":"Testimonial Contessa - Carlo Mattiello","og_description":"Landesmeister und aktueller Meister im Schwarzwildschie\u00dfen, sowohl mit dem Karabiner als auch mit dem glatten Gewehr unter Verwendung von Contessa-Schnellspannvorrichtungen.","og_url":"https:\/\/contessascopemounts.com\/de\/carlo-mattiello\/","og_site_name":"Contessa","article_publisher":"https:\/\/www.facebook.com\/contessascopemounts","article_modified_time":"2025-07-31T06:13:18+00:00","og_image":[{"width":1000,"height":454,"url":"https:\/\/contessascopemounts.com\/wp-content\/uploads\/2021\/09\/contessa-porta-ottiche.jpg","type":"image\/jpeg"}],"twitter_card":"summary_large_image","twitter_misc":{"Gesch\u00e4tzte Lesezeit":"2\u00a0Minuten"},"schema":{"@context":"https:\/\/schema.org","@graph":[{"@type":"WebPage","@id":"https:\/\/contessascopemounts.com\/de\/carlo-mattiello\/","url":"https:\/\/contessascopemounts.com\/de\/carlo-mattiello\/","name":"Testimonial Contessa - Carlo Mattiello","isPartOf":{"@id":"https:\/\/contessascopemounts.com\/de\/#website"},"datePublished":"2025-07-31T06:13:17+00:00","dateModified":"2025-07-31T06:13:18+00:00","description":"Landesmeister und aktueller Meister im Schwarzwildschie\u00dfen, sowohl mit dem Karabiner als auch mit dem glatten Gewehr unter Verwendung von Contessa-Schnellspannvorrichtungen.","breadcrumb":{"@id":"https:\/\/contessascopemounts.com\/de\/carlo-mattiello\/#breadcrumb"},"inLanguage":"de","potentialAction":[{"@type":"ReadAction","target":["https:\/\/contessascopemounts.com\/de\/carlo-mattiello\/"]}]},{"@type":"BreadcrumbList","@id":"https:\/\/contessascopemounts.com\/de\/carlo-mattiello\/#breadcrumb","itemListElement":[{"@type":"ListItem","position":1,"name":"Home","item":"https:\/\/contessascopemounts.com\/de\/"},{"@type":"ListItem","position":2,"name":"Carlo Mattiello"}]},{"@type":"WebSite","@id":"https:\/\/contessascopemounts.com\/de\/#website","url":"https:\/\/contessascopemounts.com\/de\/","name":"Contessa","description":"Professional Scope Mounts","publisher":{"@id":"https:\/\/contessascopemounts.com\/de\/#organization"},"potentialAction":[{"@type":"SearchAction","target":{"@type":"EntryPoint","urlTemplate":"https:\/\/contessascopemounts.com\/de\/?s={search_term_string}"},"query-input":{"@type":"PropertyValueSpecification","valueRequired":true,"valueName":"search_term_string"}}],"inLanguage":"de"},{"@type":"Organization","@id":"https:\/\/contessascopemounts.com\/de\/#organization","name":"CONTESSA","url":"https:\/\/contessascopemounts.com\/de\/","logo":{"@type":"ImageObject","inLanguage":"de","@id":"https:\/\/contessascopemounts.com\/de\/#\/schema\/logo\/image\/","url":"https:\/\/contessascopemounts.com\/wp-content\/uploads\/2021\/04\/Contessa-supporti-per-ottiche-made-in-italy.png","contentUrl":"https:\/\/contessascopemounts.com\/wp-content\/uploads\/2021\/04\/Contessa-supporti-per-ottiche-made-in-italy.png","width":1000,"height":411,"caption":"CONTESSA"},"image":{"@id":"https:\/\/contessascopemounts.com\/de\/#\/schema\/logo\/image\/"},"sameAs":["https:\/\/www.facebook.com\/contessascopemounts","https:\/\/www.instagram.com\/contessa_mounts\/?fbclid=IwAR0Yr8lwWVwN0ewOz1bCVK4ZAKI8lkRIVuhxyX56qNYkwSaMAUVleye6XiE","https:\/\/www.youtube.com\/channel\/UCEjBcvoWy-XvVVujqw-psXQ"]}]}},"_links":{"self":[{"href":"https:\/\/contessascopemounts.com\/de\/wp-json\/wp\/v2\/pages\/9023","targetHints":{"allow":["GET"]}}],"collection":[{"href":"https:\/\/contessascopemounts.com\/de\/wp-json\/wp\/v2\/pages"}],"about":[{"href":"https:\/\/contessascopemounts.com\/de\/wp-json\/wp\/v2\/types\/page"}],"author":[{"embeddable":true,"href":"https:\/\/contessascopemounts.com\/de\/wp-json\/wp\/v2\/users\/3"}],"replies":[{"embeddable":true,"href":"https:\/\/contessascopemounts.com\/de\/wp-json\/wp\/v2\/comments?post=9023"}],"version-history":[{"count":3,"href":"https:\/\/contessascopemounts.com\/de\/wp-json\/wp\/v2\/pages\/9023\/revisions"}],"predecessor-version":[{"id":9029,"href":"https:\/\/contessascopemounts.com\/de\/wp-json\/wp\/v2\/pages\/9023\/revisions\/9029"}],"wp:attachment":[{"href":"https:\/\/contessascopemounts.com\/de\/wp-json\/wp\/v2\/media?parent=9023"}],"curies":[{"name":"wp","href":"https:\/\/api.w.org\/{rel}","templated":true}]}}